{"id":44,"date":"2017-02-08T15:57:32","date_gmt":"2017-02-08T15:57:32","guid":{"rendered":"http:\/\/www2.unifap.br\/ppgef\/?page_id=44"},"modified":"2019-02-07T14:16:23","modified_gmt":"2019-02-07T14:16:23","slug":"disciplinas","status":"publish","type":"page","link":"https:\/\/www2.unifap.br\/ppgef\/programa\/disciplinas\/","title":{"rendered":"GRADE CURRICULAR"},"content":{"rendered":"<p align=\"left\">\n<p align=\"left\">\n<p align=\"left\"><span style=\"font-family: 'Liberation Sans', Arial, serif\"><span style=\"font-size: xx-large\"><b><span style=\"font-size: x-large\">\u00c1rea de concentra\u00e7\u00e3o: <\/span><\/b><span style=\"font-size: x-large\">Fronteira e Sociedade<\/span><\/span><\/span><\/p>\n<p align=\"right\">\n<p align=\"left\"><span style=\"font-family: Calibri, serif\"><span style=\"font-size: medium\"><b>LINHA DE PESQUISA: <\/b><\/span><\/span><span style=\"font-family: Calibri, serif\"><span style=\"font-size: medium\">Estado, Fronteiras e Pol\u00edticas P\u00fablicas<\/span><\/span><\/p>\n<table width=\"682\" cellspacing=\"0\" cellpadding=\"3\">\n<col width=\"454\" \/>\n<col width=\"77\" \/>\n<col width=\"58\" \/>\n<col width=\"67\" \/>\n<tbody>\n<tr valign=\"top\">\n<td bgcolor=\"#98e0bd\" width=\"454\">\n<p align=\"left\"><span style=\"font-family: Calibri, serif\"><span style=\"font-size: small\">DISCIPLINA<\/span><\/span><\/p>\n<\/td>\n<td bgcolor=\"#98e0bd\" width=\"77\">\n<p align=\"center\"><span style=\"font-family: Calibri, serif\"><span style=\"font-size: small\">C. HOR\u00c1RIA<\/span><\/span><\/p>\n<\/td>\n<td bgcolor=\"#98e0bd\" width=\"58\">\n<p align=\"center\"><span style=\"font-family: Calibri, serif\"><span style=\"font-size: small\">CR\u00c9DITOS<\/span><\/span><\/p>\n<\/td>\n<td bgcolor=\"#98e0bd\" width=\"67\">\n<p align=\"center\"><span style=\"font-family: Calibri, serif\"><span style=\"font-size: small\">SITUA\u00c7\u00c3O<\/span><\/span><\/p>\n<\/td>\n<\/tr>\n<tr valign=\"top\">\n<td bgcolor=\"#ffffff\" width=\"454\">\n<p align=\"justify\"><span style=\"font-family: Calibri, serif\"><span style=\"font-size: small\">Metodologia Cientifica<\/span><\/span><\/p>\n<\/td>\n<td bgcolor=\"#ffffff\" width=\"77\">\n<p align=\"center\"><span style=\"font-family: Calibri, serif\"><span style=\"font-size: small\">60h<\/span><\/span><\/p>\n<\/td>\n<td bgcolor=\"#ffffff\" width=\"58\">\n<p align=\"center\"><span style=\"font-family: Calibri, serif\"><span style=\"font-size: small\">4<\/span><\/span><\/p>\n<\/td>\n<td bgcolor=\"#ffffff\" width=\"67\">\n<p align=\"center\"><span style=\"font-family: Calibri, serif\"><span style=\"font-size: small\">obrigat\u00f3ria<\/span><\/span><\/p>\n<\/td>\n<\/tr>\n<tr valign=\"top\">\n<td bgcolor=\"#ffffff\" width=\"454\">\n<p align=\"justify\"><span style=\"font-family: Calibri, serif\"><span style=\"font-size: small\">Estado, Fronteira e Pol\u00edticas P\u00fablicas<\/span><\/span><\/p>\n<\/td>\n<td bgcolor=\"#ffffff\" width=\"77\">\n<p align=\"center\"><span style=\"font-family: Calibri, serif\"><span style=\"font-size: small\">60<\/span><\/span><\/p>\n<\/td>\n<td bgcolor=\"#ffffff\" width=\"58\">\n<p align=\"center\"><span style=\"font-family: Calibri, serif\"><span style=\"font-size: small\">4<\/span><\/span><\/p>\n<\/td>\n<td bgcolor=\"#ffffff\" width=\"67\">\n<p align=\"center\"><span style=\"font-family: Calibri, serif\"><span style=\"font-size: small\">obrigat\u00f3ria<\/span><\/span><\/p>\n<\/td>\n<\/tr>\n<tr valign=\"top\">\n<td bgcolor=\"#ffffff\" width=\"454\">\n<p align=\"justify\"><span style=\"font-family: Calibri, serif\"><span style=\"font-size: small\">Geopol\u00edtica das Fronteiras e dos limites Internacionais<\/span><\/span><\/p>\n<\/td>\n<td bgcolor=\"#ffffff\" width=\"77\">\n<p align=\"center\"><span style=\"font-family: Calibri, serif\"><span style=\"font-size: small\">60<\/span><\/span><\/p>\n<\/td>\n<td bgcolor=\"#ffffff\" width=\"58\">\n<p align=\"center\"><span style=\"font-family: Calibri, serif\"><span style=\"font-size: small\">4<\/span><\/span><\/p>\n<\/td>\n<td bgcolor=\"#ffffff\" width=\"67\">\n<p align=\"center\"><span style=\"font-family: Calibri, serif\"><span style=\"font-size: small\">Optativa<\/span><\/span><\/p>\n<\/td>\n<\/tr>\n<tr valign=\"top\">\n<td bgcolor=\"#ffffff\" width=\"454\">\n<p align=\"justify\"><span style=\"font-family: Calibri, serif\"><span style=\"font-size: small\">Pol\u00edticas P\u00fablicas e Fronteiras Internacionais<\/span><\/span><\/p>\n<\/td>\n<td bgcolor=\"#ffffff\" width=\"77\">\n<p align=\"center\"><span style=\"font-family: Calibri, serif\"><span style=\"font-size: small\">60<\/span><\/span><\/p>\n<\/td>\n<td bgcolor=\"#ffffff\" width=\"58\">\n<p align=\"center\"><span style=\"font-family: Calibri, serif\"><span style=\"font-size: small\">4<\/span><\/span><\/p>\n<\/td>\n<td bgcolor=\"#ffffff\" width=\"67\">\n<p align=\"center\"><span style=\"font-family: Calibri, serif\"><span style=\"font-size: small\">Optativa<\/span><\/span><\/p>\n<\/td>\n<\/tr>\n<tr valign=\"top\">\n<td bgcolor=\"#ffffff\" width=\"454\">\n<p align=\"justify\"><span style=\"font-family: Calibri, serif\"><span style=\"font-size: small\">Rela\u00e7\u00f5es Internacionais, Desenvolvimento, Integra\u00e7\u00e3o e Pol\u00edticas P\u00fablicas<\/span><\/span><\/p>\n<\/td>\n<td bgcolor=\"#ffffff\" width=\"77\">\n<p align=\"center\"><span style=\"font-family: Calibri, serif\"><span style=\"font-size: small\">60<\/span><\/span><\/p>\n<\/td>\n<td bgcolor=\"#ffffff\" width=\"58\">\n<p align=\"center\"><span style=\"font-family: Calibri, serif\"><span style=\"font-size: small\">4<\/span><\/span><\/p>\n<\/td>\n<td bgcolor=\"#ffffff\" width=\"67\">\n<p align=\"center\"><span style=\"font-family: Calibri, serif\"><span style=\"font-size: small\">Obrigat\u00f3ria<\/span><\/span><\/p>\n<\/td>\n<\/tr>\n<tr valign=\"top\">\n<td bgcolor=\"#ffffff\" width=\"454\">\n<p align=\"justify\"><span style=\"font-family: Calibri, serif\"><span style=\"font-size: small\">Estado, Fronteiras e Seguran\u00e7a Internacional na Amaz\u00f4nia Transnacional<\/span><\/span><\/p>\n<\/td>\n<td bgcolor=\"#ffffff\" width=\"77\">\n<p align=\"center\"><span style=\"font-family: Calibri, serif\"><span style=\"font-size: small\">60<\/span><\/span><\/p>\n<\/td>\n<td bgcolor=\"#ffffff\" width=\"58\">\n<p align=\"center\"><span style=\"font-family: Calibri, serif\"><span style=\"font-size: small\">4<\/span><\/span><\/p>\n<\/td>\n<td bgcolor=\"#ffffff\" width=\"67\">\n<p align=\"center\"><span style=\"font-family: Calibri, serif\"><span style=\"font-size: small\">Optativa<\/span><\/span><\/p>\n<\/td>\n<\/tr>\n<tr valign=\"top\">\n<td bgcolor=\"#ffffff\" width=\"454\">\n<p align=\"left\"><span style=\"color: #000000\"><span style=\"font-family: Calibri, serif\"><span style=\"font-size: small\">Pol\u00edticas territoriais, desenvolvimento e fronteira<\/span><\/span><\/span><\/p>\n<\/td>\n<td bgcolor=\"#ffffff\" width=\"77\">\n<p align=\"center\"><span style=\"color: #000000\"><span style=\"font-family: Calibri, serif\"><span style=\"font-size: small\">60<\/span><\/span><\/span><\/p>\n<\/td>\n<td bgcolor=\"#ffffff\" width=\"58\">\n<p align=\"center\"><span style=\"color: #000000\"><span style=\"font-family: Calibri, serif\"><span style=\"font-size: small\">4<\/span><\/span><\/span><\/p>\n<\/td>\n<td bgcolor=\"#ffffff\" width=\"67\">\n<p align=\"center\"><span style=\"color: #000000\"><span style=\"font-family: Calibri, serif\"><span style=\"font-size: small\">Optativa<\/span><\/span><\/span><\/p>\n<\/td>\n<\/tr>\n<tr valign=\"top\">\n<td bgcolor=\"#ffffff\" width=\"454\">\n<p align=\"justify\"><span style=\"font-family: Calibri, serif\"><span style=\"font-size: small\">Orienta\u00e7\u00e3o de Pesquisa I (Qualifica\u00e7\u00e3o)<\/span><\/span><\/p>\n<\/td>\n<td bgcolor=\"#ffffff\" width=\"77\">\n<p align=\"center\"><span style=\"font-family: Calibri, serif\"><span style=\"font-size: small\">60<\/span><\/span><\/p>\n<\/td>\n<td bgcolor=\"#ffffff\" width=\"58\">\n<p align=\"center\"><span style=\"font-family: Calibri, serif\"><span style=\"font-size: small\">4<\/span><\/span><\/p>\n<\/td>\n<td bgcolor=\"#ffffff\" width=\"67\">\n<p align=\"center\"><span style=\"font-family: Calibri, serif\"><span style=\"font-size: small\">Obrigat\u00f3ria<\/span><\/span><\/p>\n<\/td>\n<\/tr>\n<tr valign=\"top\">\n<td bgcolor=\"#ffffff\" width=\"454\">\n<p align=\"justify\"><span style=\"font-family: Calibri, serif\"><span style=\"font-size: small\">Topicos Especiais I<\/span><\/span><\/p>\n<\/td>\n<td bgcolor=\"#ffffff\" width=\"77\">\n<p align=\"center\"><span style=\"font-family: Calibri, serif\"><span style=\"font-size: small\">30<\/span><\/span><\/p>\n<\/td>\n<td bgcolor=\"#ffffff\" width=\"58\">\n<p align=\"center\"><span style=\"font-family: Calibri, serif\"><span style=\"font-size: small\">2<\/span><\/span><\/p>\n<\/td>\n<td bgcolor=\"#ffffff\" width=\"67\">\n<p align=\"center\"><span style=\"font-family: Calibri, serif\"><span style=\"font-size: small\">Optativa<\/span><\/span><\/p>\n<\/td>\n<\/tr>\n<tr valign=\"top\">\n<td bgcolor=\"#ffffff\" width=\"454\">\n<p align=\"justify\"><span style=\"font-family: Calibri, serif\"><span style=\"font-size: small\">Atividades Complementares<\/span><\/span><\/p>\n<\/td>\n<td bgcolor=\"#ffffff\" width=\"77\">\n<p align=\"center\"><span style=\"font-family: Calibri, serif\"><span style=\"font-size: small\">30<\/span><\/span><\/p>\n<\/td>\n<td bgcolor=\"#ffffff\" width=\"58\">\n<p align=\"center\"><span style=\"font-family: Calibri, serif\"><span style=\"font-size: small\">2<\/span><\/span><\/p>\n<\/td>\n<td bgcolor=\"#ffffff\" width=\"67\">\n<p align=\"center\"><span style=\"font-family: Calibri, serif\"><span style=\"font-size: small\">Optativa<\/span><\/span><\/p>\n<\/td>\n<\/tr>\n<tr valign=\"top\">\n<td bgcolor=\"#ffffff\" width=\"454\">\n<p align=\"justify\"><span style=\"font-family: Calibri, serif\"><span style=\"font-size: small\">Orienta\u00e7\u00e3o de Pesquisa II (Defesa de Produto Final)<\/span><\/span><\/p>\n<\/td>\n<td bgcolor=\"#ffffff\" width=\"77\">\n<p align=\"center\"><span style=\"font-family: Calibri, serif\"><span style=\"font-size: small\">60<\/span><\/span><\/p>\n<\/td>\n<td bgcolor=\"#ffffff\" width=\"58\">\n<p align=\"center\"><span style=\"font-family: Calibri, serif\"><span style=\"font-size: small\">4<\/span><\/span><\/p>\n<\/td>\n<td bgcolor=\"#ffffff\" width=\"67\">\n<p align=\"center\"><span style=\"font-family: Calibri, serif\"><span style=\"font-size: small\">Obrigat\u00f3ria<\/span><\/span><\/p>\n<\/td>\n<\/tr>\n<tr valign=\"top\">\n<td bgcolor=\"#ffffff\" width=\"454\">\n<p align=\"justify\"><span style=\"font-family: Calibri, serif\"><span style=\"font-size: small\">Topicos Especiais II<\/span><\/span><\/p>\n<\/td>\n<td bgcolor=\"#ffffff\" width=\"77\">\n<p align=\"center\"><span style=\"font-family: Calibri, serif\"><span style=\"font-size: small\">30<\/span><\/span><\/p>\n<\/td>\n<td bgcolor=\"#ffffff\" width=\"58\">\n<p align=\"center\"><span style=\"font-family: Calibri, serif\"><span style=\"font-size: small\">2<\/span><\/span><\/p>\n<\/td>\n<td bgcolor=\"#ffffff\" width=\"67\">\n<p align=\"center\"><span style=\"font-family: Calibri, serif\"><span style=\"font-size: small\">Optativa<\/span><\/span><\/p>\n<\/td>\n<\/tr>\n<\/tbody>\n<\/table>\n<p align=\"left\">\n<p align=\"left\"><span style=\"font-family: Calibri, serif\"><span style=\"font-size: medium\"><b>LINHA DE PESQUISA: <\/b><\/span><\/span><span style=\"font-family: Calibri, serif\"><span style=\"font-size: medium\">Cultura, Sociedade e Fronteira<\/span><\/span><\/p>\n<table width=\"682\" cellspacing=\"0\" cellpadding=\"3\">\n<col width=\"454\" \/>\n<col width=\"77\" \/>\n<col width=\"58\" \/>\n<col width=\"67\" \/>\n<tbody>\n<tr valign=\"top\">\n<td bgcolor=\"#98e0bd\" width=\"454\">\n<p align=\"left\"><span style=\"font-family: Calibri, serif\"><span style=\"font-size: small\">DISCIPLINA<\/span><\/span><\/p>\n<\/td>\n<td bgcolor=\"#98e0bd\" width=\"77\">\n<p align=\"center\"><span style=\"font-family: Calibri, serif\"><span style=\"font-size: small\">C. HOR\u00c1RIA<\/span><\/span><\/p>\n<\/td>\n<td bgcolor=\"#98e0bd\" width=\"58\">\n<p align=\"center\"><span style=\"font-family: Calibri, serif\"><span style=\"font-size: small\">CR\u00c9DITOS<\/span><\/span><\/p>\n<\/td>\n<td bgcolor=\"#98e0bd\" width=\"67\">\n<p align=\"center\"><span style=\"font-family: Calibri, serif\"><span style=\"font-size: small\">SITUA\u00c7\u00c3O<\/span><\/span><\/p>\n<\/td>\n<\/tr>\n<tr valign=\"top\">\n<td bgcolor=\"#ffffff\" width=\"454\">\n<p align=\"justify\"><span style=\"font-family: Calibri, serif\"><span style=\"font-size: small\">Metodologia Cientifica<\/span><\/span><\/p>\n<\/td>\n<td bgcolor=\"#ffffff\" width=\"77\">\n<p align=\"center\"><span style=\"font-family: Calibri, serif\"><span style=\"font-size: small\">60h<\/span><\/span><\/p>\n<\/td>\n<td bgcolor=\"#ffffff\" width=\"58\">\n<p align=\"center\"><span style=\"font-family: Calibri, serif\"><span style=\"font-size: small\">4<\/span><\/span><\/p>\n<\/td>\n<td bgcolor=\"#ffffff\" width=\"67\">\n<p align=\"center\"><span style=\"font-family: Calibri, serif\"><span style=\"font-size: small\">obrigat\u00f3ria<\/span><\/span><\/p>\n<\/td>\n<\/tr>\n<tr valign=\"top\">\n<td bgcolor=\"#ffffff\" width=\"454\">\n<p align=\"justify\"><span style=\"font-family: Calibri, serif\"><span style=\"font-size: small\">Estado, Fronteira e Pol\u00edticas P\u00fablicas<\/span><\/span><\/p>\n<\/td>\n<td bgcolor=\"#ffffff\" width=\"77\">\n<p align=\"center\"><span style=\"font-family: Calibri, serif\"><span style=\"font-size: small\">60<\/span><\/span><\/p>\n<\/td>\n<td bgcolor=\"#ffffff\" width=\"58\">\n<p align=\"center\"><span style=\"font-family: Calibri, serif\"><span style=\"font-size: small\">4<\/span><\/span><\/p>\n<\/td>\n<td bgcolor=\"#ffffff\" width=\"67\">\n<p align=\"center\"><span style=\"font-family: Calibri, serif\"><span style=\"font-size: small\">obrigat\u00f3ria<\/span><\/span><\/p>\n<\/td>\n<\/tr>\n<tr valign=\"top\">\n<td bgcolor=\"#ffffff\" width=\"454\">\n<p align=\"justify\"><span style=\"font-family: Calibri, serif\"><span style=\"font-size: small\">Di\u00e1sporas, Etnicidades e Migra\u00e7\u00f5es em Situa\u00e7\u00f5es (trans) fronteiri\u00e7as<\/span><\/span><\/p>\n<\/td>\n<td bgcolor=\"#ffffff\" width=\"77\">\n<p align=\"center\"><span style=\"font-family: Calibri, serif\"><span style=\"font-size: small\">60<\/span><\/span><\/p>\n<\/td>\n<td bgcolor=\"#ffffff\" width=\"58\">\n<p align=\"center\"><span style=\"font-family: Calibri, serif\"><span style=\"font-size: small\">4<\/span><\/span><\/p>\n<\/td>\n<td bgcolor=\"#ffffff\" width=\"67\">\n<p align=\"center\"><span style=\"font-family: Calibri, serif\"><span style=\"font-size: small\">Optativa<\/span><\/span><\/p>\n<\/td>\n<\/tr>\n<tr valign=\"top\">\n<td bgcolor=\"#ffffff\" width=\"454\">\n<p align=\"justify\"><span style=\"font-family: Calibri, serif\"><span style=\"font-size: small\">Conflitualidades e Pol\u00edticas P\u00fablicas em regi\u00e3o de Fronteira<\/span><\/span><\/p>\n<\/td>\n<td bgcolor=\"#ffffff\" width=\"77\">\n<p align=\"center\"><span style=\"font-family: Calibri, serif\"><span style=\"font-size: small\">60<\/span><\/span><\/p>\n<\/td>\n<td bgcolor=\"#ffffff\" width=\"58\">\n<p align=\"center\"><span style=\"font-family: Calibri, serif\"><span style=\"font-size: small\">4<\/span><\/span><\/p>\n<\/td>\n<td bgcolor=\"#ffffff\" width=\"67\">\n<p align=\"center\"><span style=\"font-family: Calibri, serif\"><span style=\"font-size: small\">Optativa<\/span><\/span><\/p>\n<\/td>\n<\/tr>\n<tr valign=\"top\">\n<td bgcolor=\"#ffffff\" width=\"454\">\n<p align=\"justify\"><span style=\"font-family: Calibri, serif\"><span style=\"font-size: small\">Sociedade, Cultura e Fronteiras<\/span><\/span><\/p>\n<\/td>\n<td bgcolor=\"#ffffff\" width=\"77\">\n<p align=\"center\"><span style=\"font-family: Calibri, serif\"><span style=\"font-size: small\">60<\/span><\/span><\/p>\n<\/td>\n<td bgcolor=\"#ffffff\" width=\"58\">\n<p align=\"center\"><span style=\"font-family: Calibri, serif\"><span style=\"font-size: small\">4<\/span><\/span><\/p>\n<\/td>\n<td bgcolor=\"#ffffff\" width=\"67\">\n<p align=\"center\"><span style=\"font-family: Calibri, serif\"><span style=\"font-size: small\">Obrigat\u00f3ria<\/span><\/span><\/p>\n<\/td>\n<\/tr>\n<tr valign=\"top\">\n<td bgcolor=\"#ffffff\" width=\"454\">\n<p align=\"justify\"><span style=\"font-family: Calibri, serif\"><span style=\"font-size: small\">Fronteira e Historia: temas de interesses<\/span><\/span><\/p>\n<\/td>\n<td bgcolor=\"#ffffff\" width=\"77\">\n<p align=\"center\"><span style=\"font-family: Calibri, serif\"><span style=\"font-size: small\">60<\/span><\/span><\/p>\n<\/td>\n<td bgcolor=\"#ffffff\" width=\"58\">\n<p align=\"center\"><span style=\"font-family: Calibri, serif\"><span style=\"font-size: small\">4<\/span><\/span><\/p>\n<\/td>\n<td bgcolor=\"#ffffff\" width=\"67\">\n<p align=\"center\"><span style=\"font-family: Calibri, serif\"><span style=\"font-size: small\">Optativa<\/span><\/span><\/p>\n<\/td>\n<\/tr>\n<tr valign=\"top\">\n<td bgcolor=\"#ffffff\" width=\"454\">\n<p align=\"justify\"><span style=\"font-family: Calibri, serif\"><span style=\"font-size: small\">Meio Ambiente e Desenvolvimento na Amaz\u00f4nia Internacional<\/span><\/span><\/p>\n<\/td>\n<td bgcolor=\"#ffffff\" width=\"77\">\n<p align=\"center\"><span style=\"font-family: Calibri, serif\"><span style=\"font-size: small\">60<\/span><\/span><\/p>\n<\/td>\n<td bgcolor=\"#ffffff\" width=\"58\">\n<p align=\"center\"><span style=\"font-family: Calibri, serif\"><span style=\"font-size: small\">4<\/span><\/span><\/p>\n<\/td>\n<td bgcolor=\"#ffffff\" width=\"67\">\n<p align=\"center\"><span style=\"font-family: Calibri, serif\"><span style=\"font-size: small\">Optativa<\/span><\/span><\/p>\n<\/td>\n<\/tr>\n<tr valign=\"top\">\n<td bgcolor=\"#ffffff\" width=\"454\">\n<p align=\"justify\"><span style=\"font-family: Calibri, serif\"><span style=\"font-size: small\">Orienta\u00e7\u00e3o de Pesquisa I (Qualifica\u00e7\u00e3o)<\/span><\/span><\/p>\n<\/td>\n<td bgcolor=\"#ffffff\" width=\"77\">\n<p align=\"center\"><span style=\"font-family: Calibri, serif\"><span style=\"font-size: small\">60<\/span><\/span><\/p>\n<\/td>\n<td bgcolor=\"#ffffff\" width=\"58\">\n<p align=\"center\"><span style=\"font-family: Calibri, serif\"><span style=\"font-size: small\">4<\/span><\/span><\/p>\n<\/td>\n<td bgcolor=\"#ffffff\" width=\"67\">\n<p align=\"center\"><span style=\"font-family: Calibri, serif\"><span style=\"font-size: small\">Obrigat\u00f3ria<\/span><\/span><\/p>\n<\/td>\n<\/tr>\n<tr valign=\"top\">\n<td bgcolor=\"#ffffff\" width=\"454\">\n<p align=\"justify\"><span style=\"font-family: Calibri, serif\"><span style=\"font-size: small\">Topicos Especiais I<\/span><\/span><\/p>\n<\/td>\n<td bgcolor=\"#ffffff\" width=\"77\">\n<p align=\"center\"><span style=\"font-family: Calibri, serif\"><span style=\"font-size: small\">30<\/span><\/span><\/p>\n<\/td>\n<td bgcolor=\"#ffffff\" width=\"58\">\n<p align=\"center\"><span style=\"font-family: Calibri, serif\"><span style=\"font-size: small\">2<\/span><\/span><\/p>\n<\/td>\n<td bgcolor=\"#ffffff\" width=\"67\">\n<p align=\"center\"><span style=\"font-family: Calibri, serif\"><span style=\"font-size: small\">Optativa<\/span><\/span><\/p>\n<\/td>\n<\/tr>\n<tr valign=\"top\">\n<td bgcolor=\"#ffffff\" width=\"454\">\n<p align=\"justify\"><span style=\"font-family: Calibri, serif\"><span style=\"font-size: small\">Territ\u00f3rio, Redes T\u00e9cnicas e Circula\u00e7\u00e3o<\/span><\/span><\/p>\n<\/td>\n<td bgcolor=\"#ffffff\" width=\"77\">\n<p align=\"center\"><span style=\"font-family: Calibri, serif\"><span style=\"font-size: small\">60<\/span><\/span><\/p>\n<\/td>\n<td bgcolor=\"#ffffff\" width=\"58\">\n<p align=\"center\"><span style=\"font-family: Calibri, serif\"><span style=\"font-size: small\">4<\/span><\/span><\/p>\n<\/td>\n<td bgcolor=\"#ffffff\" width=\"67\">\n<p align=\"center\"><span style=\"font-family: Calibri, serif\"><span style=\"font-size: small\">Optativa<\/span><\/span><\/p>\n<\/td>\n<\/tr>\n<tr valign=\"top\">\n<td bgcolor=\"#ffffff\" width=\"454\">\n<p align=\"justify\"><span style=\"font-family: Calibri, serif\"><span style=\"font-size: small\">Atividades Complementares<\/span><\/span><\/p>\n<\/td>\n<td bgcolor=\"#ffffff\" width=\"77\">\n<p align=\"center\"><span style=\"font-family: Calibri, serif\"><span style=\"font-size: small\">30<\/span><\/span><\/p>\n<\/td>\n<td bgcolor=\"#ffffff\" width=\"58\">\n<p align=\"center\"><span style=\"font-family: Calibri, serif\"><span style=\"font-size: small\">2<\/span><\/span><\/p>\n<\/td>\n<td bgcolor=\"#ffffff\" width=\"67\">\n<p align=\"center\"><span style=\"font-family: Calibri, serif\"><span style=\"font-size: small\">Optativa<\/span><\/span><\/p>\n<\/td>\n<\/tr>\n<tr valign=\"top\">\n<td bgcolor=\"#ffffff\" width=\"454\">\n<p align=\"justify\"><span style=\"font-family: Calibri, serif\"><span style=\"font-size: small\">Orienta\u00e7\u00e3o de Pesquisa II(Defesa de Produto Final)<\/span><\/span><\/p>\n<\/td>\n<td bgcolor=\"#ffffff\" width=\"77\">\n<p align=\"center\"><span style=\"font-family: Calibri, serif\"><span style=\"font-size: small\">60<\/span><\/span><\/p>\n<\/td>\n<td bgcolor=\"#ffffff\" width=\"58\">\n<p align=\"center\"><span style=\"font-family: Calibri, serif\"><span style=\"font-size: small\">4<\/span><\/span><\/p>\n<\/td>\n<td bgcolor=\"#ffffff\" width=\"67\">\n<p align=\"center\"><span style=\"font-family: Calibri, serif\"><span style=\"font-size: small\">Obrigat\u00f3ria<\/span><\/span><\/p>\n<\/td>\n<\/tr>\n<tr valign=\"top\">\n<td bgcolor=\"#ffffff\" width=\"454\">\n<p align=\"justify\"><span style=\"font-family: Calibri, serif\"><span style=\"font-size: small\">Topicos Especiais II<\/span><\/span><\/p>\n<\/td>\n<td bgcolor=\"#ffffff\" width=\"77\">\n<p align=\"center\"><span style=\"font-family: Calibri, serif\"><span style=\"font-size: small\">30<\/span><\/span><\/p>\n<\/td>\n<td bgcolor=\"#ffffff\" width=\"58\">\n<p align=\"center\"><span style=\"font-family: Calibri, serif\"><span style=\"font-size: small\">2<\/span><\/span><\/p>\n<\/td>\n<td bgcolor=\"#ffffff\" width=\"67\">\n<p align=\"center\"><span style=\"font-family: Calibri, serif\"><span style=\"font-size: small\">Optativa<\/span><\/span><\/p>\n<\/td>\n<\/tr>\n<\/tbody>\n<\/table>\n<p align=\"left\">\n","protected":false},"excerpt":{"rendered":"<p>\u00c1rea de concentra\u00e7\u00e3o: Fronteira e Sociedade LINHA DE PESQUISA: Estado, Fronteiras e Pol\u00edticas P\u00fablicas DISCIPLINA C. HOR\u00c1RIA CR\u00c9DITOS SITUA\u00c7\u00c3O Metodologia Cientifica 60h 4 obrigat\u00f3ria Estado, Fronteira e Pol\u00edticas P\u00fablicas 60 4 obrigat\u00f3ria Geopol\u00edtica das Fronteiras e dos limites Internacionais 60 4 Optativa Pol\u00edticas P\u00fablicas e Fronteiras Internacionais 60 4 Optativa Rela\u00e7\u00f5es Internacionais, Desenvolvimento, Integra\u00e7\u00e3o e&#8230;<\/p>\n","protected":false},"author":976,"featured_media":0,"parent":837,"menu_order":6,"comment_status":"closed","ping_status":"open","template":"","meta":{"inline_featured_image":false,"site-sidebar-layout":"default","site-content-layout":"","ast-site-content-layout":"default","site-content-style":"default","site-sidebar-style":"default","ast-global-header-display":"","ast-banner-title-visibility":"","ast-main-header-display":"","ast-hfb-above-header-display":"","ast-hfb-below-header-display":"","ast-hfb-mobile-header-display":"","site-post-title":"","ast-breadcrumbs-content":"","ast-featured-img":"","footer-sml-layout":"","theme-transparent-header-meta":"","adv-header-id-meta":"","stick-header-meta":"","header-above-stick-meta":"","header-main-stick-meta":"","header-below-stick-meta":"","astra-migrate-meta-layouts":"default","ast-page-background-enabled":"default","ast-page-background-meta":{"desktop":{"background-color":"var(--ast-global-color-4)","background-image":"","background-repeat":"repeat","background-position":"center center","background-size":"auto","background-attachment":"scroll","background-type":"","background-media":"","overlay-type":"","overlay-color":"","overlay-opacity":"","overlay-gradient":""},"tablet":{"background-color":"","background-image":"","background-repeat":"repeat","background-position":"center center","background-size":"auto","background-attachment":"scroll","background-type":"","background-media":"","overlay-type":"","overlay-color":"","overlay-opacity":"","overlay-gradient":""},"mobile":{"background-color":"","background-image":"","background-repeat":"repeat","background-position":"center center","background-size":"auto","background-attachment":"scroll","background-type":"","background-media":"","overlay-type":"","overlay-color":"","overlay-opacity":"","overlay-gradient":""}},"ast-content-background-meta":{"desktop":{"background-color":"var(--ast-global-color-5)","background-image":"","background-repeat":"repeat","background-position":"center center","background-size":"auto","background-attachment":"scroll","background-type":"","background-media":"","overlay-type":"","overlay-color":"","overlay-opacity":"","overlay-gradient":""},"tablet":{"background-color":"var(--ast-global-color-5)","background-image":"","background-repeat":"repeat","background-position":"center center","background-size":"auto","background-attachment":"scroll","background-type":"","background-media":"","overlay-type":"","overlay-color":"","overlay-opacity":"","overlay-gradient":""},"mobile":{"background-color":"var(--ast-global-color-5)","background-image":"","background-repeat":"repeat","background-position":"center center","background-size":"auto","background-attachment":"scroll","background-type":"","background-media":"","overlay-type":"","overlay-color":"","overlay-opacity":"","overlay-gradient":""}},"ngg_post_thumbnail":0,"footnotes":""},"class_list":["post-44","page","type-page","status-publish","hentry"],"_links":{"self":[{"href":"https:\/\/www2.unifap.br\/ppgef\/wp-json\/wp\/v2\/pages\/44","targetHints":{"allow":["GET"]}}],"collection":[{"href":"https:\/\/www2.unifap.br\/ppgef\/wp-json\/wp\/v2\/pages"}],"about":[{"href":"https:\/\/www2.unifap.br\/ppgef\/wp-json\/wp\/v2\/types\/page"}],"author":[{"embeddable":true,"href":"https:\/\/www2.unifap.br\/ppgef\/wp-json\/wp\/v2\/users\/976"}],"replies":[{"embeddable":true,"href":"https:\/\/www2.unifap.br\/ppgef\/wp-json\/wp\/v2\/comments?post=44"}],"version-history":[{"count":24,"href":"https:\/\/www2.unifap.br\/ppgef\/wp-json\/wp\/v2\/pages\/44\/revisions"}],"predecessor-version":[{"id":944,"href":"https:\/\/www2.unifap.br\/ppgef\/wp-json\/wp\/v2\/pages\/44\/revisions\/944"}],"up":[{"embeddable":true,"href":"https:\/\/www2.unifap.br\/ppgef\/wp-json\/wp\/v2\/pages\/837"}],"wp:attachment":[{"href":"https:\/\/www2.unifap.br\/ppgef\/wp-json\/wp\/v2\/media?parent=44"}],"curies":[{"name":"wp","href":"https:\/\/api.w.org\/{rel}","templated":true}]}}