{"id":67,"date":"2017-02-09T12:14:20","date_gmt":"2017-02-09T12:14:20","guid":{"rendered":"http:\/\/www2.unifap.br\/ppgef\/?page_id=67"},"modified":"2017-02-09T12:14:20","modified_gmt":"2017-02-09T12:14:20","slug":"perfil-do-profissional-a-ser-formado","status":"publish","type":"page","link":"https:\/\/www2.unifap.br\/ppgef\/programa\/apresentacao\/perfil-do-profissional-a-ser-formado\/","title":{"rendered":"PERFIL DO PROFISSIONAL A SER FORMADO"},"content":{"rendered":"<p>a) Profissionais e pesquisadores com base pr\u00e1tica e te\u00f3rica s\u00f3lida, habilitados para produzir conhecimento relevante em Fronteira como uma quest\u00e3o regional com vi\u00e9s internacionalizante, privilegiando assim as tem\u00e1ticas da regi\u00e3o amaz\u00f4nica, em especial as Guianas e o Caribe como objeto de investiga\u00e7\u00e3o emp\u00edrica cosmopolitizante;<\/p>\n<p>b) Profissionais com forma\u00e7\u00e3o te\u00f3rico-metodol\u00f3gica para atua\u00e7\u00e3o em institui\u00e7\u00f5es p\u00fablicas e\/ou privadas, atrav\u00e9s do diagn\u00f3stico, da interlocu\u00e7\u00e3o, do acompanhamento e da formula\u00e7\u00e3o para contribuir no equacionamento de problemas e gera\u00e7\u00e3o de solu\u00e7\u00f5es, na proposi\u00e7\u00e3o em pol\u00edticas p\u00fablicas transversais e para o planejamento estrat\u00e9gico do desenvolvimento em regi\u00f5es de fronteira;<\/p>\n<p>c) Profissionais que reconhe\u00e7am, de forma cont\u00ednua, o papel das IES como contributivos para o di\u00e1logo interinstitucional, para a compreens\u00e3o estrat\u00e9gica e para o desenvolvimento da Fronteira como piv\u00f4 de internacionaliza\u00e7\u00f5es diversas. Nesta dire\u00e7\u00e3o, considerar-se-\u00e1 fundamental que tal nexo se d\u00ea tanto diante de profissionais em fase de engajamento quanto j\u00e1 consolidados no mercado de trabalho da sua \u00e1rea respectiva.<\/p>\n","protected":false},"excerpt":{"rendered":"<p>a) Profissionais e pesquisadores com base pr\u00e1tica e te\u00f3rica s\u00f3lida, habilitados para produzir conhecimento relevante em Fronteira como uma quest\u00e3o regional com vi\u00e9s internacionalizante, privilegiando assim as tem\u00e1ticas da regi\u00e3o amaz\u00f4nica, em especial as Guianas e o Caribe como objeto de investiga\u00e7\u00e3o emp\u00edrica cosmopolitizante; b) Profissionais com forma\u00e7\u00e3o te\u00f3rico-metodol\u00f3gica para atua\u00e7\u00e3o em institui\u00e7\u00f5es p\u00fablicas e\/ou&#8230;<\/p>\n","protected":false},"author":976,"featured_media":0,"parent":21,"menu_order":3,"comment_status":"closed","ping_status":"open","template":"","meta":{"inline_featured_image":false,"site-sidebar-layout":"default","site-content-layout":"","ast-site-content-layout":"default","site-content-style":"default","site-sidebar-style":"default","ast-global-header-display":"","ast-banner-title-visibility":"","ast-main-header-display":"","ast-hfb-above-header-display":"","ast-hfb-below-header-display":"","ast-hfb-mobile-header-display":"","site-post-title":"","ast-breadcrumbs-content":"","ast-featured-img":"","footer-sml-layout":"","theme-transparent-header-meta":"","adv-header-id-meta":"","stick-header-meta":"","header-above-stick-meta":"","header-main-stick-meta":"","header-below-stick-meta":"","astra-migrate-meta-layouts":"default","ast-page-background-enabled":"default","ast-page-background-meta":{"desktop":{"background-color":"var(--ast-global-color-4)","background-image":"","background-repeat":"repeat","background-position":"center center","background-size":"auto","background-attachment":"scroll","background-type":"","background-media":"","overlay-type":"","overlay-color":"","overlay-opacity":"","overlay-gradient":""},"tablet":{"background-color":"","background-image":"","background-repeat":"repeat","background-position":"center center","background-size":"auto","background-attachment":"scroll","background-type":"","background-media":"","overlay-type":"","overlay-color":"","overlay-opacity":"","overlay-gradient":""},"mobile":{"background-color":"","background-image":"","background-repeat":"repeat","background-position":"center center","background-size":"auto","background-attachment":"scroll","background-type":"","background-media":"","overlay-type":"","overlay-color":"","overlay-opacity":"","overlay-gradient":""}},"ast-content-background-meta":{"desktop":{"background-color":"var(--ast-global-color-5)","background-image":"","background-repeat":"repeat","background-position":"center center","background-size":"auto","background-attachment":"scroll","background-type":"","background-media":"","overlay-type":"","overlay-color":"","overlay-opacity":"","overlay-gradient":""},"tablet":{"background-color":"var(--ast-global-color-5)","background-image":"","background-repeat":"repeat","background-position":"center center","background-size":"auto","background-attachment":"scroll","background-type":"","background-media":"","overlay-type":"","overlay-color":"","overlay-opacity":"","overlay-gradient":""},"mobile":{"background-color":"var(--ast-global-color-5)","background-image":"","background-repeat":"repeat","background-position":"center center","background-size":"auto","background-attachment":"scroll","background-type":"","background-media":"","overlay-type":"","overlay-color":"","overlay-opacity":"","overlay-gradient":""}},"ngg_post_thumbnail":0,"footnotes":""},"class_list":["post-67","page","type-page","status-publish","hentry"],"_links":{"self":[{"href":"https:\/\/www2.unifap.br\/ppgef\/wp-json\/wp\/v2\/pages\/67","targetHints":{"allow":["GET"]}}],"collection":[{"href":"https:\/\/www2.unifap.br\/ppgef\/wp-json\/wp\/v2\/pages"}],"about":[{"href":"https:\/\/www2.unifap.br\/ppgef\/wp-json\/wp\/v2\/types\/page"}],"author":[{"embeddable":true,"href":"https:\/\/www2.unifap.br\/ppgef\/wp-json\/wp\/v2\/users\/976"}],"replies":[{"embeddable":true,"href":"https:\/\/www2.unifap.br\/ppgef\/wp-json\/wp\/v2\/comments?post=67"}],"version-history":[{"count":1,"href":"https:\/\/www2.unifap.br\/ppgef\/wp-json\/wp\/v2\/pages\/67\/revisions"}],"predecessor-version":[{"id":68,"href":"https:\/\/www2.unifap.br\/ppgef\/wp-json\/wp\/v2\/pages\/67\/revisions\/68"}],"up":[{"embeddable":true,"href":"https:\/\/www2.unifap.br\/ppgef\/wp-json\/wp\/v2\/pages\/21"}],"wp:attachment":[{"href":"https:\/\/www2.unifap.br\/ppgef\/wp-json\/wp\/v2\/media?parent=67"}],"curies":[{"name":"wp","href":"https:\/\/api.w.org\/{rel}","templated":true}]}}