{"id":730,"date":"2018-10-02T14:25:59","date_gmt":"2018-10-02T14:25:59","guid":{"rendered":"http:\/\/www2.unifap.br\/ppgef\/?page_id=730"},"modified":"2019-06-27T17:47:10","modified_gmt":"2019-06-27T17:47:10","slug":"edital-0022018-ps-nacional-ppgef","status":"publish","type":"page","link":"https:\/\/www2.unifap.br\/ppgef\/editais\/2017-2\/edital-0022018-ps-nacional-ppgef\/","title":{"rendered":"Edital 002\/2018 &#8211; PS NACIONAL &#8211; PPGEF"},"content":{"rendered":"<p><a href=\"http:\/\/www2.unifap.br\/ppgef\/files\/2018\/10\/EDITAL-PPGEF_-2019.pdf\">EDITAL PPGEF_ 2019<\/a><\/p>\n<p><a href=\"http:\/\/www2.unifap.br\/ppgef\/files\/2018\/10\/1\u00aa-RETIFICA\u00c7\u00c3O-DO-EDITAL-N.\u00ba-002_2018.pdf\">1\u00aa RETIFICA\u00c7\u00c3O DO EDITAL N.\u00ba 002_2018<\/a><\/p>\n<p><a href=\"http:\/\/www2.unifap.br\/ppgef\/files\/2018\/10\/COMUNICADO-DE-PRORROGA\u00c7\u00c3O-DE-INSCRI\u00c7\u00c3O.pdf\">COMUNICADO DE PRORROGA\u00c7\u00c3O DE INSCRI\u00c7\u00c3O<\/a><\/p>\n<p><a href=\"http:\/\/www2.unifap.br\/ppgef\/files\/2018\/10\/2\u00aa-RETIFICA\u00c7\u00c3O-DO-EDITAL-N.\u00ba-002_2018.pdf\">2\u00aa RETIFICA\u00c7\u00c3O DO EDITAL N.\u00ba 002_2018<\/a><\/p>\n<p><a href=\"http:\/\/www2.unifap.br\/ppgef\/files\/2018\/10\/LISTA-DAS-INSCRI\u00c7\u00d5ES-HOMOLOGADAS.pdf\">LISTA DAS INSCRI\u00c7\u00d5ES HOMOLOGADAS<\/a><\/p>\n<p><a href=\"http:\/\/www2.unifap.br\/ppgef\/files\/2018\/10\/RESULTADO-PROVIS\u00d3RIO-DA-ANALISE-DO-PRE-PROJETO.pdf\">RESULTADO PROVIS\u00d3RIO DA ANALISE DO PRE PROJETO<\/a><\/p>\n<p><a href=\"http:\/\/www2.unifap.br\/ppgef\/files\/2018\/10\/COMUNICADO-DE-PRORROGA\u00c7\u00c3O-DA-PROVA-ESCRITA.pdf\">COMUNICADO DE PRORROGA\u00c7\u00c3O DA PROVA ESCRITA<\/a><\/p>\n<p><a href=\"http:\/\/www2.unifap.br\/ppgef\/files\/2018\/10\/3\u00aa-RETIFICA\u00c7\u00c3O-DO-EDITAL-N.\u00ba-002_2018.pdf\">3\u00aa RETIFICA\u00c7\u00c3O DO EDITAL N.\u00ba 002_2018<\/a><\/p>\n<p><a href=\"http:\/\/www2.unifap.br\/ppgef\/files\/2018\/10\/COMUNICADO-REALIZA\u00c7\u00c3O-DA-PROVA-DE-CONHECIMENTOS.pdf\">COMUNICADO REALIZA\u00c7\u00c3O DA PROVA DE CONHECIMENTOS<\/a><\/p>\n<p><a href=\"http:\/\/www2.unifap.br\/ppgef\/files\/2018\/10\/RESULTADO-DEFINITIVO-DA-ANALISE-DO-PRE-PROJETO.pdf\">RESULTADO DEFINITIVO DA ANALISE DO PRE PROJETO<\/a><\/p>\n<p><a href=\"http:\/\/www2.unifap.br\/ppgef\/files\/2018\/10\/COMUNICADO-DO-RESULTADO-DA-APRECIA\u00c7\u00c3O-DOS-RECURSOS.pdf\">COMUNICADO DO RESULTADO DA APRECIA\u00c7\u00c3O DOS RECURSOS<\/a><\/p>\n<p><a href=\"http:\/\/www2.unifap.br\/ppgef\/files\/2018\/10\/RESULTADO-PROVIS\u00d3RIO_PROVA-DE-CONHECIMENTOS.pdf\">RESULTADO PROVIS\u00d3RIO_PROVA DE CONHECIMENTOS<\/a><\/p>\n<p><a href=\"http:\/\/www2.unifap.br\/ppgef\/files\/2018\/10\/RESULTADO-DEFINITIVO_PROVA-DE-CONHECIMENTOS.pdf\">RESULTADO DEFINITIVO_PROVA DE CONHECIMENTOS<\/a><\/p>\n<p><a href=\"http:\/\/www2.unifap.br\/ppgef\/files\/2018\/10\/COMUNICADO-DO-RESULTADO-DA-APRECIA\u00c7\u00c3O-DOS-RECURSOS_PROVA-DE-CONHECIMENTO.pdf\">COMUNICADO DO RESULTADO DA APRECIA\u00c7\u00c3O DOS RECURSOS_PROVA DE CONHECIMENTO<\/a><\/p>\n<p><a href=\"http:\/\/www2.unifap.br\/ppgef\/files\/2018\/10\/RELA\u00c7\u00c3O-DOS-CANDIDATOS_ENTREVISTA.pdf\">RELA\u00c7\u00c3O DOS CANDIDATOS_ENTREVISTA<\/a><\/p>\n<p><a href=\"http:\/\/www2.unifap.br\/ppgef\/files\/2018\/10\/RESULTADO-PROVIS\u00d3RIO-DA-ENTREVISTA-E-ANALISE-DE-CURRICULO.pdf\">RESULTADO PROVIS\u00d3RIO DA ENTREVISTA E ANALISE DE CURRICULO<\/a><\/p>\n<p><a href=\"http:\/\/www2.unifap.br\/ppgef\/files\/2018\/10\/RESULTADO-DEFINITIVO-DA-ENTREVISTA-E-ANALISE-DE-CURRICULO.pdf\">RESULTADO DEFINITIVO DA ENTREVISTA E ANALISE DE CURRICULO<\/a><\/p>\n<p><a href=\"http:\/\/www2.unifap.br\/ppgef\/files\/2018\/10\/COMUNICADO-DO-RESULTADO-DA-APRECIA\u00c7\u00c3O-DOS-RECURSOS-DA-ENTREVISTA-E-ANALISE-DE-CURRICULO.pdf\">COMUNICADO DO RESULTADO DA APRECIA\u00c7\u00c3O DOS RECURSOS DA ENTREVISTA E ANALISE DE CURRICULO<\/a><\/p>\n<p><a href=\"http:\/\/www2.unifap.br\/ppgef\/files\/2018\/10\/5\u00aa-RETIFICA\u00c7\u00c3O-DO-EDITAL-N.\u00ba-002_2018.pdf\">5\u00aa RETIFICA\u00c7\u00c3O DO EDITAL N.\u00ba 002_2018<\/a><\/p>\n<p><a href=\"http:\/\/www2.unifap.br\/ppgef\/files\/2018\/10\/COMUNICADO-DE-HOR\u00c1RIO-E-LOCAL-DE-REALIZA\u00c7\u00c3O-DA-PROVA-DE-LINGUA-ESTRANGEIRA-PS-20191.pdf\">COMUNICADO DE HOR\u00c1RIO E LOCAL DE REALIZA\u00c7\u00c3O DA PROVA DE LINGUA ESTRANGEIRA-PS 2019<\/a><\/p>\n<p><a href=\"http:\/\/www2.unifap.br\/ppgef\/files\/2018\/10\/RESULTADO-PROVISORIO_PROVA-DE-PROFICIENCIA.pdf\">RESULTADO PROVISORIO_PROVA DE PROFICIENCIA<\/a><\/p>\n<p><a href=\"http:\/\/www2.unifap.br\/ppgef\/files\/2018\/10\/RESULTADO-FINAL_PS-PPGEF-EDITAL-N\u00ba-02_2018.pdf\">RESULTADO FINAL_PS PPGEF-EDITAL N\u00ba 02_2018<\/a><\/p>\n<p><a href=\"http:\/\/www2.unifap.br\/ppgef\/files\/2018\/10\/COMUNICADO-PARA-MATRICULA-INSTITUCIONAL1.pdf\">COMUNICADO PARA MATRICULA INSTITUCIONAL<\/a><\/p>\n<p><a href=\"http:\/\/www2.unifap.br\/ppgef\/files\/2018\/10\/COMUNICADO-DE-HOR\u00c1RIO-E-LOCAL-DE-REALIZA\u00c7\u00c3O-DA-PROVA-DE-LINGUA-ESTRANGEIRA-PS-2019.pdf\">\u00a0<\/a><\/p>\n<p>&nbsp;<\/p>\n","protected":false},"excerpt":{"rendered":"<p>EDITAL PPGEF_ 2019 1\u00aa RETIFICA\u00c7\u00c3O DO EDITAL N.\u00ba 002_2018 COMUNICADO DE PRORROGA\u00c7\u00c3O DE INSCRI\u00c7\u00c3O 2\u00aa RETIFICA\u00c7\u00c3O DO EDITAL N.\u00ba 002_2018 LISTA DAS INSCRI\u00c7\u00d5ES HOMOLOGADAS RESULTADO PROVIS\u00d3RIO DA ANALISE DO PRE PROJETO COMUNICADO DE PRORROGA\u00c7\u00c3O DA PROVA ESCRITA 3\u00aa RETIFICA\u00c7\u00c3O DO EDITAL N.\u00ba 002_2018 COMUNICADO REALIZA\u00c7\u00c3O DA PROVA DE CONHECIMENTOS RESULTADO DEFINITIVO DA ANALISE DO PRE&#8230;<\/p>\n","protected":false},"author":976,"featured_media":0,"parent":1319,"menu_order":2,"comment_status":"closed","ping_status":"open","template":"","meta":{"inline_featured_image":false,"site-sidebar-layout":"default","site-content-layout":"","ast-site-content-layout":"default","site-content-style":"default","site-sidebar-style":"default","ast-global-header-display":"","ast-banner-title-visibility":"","ast-main-header-display":"","ast-hfb-above-header-display":"","ast-hfb-below-header-display":"","ast-hfb-mobile-header-display":"","site-post-title":"","ast-breadcrumbs-content":"","ast-featured-img":"","footer-sml-layout":"","theme-transparent-header-meta":"","adv-header-id-meta":"","stick-header-meta":"","header-above-stick-meta":"","header-main-stick-meta":"","header-below-stick-meta":"","astra-migrate-meta-layouts":"default","ast-page-background-enabled":"default","ast-page-background-meta":{"desktop":{"background-color":"var(--ast-global-color-4)","background-image":"","background-repeat":"repeat","background-position":"center center","background-size":"auto","background-attachment":"scroll","background-type":"","background-media":"","overlay-type":"","overlay-color":"","overlay-opacity":"","overlay-gradient":""},"tablet":{"background-color":"","background-image":"","background-repeat":"repeat","background-position":"center center","background-size":"auto","background-attachment":"scroll","background-type":"","background-media":"","overlay-type":"","overlay-color":"","overlay-opacity":"","overlay-gradient":""},"mobile":{"background-color":"","background-image":"","background-repeat":"repeat","background-position":"center center","background-size":"auto","background-attachment":"scroll","background-type":"","background-media":"","overlay-type":"","overlay-color":"","overlay-opacity":"","overlay-gradient":""}},"ast-content-background-meta":{"desktop":{"background-color":"var(--ast-global-color-5)","background-image":"","background-repeat":"repeat","background-position":"center center","background-size":"auto","background-attachment":"scroll","background-type":"","background-media":"","overlay-type":"","overlay-color":"","overlay-opacity":"","overlay-gradient":""},"tablet":{"background-color":"var(--ast-global-color-5)","background-image":"","background-repeat":"repeat","background-position":"center center","background-size":"auto","background-attachment":"scroll","background-type":"","background-media":"","overlay-type":"","overlay-color":"","overlay-opacity":"","overlay-gradient":""},"mobile":{"background-color":"var(--ast-global-color-5)","background-image":"","background-repeat":"repeat","background-position":"center center","background-size":"auto","background-attachment":"scroll","background-type":"","background-media":"","overlay-type":"","overlay-color":"","overlay-opacity":"","overlay-gradient":""}},"ngg_post_thumbnail":0,"footnotes":""},"class_list":["post-730","page","type-page","status-publish","hentry"],"_links":{"self":[{"href":"https:\/\/www2.unifap.br\/ppgef\/wp-json\/wp\/v2\/pages\/730","targetHints":{"allow":["GET"]}}],"collection":[{"href":"https:\/\/www2.unifap.br\/ppgef\/wp-json\/wp\/v2\/pages"}],"about":[{"href":"https:\/\/www2.unifap.br\/ppgef\/wp-json\/wp\/v2\/types\/page"}],"author":[{"embeddable":true,"href":"https:\/\/www2.unifap.br\/ppgef\/wp-json\/wp\/v2\/users\/976"}],"replies":[{"embeddable":true,"href":"https:\/\/www2.unifap.br\/ppgef\/wp-json\/wp\/v2\/comments?post=730"}],"version-history":[{"count":22,"href":"https:\/\/www2.unifap.br\/ppgef\/wp-json\/wp\/v2\/pages\/730\/revisions"}],"predecessor-version":[{"id":1327,"href":"https:\/\/www2.unifap.br\/ppgef\/wp-json\/wp\/v2\/pages\/730\/revisions\/1327"}],"up":[{"embeddable":true,"href":"https:\/\/www2.unifap.br\/ppgef\/wp-json\/wp\/v2\/pages\/1319"}],"wp:attachment":[{"href":"https:\/\/www2.unifap.br\/ppgef\/wp-json\/wp\/v2\/media?parent=730"}],"curies":[{"name":"wp","href":"https:\/\/api.w.org\/{rel}","templated":true}]}}