{"id":798,"date":"2018-11-28T13:09:56","date_gmt":"2018-11-28T13:09:56","guid":{"rendered":"http:\/\/www2.unifap.br\/ppgef\/?page_id=798"},"modified":"2019-06-27T17:48:13","modified_gmt":"2019-06-27T17:48:13","slug":"edital-004-2018-ppgef-demanda-induzida-santana","status":"publish","type":"page","link":"https:\/\/www2.unifap.br\/ppgef\/editais\/2017-2\/edital-004-2018-ppgef-demanda-induzida-santana\/","title":{"rendered":"Edital 004 2018 PPGEF DEMANDA INDUZIDA SANTANA"},"content":{"rendered":"<p><a href=\"http:\/\/www2.unifap.br\/ppgef\/files\/2018\/11\/Edital_DEMANDA-INDUZIDA-SANTANA.pdf\">Edital_DEMANDA INDUZIDA SANTANA<\/a><\/p>\n<p><a href=\"http:\/\/www2.unifap.br\/ppgef\/files\/2018\/11\/OFICIO-930_2018_GAB_SEME_PMS.pdf\">OFICIO 930_2018_GAB_SEME_PMS<\/a><\/p>\n<p><a href=\"http:\/\/www2.unifap.br\/ppgef\/files\/2018\/11\/OFICIO-4336_2018_GAB_SEED.pdf\">OFICIO 4336_2018_GAB_SEED<\/a><\/p>\n<p><a href=\"http:\/\/www2.unifap.br\/ppgef\/files\/2018\/11\/ANEXO-A\u2013-TEMAS-E-BIBLIOGRAFIA-PARA-A-PROVA-ESCRITA.pdf\">ANEXO A\u2013 TEMAS E BIBLIOGRAFIA PARA A PROVA ESCRITA<\/a><\/p>\n<p><a href=\"http:\/\/www2.unifap.br\/ppgef\/files\/2018\/11\/ANEXO-B-modelo-pre-projeto.docx\">ANEXO B &#8211; modelo pre-projeto<\/a><\/p>\n<p><a href=\"http:\/\/www2.unifap.br\/ppgef\/files\/2018\/11\/Portaria-Sele\u00e7\u00e3o-PPGEF-Santana.pdf\">Portaria Sele\u00e7\u00e3o PPGEF-Santana<\/a><\/p>\n<p><a href=\"http:\/\/www2.unifap.br\/ppgef\/files\/2018\/11\/ANEXO-C-CRIT\u00c9RIOS-DE-AVALIA\u00c7\u00c3O-PARA-ENTREVISTA.pdf\">ANEXO C &#8211; CRIT\u00c9RIOS DE AVALIA\u00c7\u00c3O PARA ENTREVISTA<\/a><\/p>\n<p><a href=\"http:\/\/www2.unifap.br\/ppgef\/files\/2018\/11\/Avalia\u00e7\u00e3o-prova-escrita.pdf\">Avalia\u00e7\u00e3o prova escrita<\/a><\/p>\n<p><a href=\"http:\/\/www2.unifap.br\/ppgef\/files\/2018\/11\/1\u00aa-RETIFICA\u00c7\u00c3O-DO-EDITAL-N.\u00ba-004_20181.pdf\">1\u00aa RETIFICA\u00c7\u00c3O DO EDITAL N.\u00ba 004_2018<\/a><\/p>\n<p><a href=\"http:\/\/www2.unifap.br\/ppgef\/programa\/editais\/ps_2018-2\/edital-004-2018-ppgef-demanda-induzida-santana\/lista-das-inscricoes-homologadas-4\/\" rel=\"attachment wp-att-1071\">LISTA DAS INSCRI\u00c7\u00d5ES HOMOLOGADAS<\/a><\/p>\n<p><a href=\"http:\/\/www2.unifap.br\/ppgef\/programa\/editais\/ps_2018-2\/edital-004-2018-ppgef-demanda-induzida-santana\/comunicado-realizacao-da-prova-de-conhecimentos-3\/\" rel=\"attachment wp-att-1072\">COMUNICADO REALIZA\u00c7\u00c3O DA PROVA DE CONHECIMENTOS<\/a><\/p>\n<p><a href=\"http:\/\/www2.unifap.br\/ppgef\/programa\/editais\/ps_2018-2\/edital-004-2018-ppgef-demanda-induzida-santana\/resultado-provisorio-da-prova-de-conhecimentos_santana\/\" rel=\"attachment wp-att-1073\">RESULTADO PROVIS\u00d3RIO DA PROVA DE CONHECIMENTOS_SANTANA<\/a><\/p>\n<p><a href=\"http:\/\/www2.unifap.br\/ppgef\/programa\/editais\/ps_2018-2\/edital-004-2018-ppgef-demanda-induzida-santana\/nota-sobre-prova-escrita\/\" rel=\"attachment wp-att-1074\">Nota sobre prova escrita<\/a><\/p>\n<p><a href=\"http:\/\/www2.unifap.br\/ppgef\/programa\/editais\/ps_2018-2\/edital-004-2018-ppgef-demanda-induzida-santana\/comunicado-do-resultado-da-apreciacao-dos-recursos-5\/\" rel=\"attachment wp-att-1105\">COMUNICADO DO RESULTADO DA APRECIA\u00c7\u00c3O DOS RECURSOS<\/a><\/p>\n<p><a href=\"http:\/\/www2.unifap.br\/ppgef\/programa\/editais\/ps_2018-2\/edital-004-2018-ppgef-demanda-induzida-santana\/resultado-preliminar-da-analise-de-projetos\/\" rel=\"attachment wp-att-1109\">RESULTADO PRELIMINAR DA AN\u00c1LISE DE PROJETOS<\/a><\/p>\n<p><a href=\"http:\/\/www2.unifap.br\/ppgef\/programa\/editais\/ps_2018-2\/edital-004-2018-ppgef-demanda-induzida-santana\/comunicado-do-resultado-da-apreciacao-dos-recursos-6\/\" rel=\"attachment wp-att-1124\">COMUNICADO DO RESULTADO DA APRECIA\u00c7\u00c3O DOS RECURSOS<\/a><\/p>\n<p><a href=\"http:\/\/www2.unifap.br\/ppgef\/programa\/editais\/ps_2018-2\/edital-004-2018-ppgef-demanda-induzida-santana\/retificacao-no-edital-004-2018-ppgef-unifap\/\" rel=\"attachment wp-att-1126\">Retifica\u00e7\u00e3o no edital 004-2018 PPGEF-UNIFAP<\/a><\/p>\n<p><a href=\"http:\/\/www2.unifap.br\/ppgef\/programa\/editais\/ps_2018-2\/edital-004-2018-ppgef-demanda-induzida-santana\/anexo-d-roteiro-de-avaliacao-do-curriculo\/\" rel=\"attachment wp-att-1127\">ANEXO D\u2013 Roteiro de avalia\u00e7\u00e3o do curr\u00edculo<\/a><\/p>\n<p><a href=\"http:\/\/www2.unifap.br\/ppgef\/programa\/editais\/ps_2018-2\/edital-004-2018-ppgef-demanda-induzida-santana\/resultado-definitivo-da-analise-de-projetos\/\" rel=\"attachment wp-att-1128\">Resultado Definitivo da An\u00e1lise de Projetos<\/a><\/p>\n<p><a href=\"http:\/\/www2.unifap.br\/ppgef\/programa\/editais\/ps_2018-2\/edital-004-2018-ppgef-demanda-induzida-santana\/3-retificacao\/\" rel=\"attachment wp-att-1136\">3 Retifica\u00e7\u00e3o<\/a><\/p>\n<p><a href=\"http:\/\/www2.unifap.br\/ppgef\/programa\/editais\/ps_2018-2\/edital-004-2018-ppgef-demanda-induzida-santana\/relacao-entrevistas\/\" rel=\"attachment wp-att-1137\">Rela\u00e7\u00e3o entrevistas<\/a><\/p>\n<p><a href=\"http:\/\/www2.unifap.br\/ppgef\/programa\/editais\/ps_2018-2\/edital-004-2018-ppgef-demanda-induzida-santana\/resultado-provisorio-da-entrevista-e-curriculo\/\" rel=\"attachment wp-att-1141\">RESULTADO PROVIS\u00d3RIO DA ENTREVISTA E CURRICULO<\/a><\/p>\n<p><a href=\"http:\/\/www2.unifap.br\/ppgef\/programa\/editais\/ps_2018-2\/edital-004-2018-ppgef-demanda-induzida-santana\/resultado-final_ps-ppgef-edital-no-04_2018\/\" rel=\"attachment wp-att-1225\">RESULTADO FINAL_PS PPGEF-EDITAL N\u00ba 04_2018<\/a><\/p>\n<p><a href=\"http:\/\/www2.unifap.br\/ppgef\/programa\/editais\/ps_2018-2\/edital-004-2018-ppgef-demanda-induzida-santana\/comunicado-do-resultado-da-apreciacao-dos-recursos-edital-004\/\" rel=\"attachment wp-att-1226\">COMUNICADO DO RESULTADO DA APRECIA\u00c7\u00c3O DOS RECURSOS EDITAL 004<\/a><\/p>\n","protected":false},"excerpt":{"rendered":"<p>Edital_DEMANDA INDUZIDA SANTANA OFICIO 930_2018_GAB_SEME_PMS OFICIO 4336_2018_GAB_SEED ANEXO A\u2013 TEMAS E BIBLIOGRAFIA PARA A PROVA ESCRITA ANEXO B &#8211; modelo pre-projeto Portaria Sele\u00e7\u00e3o PPGEF-Santana ANEXO C &#8211; CRIT\u00c9RIOS DE AVALIA\u00c7\u00c3O PARA ENTREVISTA Avalia\u00e7\u00e3o prova escrita 1\u00aa RETIFICA\u00c7\u00c3O DO EDITAL N.\u00ba 004_2018 LISTA DAS INSCRI\u00c7\u00d5ES HOMOLOGADAS COMUNICADO REALIZA\u00c7\u00c3O DA PROVA DE CONHECIMENTOS RESULTADO PROVIS\u00d3RIO DA PROVA&#8230;<\/p>\n","protected":false},"author":976,"featured_media":0,"parent":1319,"menu_order":4,"comment_status":"closed","ping_status":"open","template":"","meta":{"inline_featured_image":false,"site-sidebar-layout":"default","site-content-layout":"","ast-site-content-layout":"default","site-content-style":"default","site-sidebar-style":"default","ast-global-header-display":"","ast-banner-title-visibility":"","ast-main-header-display":"","ast-hfb-above-header-display":"","ast-hfb-below-header-display":"","ast-hfb-mobile-header-display":"","site-post-title":"","ast-breadcrumbs-content":"","ast-featured-img":"","footer-sml-layout":"","theme-transparent-header-meta":"","adv-header-id-meta":"","stick-header-meta":"","header-above-stick-meta":"","header-main-stick-meta":"","header-below-stick-meta":"","astra-migrate-meta-layouts":"default","ast-page-background-enabled":"default","ast-page-background-meta":{"desktop":{"background-color":"var(--ast-global-color-4)","background-image":"","background-repeat":"repeat","background-position":"center center","background-size":"auto","background-attachment":"scroll","background-type":"","background-media":"","overlay-type":"","overlay-color":"","overlay-opacity":"","overlay-gradient":""},"tablet":{"background-color":"","background-image":"","background-repeat":"repeat","background-position":"center center","background-size":"auto","background-attachment":"scroll","background-type":"","background-media":"","overlay-type":"","overlay-color":"","overlay-opacity":"","overlay-gradient":""},"mobile":{"background-color":"","background-image":"","background-repeat":"repeat","background-position":"center center","background-size":"auto","background-attachment":"scroll","background-type":"","background-media":"","overlay-type":"","overlay-color":"","overlay-opacity":"","overlay-gradient":""}},"ast-content-background-meta":{"desktop":{"background-color":"var(--ast-global-color-5)","background-image":"","background-repeat":"repeat","background-position":"center center","background-size":"auto","background-attachment":"scroll","background-type":"","background-media":"","overlay-type":"","overlay-color":"","overlay-opacity":"","overlay-gradient":""},"tablet":{"background-color":"var(--ast-global-color-5)","background-image":"","background-repeat":"repeat","background-position":"center center","background-size":"auto","background-attachment":"scroll","background-type":"","background-media":"","overlay-type":"","overlay-color":"","overlay-opacity":"","overlay-gradient":""},"mobile":{"background-color":"var(--ast-global-color-5)","background-image":"","background-repeat":"repeat","background-position":"center center","background-size":"auto","background-attachment":"scroll","background-type":"","background-media":"","overlay-type":"","overlay-color":"","overlay-opacity":"","overlay-gradient":""}},"ngg_post_thumbnail":0,"footnotes":""},"class_list":["post-798","page","type-page","status-publish","hentry"],"_links":{"self":[{"href":"https:\/\/www2.unifap.br\/ppgef\/wp-json\/wp\/v2\/pages\/798","targetHints":{"allow":["GET"]}}],"collection":[{"href":"https:\/\/www2.unifap.br\/ppgef\/wp-json\/wp\/v2\/pages"}],"about":[{"href":"https:\/\/www2.unifap.br\/ppgef\/wp-json\/wp\/v2\/types\/page"}],"author":[{"embeddable":true,"href":"https:\/\/www2.unifap.br\/ppgef\/wp-json\/wp\/v2\/users\/976"}],"replies":[{"embeddable":true,"href":"https:\/\/www2.unifap.br\/ppgef\/wp-json\/wp\/v2\/comments?post=798"}],"version-history":[{"count":13,"href":"https:\/\/www2.unifap.br\/ppgef\/wp-json\/wp\/v2\/pages\/798\/revisions"}],"predecessor-version":[{"id":1227,"href":"https:\/\/www2.unifap.br\/ppgef\/wp-json\/wp\/v2\/pages\/798\/revisions\/1227"}],"up":[{"embeddable":true,"href":"https:\/\/www2.unifap.br\/ppgef\/wp-json\/wp\/v2\/pages\/1319"}],"wp:attachment":[{"href":"https:\/\/www2.unifap.br\/ppgef\/wp-json\/wp\/v2\/media?parent=798"}],"curies":[{"name":"wp","href":"https:\/\/api.w.org\/{rel}","templated":true}]}}