{"id":866,"date":"2019-01-28T20:17:53","date_gmt":"2019-01-28T20:17:53","guid":{"rendered":"http:\/\/www2.unifap.br\/ppgef\/?page_id=866"},"modified":"2020-07-15T21:04:01","modified_gmt":"2020-07-15T21:04:01","slug":"corpo-academico","status":"publish","type":"page","link":"https:\/\/www2.unifap.br\/ppgef\/corpo-academico\/","title":{"rendered":"CORPO ACAD\u00caMICO"},"content":{"rendered":"<p>O Corpo Acad\u00eamico \u00e9 formado pelos docentes e discentes do programa.<\/p>\n<p style=\"text-align: justify\">As responsabilidades do corpo docente do PPGEF distribuem-se por tr\u00eas \u00e1reas principais: ensino, pesquisa e extens\u00e3o. Destaca-se ainda a responsabilidade por manter atualizado seu curr\u00edculo lattes.<\/p>\n<p style=\"text-align: justify\">Corpo discente \u00e9 a denomina\u00e7\u00e3o dada ao conjunto de alunos que participam do processo de aprendizagem. \u00c9 o grupo de mestrandos do programa que tem seus direitos e obriga\u00e7\u00f5es dentro da universidade definidos no Estatuto e Regimentos interno.<\/p>\n","protected":false},"excerpt":{"rendered":"<p>O Corpo Acad\u00eamico \u00e9 formado pelos docentes e discentes do programa. As responsabilidades do corpo docente do PPGEF distribuem-se por tr\u00eas \u00e1reas principais: ensino, pesquisa e extens\u00e3o. Destaca-se ainda a responsabilidade por manter atualizado seu curr\u00edculo lattes. Corpo discente \u00e9 a denomina\u00e7\u00e3o dada ao conjunto de alunos que participam do processo de aprendizagem. \u00c9 o&#8230;<\/p>\n","protected":false},"author":175,"featured_media":0,"parent":0,"menu_order":2,"comment_status":"closed","ping_status":"open","template":"","meta":{"inline_featured_image":false,"site-sidebar-layout":"default","site-content-layout":"","ast-site-content-layout":"default","site-content-style":"default","site-sidebar-style":"default","ast-global-header-display":"","ast-banner-title-visibility":"","ast-main-header-display":"","ast-hfb-above-header-display":"","ast-hfb-below-header-display":"","ast-hfb-mobile-header-display":"","site-post-title":"","ast-breadcrumbs-content":"","ast-featured-img":"","footer-sml-layout":"","theme-transparent-header-meta":"","adv-header-id-meta":"","stick-header-meta":"","header-above-stick-meta":"","header-main-stick-meta":"","header-below-stick-meta":"","astra-migrate-meta-layouts":"default","ast-page-background-enabled":"default","ast-page-background-meta":{"desktop":{"background-color":"var(--ast-global-color-4)","background-image":"","background-repeat":"repeat","background-position":"center center","background-size":"auto","background-attachment":"scroll","background-type":"","background-media":"","overlay-type":"","overlay-color":"","overlay-opacity":"","overlay-gradient":""},"tablet":{"background-color":"","background-image":"","background-repeat":"repeat","background-position":"center center","background-size":"auto","background-attachment":"scroll","background-type":"","background-media":"","overlay-type":"","overlay-color":"","overlay-opacity":"","overlay-gradient":""},"mobile":{"background-color":"","background-image":"","background-repeat":"repeat","background-position":"center center","background-size":"auto","background-attachment":"scroll","background-type":"","background-media":"","overlay-type":"","overlay-color":"","overlay-opacity":"","overlay-gradient":""}},"ast-content-background-meta":{"desktop":{"background-color":"var(--ast-global-color-5)","background-image":"","background-repeat":"repeat","background-position":"center center","background-size":"auto","background-attachment":"scroll","background-type":"","background-media":"","overlay-type":"","overlay-color":"","overlay-opacity":"","overlay-gradient":""},"tablet":{"background-color":"var(--ast-global-color-5)","background-image":"","background-repeat":"repeat","background-position":"center center","background-size":"auto","background-attachment":"scroll","background-type":"","background-media":"","overlay-type":"","overlay-color":"","overlay-opacity":"","overlay-gradient":""},"mobile":{"background-color":"var(--ast-global-color-5)","background-image":"","background-repeat":"repeat","background-position":"center center","background-size":"auto","background-attachment":"scroll","background-type":"","background-media":"","overlay-type":"","overlay-color":"","overlay-opacity":"","overlay-gradient":""}},"ngg_post_thumbnail":0,"footnotes":""},"class_list":["post-866","page","type-page","status-publish","hentry"],"_links":{"self":[{"href":"https:\/\/www2.unifap.br\/ppgef\/wp-json\/wp\/v2\/pages\/866","targetHints":{"allow":["GET"]}}],"collection":[{"href":"https:\/\/www2.unifap.br\/ppgef\/wp-json\/wp\/v2\/pages"}],"about":[{"href":"https:\/\/www2.unifap.br\/ppgef\/wp-json\/wp\/v2\/types\/page"}],"author":[{"embeddable":true,"href":"https:\/\/www2.unifap.br\/ppgef\/wp-json\/wp\/v2\/users\/175"}],"replies":[{"embeddable":true,"href":"https:\/\/www2.unifap.br\/ppgef\/wp-json\/wp\/v2\/comments?post=866"}],"version-history":[{"count":4,"href":"https:\/\/www2.unifap.br\/ppgef\/wp-json\/wp\/v2\/pages\/866\/revisions"}],"predecessor-version":[{"id":1699,"href":"https:\/\/www2.unifap.br\/ppgef\/wp-json\/wp\/v2\/pages\/866\/revisions\/1699"}],"wp:attachment":[{"href":"https:\/\/www2.unifap.br\/ppgef\/wp-json\/wp\/v2\/media?parent=866"}],"curies":[{"name":"wp","href":"https:\/\/api.w.org\/{rel}","templated":true}]}}