{"id":874,"date":"2019-01-28T20:37:29","date_gmt":"2019-01-28T20:37:29","guid":{"rendered":"http:\/\/www2.unifap.br\/ppgef\/?page_id=874"},"modified":"2019-02-21T19:20:56","modified_gmt":"2019-02-21T19:20:56","slug":"tecnica-e-bibliografica","status":"publish","type":"page","link":"https:\/\/www2.unifap.br\/ppgef\/producao-cientifica\/tecnica-e-bibliografica\/","title":{"rendered":"T\u00c9CNICA E BIBLIOGR\u00c1FICA"},"content":{"rendered":"<p>Produ\u00e7\u00e3o Docente e Discente:<\/p>\n<p style=\"text-align: justify\">As produ\u00e7\u00f5es bibliogr\u00e1ficas e t\u00e9cnicas do PPGEF podem ser consultadas na Plataforma Sucupira, da Coordena\u00e7\u00e3o de Aperfei\u00e7oamento de Pessoal de Nivel Superior (CAPES), por meio dos links:<\/p>\n<p><a href=\"https:\/\/sucupira.capes.gov.br\/sucupira\/public\/consultas\/coleta\/envioColeta\/dadosFotoEnvioColeta.jsf\"><img decoding=\"async\" class=\"wp-image-876 aligncenter\" alt=\"logo-sucupira\" src=\"http:\/\/www2.unifap.br\/ppgef\/files\/2019\/01\/logo-sucupira1.png\" width=\"250\" height=\"110\" \/><\/a><\/p>\n<p style=\"text-align: justify\">DOCUMENT\u00c1RIOS E ENTREVISTAS:<\/p>\n<p><a href=\"https:\/\/www.facebook.com\/gutemberg.silva.9279\/videos\/vb.100001615005240\/2174086205988525\/?type=2&amp;video_source=user_video_tab\">Trecho de document\u00e1rio sobre a fronteira entre Fran\u00e7a e Brasil<\/a><\/p>\n<p><a href=\"https:\/\/drive.google.com\/open?id=10saMyL7lrfC9sYV4Mpg5AzQHNv2Mlr2K\">Document\u00e1rio: Sur le Pont \/ Oiapoque. 2018. V\u00eddeo<\/a><\/p>\n<p>&nbsp;<\/p>\n","protected":false},"excerpt":{"rendered":"<p>Produ\u00e7\u00e3o Docente e Discente: As produ\u00e7\u00f5es bibliogr\u00e1ficas e t\u00e9cnicas do PPGEF podem ser consultadas na Plataforma Sucupira, da Coordena\u00e7\u00e3o de Aperfei\u00e7oamento de Pessoal de Nivel Superior (CAPES), por meio dos links: DOCUMENT\u00c1RIOS E ENTREVISTAS: Trecho de document\u00e1rio sobre a fronteira entre Fran\u00e7a e Brasil Document\u00e1rio: Sur le Pont \/ Oiapoque. 2018. V\u00eddeo &nbsp;<\/p>\n","protected":false},"author":175,"featured_media":875,"parent":51,"menu_order":2,"comment_status":"closed","ping_status":"open","template":"","meta":{"inline_featured_image":false,"site-sidebar-layout":"default","site-content-layout":"","ast-site-content-layout":"default","site-content-style":"default","site-sidebar-style":"default","ast-global-header-display":"","ast-banner-title-visibility":"","ast-main-header-display":"","ast-hfb-above-header-display":"","ast-hfb-below-header-display":"","ast-hfb-mobile-header-display":"","site-post-title":"","ast-breadcrumbs-content":"","ast-featured-img":"","footer-sml-layout":"","theme-transparent-header-meta":"","adv-header-id-meta":"","stick-header-meta":"","header-above-stick-meta":"","header-main-stick-meta":"","header-below-stick-meta":"","astra-migrate-meta-layouts":"default","ast-page-background-enabled":"default","ast-page-background-meta":{"desktop":{"background-color":"var(--ast-global-color-4)","background-image":"","background-repeat":"repeat","background-position":"center center","background-size":"auto","background-attachment":"scroll","background-type":"","background-media":"","overlay-type":"","overlay-color":"","overlay-opacity":"","overlay-gradient":""},"tablet":{"background-color":"","background-image":"","background-repeat":"repeat","background-position":"center center","background-size":"auto","background-attachment":"scroll","background-type":"","background-media":"","overlay-type":"","overlay-color":"","overlay-opacity":"","overlay-gradient":""},"mobile":{"background-color":"","background-image":"","background-repeat":"repeat","background-position":"center center","background-size":"auto","background-attachment":"scroll","background-type":"","background-media":"","overlay-type":"","overlay-color":"","overlay-opacity":"","overlay-gradient":""}},"ast-content-background-meta":{"desktop":{"background-color":"var(--ast-global-color-5)","background-image":"","background-repeat":"repeat","background-position":"center center","background-size":"auto","background-attachment":"scroll","background-type":"","background-media":"","overlay-type":"","overlay-color":"","overlay-opacity":"","overlay-gradient":""},"tablet":{"background-color":"var(--ast-global-color-5)","background-image":"","background-repeat":"repeat","background-position":"center center","background-size":"auto","background-attachment":"scroll","background-type":"","background-media":"","overlay-type":"","overlay-color":"","overlay-opacity":"","overlay-gradient":""},"mobile":{"background-color":"var(--ast-global-color-5)","background-image":"","background-repeat":"repeat","background-position":"center center","background-size":"auto","background-attachment":"scroll","background-type":"","background-media":"","overlay-type":"","overlay-color":"","overlay-opacity":"","overlay-gradient":""}},"ngg_post_thumbnail":0,"footnotes":""},"class_list":["post-874","page","type-page","status-publish","has-post-thumbnail","hentry"],"_links":{"self":[{"href":"https:\/\/www2.unifap.br\/ppgef\/wp-json\/wp\/v2\/pages\/874","targetHints":{"allow":["GET"]}}],"collection":[{"href":"https:\/\/www2.unifap.br\/ppgef\/wp-json\/wp\/v2\/pages"}],"about":[{"href":"https:\/\/www2.unifap.br\/ppgef\/wp-json\/wp\/v2\/types\/page"}],"author":[{"embeddable":true,"href":"https:\/\/www2.unifap.br\/ppgef\/wp-json\/wp\/v2\/users\/175"}],"replies":[{"embeddable":true,"href":"https:\/\/www2.unifap.br\/ppgef\/wp-json\/wp\/v2\/comments?post=874"}],"version-history":[{"count":8,"href":"https:\/\/www2.unifap.br\/ppgef\/wp-json\/wp\/v2\/pages\/874\/revisions"}],"predecessor-version":[{"id":1046,"href":"https:\/\/www2.unifap.br\/ppgef\/wp-json\/wp\/v2\/pages\/874\/revisions\/1046"}],"up":[{"embeddable":true,"href":"https:\/\/www2.unifap.br\/ppgef\/wp-json\/wp\/v2\/pages\/51"}],"wp:featuredmedia":[{"embeddable":true,"href":"https:\/\/www2.unifap.br\/ppgef\/wp-json\/wp\/v2\/media\/875"}],"wp:attachment":[{"href":"https:\/\/www2.unifap.br\/ppgef\/wp-json\/wp\/v2\/media?parent=874"}],"curies":[{"name":"wp","href":"https:\/\/api.w.org\/{rel}","templated":true}]}}