{"id":878,"date":"2019-01-29T11:18:54","date_gmt":"2019-01-29T11:18:54","guid":{"rendered":"http:\/\/www2.unifap.br\/ppgef\/?page_id=878"},"modified":"2019-01-29T11:22:59","modified_gmt":"2019-01-29T11:22:59","slug":"grupos-de-pesquisa","status":"publish","type":"page","link":"https:\/\/www2.unifap.br\/ppgef\/producao-cientifica\/grupos-de-pesquisa\/","title":{"rendered":"PROJETOS DE PESQUISA"},"content":{"rendered":"<p><a href=\"https:\/\/sucupira.capes.gov.br\/sucupira\/public\/consultas\/coleta\/projetoPesquisa\/viewProjetoPesquisa.xhtml?popup=true&amp;idProjeto=454140\">Ecologia Pol\u00edtica e Alternativas ao Desenvolvimento na Am\u00e9rica Latina<\/a><\/p>\n<p><a href=\"https:\/\/sucupira.capes.gov.br\/sucupira\/public\/consultas\/coleta\/projetoPesquisa\/viewProjetoPesquisa.xhtml?popup=true&amp;idProjeto=454227\">Integra\u00e7\u00e3o e Seguran\u00e7a na Amaz\u00f4nia Transnacional<\/a><\/p>\n<p><a href=\"https:\/\/sucupira.capes.gov.br\/sucupira\/public\/consultas\/coleta\/projetoPesquisa\/viewProjetoPesquisa.xhtml?popup=true&amp;idProjeto=454232\">Paz, Defesa e Seguran\u00e7a Internacional no Norte da Am\u00e9rica do Sul: mapeamento e an\u00e1lise dos conflitos no Plat\u00f4 das Guianas<\/a><\/p>\n<p><a href=\"https:\/\/sucupira.capes.gov.br\/sucupira\/public\/consultas\/coleta\/projetoPesquisa\/viewProjetoPesquisa.xhtml?popup=true&amp;idProjeto=454088\">Projeto SENTINELA<\/a><\/p>\n<p><a href=\"https:\/\/sucupira.capes.gov.br\/sucupira\/public\/consultas\/coleta\/projetoPesquisa\/viewProjetoPesquisa.xhtml?popup=true&amp;idProjeto=454062\">Transfronteiriza\u00e7\u00f5es na Am\u00e9rica Do Sul: Din\u00e2micas Territoriais, Desenvolvimento Regional, Integra\u00e7\u00e3o e Defesa nas Fronteiras Meridional e Setentrional do Brasil<\/a><\/p>\n<p><a href=\"https:\/\/sucupira.capes.gov.br\/sucupira\/public\/consultas\/coleta\/projetoPesquisa\/viewProjetoPesquisa.xhtml?popup=true&amp;idProjeto=489122\">A Cidade Como Quest\u00e3o No Processo De Fronteiriza\u00e7\u00e3o Na Amaz\u00f4nia Setentrional: Notas Comparadas Amap\u00e1-Roraima<\/a><\/p>\n<p><a href=\"https:\/\/sucupira.capes.gov.br\/sucupira\/public\/consultas\/coleta\/projetoPesquisa\/viewProjetoPesquisa.xhtml?popup=true&amp;idProjeto=489124\">Administra\u00e7\u00e3o de confitos, sensibilidades jur\u00eddicas e direitos<\/a><\/p>\n<p><a href=\"https:\/\/sucupira.capes.gov.br\/sucupira\/public\/consultas\/coleta\/projetoPesquisa\/viewProjetoPesquisa.xhtml?popup=true&amp;idProjeto=485389\">Defesa e Seguran\u00e7a no Plat\u00f4 das Guianas<\/a><\/p>\n<p><a href=\"https:\/\/sucupira.capes.gov.br\/sucupira\/public\/consultas\/coleta\/projetoPesquisa\/viewProjetoPesquisa.xhtml?popup=true&amp;idProjeto=489168\">Desenvolvimento regional e coopera\u00e7\u00e3o na Amaz\u00f4nia<\/a><\/p>\n<p><a href=\"https:\/\/sucupira.capes.gov.br\/sucupira\/public\/consultas\/coleta\/projetoPesquisa\/viewProjetoPesquisa.xhtml?popup=true&amp;idProjeto=454222\">Din\u00e2micas institucionais, socioculturais e diretrizes para o desenho e desenvolvimento do instituto de empreendimento no Haiti<\/a><\/p>\n<p><a href=\"https:\/\/sucupira.capes.gov.br\/sucupira\/public\/consultas\/coleta\/projetoPesquisa\/viewProjetoPesquisa.xhtml?popup=true&amp;idProjeto=504978\">Entorno estrat\u00e9gico brasileiro: o nexo entre forma\u00e7\u00e3o de regi\u00e3o e diplomacia e coopera\u00e7\u00e3o em defesa<\/a><\/p>\n<p><a href=\"https:\/\/sucupira.capes.gov.br\/sucupira\/public\/consultas\/coleta\/projetoPesquisa\/viewProjetoPesquisa.xhtml?popup=true&amp;idProjeto=505048\">Estudos de fronteira em perspectiva multidisciplinar e multidimensional<\/a><\/p>\n<p><a href=\"https:\/\/sucupira.capes.gov.br\/sucupira\/public\/consultas\/coleta\/projetoPesquisa\/viewProjetoPesquisa.xhtml?popup=true&amp;idProjeto=454116\">Forma\u00e7\u00e3o Hist\u00f3rica das Guianas: Politicas e Culturas Transnacionais<\/a><\/p>\n<p><a href=\"https:\/\/sucupira.capes.gov.br\/sucupira\/public\/consultas\/coleta\/projetoPesquisa\/viewProjetoPesquisa.xhtml?popup=true&amp;idProjeto=454207\">Formas Contempor\u00e2neas de Governo e pr\u00e1ticas econ\u00f4micas ordin\u00e1rias<\/a><\/p>\n<p><a href=\"https:\/\/sucupira.capes.gov.br\/sucupira\/public\/consultas\/coleta\/projetoPesquisa\/viewProjetoPesquisa.xhtml?popup=true&amp;idProjeto=454073\">Geografia da circula\u00e7\u00e3o transfronteiri\u00e7a na bacia do rio Oiapoque: O ?antes? e o ?depois? da abertura da ponte binacional<\/a><\/p>\n<p><a href=\"https:\/\/sucupira.capes.gov.br\/sucupira\/public\/consultas\/coleta\/projetoPesquisa\/viewProjetoPesquisa.xhtml?popup=true&amp;idProjeto=454100\">Governan\u00e7a do Trabalho e da Log\u00edstica Para a Sustentabilidade (Golls)<\/a><\/p>\n<p><a href=\"https:\/\/sucupira.capes.gov.br\/sucupira\/public\/consultas\/coleta\/projetoPesquisa\/viewProjetoPesquisa.xhtml?popup=true&amp;idProjeto=454075\">Instituto Nacional de Ci\u00eancia e Tecnologia do Observat\u00f3rio das Migra\u00e7\u00f5es em Rede<\/a><\/p>\n<p><a href=\"https:\/\/sucupira.capes.gov.br\/sucupira\/public\/consultas\/coleta\/projetoPesquisa\/viewProjetoPesquisa.xhtml?popup=true&amp;idProjeto=454239\">Integra\u00e7\u00e3o transfronteiri\u00e7a e representa\u00e7\u00e3o social: a ponte binacional e os catraieiros na fronteira entre Brasil e Fran\u00e7a<\/a><\/p>\n<p><a href=\"https:\/\/sucupira.capes.gov.br\/sucupira\/public\/consultas\/coleta\/projetoPesquisa\/viewProjetoPesquisa.xhtml?popup=true&amp;idProjeto=454208\">O Perfil Socioecon\u00f4mico e as Din\u00e2micas da Vida Social dos Migrantes Ee Refugiados Residentes na Regi\u00e3o Fronteiri\u00e7a Franco-Brasileira (Guiana Francesa E Amap\u00e1)<\/a><\/p>\n<p><a href=\"https:\/\/sucupira.capes.gov.br\/sucupira\/public\/consultas\/coleta\/projetoPesquisa\/viewProjetoPesquisa.xhtml?popup=true&amp;idProjeto=454078\">Observat\u00f3rio das Fronteiras do Plat\u00f4 das Guianas (OBFRON)<\/a><\/p>\n<p><a href=\"https:\/\/sucupira.capes.gov.br\/sucupira\/public\/consultas\/coleta\/projetoPesquisa\/viewProjetoPesquisa.xhtml?popup=true&amp;idProjeto=454215\">Researcher Connect<\/a><\/p>\n<p><a href=\"https:\/\/sucupira.capes.gov.br\/sucupira\/public\/consultas\/coleta\/projetoPesquisa\/viewProjetoPesquisa.xhtml?popup=true&amp;idProjeto=454217\">Semin\u00e1rio Internacional de Estudos de Fronteira das Guianas<\/a><\/p>\n<p><a href=\"https:\/\/sucupira.capes.gov.br\/sucupira\/public\/consultas\/coleta\/projetoPesquisa\/viewProjetoPesquisa.xhtml?popup=true&amp;idProjeto=454087\">Transfronteiriza\u00e7\u00f5es na Am\u00e9rica do Sul: Din\u00e2micas Territoriais, Desenvolvimento Regional, Integra\u00e7\u00e3o e Defesa nas Fronteiras Meridional e Setentrional do Brasil.<\/a><\/p>\n<p><a href=\"https:\/\/sucupira.capes.gov.br\/sucupira\/public\/consultas\/coleta\/projetoPesquisa\/viewProjetoPesquisa.xhtml?popup=true&amp;idProjeto=454210\">Viol\u00eancia na era dos direitos humanos: a quest\u00e3o da invisiblidade social de grupos vulner\u00e1veis<\/a><\/p>\n<p>&nbsp;<\/p>\n<p>&nbsp;<\/p>\n<p>&nbsp;<\/p>\n<p>&nbsp;<\/p>\n","protected":false},"excerpt":{"rendered":"<p>Ecologia Pol\u00edtica e Alternativas ao Desenvolvimento na Am\u00e9rica Latina Integra\u00e7\u00e3o e Seguran\u00e7a na Amaz\u00f4nia Transnacional Paz, Defesa e Seguran\u00e7a Internacional no Norte da Am\u00e9rica do Sul: mapeamento e an\u00e1lise dos conflitos no Plat\u00f4 das Guianas Projeto SENTINELA Transfronteiriza\u00e7\u00f5es na Am\u00e9rica Do Sul: Din\u00e2micas Territoriais, Desenvolvimento Regional, Integra\u00e7\u00e3o e Defesa nas Fronteiras Meridional e Setentrional do&#8230;<\/p>\n","protected":false},"author":175,"featured_media":0,"parent":51,"menu_order":3,"comment_status":"closed","ping_status":"open","template":"","meta":{"inline_featured_image":false,"site-sidebar-layout":"default","site-content-layout":"","ast-site-content-layout":"default","site-content-style":"default","site-sidebar-style":"default","ast-global-header-display":"","ast-banner-title-visibility":"","ast-main-header-display":"","ast-hfb-above-header-display":"","ast-hfb-below-header-display":"","ast-hfb-mobile-header-display":"","site-post-title":"","ast-breadcrumbs-content":"","ast-featured-img":"","footer-sml-layout":"","theme-transparent-header-meta":"","adv-header-id-meta":"","stick-header-meta":"","header-above-stick-meta":"","header-main-stick-meta":"","header-below-stick-meta":"","astra-migrate-meta-layouts":"default","ast-page-background-enabled":"default","ast-page-background-meta":{"desktop":{"background-color":"var(--ast-global-color-4)","background-image":"","background-repeat":"repeat","background-position":"center center","background-size":"auto","background-attachment":"scroll","background-type":"","background-media":"","overlay-type":"","overlay-color":"","overlay-opacity":"","overlay-gradient":""},"tablet":{"background-color":"","background-image":"","background-repeat":"repeat","background-position":"center center","background-size":"auto","background-attachment":"scroll","background-type":"","background-media":"","overlay-type":"","overlay-color":"","overlay-opacity":"","overlay-gradient":""},"mobile":{"background-color":"","background-image":"","background-repeat":"repeat","background-position":"center center","background-size":"auto","background-attachment":"scroll","background-type":"","background-media":"","overlay-type":"","overlay-color":"","overlay-opacity":"","overlay-gradient":""}},"ast-content-background-meta":{"desktop":{"background-color":"var(--ast-global-color-5)","background-image":"","background-repeat":"repeat","background-position":"center center","background-size":"auto","background-attachment":"scroll","background-type":"","background-media":"","overlay-type":"","overlay-color":"","overlay-opacity":"","overlay-gradient":""},"tablet":{"background-color":"var(--ast-global-color-5)","background-image":"","background-repeat":"repeat","background-position":"center center","background-size":"auto","background-attachment":"scroll","background-type":"","background-media":"","overlay-type":"","overlay-color":"","overlay-opacity":"","overlay-gradient":""},"mobile":{"background-color":"var(--ast-global-color-5)","background-image":"","background-repeat":"repeat","background-position":"center center","background-size":"auto","background-attachment":"scroll","background-type":"","background-media":"","overlay-type":"","overlay-color":"","overlay-opacity":"","overlay-gradient":""}},"ngg_post_thumbnail":0,"footnotes":""},"class_list":["post-878","page","type-page","status-publish","hentry"],"_links":{"self":[{"href":"https:\/\/www2.unifap.br\/ppgef\/wp-json\/wp\/v2\/pages\/878","targetHints":{"allow":["GET"]}}],"collection":[{"href":"https:\/\/www2.unifap.br\/ppgef\/wp-json\/wp\/v2\/pages"}],"about":[{"href":"https:\/\/www2.unifap.br\/ppgef\/wp-json\/wp\/v2\/types\/page"}],"author":[{"embeddable":true,"href":"https:\/\/www2.unifap.br\/ppgef\/wp-json\/wp\/v2\/users\/175"}],"replies":[{"embeddable":true,"href":"https:\/\/www2.unifap.br\/ppgef\/wp-json\/wp\/v2\/comments?post=878"}],"version-history":[{"count":2,"href":"https:\/\/www2.unifap.br\/ppgef\/wp-json\/wp\/v2\/pages\/878\/revisions"}],"predecessor-version":[{"id":881,"href":"https:\/\/www2.unifap.br\/ppgef\/wp-json\/wp\/v2\/pages\/878\/revisions\/881"}],"up":[{"embeddable":true,"href":"https:\/\/www2.unifap.br\/ppgef\/wp-json\/wp\/v2\/pages\/51"}],"wp:attachment":[{"href":"https:\/\/www2.unifap.br\/ppgef\/wp-json\/wp\/v2\/media?parent=878"}],"curies":[{"name":"wp","href":"https:\/\/api.w.org\/{rel}","templated":true}]}}