{"id":11,"date":"2023-07-12T14:47:03","date_gmt":"2023-07-12T17:47:03","guid":{"rendered":"https:\/\/www2.unifap.br\/ppgeo-binacional\/?page_id=11"},"modified":"2023-07-22T09:49:56","modified_gmt":"2023-07-22T12:49:56","slug":"o-curso","status":"publish","type":"page","link":"https:\/\/www2.unifap.br\/ppgeo-binacional\/o-curso\/","title":{"rendered":"O Programa"},"content":{"rendered":"<p><strong>CURSO DE ESPECIALIZA\u00c7\u00c3O\u00a0<\/strong><strong>EM GEOGRAFIA EM RELA\u00c7\u00d5ES SOCIOESPACIAIS NA FRONTEIRA FRANCO-BRASILEIRA: ENSINO E DESENVOLVIMENTO LOCAL<\/strong><\/p>\n<ul>\n<li>O Curso de Especializa\u00e7\u00e3o em Geografia em Rela\u00e7\u00f5es Socioespaciais na Fronteira Franco-Brasileira: Ensino e Desenvolvimento Local, doravante denominado CEGEOFB, \u00e9 um curso em n\u00edvel de p\u00f3s-gradua\u00e7\u00e3o\u00a0<em>Lato Sensu<\/em>, na modalidade presencial, criado em 2017, que tem por objetivo qualificar profissionais em Geografia e nas \u00e1reas afins.<\/li>\n<li>O CEGEOFB tem carga hor\u00e1ria total de\u00a0<strong>410 horas<\/strong>, distribu\u00eddas ao longo de 12 meses, e n\u00e3o excede o prazo m\u00e1ximo de 18 meses para o cumprimento das atividades, ofertadas presencialmente e distribu\u00eddas em disciplinas te\u00f3ricas e pr\u00e1ticas, com atividades individuais e\/ou em grupo, e a defesa de Monografia.<\/li>\n<li>As aulas da CEGEOFP acontecem no\u00a0<strong>Campus Binacional de Oiapoque<\/strong>, no per\u00edodo diurno, vespertino e\/ou noturno.<\/li>\n<\/ul>\n<p>&nbsp;<\/p>\n<p><strong>LINHAS DE PESQUISA<\/strong><\/p>\n<p><strong>a) Geoturismo e Planejamento Ambiental &#8211; <\/strong>Esta linha de pesquisa contempla os estudos voltados para as pr\u00e1ticas tur\u00edsticas numa perspectiva relacionada a sustentabilidade ambiental integrada com a\u00e7\u00f5es inerentes ao planejamento de projetos tur\u00edsticos inseridos na fronteira.<br \/>\n<strong>b) Gest\u00e3o e Ordenamento Territorial &#8211; <\/strong>Esta linha de pesquisa discorre sobre a contribui\u00e7\u00e3o do ordenamento territorial para o estabelecimento de a\u00e7\u00f5es que venham contribuir com a melhoria do planejamento e gest\u00e3o p\u00fablica.<br \/>\n<strong>c) Pol\u00edticas Educacionais e Sustentabilidade &#8211; <\/strong>Esta linha de pesquisa possui foco as an\u00e1lises das pol\u00edticas educacionais voltadas a constru\u00e7\u00e3o de uma rela\u00e7\u00e3o significativa entre os processos de ensino e aprendizagem levando-se em considera\u00e7\u00e3o o desenvolvimento local.<\/p>\n<p>&nbsp;<\/p>\n<p><strong>ESTRUTURA CURRICULAR<\/strong><\/p>\n<p>a) Epistemologia da Geografia (45h\/a)<br \/>\nb) Ordenamento de Uso Territorial (45h\/a)<br \/>\nc) A Inser\u00e7\u00e3o do Amap\u00e1 na Din\u00e2mica Nacional \/ Global (45h\/a)<br \/>\nd) Geotecnologias e An\u00e1lise Espacial (45h\/a)<br \/>\ne) Educa\u00e7\u00e3o Ambiental e Sustentabilidade (45h\/a)<br \/>\nf) Metodologia da Pesquisa (45h\/a)<br \/>\ng) Cartografia Social e Territ\u00f3rio (45h\/a)<br \/>\nh) Planejamento e Gest\u00e3o Ambiental (45h\/a)<br \/>\ni) Planejamento e Gerenciamento dos Recursos H\u00eddricos no Brasil (45h\/a)<br \/>\nj) Turismo, Meio Ambiente, Cidade e Cultura (45h\/a)<br \/>\nk) Monografia (45h\/a)<\/p>\n","protected":false},"excerpt":{"rendered":"<p>CURSO DE ESPECIALIZA\u00c7\u00c3O\u00a0EM GEOGRAFIA EM RELA\u00c7\u00d5ES SOCIOESPACIAIS NA FRONTEIRA FRANCO-BRASILEIRA: ENSINO E DESENVOLVIMENTO LOCAL O Curso de Especializa\u00e7\u00e3o em Geografia em Rela\u00e7\u00f5es Socioespaciais na Fronteira Franco-Brasileira: Ensino e Desenvolvimento Local, doravante denominado CEGEOFB, \u00e9 um curso em n\u00edvel de p\u00f3s-gradua\u00e7\u00e3o\u00a0Lato Sensu, na modalidade presencial, criado em 2017, que tem por&#8230; <a class=\"continue-reading-link\" href=\"https:\/\/www2.unifap.br\/ppgeo-binacional\/o-curso\/\"> Continue reading <span class=\"meta-nav\">&rarr; <\/span><\/a><\/p>\n","protected":false},"author":764,"featured_media":0,"parent":0,"menu_order":0,"comment_status":"closed","ping_status":"closed","template":"","meta":{"inline_featured_image":false,"footnotes":""},"class_list":["post-11","page","type-page","status-publish","hentry"],"_links":{"self":[{"href":"https:\/\/www2.unifap.br\/ppgeo-binacional\/wp-json\/wp\/v2\/pages\/11","targetHints":{"allow":["GET"]}}],"collection":[{"href":"https:\/\/www2.unifap.br\/ppgeo-binacional\/wp-json\/wp\/v2\/pages"}],"about":[{"href":"https:\/\/www2.unifap.br\/ppgeo-binacional\/wp-json\/wp\/v2\/types\/page"}],"author":[{"embeddable":true,"href":"https:\/\/www2.unifap.br\/ppgeo-binacional\/wp-json\/wp\/v2\/users\/764"}],"replies":[{"embeddable":true,"href":"https:\/\/www2.unifap.br\/ppgeo-binacional\/wp-json\/wp\/v2\/comments?post=11"}],"version-history":[{"count":6,"href":"https:\/\/www2.unifap.br\/ppgeo-binacional\/wp-json\/wp\/v2\/pages\/11\/revisions"}],"predecessor-version":[{"id":92,"href":"https:\/\/www2.unifap.br\/ppgeo-binacional\/wp-json\/wp\/v2\/pages\/11\/revisions\/92"}],"wp:attachment":[{"href":"https:\/\/www2.unifap.br\/ppgeo-binacional\/wp-json\/wp\/v2\/media?parent=11"}],"curies":[{"name":"wp","href":"https:\/\/api.w.org\/{rel}","templated":true}]}}