{"id":13,"date":"2023-07-12T14:47:19","date_gmt":"2023-07-12T17:47:19","guid":{"rendered":"https:\/\/www2.unifap.br\/ppgeo-binacional\/?page_id=13"},"modified":"2023-07-13T11:49:22","modified_gmt":"2023-07-13T14:49:22","slug":"contato","status":"publish","type":"page","link":"https:\/\/www2.unifap.br\/ppgeo-binacional\/contato\/","title":{"rendered":"Contato"},"content":{"rendered":"<p><strong>Coordena\u00e7\u00e3o do Programa de P\u00f3s-Gradua\u00e7\u00e3o em Geografia do Campus Binacional de Oiapoque<\/strong><\/p>\n<p>E-mail: geoespecializacao@unifap.br<\/p>\n<p>Endere\u00e7o: Rodovia BR-156 \/ KM1, n\u00ba 3.051 \/ Oiapoque-AP \/ CEP: 68.980-000<\/p>\n","protected":false},"excerpt":{"rendered":"<p>Coordena\u00e7\u00e3o do Programa de P\u00f3s-Gradua\u00e7\u00e3o em Geografia do Campus Binacional de Oiapoque E-mail: geoespecializacao@unifap.br Endere\u00e7o: Rodovia BR-156 \/ KM1, n\u00ba 3.051 \/ Oiapoque-AP \/ CEP: 68.980-000<\/p>\n","protected":false},"author":764,"featured_media":0,"parent":0,"menu_order":0,"comment_status":"closed","ping_status":"closed","template":"","meta":{"inline_featured_image":false,"footnotes":""},"class_list":["post-13","page","type-page","status-publish","hentry"],"_links":{"self":[{"href":"https:\/\/www2.unifap.br\/ppgeo-binacional\/wp-json\/wp\/v2\/pages\/13","targetHints":{"allow":["GET"]}}],"collection":[{"href":"https:\/\/www2.unifap.br\/ppgeo-binacional\/wp-json\/wp\/v2\/pages"}],"about":[{"href":"https:\/\/www2.unifap.br\/ppgeo-binacional\/wp-json\/wp\/v2\/types\/page"}],"author":[{"embeddable":true,"href":"https:\/\/www2.unifap.br\/ppgeo-binacional\/wp-json\/wp\/v2\/users\/764"}],"replies":[{"embeddable":true,"href":"https:\/\/www2.unifap.br\/ppgeo-binacional\/wp-json\/wp\/v2\/comments?post=13"}],"version-history":[{"count":3,"href":"https:\/\/www2.unifap.br\/ppgeo-binacional\/wp-json\/wp\/v2\/pages\/13\/revisions"}],"predecessor-version":[{"id":55,"href":"https:\/\/www2.unifap.br\/ppgeo-binacional\/wp-json\/wp\/v2\/pages\/13\/revisions\/55"}],"wp:attachment":[{"href":"https:\/\/www2.unifap.br\/ppgeo-binacional\/wp-json\/wp\/v2\/media?parent=13"}],"curies":[{"name":"wp","href":"https:\/\/api.w.org\/{rel}","templated":true}]}}