{"id":16,"date":"2023-07-12T14:48:12","date_gmt":"2023-07-12T17:48:12","guid":{"rendered":"https:\/\/www2.unifap.br\/ppgeo-binacional\/?page_id=16"},"modified":"2024-01-11T18:01:01","modified_gmt":"2024-01-11T21:01:01","slug":"processo-seletivo","status":"publish","type":"page","link":"https:\/\/www2.unifap.br\/ppgeo-binacional\/processo-seletivo\/","title":{"rendered":"Processo Seletivo"},"content":{"rendered":"<p><strong>PROCESSO SELETIVO 2023<\/strong><\/p>\n<p><a href=\"http:\/\/www2.unifap.br\/ppgeo-binacional\/files\/2023\/07\/edital_pos_geo_Oiapoque.pdf\" target=\"_blank\" rel=\"noopener\">Edital<\/a><\/p>\n<p><a href=\"https:\/\/forms.gle\/EbXahaPrP4dzWFky5\" target=\"_blank\" rel=\"noopener\">Inscri\u00e7\u00e3o (encerradas)<\/a><\/p>\n<p><a href=\"http:\/\/www2.unifap.br\/ppgeo-binacional\/files\/2023\/09\/Homologacao-das-inscricoes-Especializacao-Geografia.pdf\" target=\"_blank\" rel=\"noopener\">Homologa\u00e7\u00e3o das inscri\u00e7\u00f5es<\/a><\/p>\n<p><a href=\"http:\/\/www2.unifap.br\/ppgeo-binacional\/files\/2023\/09\/Resultado-analise-Memorial-academico.pdf\" target=\"_blank\" rel=\"noopener\">Resultado da an\u00e1lise do memorial acad\u00eamico<\/a><\/p>\n<p><a href=\"http:\/\/www2.unifap.br\/ppgeo-binacional\/files\/2023\/09\/Resultado-da-analise-curricular.pdf\" target=\"_blank\" rel=\"noopener\">Resultado da an\u00e1lise curricular<\/a><\/p>\n<p><a href=\"http:\/\/www2.unifap.br\/ppgeo-binacional\/files\/2023\/10\/Resultado-Preliminar.pdf\" target=\"_blank\" rel=\"noopener\">Resultado Preliminar<\/a><\/p>\n<p><a href=\"http:\/\/www2.unifap.br\/ppgeo-binacional\/files\/2023\/10\/Resultado-Final-PS-Especializacao.pdf\" target=\"_blank\" rel=\"noopener\">Resultado Final<\/a><\/p>\n<p><a href=\"http:\/\/www2.unifap.br\/ppgeo-binacional\/files\/2023\/10\/Banca-de-heteroidentificacao.pdf\" target=\"_blank\" rel=\"noopener\">Banca de heteroidentifica\u00e7\u00e3o<\/a><\/p>\n<p><a href=\"http:\/\/www2.unifap.br\/ppgeo-binacional\/files\/2023\/11\/Resultado-Heteroidentificacao.pdf\" target=\"_blank\" rel=\"noopener\">Resultado Heteroidentifica\u00e7\u00e3o<\/a><\/p>\n<p><a href=\"http:\/\/www2.unifap.br\/ppgeo-binacional\/files\/2023\/11\/Resultado-Final-1.pdf\" target=\"_blank\" rel=\"noopener\">Resultado Final (p\u00f3s heteroidentifica\u00e7\u00e3o)<\/a><\/p>\n<p><a href=\"http:\/\/www2.unifap.br\/ppgeo-binacional\/files\/2023\/11\/Convocacao-para-matricula.pdf\" target=\"_blank\" rel=\"noopener\">Convoca\u00e7\u00e3o para matr\u00edcula<\/a><\/p>\n<p><a href=\"http:\/\/www2.unifap.br\/ppgeo-binacional\/files\/2024\/01\/Quardo-de-orientacoes.pdf\" target=\"_blank\" rel=\"noopener\">Quadro de orienta\u00e7\u00f5es<\/a><\/p>\n<p>&nbsp;<\/p>\n<p><strong>PROCESSO SELETIVO 2017<\/strong><\/p>\n<p><a href=\"http:\/\/www2.unifap.br\/ppgeo-binacional\/files\/2023\/07\/EDITAL_ESPECIALIZACAO_GeoBin_FINAL.pdf\" target=\"_blank\" rel=\"noopener\">Edital<\/a><\/p>\n<p><a href=\"http:\/\/www2.unifap.br\/ppgeo-binacional\/files\/2023\/07\/Errata_EDITAL_ESPECIALIZACAO_GeoBin_FINAL.pdf\" target=\"_blank\" rel=\"noopener\">Errata do edital<\/a><\/p>\n<p><a href=\"http:\/\/www2.unifap.br\/ppgeo-binacional\/files\/2023\/07\/Prorrogacao-de-Prazo2_Edital-01-2017.pdf\" target=\"_blank\" rel=\"noopener\">Prorroga\u00e7\u00e3o de prazo<\/a><\/p>\n<p><a href=\"http:\/\/www2.unifap.br\/ppgeo-binacional\/files\/2023\/07\/HOMOLOGACAO-2.pdf\" target=\"_blank\" rel=\"noopener\">Homologa\u00e7\u00e3o das inscri\u00e7\u00f5es<\/a><\/p>\n<p><a href=\"http:\/\/www2.unifap.br\/ppgeo-binacional\/files\/2023\/07\/Orientacao-Especializacao.pdf\" target=\"_blank\" rel=\"noopener\">Rela\u00e7\u00e3o de orienta\u00e7\u00f5es<\/a><\/p>\n","protected":false},"excerpt":{"rendered":"<p>PROCESSO SELETIVO 2023 Edital Inscri\u00e7\u00e3o (encerradas) Homologa\u00e7\u00e3o das inscri\u00e7\u00f5es Resultado da an\u00e1lise do memorial acad\u00eamico Resultado da an\u00e1lise curricular Resultado Preliminar Resultado Final Banca de heteroidentifica\u00e7\u00e3o Resultado Heteroidentifica\u00e7\u00e3o Resultado Final (p\u00f3s heteroidentifica\u00e7\u00e3o) Convoca\u00e7\u00e3o para matr\u00edcula Quadro de orienta\u00e7\u00f5es &nbsp; PROCESSO SELETIVO 2017 Edital Errata do edital Prorroga\u00e7\u00e3o de prazo Homologa\u00e7\u00e3o&#8230; <a class=\"continue-reading-link\" href=\"https:\/\/www2.unifap.br\/ppgeo-binacional\/processo-seletivo\/\"> Continue reading <span class=\"meta-nav\">&rarr; <\/span><\/a><\/p>\n","protected":false},"author":764,"featured_media":0,"parent":0,"menu_order":0,"comment_status":"closed","ping_status":"closed","template":"","meta":{"inline_featured_image":false,"footnotes":""},"class_list":["post-16","page","type-page","status-publish","hentry"],"_links":{"self":[{"href":"https:\/\/www2.unifap.br\/ppgeo-binacional\/wp-json\/wp\/v2\/pages\/16","targetHints":{"allow":["GET"]}}],"collection":[{"href":"https:\/\/www2.unifap.br\/ppgeo-binacional\/wp-json\/wp\/v2\/pages"}],"about":[{"href":"https:\/\/www2.unifap.br\/ppgeo-binacional\/wp-json\/wp\/v2\/types\/page"}],"author":[{"embeddable":true,"href":"https:\/\/www2.unifap.br\/ppgeo-binacional\/wp-json\/wp\/v2\/users\/764"}],"replies":[{"embeddable":true,"href":"https:\/\/www2.unifap.br\/ppgeo-binacional\/wp-json\/wp\/v2\/comments?post=16"}],"version-history":[{"count":19,"href":"https:\/\/www2.unifap.br\/ppgeo-binacional\/wp-json\/wp\/v2\/pages\/16\/revisions"}],"predecessor-version":[{"id":140,"href":"https:\/\/www2.unifap.br\/ppgeo-binacional\/wp-json\/wp\/v2\/pages\/16\/revisions\/140"}],"wp:attachment":[{"href":"https:\/\/www2.unifap.br\/ppgeo-binacional\/wp-json\/wp\/v2\/media?parent=16"}],"curies":[{"name":"wp","href":"https:\/\/api.w.org\/{rel}","templated":true}]}}