{"id":18,"date":"2023-07-12T14:48:35","date_gmt":"2023-07-12T17:48:35","guid":{"rendered":"https:\/\/www2.unifap.br\/ppgeo-binacional\/?page_id=18"},"modified":"2023-07-13T12:01:08","modified_gmt":"2023-07-13T15:01:08","slug":"publicacoes","status":"publish","type":"page","link":"https:\/\/www2.unifap.br\/ppgeo-binacional\/publicacoes\/","title":{"rendered":"Publica\u00e7\u00f5es"},"content":{"rendered":"<p><strong>TRABALHOS DE CONCLUS\u00c3O DE CURSO<\/strong><\/p>\n<p><a href=\"https:\/\/drive.google.com\/drive\/folders\/1bTBZth9i2dBrEI3Upy3CBd8xG8VSG0nx?usp=sharing\" target=\"_blank\" rel=\"noopener noreferrer\">Acervo de TCCs<\/a><\/p>\n<p><strong>LIVRO<\/strong><\/p>\n<p><a href=\"http:\/\/www2.unifap.br\/ppgeo-binacional\/files\/2023\/07\/Livro-relacoes-socioespaciais.pdf\" target=\"_blank\" rel=\"noopener\">RELA\u00c7\u00d5ES SOCIOESPACIAIS: UM OLHAR GEOGR\u00c1FICO SOBRE O AMAP\u00c1<\/a><\/p>\n","protected":false},"excerpt":{"rendered":"<p>TRABALHOS DE CONCLUS\u00c3O DE CURSO Acervo de TCCs LIVRO RELA\u00c7\u00d5ES SOCIOESPACIAIS: UM OLHAR GEOGR\u00c1FICO SOBRE O AMAP\u00c1<\/p>\n","protected":false},"author":764,"featured_media":0,"parent":0,"menu_order":0,"comment_status":"closed","ping_status":"closed","template":"","meta":{"inline_featured_image":false,"footnotes":""},"class_list":["post-18","page","type-page","status-publish","hentry"],"_links":{"self":[{"href":"https:\/\/www2.unifap.br\/ppgeo-binacional\/wp-json\/wp\/v2\/pages\/18","targetHints":{"allow":["GET"]}}],"collection":[{"href":"https:\/\/www2.unifap.br\/ppgeo-binacional\/wp-json\/wp\/v2\/pages"}],"about":[{"href":"https:\/\/www2.unifap.br\/ppgeo-binacional\/wp-json\/wp\/v2\/types\/page"}],"author":[{"embeddable":true,"href":"https:\/\/www2.unifap.br\/ppgeo-binacional\/wp-json\/wp\/v2\/users\/764"}],"replies":[{"embeddable":true,"href":"https:\/\/www2.unifap.br\/ppgeo-binacional\/wp-json\/wp\/v2\/comments?post=18"}],"version-history":[{"count":4,"href":"https:\/\/www2.unifap.br\/ppgeo-binacional\/wp-json\/wp\/v2\/pages\/18\/revisions"}],"predecessor-version":[{"id":61,"href":"https:\/\/www2.unifap.br\/ppgeo-binacional\/wp-json\/wp\/v2\/pages\/18\/revisions\/61"}],"wp:attachment":[{"href":"https:\/\/www2.unifap.br\/ppgeo-binacional\/wp-json\/wp\/v2\/media?parent=18"}],"curies":[{"name":"wp","href":"https:\/\/api.w.org\/{rel}","templated":true}]}}