{"id":9,"date":"2023-07-12T14:46:44","date_gmt":"2023-07-12T17:46:44","guid":{"rendered":"https:\/\/www2.unifap.br\/ppgeo-binacional\/?page_id=9"},"modified":"2023-07-13T11:32:00","modified_gmt":"2023-07-13T14:32:00","slug":"docentes","status":"publish","type":"page","link":"https:\/\/www2.unifap.br\/ppgeo-binacional\/docentes\/","title":{"rendered":"Corpo Docente"},"content":{"rendered":"<h2>Adriano Michel Helfenstein<\/h2>\n<p>Titula\u00e7\u00e3o: Doutorado<\/p>\n<p>\u00c1rea de Atua\u00e7\u00e3o: Geografia Humana<\/p>\n<p>Curr\u00edculo Lattes: <a href=\"http:\/\/lattes.cnpq.br\/5458945886320355\">http:\/\/lattes.cnpq.br\/5458945886320355<\/a><\/p>\n<p>E-mail: adriano.helfenstein@unifap.br<\/p>\n<p>_____________________________________________________________________<\/p>\n<h2>Alexandre Luiz Rauber<\/h2>\n<p>Titula\u00e7\u00e3o: Doutorado<\/p>\n<p>\u00c1rea de Atua\u00e7\u00e3o: Cartografia\/Geoprocessamento<\/p>\n<p>Curr\u00edculo Lattes:\u00a0<a href=\"http:\/\/lattes.cnpq.br\/1063621313011291\" target=\"_blank\" rel=\"noopener noreferrer\">http:\/\/lattes.cnpq.br\/1063621313011291<\/a><\/p>\n<p>E-mail: rauber@unifap.br<\/p>\n<p>_______________________________________________________________________<\/p>\n<h2>Ana Fl\u00e1via de Albuquerque<\/h2>\n<p>Titula\u00e7\u00e3o: Doutorado<\/p>\n<p>\u00c1rea de Atua\u00e7\u00e3o: Geografia F\u00edsica e Ensino<\/p>\n<p>Curr\u00edculo Lattes: <a href=\"http:\/\/lattes.cnpq.br\/4265361730420616\">http:\/\/lattes.cnpq.br\/4265361730420616<\/a><\/p>\n<p>E-mail: anflal26@unifap.br<\/p>\n<p>_________________________________________________________________<\/p>\n<h2>Edenilson Dutra de Moura<\/h2>\n<p>Titula\u00e7\u00e3o: Doutorado<\/p>\n<p>\u00c1rea de Atua\u00e7\u00e3o: Geografia Humana<\/p>\n<p>Curr\u00edculo Lattes: <a href=\"http:\/\/lattes.cnpq.br\/7986145052182974\" target=\"_blank\" rel=\"noopener noreferrer\">http:\/\/lattes.cnpq.br\/7986145052182974<\/a><\/p>\n<p>E-mail: edenilson.moura@unifap.br<\/p>\n<p>_______________________________________________________________________<\/p>\n<h2>Eduardo Margarit Alfena do Carmo<\/h2>\n<p>Titula\u00e7\u00e3o: Doutorado<\/p>\n<p>\u00c1rea de Atua\u00e7\u00e3o: Geografia Humana<\/p>\n<p>Curr\u00edculo Lattes:<a href=\"http:\/\/lattes.cnpq.br\/9106331944059097\" target=\"_blank\" rel=\"noopener noreferrer\"> http:\/\/lattes.cnpq.br\/9106331944059097<\/a><\/p>\n<p>E-mail: eduardo.margarit@unifap.br<\/p>\n<p>_______________________________________________________________________<\/p>\n<h2>Evilania Bento da Cunha<\/h2>\n<p>Titula\u00e7\u00e3o: Doutorado<\/p>\n<p>\u00c1rea de Atua\u00e7\u00e3o: Geografia Humana<\/p>\n<p>Curr\u00edculo Lattes:<a href=\"http:\/\/lattes.cnpq.br\/0733572676250382\" target=\"_blank\" rel=\"noopener noreferrer\"> http:\/\/lattes.cnpq.br\/9106331944059097<\/a><\/p>\n<p>E-mail: evilania@unifap.br<\/p>\n<p>_______________________________________________________________________<\/p>\n<h2>Francisco Ot\u00e1vio Landim Neto<\/h2>\n<p>Titula\u00e7\u00e3o: Doutorado<\/p>\n<p>\u00c1rea de Atua\u00e7\u00e3o: Geografia F\u00edsica<\/p>\n<p>Curr\u00edculo Lattes: <a href=\"http:\/\/lattes.cnpq.br\/2968047889590061\" target=\"_blank\" rel=\"noopener noreferrer\">http:\/\/lattes.cnpq.br\/2968047889590061<\/a><\/p>\n<p>E-mail: otaviolandim@unifap.br<\/p>\n<p>________________________________________________________________________________<\/p>\n<h2>Jos\u00e9 Mauro Palhares<\/h2>\n<p>Titula\u00e7\u00e3o: Doutorado<\/p>\n<p>\u00c1rea de Atua\u00e7\u00e3o: Geografia F\u00edsica<\/p>\n<p>Curr\u00edculo Lattes: <a href=\"http:\/\/lattes.cnpq.br\/8262131787816202\" target=\"_blank\" rel=\"noopener noreferrer\">http:\/\/lattes.cnpq.br\/8262131787816202<\/a><\/p>\n<p>E-mail: palhares@unifap.br<\/p>\n<p>________________________________________________________________________________<\/p>\n<h2>S\u00e2mella Patricia Lima Paungartten<\/h2>\n<p>Titula\u00e7\u00e3o: Doutorado<\/p>\n<p>\u00c1rea de Atua\u00e7\u00e3o: Geografia F\u00edsica<\/p>\n<p>Curr\u00edculo Lattes: <a href=\"http:\/\/lattes.cnpq.br\/5285834743227363\" target=\"_blank\" rel=\"noopener noreferrer\">http:\/\/lattes.cnpq.br\/5285834743227363<\/a><\/p>\n<p>E-mail: samella.lima@unifap.br<\/p>\n<p>_______________________________________________________________________<\/p>\n<h2>Solange Rodrigues da Silva<\/h2>\n<p>Titula\u00e7\u00e3o: Doutorado<\/p>\n<p>\u00c1rea de Atua\u00e7\u00e3o: Ensino de Geografia<\/p>\n<p>Curr\u00edculo Lattes: <a href=\"http:\/\/lattes.cnpq.br\/6332395999705998\" target=\"_blank\" rel=\"noopener noreferrer\">http:\/\/lattes.cnpq.br\/5285834743227363<\/a><\/p>\n<p>E-mail: solangerodrigues@unifap.br<\/p>\n<p>_______________________________________________________________________<\/p>\n<h2>U\u00e9dio Robds Leite da Silva<\/h2>\n<p>Titula\u00e7\u00e3o: Mestrado<\/p>\n<p>\u00c1rea de Atua\u00e7\u00e3o: Geografia Humana<\/p>\n<p>Curr\u00edculo Lattes: <a href=\"http:\/\/lattes.cnpq.br\/4037594489373080\" target=\"_blank\" rel=\"noopener noreferrer\">http:\/\/lattes.cnpq.br\/4037594489373080<\/a><\/p>\n<p>E-mail: uediorobds@unifap.br<\/p>\n","protected":false},"excerpt":{"rendered":"<p>Adriano Michel Helfenstein Titula\u00e7\u00e3o: Doutorado \u00c1rea de Atua\u00e7\u00e3o: Geografia Humana Curr\u00edculo Lattes: http:\/\/lattes.cnpq.br\/5458945886320355 E-mail: adriano.helfenstein@unifap.br _____________________________________________________________________ Alexandre Luiz Rauber Titula\u00e7\u00e3o: Doutorado \u00c1rea de Atua\u00e7\u00e3o: Cartografia\/Geoprocessamento Curr\u00edculo Lattes:\u00a0http:\/\/lattes.cnpq.br\/1063621313011291 E-mail: rauber@unifap.br _______________________________________________________________________ Ana Fl\u00e1via de Albuquerque Titula\u00e7\u00e3o: Doutorado \u00c1rea de Atua\u00e7\u00e3o: Geografia F\u00edsica e Ensino Curr\u00edculo Lattes: http:\/\/lattes.cnpq.br\/4265361730420616 E-mail: anflal26@unifap.br _________________________________________________________________ Edenilson&#8230; <a class=\"continue-reading-link\" href=\"https:\/\/www2.unifap.br\/ppgeo-binacional\/docentes\/\"> Continue reading <span class=\"meta-nav\">&rarr; <\/span><\/a><\/p>\n","protected":false},"author":764,"featured_media":0,"parent":0,"menu_order":0,"comment_status":"closed","ping_status":"closed","template":"","meta":{"inline_featured_image":false,"footnotes":""},"class_list":["post-9","page","type-page","status-publish","hentry"],"_links":{"self":[{"href":"https:\/\/www2.unifap.br\/ppgeo-binacional\/wp-json\/wp\/v2\/pages\/9","targetHints":{"allow":["GET"]}}],"collection":[{"href":"https:\/\/www2.unifap.br\/ppgeo-binacional\/wp-json\/wp\/v2\/pages"}],"about":[{"href":"https:\/\/www2.unifap.br\/ppgeo-binacional\/wp-json\/wp\/v2\/types\/page"}],"author":[{"embeddable":true,"href":"https:\/\/www2.unifap.br\/ppgeo-binacional\/wp-json\/wp\/v2\/users\/764"}],"replies":[{"embeddable":true,"href":"https:\/\/www2.unifap.br\/ppgeo-binacional\/wp-json\/wp\/v2\/comments?post=9"}],"version-history":[{"count":8,"href":"https:\/\/www2.unifap.br\/ppgeo-binacional\/wp-json\/wp\/v2\/pages\/9\/revisions"}],"predecessor-version":[{"id":51,"href":"https:\/\/www2.unifap.br\/ppgeo-binacional\/wp-json\/wp\/v2\/pages\/9\/revisions\/51"}],"wp:attachment":[{"href":"https:\/\/www2.unifap.br\/ppgeo-binacional\/wp-json\/wp\/v2\/media?parent=9"}],"curies":[{"name":"wp","href":"https:\/\/api.w.org\/{rel}","templated":true}]}}