{"id":2,"date":"2018-10-24T18:04:52","date_gmt":"2018-10-24T18:04:52","guid":{"rendered":"http:\/\/www2.unifap.br\/ppgeo\/?page_id=2"},"modified":"2024-06-22T12:57:48","modified_gmt":"2024-06-22T12:57:48","slug":"linhas-de-pesquisas","status":"publish","type":"page","link":"https:\/\/www2.unifap.br\/ppgeo\/linhas-de-pesquisas\/","title":{"rendered":"PESQUISA"},"content":{"rendered":"<p>Linha 1 \u2013 Paisagem e din\u00e2micas ambientais: trata do planejamento, gerenciamento e gest\u00e3o das transforma\u00e7\u00f5es decorrentes do uso e ocupa\u00e7\u00e3o dos diversos cen\u00e1rios que comp\u00f5em o ambiente amaz\u00f4nico; inter-rela\u00e7\u00f5es din\u00e2micas dos fatores, processos e vari\u00e1veis f\u00edsicas da paisagem e seus agentes sociais modeladores, considerando as diferentes unidades de an\u00e1lise e escalas de abordagens geogr\u00e1ficas; reconhecimento das potencialidades, diversidade e fragilidades do patrim\u00f4nio natural e de sua relev\u00e2ncia no planejamento da qualidade de vida da sociedade amaz\u00f4nica; aplica\u00e7\u00f5es das ferramentas geotecnol\u00f3gicas nos processos de gest\u00e3o, monitoramento e ordenamento dos espa\u00e7os nos estudos geogr\u00e1ficos.<\/p>\n<p>Linha 2 \u2013 Sociedade e din\u00e2micas territoriais: trata do planejamento e gest\u00e3o do territ\u00f3rio nos ambientes continental, costeiro e estuarino amaz\u00f4nico, observando a diversidade das rela\u00e7\u00f5es entre comunidades (tradicionais ou n\u00e3o) e suas territorialidades; an\u00e1lise das territorialidades urbano e rural e suas rela\u00e7\u00f5es com os desenvolvimentos social e econ\u00f4mico e como estas modificam os recursos ambientais e socioculturais da Amaz\u00f4nia; transforma\u00e7\u00f5es territoriais produzidas pela sociedade a partir da execu\u00e7\u00e3o de pol\u00edticas p\u00fablicas e projetos de desenvolvimento e suas rela\u00e7\u00f5es com os novos movimentos socioterritoriais e a intensifica\u00e7\u00e3o dos conflitos socioambientais.<\/p>\n<p><strong>RELA\u00c7\u00c3O DOS DOCENTES POR LINHA E TEM\u00c1TICAS DE PESQUISA<\/strong><\/p>\n<h3><strong>Linha 1- Paisagem e Din\u00e2micas Ambientais<\/strong><\/h3>\n<p><strong><a href=\"http:\/\/lattes.cnpq.br\/1063621313011291\">Alexandre Luiz Rauber<\/a><\/strong><br \/>\nDFCH\/PPGEO\/UNIFAP Dr. UFG<br \/>\n1.Mudan\u00e7as de uso da terra e cobertura vegetal; 2. Impactos socioambientais nas unidades de paisagem;<br \/>\n3. Recursos h\u00eddricos e an\u00e1lise de bacias hidrogr\u00e1ficas; 4. Transforma\u00e7\u00f5es socioespaciais e ambientais no cerrado e\/ou floresta amapaense; 5. Geotecnologias e ensino de Geografia 6. Etnocartografia.<\/p>\n<p><a href=\"http:\/\/lattes.cnpq.br\/1290031462581422\"><strong>Ant\u00f4nio Jos\u00e9 Teixeira Guerra&nbsp;<\/strong><\/a><br \/>\nIG\/UFRJ Dr. University of London<br \/>\n1.Geomorfologia Ambiental, 2. Eros\u00e3o dos Solos, 3. Geoturismo, Geodiversidade e Geoconserva\u00e7\u00e3o.<\/p>\n<p><strong><a href=\"http:\/\/lattes.cnpq.br\/2118698974326312\">Celina Marques do Esp\u00edrito Santo<\/a><\/strong><br \/>\nDFCH\/PPGEO\/UNIFAP Dr. UFRJ<br \/>\n1.Geodiversidade, geoconserva\u00e7\u00e3o, geoturismo e patrim\u00f4nio geomorfol\u00f3gico; 2. Riscos geomorfol\u00f3gicos e hidroclim\u00e1ticos em ambientes continentais, fluviais e costeiros; 3. Ensino de Geografia f\u00edsica e geoeduca\u00e7\u00e3o.<\/p>\n<p><a href=\"http:\/\/lattes.cnpq.br\/2968047889590061\"><strong>Francisco Ot\u00e1vio Landim Neto<\/strong><\/a><br \/>\nDFCH\/PPGEO\/UNIFAP Dr. UFC<br \/>\n1. Planejamento Ambiental em Bacias Hidrogr\u00e1ficas; 2. An\u00e1lise Integrada da Paisagem; 3. Educa\u00e7\u00e3o Ambiental e Sustentabilidade; 4. Cartografia Social.<\/p>\n<p><a href=\"http:\/\/lattes.cnpq.br\/8649194960811864\"><strong>Genival Fernandes Rocha<\/strong><\/a><br \/>\nDFCH\/PPGEO\/UNIFAP Dr. UFG<br \/>\n1.Geotecnologia aplicada ao planejamento ambiental; 2. Geografia e cartografia Digital; 3. Din\u00e2micas Ambientais no Cerrado Amapaense; 4. Novas tecnologias e ensino de Geografia.<\/p>\n<p><a href=\"http:\/\/lattes.cnpq.br\/8262131787816202\"><strong>Jose Mauro Palhares<\/strong><\/a><br \/>\nDFCH\/PPGEO\/UNIFAP Dr. UFPR 1.<br \/>\nGeomorfologia urbana e fluvial; 2. Climatologia, com enfase em riscos ambientais; 3. Din\u00e2mica fluvial e Bacias Hidrogr\u00e1ficas; 4.Geoconserva\u00e7\u00e3o, Geodiversidade e Geoturismo; 5.Mudan\u00e7as Clim\u00e1ticas e Quest\u00f5es Ambientais.<\/p>\n<p><strong><a href=\"http:\/\/lattes.cnpq.br\/3519828997646865\">Jucilene Amorim Costa<\/a> <\/strong><br \/>\nDFCH\/PPGEO\/UNIFAP DR. IG-UFPA<br \/>\n1. Geoarqueologia e Geoindicadores (solo e cer\u00e2mica); 2. Geografia aplicada aos estudos Ambientais; 3. Eros\u00e3o de solos; 4. Geografia e Ensino.<\/p>\n<p><strong><a href=\"http:\/\/lattes.cnpq.br\/2646376025820931\">Orleno Marques da Silva J\u00fanior<\/a><\/strong><br \/>\nIEPA\/GEA Dr. UFRJ<br \/>\n1.Geotecnologias e Meio Ambiente; 2. Gest\u00e3o de \u00c1reas Protegidas; 3. Riscos e Monitoramento Ambiental; 4. Gerenciamento Costeiro; 5. Ordenamento Territorial<\/p>\n<p><strong><a href=\"http:\/\/lattes.cnpq.br\/4033627255770272\">Valter Gama de Avelar<\/a> <\/strong><br \/>\nDFCH\/PPGEO\/UNIFAP Dr. IG-UFPA<br \/>\n1.Geoci\u00eancias, com \u00eanfase em geologia e geomorfologia geral e aplicada (\u00e1reas de risco); 2.Geodiversidade, geoconserva\u00e7\u00e3o, geoturismo; 3.Educa\u00e7\u00e3o ambiental.<\/p>\n<p>&nbsp;<\/p>\n<h3><strong>Linha 2- Sociedade e Din\u00e2micas Territoriais<\/strong><\/h3>\n<p><a href=\"http:\/\/lattes.cnpq.br\/8253405830178022\"><strong>Daguinete Maria Chaves Brito<\/strong><\/a><br \/>\nDFCH\/PPGEO\/UNIFAP Dr. UFPA<br \/>\n1.\u00c1reas Protegidas; 2.An\u00e1lise socioambiental; 3.Gest\u00e3o do Territ\u00f3rio; 3. Ensino de geografia da Amaz\u00f4nia; 4. Educa\u00e7\u00e3o Ambiental.<\/p>\n<p><strong><a href=\"http:\/\/lattes.cnpq.br\/1684449537684902\">Eliane Aparecida Cabral da Silva<\/a><\/strong><br \/>\nDFCH\/PPGEO\/UNIFAP Dr. UNICAMP<br \/>\n1.Cidade e urbaniza\u00e7\u00e3o na Amaz\u00f4nia; 2. Ensino de Geografia; 3. Ensino de Geografia e cidade; 4. Ensino de Geografia e Educa\u00e7\u00e3o do Campo; 5. Cartografias decoloniais e participativas aplicadas \u00e1 Educa\u00e7\u00e3o Geogr\u00e1fica.<\/p>\n<p><a href=\"http:\/\/lattes.cnpq.br\/1488799927233998\"><strong>Emmanuel Raimundo Costa Santos<\/strong><\/a><br \/>\nDFCH\/PPGEO\/UNIFAP Dr. UNESP<br \/>\n1.Forma\u00e7\u00e3o socioespacial Amaz\u00f4nico e Amapaense; 2.Circula\u00e7\u00e3o, transporte e ordenamento territorial; 3. Din\u00e2mica regional e regionaliza\u00e7\u00e3o; 4 &#8211; Cidade e o urbano na Amaz\u00f4nia; 5 &#8211; Geografia Hist\u00f3rica.<\/p>\n<p><a href=\"http:\/\/lattes.cnpq.br\/3157020880091095\"><strong>Jodival Maur\u00edcio da Costa<\/strong><\/a><br \/>\nDCET\/PPGEO\/UNIFAP Dr.USP<br \/>\n1.Ecologia Pol\u00edtica; 2.Percep\u00e7\u00e3o e adapta\u00e7\u00e3o \u00e0s mudan\u00e7as clim\u00e1ticas; 3.Sustentabilidade, trabalho e cadeia de valor; 4.Geografia Pol\u00edtica e meio ambiente nas rela\u00e7\u00f5es internacionais; 5.Redes, territ\u00f3rio e sociedade; 6. Estudos de fronteira.<\/p>\n<p><a href=\"http:\/\/lattes.cnpq.br\/6601553612923007\"><strong>Jos\u00e9 Francisco Carvalho Ferreira<\/strong><\/a><br \/>\nDFCH\/PPGEO\/UNIFAP Dr. FCSH- Portugal<br \/>\n1.Planejamento urbano sustent\u00e1vel; 2. Ordenamento do territ\u00f3rio; 3.Desenvolvimento sustent\u00e1vel e Avalia\u00e7\u00e3o da sustentabilidade;4. Direito \u00e0 cidade; 5.Geografia da pobreza e da exclus\u00e3o; 6. Geografia do turismo; 7. Ensino da Geografia.<\/p>\n<p><a href=\"http:\/\/lattes.cnpq.br\/8368656524963047\"><strong>Patr\u00edcia Rocha Chaves<\/strong><\/a><br \/>\nDFCH\/PPGEO\/UNIFAP Dr. USP<br \/>\n1.Geografia agr\u00e1ria e quest\u00e3o agr\u00e1ria; 2.Conflitos no campo e movimentos socioterritoriais; 3. Agricultura camponesa, mulheres camponesas e a luta pela terra e territ\u00f3rio; 4. Geografia e educa\u00e7\u00e3o camponesa.<\/p>\n<p><a href=\"http:\/\/lattes.cnpq.br\/1993748824383678\"><strong>Ricardo \u00c2ngelo Pereira Lima<\/strong><\/a><br \/>\nDFCH\/PPGEO\/UNIFAP Dr. Universit\u00e9 de Toulouse II<br \/>\n1 Din\u00e2micas Territoriais no Amap\u00e1 (Pesca artesanal, agricultura familiar e grandes empreendimentos); 2. Pol\u00edticas P\u00fablicas e Gest\u00e3o do Territ\u00f3rio (redes, infraestrutura e log\u00edstica); 3.Desenvolvimento Territorial (rural, local e regional).<\/p>\n<p><a href=\"http:\/\/lattes.cnpq.br\/4103894790255993\"><strong>Roni Mayer Lomba<\/strong><\/a><br \/>\nDFCH\/PPGEO\/UNIFAP Dr. USP<br \/>\n1.Geografia agr\u00e1ria e movimentos socioterritoriais; 2. Assentamentos da reforma agr\u00e1ria e pol\u00edticas p\u00fablicas para agricultura; 3. Pol\u00edticas de desenvolvimento regional no Amap\u00e1 e na Amaz\u00f4nia; 4. Geografia e educa\u00e7\u00e3o do campo.<\/p>\n<p><strong><a href=\"http:\/\/lattes.cnpq.br\/9007837016438352\">Rosana Torrinha Silva de Farias<\/a><\/strong><br \/>\nDFGCH\/PPGEO\/UNIFAP Dr. UFG<br \/>\n1. Modo de vida ribeirinha; 2. Territ\u00f3rio e territorialidade ribeirinha; 3. Educa\u00e7\u00e3o e ensino de geografia; 4. Educa\u00e7\u00e3o Ambiental.<\/p>\n","protected":false},"excerpt":{"rendered":"<p>Linha 1 \u2013 Paisagem e din\u00e2micas ambientais: trata do planejamento, gerenciamento e gest\u00e3o das transforma\u00e7\u00f5es decorrentes do uso e ocupa\u00e7\u00e3o dos diversos cen\u00e1rios que comp\u00f5em o ambiente amaz\u00f4nico; inter-rela\u00e7\u00f5es din\u00e2micas dos fatores, processos e vari\u00e1veis f\u00edsicas da paisagem e seus&hellip; <\/p>\n<p><a href=\"https:\/\/www2.unifap.br\/ppgeo\/linhas-de-pesquisas\/\" class=\"readmore-button\">Continue Reading<\/a><\/p>\n","protected":false},"author":926,"featured_media":0,"parent":0,"menu_order":4,"comment_status":"open","ping_status":"open","template":"","meta":{"inline_featured_image":false,"ngg_post_thumbnail":0,"footnotes":""},"class_list":["post-2","page","type-page","status-publish","hentry"],"_links":{"self":[{"href":"https:\/\/www2.unifap.br\/ppgeo\/wp-json\/wp\/v2\/pages\/2","targetHints":{"allow":["GET"]}}],"collection":[{"href":"https:\/\/www2.unifap.br\/ppgeo\/wp-json\/wp\/v2\/pages"}],"about":[{"href":"https:\/\/www2.unifap.br\/ppgeo\/wp-json\/wp\/v2\/types\/page"}],"author":[{"embeddable":true,"href":"https:\/\/www2.unifap.br\/ppgeo\/wp-json\/wp\/v2\/users\/926"}],"replies":[{"embeddable":true,"href":"https:\/\/www2.unifap.br\/ppgeo\/wp-json\/wp\/v2\/comments?post=2"}],"version-history":[{"count":10,"href":"https:\/\/www2.unifap.br\/ppgeo\/wp-json\/wp\/v2\/pages\/2\/revisions"}],"predecessor-version":[{"id":1146,"href":"https:\/\/www2.unifap.br\/ppgeo\/wp-json\/wp\/v2\/pages\/2\/revisions\/1146"}],"wp:attachment":[{"href":"https:\/\/www2.unifap.br\/ppgeo\/wp-json\/wp\/v2\/media?parent=2"}],"curies":[{"name":"wp","href":"https:\/\/api.w.org\/{rel}","templated":true}]}}