{"id":84,"date":"2020-02-10T18:40:20","date_gmt":"2020-02-10T18:40:20","guid":{"rendered":"http:\/\/www2.unifap.br\/ppgeo\/?page_id=84"},"modified":"2025-01-28T15:07:27","modified_gmt":"2025-01-28T15:07:27","slug":"programa","status":"publish","type":"page","link":"https:\/\/www2.unifap.br\/ppgeo\/programa\/","title":{"rendered":"PROGRAMA"},"content":{"rendered":"<p>Coordena\u00e7\u00e3o: Prof. Dr. Alexandre Luiz Rauber E-mail: ppgeo@unifap.br ou rauber@unifap.br<\/p>\n<p>Vice-Coordena\u00e7\u00e3o: Prof. Dr. Roni Mayer Lomba E-mail: roni@unifap.br<\/p>\n","protected":false},"excerpt":{"rendered":"<p>Coordena\u00e7\u00e3o: Prof. Dr. Alexandre Luiz Rauber E-mail: ppgeo@unifap.br ou rauber@unifap.br Vice-Coordena\u00e7\u00e3o: Prof. Dr. Roni Mayer Lomba E-mail: roni@unifap.br<\/p>\n","protected":false},"author":3347,"featured_media":0,"parent":0,"menu_order":1,"comment_status":"closed","ping_status":"closed","template":"","meta":{"inline_featured_image":false,"ngg_post_thumbnail":0,"footnotes":""},"class_list":["post-84","page","type-page","status-publish","hentry"],"_links":{"self":[{"href":"https:\/\/www2.unifap.br\/ppgeo\/wp-json\/wp\/v2\/pages\/84","targetHints":{"allow":["GET"]}}],"collection":[{"href":"https:\/\/www2.unifap.br\/ppgeo\/wp-json\/wp\/v2\/pages"}],"about":[{"href":"https:\/\/www2.unifap.br\/ppgeo\/wp-json\/wp\/v2\/types\/page"}],"author":[{"embeddable":true,"href":"https:\/\/www2.unifap.br\/ppgeo\/wp-json\/wp\/v2\/users\/3347"}],"replies":[{"embeddable":true,"href":"https:\/\/www2.unifap.br\/ppgeo\/wp-json\/wp\/v2\/comments?post=84"}],"version-history":[{"count":4,"href":"https:\/\/www2.unifap.br\/ppgeo\/wp-json\/wp\/v2\/pages\/84\/revisions"}],"predecessor-version":[{"id":1125,"href":"https:\/\/www2.unifap.br\/ppgeo\/wp-json\/wp\/v2\/pages\/84\/revisions\/1125"}],"wp:attachment":[{"href":"https:\/\/www2.unifap.br\/ppgeo\/wp-json\/wp\/v2\/media?parent=84"}],"curies":[{"name":"wp","href":"https:\/\/api.w.org\/{rel}","templated":true}]}}