{"id":97,"date":"2020-02-10T18:46:56","date_gmt":"2020-02-10T18:46:56","guid":{"rendered":"http:\/\/www2.unifap.br\/ppgeo\/?page_id=97"},"modified":"2022-07-08T14:12:39","modified_gmt":"2022-07-08T14:12:39","slug":"formularios","status":"publish","type":"page","link":"https:\/\/www2.unifap.br\/ppgeo\/formularios\/","title":{"rendered":"FORMUL\u00c1RIOS"},"content":{"rendered":"<p><strong>Baixar arquivos word (Firefox ou internet Explorer)<\/strong><\/p>\n<p><strong><a href=\"http:\/\/www2.unifap.br\/ppgeo\/files\/2021\/08\/RELAT\u00d3RIO-DE-EST\u00c1GIO-DE-DOC\u00caNCIA-MESTRADO-EM-DESENVOLVIMENTO-REGIONAL.docx\">RELAT\u00d3RIO-DE-EST\u00c1GIO-DE-DOC\u00caNCIA.docx<\/a><\/strong><\/p>\n<p><strong><a href=\"http:\/\/www2.unifap.br\/ppgeo\/files\/2020\/12\/PPGEO-HOMOLOGAC\u0327A\u0303O-DE-BANCA-DE-QUALIFICAC\u0327A\u0303O.docx\">HOMOLOGAC\u0327A\u0303O-DE-BANCA-DE-QUALIFICAC\u0327A\u0303O.<\/a><a href=\"http:\/\/www2.unifap.br\/ppgeo\/files\/2021\/08\/RELAT\u00d3RIO-DE-EST\u00c1GIO-DE-DOC\u00caNCIA-MESTRADO-EM-DESENVOLVIMENTO-REGIONAL.docx\">docx<\/a><\/strong><\/p>\n<p><strong><a href=\"http:\/\/www2.unifap.br\/ppgeo\/files\/2022\/01\/Prorrogac\u0327a\u0303o-de-Prazo-PPGEO.docx\">Prorrogac\u0327a\u0303o de Prazo PPGEO.docx<\/a><\/strong><\/p>\n<p><strong><a href=\"http:\/\/www2.unifap.br\/ppgeo\/files\/2020\/12\/PARECER_QUALIFICAC\u0327A\u0303O_PPGEO.docx\">PARECER_QUALIFICAC\u0327A\u0303O_PPGEO.docx<\/a><\/strong><\/p>\n<p><strong><a href=\"http:\/\/www2.unifap.br\/ppgeo\/files\/2021\/08\/SOLICITA\u00c7\u00c3O-DE-EST\u00c1GIO-DE-DOC\u00caNCIA-E-PLANO-DE-TRABALHO_PPGEO_UNIFAP-1.docx\">SOLICITA\u00c7\u00c3O-DE-EST\u00c1GIO-DE-DOC\u00caNCIA-E-PLANO-DE-TRABALHO_PPGEO_UNIFAP.<\/a><a href=\"http:\/\/www2.unifap.br\/ppgeo\/files\/2021\/08\/RELAT\u00d3RIO-DE-EST\u00c1GIO-DE-DOC\u00caNCIA-MESTRADO-EM-DESENVOLVIMENTO-REGIONAL.docx\">docx<\/a><\/strong><\/p>\n<p><strong><a href=\"http:\/\/www2.unifap.br\/ppgeo\/files\/2021\/08\/RELAT\u00d3RIO-DE-EST\u00c1GIO-DE-DOC\u00caNCIA-MESTRADO-EM-GEOGRAFIA-PPGEO_UNIFAP.docx\">RELAT\u00d3RIO-DE-EST\u00c1GIO-DE-DOC\u00caNCIA-MESTRADO-EM-GEOGRAFIA-PPGEO_UNIFAP.<\/a><a href=\"http:\/\/www2.unifap.br\/ppgeo\/files\/2021\/08\/RELAT\u00d3RIO-DE-EST\u00c1GIO-DE-DOC\u00caNCIA-MESTRADO-EM-DESENVOLVIMENTO-REGIONAL.docx\">docx<\/a><\/strong><\/p>\n<p><strong><a href=\"http:\/\/www2.unifap.br\/ppgeo\/files\/2022\/07\/Termo-de-Compromisso_PPGEO-UNIFAP.docx\">Termo de Compromisso_PPGEO-UNIFAP.docx<\/a><\/strong><\/p>\n<p><strong><a href=\"http:\/\/www2.unifap.br\/ppgeo\/files\/2022\/07\/Termo-de-Compromisso_PPGEO-UNIFAP.pdf\">Termo de Compromisso_PPGEO-UNIFAP.pdf<\/a><\/strong><\/p>\n<p><strong><a href=\"http:\/\/www2.unifap.br\/ppgeo\/files\/2022\/07\/PARECER-DEFESA-PPGEO.doc\">PARECER DEFESA PPGEO.doc<\/a><\/strong><\/p>\n<p><strong><a href=\"http:\/\/www2.unifap.br\/ppgeo\/files\/2022\/07\/PARECER-DEFESA-PPGEO.pdf\">PARECER DEFESA PPGEO.pdf<\/a><\/strong><\/p>\n<p><strong><a href=\"http:\/\/www2.unifap.br\/ppgeo\/files\/2022\/07\/ATA-DE-DEFESA-DE-MESTRADO-PPGEO.doc\">ATA DE DEFESA DE MESTRADO PPGEO.doc<\/a><\/strong><\/p>\n<p><strong><a href=\"http:\/\/www2.unifap.br\/ppgeo\/files\/2022\/07\/ATA-DE-DEFESA-DE-MESTRADO-PPGEO.pdf\">ATA DE DEFESA DE MESTRADO PPGEO.pdf<\/a><\/strong><\/p>\n","protected":false},"excerpt":{"rendered":"<p>Baixar arquivos word (Firefox ou internet Explorer) RELAT\u00d3RIO-DE-EST\u00c1GIO-DE-DOC\u00caNCIA.docx HOMOLOGAC\u0327A\u0303O-DE-BANCA-DE-QUALIFICAC\u0327A\u0303O.docx Prorrogac\u0327a\u0303o de Prazo PPGEO.docx PARECER_QUALIFICAC\u0327A\u0303O_PPGEO.docx SOLICITA\u00c7\u00c3O-DE-EST\u00c1GIO-DE-DOC\u00caNCIA-E-PLANO-DE-TRABALHO_PPGEO_UNIFAP.docx RELAT\u00d3RIO-DE-EST\u00c1GIO-DE-DOC\u00caNCIA-MESTRADO-EM-GEOGRAFIA-PPGEO_UNIFAP.docx Termo de Compromisso_PPGEO-UNIFAP.docx Termo de Compromisso_PPGEO-UNIFAP.pdf PARECER DEFESA PPGEO.doc PARECER DEFESA PPGEO.pdf ATA DE DEFESA DE MESTRADO PPGEO.doc ATA DE DEFESA DE MESTRADO PPGEO.pdf<\/p>\n","protected":false},"author":3347,"featured_media":0,"parent":0,"menu_order":10,"comment_status":"closed","ping_status":"closed","template":"","meta":{"inline_featured_image":false,"ngg_post_thumbnail":0,"footnotes":""},"class_list":["post-97","page","type-page","status-publish","hentry"],"_links":{"self":[{"href":"https:\/\/www2.unifap.br\/ppgeo\/wp-json\/wp\/v2\/pages\/97","targetHints":{"allow":["GET"]}}],"collection":[{"href":"https:\/\/www2.unifap.br\/ppgeo\/wp-json\/wp\/v2\/pages"}],"about":[{"href":"https:\/\/www2.unifap.br\/ppgeo\/wp-json\/wp\/v2\/types\/page"}],"author":[{"embeddable":true,"href":"https:\/\/www2.unifap.br\/ppgeo\/wp-json\/wp\/v2\/users\/3347"}],"replies":[{"embeddable":true,"href":"https:\/\/www2.unifap.br\/ppgeo\/wp-json\/wp\/v2\/comments?post=97"}],"version-history":[{"count":21,"href":"https:\/\/www2.unifap.br\/ppgeo\/wp-json\/wp\/v2\/pages\/97\/revisions"}],"predecessor-version":[{"id":786,"href":"https:\/\/www2.unifap.br\/ppgeo\/wp-json\/wp\/v2\/pages\/97\/revisions\/786"}],"wp:attachment":[{"href":"https:\/\/www2.unifap.br\/ppgeo\/wp-json\/wp\/v2\/media?parent=97"}],"curies":[{"name":"wp","href":"https:\/\/api.w.org\/{rel}","templated":true}]}}