{"id":152,"date":"2019-07-18T12:25:46","date_gmt":"2019-07-18T12:25:46","guid":{"rendered":"http:\/\/www2.unifap.br\/ppgh\/?page_id=152"},"modified":"2026-01-27T20:41:23","modified_gmt":"2026-01-27T20:41:23","slug":"ofertas-de-disciplinas","status":"publish","type":"page","link":"https:\/\/www2.unifap.br\/ppgh\/discentes\/ofertas-de-disciplinas\/","title":{"rendered":"Ofertas de Disciplinas"},"content":{"rendered":"\t\t<div data-elementor-type=\"wp-page\" data-elementor-id=\"152\" class=\"elementor elementor-152\">\n\t\t\t\t\t\t<section class=\"elementor-section elementor-top-section elementor-element elementor-element-42036ae elementor-section-boxed elementor-section-height-default elementor-section-height-default\" data-id=\"42036ae\" data-element_type=\"section\" data-e-type=\"section\" data-settings=\"{&quot;background_background&quot;:&quot;classic&quot;}\">\n\t\t\t\t\t\t\t<div class=\"elementor-background-overlay\"><\/div>\n\t\t\t\t\t\t\t<div class=\"elementor-container elementor-column-gap-default\">\n\t\t\t\t\t<div class=\"elementor-column elementor-col-100 elementor-top-column elementor-element elementor-element-15981ae\" data-id=\"15981ae\" data-element_type=\"column\" data-e-type=\"column\">\n\t\t\t<div class=\"elementor-widget-wrap elementor-element-populated\">\n\t\t\t\t\t\t<div class=\"elementor-element elementor-element-6745386 elementor-widget elementor-widget-page-title\" data-id=\"6745386\" data-element_type=\"widget\" data-e-type=\"widget\" data-widget_type=\"page-title.default\">\n\t\t\t\t<div class=\"elementor-widget-container\">\n\t\t\t\t\t\t\t\n\t\t<div class=\"hfe-page-title hfe-page-title-wrapper elementor-widget-heading\">\n\n\t\t\t\t\t\t\t\t<h2 class=\"elementor-heading-title elementor-size-default\">\n\t\t\t\t\t\t\t\t\n\t\t\t\tOfertas de Disciplinas  \n\t\t\t<\/h2 > \n\t\t\t\t\t<\/div>\n\t\t\t\t\t\t<\/div>\n\t\t\t\t<\/div>\n\t\t\t\t<div class=\"elementor-element elementor-element-2fe558b elementor-widget__width-inherit elementor-widget-divider--view-line elementor-widget elementor-widget-divider\" data-id=\"2fe558b\" data-element_type=\"widget\" data-e-type=\"widget\" data-widget_type=\"divider.default\">\n\t\t\t\t<div class=\"elementor-widget-container\">\n\t\t\t\t\t\t\t<div class=\"elementor-divider\">\n\t\t\t<span class=\"elementor-divider-separator\">\n\t\t\t\t\t\t<\/span>\n\t\t<\/div>\n\t\t\t\t\t\t<\/div>\n\t\t\t\t<\/div>\n\t\t\t\t<div class=\"elementor-element elementor-element-f2d46f7 elementor-widget elementor-widget-accordion\" data-id=\"f2d46f7\" data-element_type=\"widget\" data-e-type=\"widget\" data-widget_type=\"accordion.default\">\n\t\t\t\t<div class=\"elementor-widget-container\">\n\t\t\t\t\t\t\t<div class=\"elementor-accordion\">\n\t\t\t\t\t\t\t<div class=\"elementor-accordion-item\">\n\t\t\t\t\t<div id=\"elementor-tab-title-2541\" class=\"elementor-tab-title\" data-tab=\"1\" role=\"button\" aria-controls=\"elementor-tab-content-2541\" aria-expanded=\"false\">\n\t\t\t\t\t\t\t\t\t\t\t\t\t<span class=\"elementor-accordion-icon elementor-accordion-icon-left\" aria-hidden=\"true\">\n\t\t\t\t\t\t\t\t\t\t\t\t\t\t\t<span class=\"elementor-accordion-icon-closed\"><i class=\"fas fa-plus\"><\/i><\/span>\n\t\t\t\t\t\t\t\t<span class=\"elementor-accordion-icon-opened\"><i class=\"fas fa-minus\"><\/i><\/span>\n\t\t\t\t\t\t\t\t\t\t\t\t\t\t<\/span>\n\t\t\t\t\t\t\t\t\t\t\t\t<a class=\"elementor-accordion-title\" tabindex=\"0\">Disciplinas 2025.1<\/a>\n\t\t\t\t\t<\/div>\n\t\t\t\t\t<div id=\"elementor-tab-content-2541\" class=\"elementor-tab-content elementor-clearfix\" data-tab=\"1\" role=\"region\" aria-labelledby=\"elementor-tab-title-2541\"><ul><li data-start=\"184\" data-end=\"333\"><p data-start=\"186\" data-end=\"333\">Teoria e Metodologia da Hist\u00f3ria (90h) (0B) \u2013 <strong>Dra<\/strong>. <strong data-start=\"250\" data-end=\"276\">J\u00falia Morrenat Barbosa<\/strong> e <strong>Dra.<\/strong> <strong data-start=\"279\" data-end=\"302\">Maura Leal da Silva<\/strong> (quinta-feira, de 14h \u00e0s 18h).<\/p><\/li><li data-start=\"335\" data-end=\"515\"><p data-start=\"337\" data-end=\"515\">Semin\u00e1rio de Linha de Pesquisa em Hist\u00f3ria Social do Trabalho (90h) (0B) \u2013 <strong>Dr.\u00a0Sidney da Silva Lobato<\/strong> e <strong>Dra.\u00a0Patr\u00edcia Rocha Chaves<\/strong> (quinta-feira, de 08h30 \u00e0s 12h).<\/p><\/li><li data-start=\"517\" data-end=\"690\"><p data-start=\"519\" data-end=\"690\">Semin\u00e1rio de Linha de Pesquisa em Poder, Mem\u00f3rias e Representa\u00e7\u00f5es (90h) (0B) \u2013 <strong>Dra.\u00a0Fernanda<\/strong> e <strong>Dr.<\/strong>\u00a0<strong data-start=\"630\" data-end=\"657\">Marcos Vinicius Freitas<\/strong> (quinta-feira, de 08h30 \u00e0s 12h).<\/p><\/li><\/ul><\/div>\n\t\t\t\t<\/div>\n\t\t\t\t\t\t\t<div class=\"elementor-accordion-item\">\n\t\t\t\t\t<div id=\"elementor-tab-title-2542\" class=\"elementor-tab-title\" data-tab=\"2\" role=\"button\" aria-controls=\"elementor-tab-content-2542\" aria-expanded=\"false\">\n\t\t\t\t\t\t\t\t\t\t\t\t\t<span class=\"elementor-accordion-icon elementor-accordion-icon-left\" aria-hidden=\"true\">\n\t\t\t\t\t\t\t\t\t\t\t\t\t\t\t<span class=\"elementor-accordion-icon-closed\"><i class=\"fas fa-plus\"><\/i><\/span>\n\t\t\t\t\t\t\t\t<span class=\"elementor-accordion-icon-opened\"><i class=\"fas fa-minus\"><\/i><\/span>\n\t\t\t\t\t\t\t\t\t\t\t\t\t\t<\/span>\n\t\t\t\t\t\t\t\t\t\t\t\t<a class=\"elementor-accordion-title\" tabindex=\"0\">Disciplinas 2024.2<\/a>\n\t\t\t\t\t<\/div>\n\t\t\t\t\t<div id=\"elementor-tab-content-2542\" class=\"elementor-tab-content elementor-clearfix\" data-tab=\"2\" role=\"region\" aria-labelledby=\"elementor-tab-title-2542\"><ul><li style=\"list-style-type: none\"><ul><li>Mem\u00f3rias, culturas pol\u00edticas e usos do passado (60h) &#8211; <strong>Dr.<\/strong>\u00a0<strong>Alexandre Guilherme da Cruz Alves Junior<\/strong><strong>\u00a0<\/strong>(ter\u00e7a-feira \u00e0 noite, de 18h \u00e0s 22:30h., na Sala 01 do Bloco da P\u00f3s-Gradua\u00e7\u00e3o).<\/li><\/ul><\/li><\/ul><ul><li style=\"list-style-type: none\"><ul><li>T\u00f3picos Especiais em Hist\u00f3ria Social I (60h) &#8211; <strong>Dra. Leticia Barriga, Dra. Carina Almeida e Dr. Sidney Lobato<\/strong><strong>\u00a0<\/strong>(ter\u00e7a-feira de manh\u00e3, de 8h \u00e0s 12h, na Sala 02 do Bloco da P\u00f3s-Gradua\u00e7\u00e3o).<\/li><\/ul><\/li><\/ul><\/div>\n\t\t\t\t<\/div>\n\t\t\t\t\t\t\t<div class=\"elementor-accordion-item\">\n\t\t\t\t\t<div id=\"elementor-tab-title-2543\" class=\"elementor-tab-title\" data-tab=\"3\" role=\"button\" aria-controls=\"elementor-tab-content-2543\" aria-expanded=\"false\">\n\t\t\t\t\t\t\t\t\t\t\t\t\t<span class=\"elementor-accordion-icon elementor-accordion-icon-left\" aria-hidden=\"true\">\n\t\t\t\t\t\t\t\t\t\t\t\t\t\t\t<span class=\"elementor-accordion-icon-closed\"><i class=\"fas fa-plus\"><\/i><\/span>\n\t\t\t\t\t\t\t\t<span class=\"elementor-accordion-icon-opened\"><i class=\"fas fa-minus\"><\/i><\/span>\n\t\t\t\t\t\t\t\t\t\t\t\t\t\t<\/span>\n\t\t\t\t\t\t\t\t\t\t\t\t<a class=\"elementor-accordion-title\" tabindex=\"0\">Disciplinas 2024.1<\/a>\n\t\t\t\t\t<\/div>\n\t\t\t\t\t<div id=\"elementor-tab-content-2543\" class=\"elementor-tab-content elementor-clearfix\" data-tab=\"3\" role=\"region\" aria-labelledby=\"elementor-tab-title-2543\"><ul><li style=\"list-style-type: none\"><ul><li>Teoria e Metodologia da Hist\u00f3ria (90h)- <strong>Prof. Dr. Paulo Marcelo Costa<\/strong>\u00a0e <strong>Prof. Dr. Alexandre Cruz <\/strong>(ter\u00e7a-feira \u00e0 noite, de 18:30h \u00e0s 22:30h., na Sala 02 do Bloco da P\u00f3s-Gradua\u00e7\u00e3o).<\/li><\/ul><\/li><\/ul><ul><li style=\"list-style-type: none\"><ul><li>Semin\u00e1rio da Linha Poder, Mem\u00f3rias e Representa\u00e7\u00f5es (90h) &#8211; <strong>Profa. Dra. Fernanda dos Santos <\/strong>e <strong>Profa. Dra. Carina Almeida <\/strong>(ter\u00e7a-feira \u00e0 tarde, de 14h \u00e0s 18h, na Sala 02 do Bloco da P\u00f3s-Gradua\u00e7\u00e3o).<\/li><li>Semin\u00e1rio da Linha Hist\u00f3ria Social do Trabalho (90h) &#8211; <strong>Prof. Dr. Sidney Lobato<\/strong><strong>\u00a0<\/strong>(quinta-feira de manh\u00e3, de 8h \u00e0s 12h, na Sala 02 do Bloco da P\u00f3s-Gradua\u00e7\u00e3o).<\/li><\/ul><\/li><\/ul><\/div>\n\t\t\t\t<\/div>\n\t\t\t\t\t\t\t<div class=\"elementor-accordion-item\">\n\t\t\t\t\t<div id=\"elementor-tab-title-2544\" class=\"elementor-tab-title\" data-tab=\"4\" role=\"button\" aria-controls=\"elementor-tab-content-2544\" aria-expanded=\"false\">\n\t\t\t\t\t\t\t\t\t\t\t\t\t<span class=\"elementor-accordion-icon elementor-accordion-icon-left\" aria-hidden=\"true\">\n\t\t\t\t\t\t\t\t\t\t\t\t\t\t\t<span class=\"elementor-accordion-icon-closed\"><i class=\"fas fa-plus\"><\/i><\/span>\n\t\t\t\t\t\t\t\t<span class=\"elementor-accordion-icon-opened\"><i class=\"fas fa-minus\"><\/i><\/span>\n\t\t\t\t\t\t\t\t\t\t\t\t\t\t<\/span>\n\t\t\t\t\t\t\t\t\t\t\t\t<a class=\"elementor-accordion-title\" tabindex=\"0\">Disciplinas 2023.2<\/a>\n\t\t\t\t\t<\/div>\n\t\t\t\t\t<div id=\"elementor-tab-content-2544\" class=\"elementor-tab-content elementor-clearfix\" data-tab=\"4\" role=\"region\" aria-labelledby=\"elementor-tab-title-2544\"><ul><li style=\"list-style-type: none\"><ul><li>T\u00f3picos Especiais em Hist\u00f3ria Social I (60h)- <strong>Profa. Dra. Patr\u00edcia Chaves<\/strong> e <strong>Profa. Dra. Lara Vanessa de Castro\u00a0<\/strong>(quinta-feira de manh\u00e3, de 8h \u00e0s 11h., na Sala 02 do Bloco da P\u00f3s-Gradua\u00e7\u00e3o).<\/li><\/ul><\/li><\/ul><ul><li style=\"list-style-type: none\"><ul><li>Mem\u00f3rias, culturas pol\u00edticas e usos do passado (60h) &#8211; <strong>Profa. Dra. Maura Leal da Silva <\/strong>(sexta-feira de manh\u00e3, de 8h \u00e0s 11h, na Sala 02 do Bloco da P\u00f3s-Gradua\u00e7\u00e3o).<\/li><\/ul><\/li><\/ul><\/div>\n\t\t\t\t<\/div>\n\t\t\t\t\t\t\t<div class=\"elementor-accordion-item\">\n\t\t\t\t\t<div id=\"elementor-tab-title-2545\" class=\"elementor-tab-title\" data-tab=\"5\" role=\"button\" aria-controls=\"elementor-tab-content-2545\" aria-expanded=\"false\">\n\t\t\t\t\t\t\t\t\t\t\t\t\t<span class=\"elementor-accordion-icon elementor-accordion-icon-left\" aria-hidden=\"true\">\n\t\t\t\t\t\t\t\t\t\t\t\t\t\t\t<span class=\"elementor-accordion-icon-closed\"><i class=\"fas fa-plus\"><\/i><\/span>\n\t\t\t\t\t\t\t\t<span class=\"elementor-accordion-icon-opened\"><i class=\"fas fa-minus\"><\/i><\/span>\n\t\t\t\t\t\t\t\t\t\t\t\t\t\t<\/span>\n\t\t\t\t\t\t\t\t\t\t\t\t<a class=\"elementor-accordion-title\" tabindex=\"0\">Disciplinas 2023.1<\/a>\n\t\t\t\t\t<\/div>\n\t\t\t\t\t<div id=\"elementor-tab-content-2545\" class=\"elementor-tab-content elementor-clearfix\" data-tab=\"5\" role=\"region\" aria-labelledby=\"elementor-tab-title-2545\"><ul><li style=\"list-style-type: none\"><ul><li>Semin\u00e1rio de Linha de Pesquisa Hist\u00f3ria Social do Trabalho (90h.)-<strong>Prof. Dr. Paulo Marcelo Cambraia e Prof. Dr. Roni Mayer Lomba <\/strong>(ter\u00e7a-feira de manh\u00e3, 8h \u00e0s 12h).<\/li><\/ul><\/li><\/ul><p>\u00a0<\/p><ul><li style=\"list-style-type: none\"><ul><li>Semin\u00e1rio de Linha de Pesquisa Poder, Mem\u00f3rias e<br \/>Representa\u00e7\u00f5es (90h.) &#8211; <strong>Profa. Dra. Cecilia Maria Chaves Brito Bastos e Prof. Dr. Marcos Vinicius de Freitas Reis <\/strong>(sexta-feira de manh\u00e3, 8h \u00e0s 12h).<\/li><\/ul><\/li><\/ul><p>\u00a0<\/p><ul><li>Teoria e Metodologia da Hist\u00f3ria (90h.) &#8211; <strong style=\"font-size: 16px\">Prof. Dr. Sidney Lobato e Prof. Dr. Alexandre Guilherme da Cruz Alves J\u00fanior (<\/strong><span style=\"font-size: 16px\">quarta-feira, 8h \u00e0s 12h).<\/span><\/li><\/ul><\/div>\n\t\t\t\t<\/div>\n\t\t\t\t\t\t\t<div class=\"elementor-accordion-item\">\n\t\t\t\t\t<div id=\"elementor-tab-title-2546\" class=\"elementor-tab-title\" data-tab=\"6\" role=\"button\" aria-controls=\"elementor-tab-content-2546\" aria-expanded=\"false\">\n\t\t\t\t\t\t\t\t\t\t\t\t\t<span class=\"elementor-accordion-icon elementor-accordion-icon-left\" aria-hidden=\"true\">\n\t\t\t\t\t\t\t\t\t\t\t\t\t\t\t<span class=\"elementor-accordion-icon-closed\"><i class=\"fas fa-plus\"><\/i><\/span>\n\t\t\t\t\t\t\t\t<span class=\"elementor-accordion-icon-opened\"><i class=\"fas fa-minus\"><\/i><\/span>\n\t\t\t\t\t\t\t\t\t\t\t\t\t\t<\/span>\n\t\t\t\t\t\t\t\t\t\t\t\t<a class=\"elementor-accordion-title\" tabindex=\"0\">Disciplinas 2022.1<\/a>\n\t\t\t\t\t<\/div>\n\t\t\t\t\t<div id=\"elementor-tab-content-2546\" class=\"elementor-tab-content elementor-clearfix\" data-tab=\"6\" role=\"region\" aria-labelledby=\"elementor-tab-title-2546\"><ul><li>Teoria e Metodologia da Hist\u00f3ria (90h) \u2013 <strong>Dr. <\/strong><strong>Paulo Cambraia <\/strong>e<strong> Dr. Alexandre Guilherme da Cruz Alves Junior <\/strong>(ter\u00e7a-feira \u00e0 noite)<\/li><\/ul><ul><li>Semin\u00e1rio de Linha de Pesquisa em Hist\u00f3ria Social (90h) \u2013<strong> Dr. Adalberto Paz <\/strong>e <strong>Dr. Sidney Lobato <\/strong>(quinta-feira \u00e0 tarde)<\/li><\/ul><ul><li>Semin\u00e1rio de Linha de Pesquisa em Poder, Mem\u00f3rias e Representa\u00e7\u00f5es (90h) \u2013 <strong>Dr. Marcos Vin\u00edcius de Freitas Reis <\/strong>e <strong>Dra. <\/strong><strong>Fernanda Cristina da Encarna\u00e7\u00e3o dos Santos<\/strong> (quinta-feira de manh\u00e3)<\/li><\/ul><\/div>\n\t\t\t\t<\/div>\n\t\t\t\t\t\t\t<div class=\"elementor-accordion-item\">\n\t\t\t\t\t<div id=\"elementor-tab-title-2547\" class=\"elementor-tab-title\" data-tab=\"7\" role=\"button\" aria-controls=\"elementor-tab-content-2547\" aria-expanded=\"false\">\n\t\t\t\t\t\t\t\t\t\t\t\t\t<span class=\"elementor-accordion-icon elementor-accordion-icon-left\" aria-hidden=\"true\">\n\t\t\t\t\t\t\t\t\t\t\t\t\t\t\t<span class=\"elementor-accordion-icon-closed\"><i class=\"fas fa-plus\"><\/i><\/span>\n\t\t\t\t\t\t\t\t<span class=\"elementor-accordion-icon-opened\"><i class=\"fas fa-minus\"><\/i><\/span>\n\t\t\t\t\t\t\t\t\t\t\t\t\t\t<\/span>\n\t\t\t\t\t\t\t\t\t\t\t\t<a class=\"elementor-accordion-title\" tabindex=\"0\">Disciplinas 2021.2<\/a>\n\t\t\t\t\t<\/div>\n\t\t\t\t\t<div id=\"elementor-tab-content-2547\" class=\"elementor-tab-content elementor-clearfix\" data-tab=\"7\" role=\"region\" aria-labelledby=\"elementor-tab-title-2547\"><ul><li>Mem\u00f3rias, culturas pol\u00edticas e usos do passado (60h) \u2013 <strong>Dr. Fabricio Ant\u00f4nio Antunes Soares e Dr. Andrius Estevan Noronha<\/strong> (quinta-feira \u00e0 tarde)<\/li><\/ul><\/div>\n\t\t\t\t<\/div>\n\t\t\t\t\t\t\t<div class=\"elementor-accordion-item\">\n\t\t\t\t\t<div id=\"elementor-tab-title-2548\" class=\"elementor-tab-title\" data-tab=\"8\" role=\"button\" aria-controls=\"elementor-tab-content-2548\" aria-expanded=\"false\">\n\t\t\t\t\t\t\t\t\t\t\t\t\t<span class=\"elementor-accordion-icon elementor-accordion-icon-left\" aria-hidden=\"true\">\n\t\t\t\t\t\t\t\t\t\t\t\t\t\t\t<span class=\"elementor-accordion-icon-closed\"><i class=\"fas fa-plus\"><\/i><\/span>\n\t\t\t\t\t\t\t\t<span class=\"elementor-accordion-icon-opened\"><i class=\"fas fa-minus\"><\/i><\/span>\n\t\t\t\t\t\t\t\t\t\t\t\t\t\t<\/span>\n\t\t\t\t\t\t\t\t\t\t\t\t<a class=\"elementor-accordion-title\" tabindex=\"0\">Disciplinas 2021.1<\/a>\n\t\t\t\t\t<\/div>\n\t\t\t\t\t<div id=\"elementor-tab-content-2548\" class=\"elementor-tab-content elementor-clearfix\" data-tab=\"8\" role=\"region\" aria-labelledby=\"elementor-tab-title-2548\"><ul><li>T\u00f3picos Especiais em Hist\u00f3ria Social II (60h) \u2013 <strong>Dr. Marcos Vin\u00edcius de<\/strong><br \/><strong>Freitas Reis<\/strong> (quinta-feira de manh\u00e3)<\/li><\/ul><ul><li>Trabalho, Ambiente e Sociabilidades Amaz\u00f4nicas (60h) \u2013 <strong>Dr. Paulo<\/strong><br \/><strong>Cambraia e Dr. Sidney Lobato<\/strong> (quarta-feira \u00e0 tarde)<\/li><\/ul><\/div>\n\t\t\t\t<\/div>\n\t\t\t\t\t\t\t<div class=\"elementor-accordion-item\">\n\t\t\t\t\t<div id=\"elementor-tab-title-2549\" class=\"elementor-tab-title\" data-tab=\"9\" role=\"button\" aria-controls=\"elementor-tab-content-2549\" aria-expanded=\"false\">\n\t\t\t\t\t\t\t\t\t\t\t\t\t<span class=\"elementor-accordion-icon elementor-accordion-icon-left\" aria-hidden=\"true\">\n\t\t\t\t\t\t\t\t\t\t\t\t\t\t\t<span class=\"elementor-accordion-icon-closed\"><i class=\"fas fa-plus\"><\/i><\/span>\n\t\t\t\t\t\t\t\t<span class=\"elementor-accordion-icon-opened\"><i class=\"fas fa-minus\"><\/i><\/span>\n\t\t\t\t\t\t\t\t\t\t\t\t\t\t<\/span>\n\t\t\t\t\t\t\t\t\t\t\t\t<a class=\"elementor-accordion-title\" tabindex=\"0\">Disciplinas 2020.2<\/a>\n\t\t\t\t\t<\/div>\n\t\t\t\t\t<div id=\"elementor-tab-content-2549\" class=\"elementor-tab-content elementor-clearfix\" data-tab=\"9\" role=\"region\" aria-labelledby=\"elementor-tab-title-2549\"><ul><li>Identidades, Pluralismo Religioso e Laicidade na Hist\u00f3ria (60h) \u2013 <strong>Dra.<\/strong><br \/><strong>Fernanda Cristina da Encarna\u00e7\u00e3o dos Santos<\/strong><\/li><\/ul><ul><li>T\u00f3picos Especiais em Hist\u00f3ria Social I (60h) \u2013 <strong>Dr. C\u00e9sar Augusto Bulbolz<\/strong><br \/><strong>Queir\u00f3s<\/strong><\/li><\/ul><ul><li>Teoria e Metodologia da Hist\u00f3ria (90h) \u2013 <strong>Dra. Lara de Castro e Dr.<\/strong><br \/><strong>Adalberto Paz<\/strong><\/li><\/ul><\/div>\n\t\t\t\t<\/div>\n\t\t\t\t\t\t\t\t<\/div>\n\t\t\t\t\t\t<\/div>\n\t\t\t\t<\/div>\n\t\t\t\t\t<\/div>\n\t\t<\/div>\n\t\t\t\t\t<\/div>\n\t\t<\/section>\n\t\t\t\t<\/div>\n\t\t","protected":false},"excerpt":{"rendered":"<p>Ofertas de Disciplinas Disciplinas 2025.1 Teoria e Metodologia da Hist\u00f3ria (90h) (0B) \u2013 Dra. J\u00falia Morrenat Barbosa e Dra. Maura Leal da Silva (quinta-feira, de 14h \u00e0s 18h). Semin\u00e1rio de Linha de Pesquisa em Hist\u00f3ria Social do Trabalho (90h) (0B) \u2013 Dr.\u00a0Sidney da Silva Lobato e Dra.\u00a0Patr\u00edcia Rocha Chaves (quinta-feira, de 08h30 \u00e0s 12h). Semin\u00e1rio&#8230;<\/p>\n","protected":false},"author":2541,"featured_media":0,"parent":2448,"menu_order":0,"comment_status":"closed","ping_status":"closed","template":"","meta":{"inline_featured_image":false,"site-sidebar-layout":"default","site-content-layout":"","ast-site-content-layout":"full-width-container","site-content-style":"default","site-sidebar-style":"default","ast-global-header-display":"","ast-banner-title-visibility":"","ast-main-header-display":"","ast-hfb-above-header-display":"","ast-hfb-below-header-display":"","ast-hfb-mobile-header-display":"","site-post-title":"","ast-breadcrumbs-content":"","ast-featured-img":"","footer-sml-layout":"","theme-transparent-header-meta":"default","adv-header-id-meta":"","stick-header-meta":"","header-above-stick-meta":"","header-main-stick-meta":"","header-below-stick-meta":"","astra-migrate-meta-layouts":"set","ast-page-background-enabled":"default","ast-page-background-meta":{"desktop":{"background-color":"var(--ast-global-color-4)","background-image":"","background-repeat":"repeat","background-position":"center center","background-size":"auto","background-attachment":"scroll","background-type":"","background-media":"","overlay-type":"","overlay-color":"","overlay-opacity":"","overlay-gradient":""},"tablet":{"background-color":"","background-image":"","background-repeat":"repeat","background-position":"center center","background-size":"auto","background-attachment":"scroll","background-type":"","background-media":"","overlay-type":"","overlay-color":"","overlay-opacity":"","overlay-gradient":""},"mobile":{"background-color":"","background-image":"","background-repeat":"repeat","background-position":"center center","background-size":"auto","background-attachment":"scroll","background-type":"","background-media":"","overlay-type":"","overlay-color":"","overlay-opacity":"","overlay-gradient":""}},"ast-content-background-meta":{"desktop":{"background-color":"var(--ast-global-color-5)","background-image":"","background-repeat":"repeat","background-position":"center center","background-size":"auto","background-attachment":"scroll","background-type":"","background-media":"","overlay-type":"","overlay-color":"","overlay-opacity":"","overlay-gradient":""},"tablet":{"background-color":"var(--ast-global-color-5)","background-image":"","background-repeat":"repeat","background-position":"center center","background-size":"auto","background-attachment":"scroll","background-type":"","background-media":"","overlay-type":"","overlay-color":"","overlay-opacity":"","overlay-gradient":""},"mobile":{"background-color":"var(--ast-global-color-5)","background-image":"","background-repeat":"repeat","background-position":"center center","background-size":"auto","background-attachment":"scroll","background-type":"","background-media":"","overlay-type":"","overlay-color":"","overlay-opacity":"","overlay-gradient":""}},"ngg_post_thumbnail":0,"footnotes":""},"folder":[8],"class_list":["post-152","page","type-page","status-publish","hentry"],"_links":{"self":[{"href":"https:\/\/www2.unifap.br\/ppgh\/wp-json\/wp\/v2\/pages\/152","targetHints":{"allow":["GET"]}}],"collection":[{"href":"https:\/\/www2.unifap.br\/ppgh\/wp-json\/wp\/v2\/pages"}],"about":[{"href":"https:\/\/www2.unifap.br\/ppgh\/wp-json\/wp\/v2\/types\/page"}],"author":[{"embeddable":true,"href":"https:\/\/www2.unifap.br\/ppgh\/wp-json\/wp\/v2\/users\/2541"}],"replies":[{"embeddable":true,"href":"https:\/\/www2.unifap.br\/ppgh\/wp-json\/wp\/v2\/comments?post=152"}],"version-history":[{"count":62,"href":"https:\/\/www2.unifap.br\/ppgh\/wp-json\/wp\/v2\/pages\/152\/revisions"}],"predecessor-version":[{"id":4800,"href":"https:\/\/www2.unifap.br\/ppgh\/wp-json\/wp\/v2\/pages\/152\/revisions\/4800"}],"up":[{"embeddable":true,"href":"https:\/\/www2.unifap.br\/ppgh\/wp-json\/wp\/v2\/pages\/2448"}],"wp:attachment":[{"href":"https:\/\/www2.unifap.br\/ppgh\/wp-json\/wp\/v2\/media?parent=152"}],"wp:term":[{"taxonomy":"folder","embeddable":true,"href":"https:\/\/www2.unifap.br\/ppgh\/wp-json\/wp\/v2\/folder?post=152"}],"curies":[{"name":"wp","href":"https:\/\/api.w.org\/{rel}","templated":true}]}}