{"id":1889,"date":"2023-12-14T06:39:46","date_gmt":"2023-12-14T06:39:46","guid":{"rendered":"https:\/\/www2.unifap.br\/ppgh\/?page_id=1889"},"modified":"2023-12-21T21:24:10","modified_gmt":"2023-12-21T21:24:10","slug":"noticias","status":"publish","type":"page","link":"https:\/\/www2.unifap.br\/ppgh\/agenda\/noticias\/","title":{"rendered":"Not\u00edcias"},"content":{"rendered":"\t\t<div data-elementor-type=\"wp-page\" data-elementor-id=\"1889\" class=\"elementor elementor-1889\">\n\t\t\t\t\t\t<section class=\"elementor-section elementor-top-section elementor-element elementor-element-9b15581 elementor-section-boxed elementor-section-height-default elementor-section-height-default\" data-id=\"9b15581\" data-element_type=\"section\" data-e-type=\"section\" data-settings=\"{&quot;background_background&quot;:&quot;classic&quot;}\">\n\t\t\t\t\t\t\t<div class=\"elementor-background-overlay\"><\/div>\n\t\t\t\t\t\t\t<div class=\"elementor-container elementor-column-gap-default\">\n\t\t\t\t\t<div class=\"elementor-column elementor-col-100 elementor-top-column elementor-element elementor-element-473eef6\" data-id=\"473eef6\" data-element_type=\"column\" data-e-type=\"column\">\n\t\t\t<div class=\"elementor-widget-wrap elementor-element-populated\">\n\t\t\t\t\t\t<div class=\"elementor-element elementor-element-4968cd2 elementor-widget elementor-widget-heading\" data-id=\"4968cd2\" data-element_type=\"widget\" data-e-type=\"widget\" data-widget_type=\"heading.default\">\n\t\t\t\t<div class=\"elementor-widget-container\">\n\t\t\t\t\t<h2 class=\"elementor-heading-title elementor-size-default\">Not\u00edcias<\/h2>\t\t\t\t<\/div>\n\t\t\t\t<\/div>\n\t\t\t\t<div class=\"elementor-element elementor-element-de3e9da elementor-widget__width-inherit elementor-widget-divider--view-line elementor-widget elementor-widget-divider\" data-id=\"de3e9da\" data-element_type=\"widget\" data-e-type=\"widget\" data-widget_type=\"divider.default\">\n\t\t\t\t<div class=\"elementor-widget-container\">\n\t\t\t\t\t\t\t<div class=\"elementor-divider\">\n\t\t\t<span class=\"elementor-divider-separator\">\n\t\t\t\t\t\t<\/span>\n\t\t<\/div>\n\t\t\t\t\t\t<\/div>\n\t\t\t\t<\/div>\n\t\t\t\t<div class=\"elementor-element elementor-element-59a0619 elementor-widget elementor-widget-eael-post-timeline\" data-id=\"59a0619\" data-element_type=\"widget\" data-e-type=\"widget\" data-widget_type=\"eael-post-timeline.default\">\n\t\t\t\t<div class=\"elementor-widget-container\">\n\t\t\t\t\t<div id=\"eael-post-timeline-59a0619\" class=\"eael-post-timeline timeline-layout-card eael-post-timeline-arrow-top\">\n            <div class=\"eael-post-timeline eael-post-appender eael-post-appender-59a0619\"><article class=\"eael-timeline-post\">\n    <div class=\"eael-timeline-bullet\"><\/div>\n    <div class=\"eael-timeline-post-inner\">\n        <a class=\"eael-timeline-post-link\" href=\"https:\/\/www2.unifap.br\/ppgh\/resultado-final-da-avaliacao-das-candidaturas-docentes-permanentes\/\" title=\"RESULTADO FINAL DA AVALIA\u00c7\u00c3O DAS CANDIDATURAS &#8211; CREDENCIAMENTO DOCENTE 2026\">\n            <time datetime=\"31 de mar\u00e7o de 2026\">31 de mar\u00e7o de 2026<\/time>\n            <div class=\"eael-timeline-content\"><div class=\"eael-timeline-post-title\">\n\t\t                    <h5 class=\"eael-timeline-post-title-text\">RESULTADO FINAL DA AVALIA\u00c7\u00c3O DAS CANDIDATURAS &#8211; CREDENCIAMENTO DOCENTE 2026<\/h5>\n\t\t                <\/div><div class=\"eael-timeline-post-excerpt\"><p>A Coordena\u00e7\u00e3o do Programa de P\u00f3s-Gradua\u00e7\u00e3o em Hist\u00f3ria da Universidade Federal do Amap\u00e1 (PPGH\/Unifap) torna p\u00fablico o resultado final da avalia\u00e7\u00e3o das candidaturas apresentadas \u00e0...<\/p><\/div><\/div><\/a>\n    <\/div>\n    <div class=\"eael-timeline-clear\"><\/div>\n<\/article><article class=\"eael-timeline-post\">\n    <div class=\"eael-timeline-bullet\"><\/div>\n    <div class=\"eael-timeline-post-inner\">\n        <a class=\"eael-timeline-post-link\" href=\"https:\/\/www2.unifap.br\/ppgh\/resultado-provisorio-da-avaliacao-das-candidaturas-credenciamento-docente-2026\/\" title=\"RESULTADO PROVIS\u00d3RIO DA AVALIA\u00c7\u00c3O DAS CANDIDATURAS &#8211; CREDENCIAMENTO DOCENTE 2026\">\n            <time datetime=\"28 de mar\u00e7o de 2026\">28 de mar\u00e7o de 2026<\/time>\n            <div class=\"eael-timeline-content\"><div class=\"eael-timeline-post-title\">\n\t\t                    <h5 class=\"eael-timeline-post-title-text\">RESULTADO PROVIS\u00d3RIO DA AVALIA\u00c7\u00c3O DAS CANDIDATURAS &#8211; CREDENCIAMENTO DOCENTE 2026<\/h5>\n\t\t                <\/div><div class=\"eael-timeline-post-excerpt\"><p>A Coordena\u00e7\u00e3o do Programa de P\u00f3s-Gradua\u00e7\u00e3o em Hist\u00f3ria da Universidade Federal do Amap\u00e1 (PPGH\/Unifap) torna p\u00fablico o resultado provis\u00f3rio da avalia\u00e7\u00e3o das candidaturas apresentadas \u00e0...<\/p><\/div><\/div><\/a>\n    <\/div>\n    <div class=\"eael-timeline-clear\"><\/div>\n<\/article><article class=\"eael-timeline-post\">\n    <div class=\"eael-timeline-bullet\"><\/div>\n    <div class=\"eael-timeline-post-inner\">\n        <a class=\"eael-timeline-post-link\" href=\"https:\/\/www2.unifap.br\/ppgh\/ii-coloquio-de-discentes-do-ppgh-unifap-edital-de-submissao-de-resumos-simples-e-trabalhos-completos\/\" title=\"II COL\u00d3QUIO DE DISCENTES DO PPGH\/UNIFAP &#8211; EDITAL DE SUBMISS\u00c3O DE RESUMOS SIMPLES E TRABALHOS COMPLETOS\">\n            <time datetime=\"18 de mar\u00e7o de 2026\">18 de mar\u00e7o de 2026<\/time>\n            <div class=\"eael-timeline-content\"><div class=\"eael-timeline-post-title\">\n\t\t                    <h5 class=\"eael-timeline-post-title-text\">II COL\u00d3QUIO DE DISCENTES DO PPGH\/UNIFAP &#8211; EDITAL DE SUBMISS\u00c3O DE RESUMOS SIMPLES E TRABALHOS COMPLETOS<\/h5>\n\t\t                <\/div><div class=\"eael-timeline-post-excerpt\"><p>MUSEUS E ARQUIVOS P\u00daBLICOS AMAPAENSES: ACERVOS EM TR\u00c2NSITO EDITAL SUBMISSA\u0303O RESUMO SIMPLES E ARTIGO COMPLETO &nbsp;<\/p><\/div><\/div><\/a>\n    <\/div>\n    <div class=\"eael-timeline-clear\"><\/div>\n<\/article><article class=\"eael-timeline-post\">\n    <div class=\"eael-timeline-bullet\"><\/div>\n    <div class=\"eael-timeline-post-inner\">\n        <a class=\"eael-timeline-post-link\" href=\"https:\/\/www2.unifap.br\/ppgh\/lista-definitiva-de-candidaturas-homologadas\/\" title=\"LISTA DEFINITIVA DE CANDIDATURAS HOMOLOGADAS &#8211; CHAMADA 03\/2026\">\n            <time datetime=\"13 de mar\u00e7o de 2026\">13 de mar\u00e7o de 2026<\/time>\n            <div class=\"eael-timeline-content\"><div class=\"eael-timeline-post-title\">\n\t\t                    <h5 class=\"eael-timeline-post-title-text\">LISTA DEFINITIVA DE CANDIDATURAS HOMOLOGADAS &#8211; CHAMADA 03\/2026<\/h5>\n\t\t                <\/div><div class=\"eael-timeline-post-excerpt\"><p>A Coordena\u00e7\u00e3o do Programa de P\u00f3s-Gradua\u00e7\u00e3o em Hist\u00f3ria da Universidade Federal do Amap\u00e1 (PPGH\/Unifap) torna p\u00fablica a lista definitiva de candidaturas homologadas na Chamada 03\/2026...<\/p><\/div><\/div><\/a>\n    <\/div>\n    <div class=\"eael-timeline-clear\"><\/div>\n<\/article><\/div>\n\t\t<\/div>            <div class=\"eael-load-more-button-wrap\">\n                <button class=\"eael-load-more-button\" id=\"eael-load-more-btn-59a0619\" data-widget-id=\"59a0619\" data-widget=\"59a0619\" data-page-id=\"1889\" data-template=\"{&quot;dir&quot;:&quot;lite&quot;,&quot;file_name&quot;:&quot;card.php&quot;,&quot;name&quot;:&quot;Post-Timeline&quot;}\" data-class=\"Essential_Addons_Elementor\\Elements\\Post_Timeline\" data-layout=\"\" data-page=\"1\" data-args=\"orderby=date&amp;order=desc&amp;ignore_sticky_posts=1&amp;post_status=publish&amp;posts_per_page=4&amp;offset=0&amp;post_type=post\" data-max-page=\"46\">\n                    <span class=\"eael-btn-loader button__loader\"><\/span>\n                    <span class=\"eael_load_more_text\">Mais not\u00edcias<\/span>\n                <\/button>\n            <\/div>\n            \t\t\t\t<\/div>\n\t\t\t\t<\/div>\n\t\t\t\t\t<\/div>\n\t\t<\/div>\n\t\t\t\t\t<\/div>\n\t\t<\/section>\n\t\t\t\t<\/div>\n\t\t","protected":false},"excerpt":{"rendered":"<p>Not\u00edcias 14 de novembro de 2023 CHAMADA DO PROCESSO SELETIVO PARA EST\u00c1GIO DE P\u00d3S-DOUTORADO CHAMADA DO PROCESSO SELETIVO PARA EST\u00c1GIO DE P\u00d3S-DOUTORADO ANEXO I FICHA DE INSCRI\u00c7\u00c3O BOLSA P\u00d3S-DOC PPGH 2021 ANEXO II PLANO DE TRABALHO DE EST\u00c1GIO P\u00d3S-DOUTORAL&#8230; &nbsp; 11 de novembro de 2023 RESULTADO DEFINITIVO DA CHAMADA N\u00ba 08\/2023 RESULTADO DEFINITIVO DA CHAMADA&#8230;<\/p>\n","protected":false},"author":815,"featured_media":0,"parent":2921,"menu_order":0,"comment_status":"closed","ping_status":"closed","template":"","meta":{"inline_featured_image":false,"site-sidebar-layout":"no-sidebar","site-content-layout":"page-builder","ast-site-content-layout":"full-width-container","site-content-style":"default","site-sidebar-style":"default","ast-global-header-display":"","ast-banner-title-visibility":"","ast-main-header-display":"","ast-hfb-above-header-display":"","ast-hfb-below-header-display":"","ast-hfb-mobile-header-display":"","site-post-title":"disabled","ast-breadcrumbs-content":"","ast-featured-img":"disabled","footer-sml-layout":"","theme-transparent-header-meta":"default","adv-header-id-meta":"","stick-header-meta":"","header-above-stick-meta":"","header-main-stick-meta":"","header-below-stick-meta":"","astra-migrate-meta-layouts":"set","ast-page-background-enabled":"default","ast-page-background-meta":{"desktop":{"background-color":"var(--ast-global-color-4)","background-image":"","background-repeat":"repeat","background-position":"center center","background-size":"auto","background-attachment":"scroll","background-type":"","background-media":"","overlay-type":"","overlay-color":"","overlay-opacity":"","overlay-gradient":""},"tablet":{"background-color":"","background-image":"","background-repeat":"repeat","background-position":"center center","background-size":"auto","background-attachment":"scroll","background-type":"","background-media":"","overlay-type":"","overlay-color":"","overlay-opacity":"","overlay-gradient":""},"mobile":{"background-color":"","background-image":"","background-repeat":"repeat","background-position":"center center","background-size":"auto","background-attachment":"scroll","background-type":"","background-media":"","overlay-type":"","overlay-color":"","overlay-opacity":"","overlay-gradient":""}},"ast-content-background-meta":{"desktop":{"background-color":"var(--ast-global-color-5)","background-image":"","background-repeat":"repeat","background-position":"center center","background-size":"auto","background-attachment":"scroll","background-type":"","background-media":"","overlay-type":"","overlay-color":"","overlay-opacity":"","overlay-gradient":""},"tablet":{"background-color":"var(--ast-global-color-5)","background-image":"","background-repeat":"repeat","background-position":"center center","background-size":"auto","background-attachment":"scroll","background-type":"","background-media":"","overlay-type":"","overlay-color":"","overlay-opacity":"","overlay-gradient":""},"mobile":{"background-color":"var(--ast-global-color-5)","background-image":"","background-repeat":"repeat","background-position":"center center","background-size":"auto","background-attachment":"scroll","background-type":"","background-media":"","overlay-type":"","overlay-color":"","overlay-opacity":"","overlay-gradient":""}},"ngg_post_thumbnail":0,"footnotes":""},"folder":[10],"class_list":["post-1889","page","type-page","status-publish","hentry"],"_links":{"self":[{"href":"https:\/\/www2.unifap.br\/ppgh\/wp-json\/wp\/v2\/pages\/1889","targetHints":{"allow":["GET"]}}],"collection":[{"href":"https:\/\/www2.unifap.br\/ppgh\/wp-json\/wp\/v2\/pages"}],"about":[{"href":"https:\/\/www2.unifap.br\/ppgh\/wp-json\/wp\/v2\/types\/page"}],"author":[{"embeddable":true,"href":"https:\/\/www2.unifap.br\/ppgh\/wp-json\/wp\/v2\/users\/815"}],"replies":[{"embeddable":true,"href":"https:\/\/www2.unifap.br\/ppgh\/wp-json\/wp\/v2\/comments?post=1889"}],"version-history":[{"count":50,"href":"https:\/\/www2.unifap.br\/ppgh\/wp-json\/wp\/v2\/pages\/1889\/revisions"}],"predecessor-version":[{"id":2926,"href":"https:\/\/www2.unifap.br\/ppgh\/wp-json\/wp\/v2\/pages\/1889\/revisions\/2926"}],"up":[{"embeddable":true,"href":"https:\/\/www2.unifap.br\/ppgh\/wp-json\/wp\/v2\/pages\/2921"}],"wp:attachment":[{"href":"https:\/\/www2.unifap.br\/ppgh\/wp-json\/wp\/v2\/media?parent=1889"}],"wp:term":[{"taxonomy":"folder","embeddable":true,"href":"https:\/\/www2.unifap.br\/ppgh\/wp-json\/wp\/v2\/folder?post=1889"}],"curies":[{"name":"wp","href":"https:\/\/api.w.org\/{rel}","templated":true}]}}