{"id":225,"date":"2020-04-01T13:45:29","date_gmt":"2020-04-01T13:45:29","guid":{"rendered":"http:\/\/www2.unifap.br\/ppgh\/?page_id=225"},"modified":"2026-01-29T03:12:03","modified_gmt":"2026-01-29T03:12:03","slug":"discentes-e-egressos","status":"publish","type":"page","link":"https:\/\/www2.unifap.br\/ppgh\/discentes\/discentes-e-egressos\/","title":{"rendered":"Discentes e Egressos"},"content":{"rendered":"\t\t<div data-elementor-type=\"wp-page\" data-elementor-id=\"225\" class=\"elementor elementor-225\">\n\t\t\t\t\t\t<section class=\"elementor-section elementor-top-section elementor-element elementor-element-03c9d75 elementor-section-content-middle elementor-section-boxed elementor-section-height-default elementor-section-height-default\" data-id=\"03c9d75\" data-element_type=\"section\" data-e-type=\"section\" data-settings=\"{&quot;background_background&quot;:&quot;classic&quot;}\">\n\t\t\t\t\t\t\t<div class=\"elementor-background-overlay\"><\/div>\n\t\t\t\t\t\t\t<div class=\"elementor-container elementor-column-gap-default\">\n\t\t\t\t\t<div class=\"elementor-column elementor-col-100 elementor-top-column elementor-element elementor-element-70e1247\" data-id=\"70e1247\" data-element_type=\"column\" data-e-type=\"column\">\n\t\t\t<div class=\"elementor-widget-wrap elementor-element-populated\">\n\t\t\t\t\t\t<div class=\"elementor-element elementor-element-8a8313f elementor-widget elementor-widget-page-title\" data-id=\"8a8313f\" data-element_type=\"widget\" data-e-type=\"widget\" data-widget_type=\"page-title.default\">\n\t\t\t\t<div class=\"elementor-widget-container\">\n\t\t\t\t\t\t\t\n\t\t<div class=\"hfe-page-title hfe-page-title-wrapper elementor-widget-heading\">\n\n\t\t\t\t\t\t\t\t<h2 class=\"elementor-heading-title elementor-size-default\">\n\t\t\t\t\t\t\t\t\n\t\t\t\tDiscentes e Egressos  \n\t\t\t<\/h2 > \n\t\t\t\t\t<\/div>\n\t\t\t\t\t\t<\/div>\n\t\t\t\t<\/div>\n\t\t\t\t<div class=\"elementor-element elementor-element-04f90df elementor-widget__width-inherit elementor-widget-divider--view-line elementor-widget elementor-widget-divider\" data-id=\"04f90df\" data-element_type=\"widget\" data-e-type=\"widget\" data-widget_type=\"divider.default\">\n\t\t\t\t<div class=\"elementor-widget-container\">\n\t\t\t\t\t\t\t<div class=\"elementor-divider\">\n\t\t\t<span class=\"elementor-divider-separator\">\n\t\t\t\t\t\t<\/span>\n\t\t<\/div>\n\t\t\t\t\t\t<\/div>\n\t\t\t\t<\/div>\n\t\t\t\t<div class=\"elementor-element elementor-element-0fbb712 elementor-widget elementor-widget-accordion\" data-id=\"0fbb712\" data-element_type=\"widget\" data-e-type=\"widget\" data-widget_type=\"accordion.default\">\n\t\t\t\t<div class=\"elementor-widget-container\">\n\t\t\t\t\t\t\t<div class=\"elementor-accordion\">\n\t\t\t\t\t\t\t<div class=\"elementor-accordion-item\">\n\t\t\t\t\t<div id=\"elementor-tab-title-1641\" class=\"elementor-tab-title\" data-tab=\"1\" role=\"button\" aria-controls=\"elementor-tab-content-1641\" aria-expanded=\"false\">\n\t\t\t\t\t\t\t\t\t\t\t\t\t<span class=\"elementor-accordion-icon elementor-accordion-icon-left\" aria-hidden=\"true\">\n\t\t\t\t\t\t\t\t\t\t\t\t\t\t\t<span class=\"elementor-accordion-icon-closed\"><i class=\"fas fa-plus\"><\/i><\/span>\n\t\t\t\t\t\t\t\t<span class=\"elementor-accordion-icon-opened\"><i class=\"fas fa-minus\"><\/i><\/span>\n\t\t\t\t\t\t\t\t\t\t\t\t\t\t<\/span>\n\t\t\t\t\t\t\t\t\t\t\t\t<a class=\"elementor-accordion-title\" tabindex=\"0\">Turma 2025<\/a>\n\t\t\t\t\t<\/div>\n\t\t\t\t\t<div id=\"elementor-tab-content-1641\" class=\"elementor-tab-content elementor-clearfix\" data-tab=\"1\" role=\"region\" aria-labelledby=\"elementor-tab-title-1641\"><ul><li data-start=\"82\" data-end=\"109\">Cleverson de Lima Pimenta: <a href=\"http:\/\/lattes.cnpq.br\/0330018855932559\">http:\/\/lattes.cnpq.br\/0330018855932559<\/a><\/li><li data-start=\"112\" data-end=\"145\">Jos\u00e9 Luiz Rodrigues de Carvalho: <a href=\"http:\/\/lattes.cnpq.br\/4277733728909376\">http:\/\/lattes.cnpq.br\/4277733728909376<\/a><\/li><li>J\u00falia Monteiro Lopes: <a href=\"http:\/\/lattes.cnpq.br\/4633665974886267\">http:\/\/lattes.cnpq.br\/4633665974886267<\/a><\/li><li data-start=\"148\" data-end=\"170\">Lucas Marcel Nascimento da Silva: <a href=\"http:\/\/lattes.cnpq.br\/4202729851729383\">http:\/\/lattes.cnpq.br\/4202729851729383<\/a><\/li><li data-start=\"210\" data-end=\"245\">Nivaldo Siqueira Mergulh\u00e3o Junior: <a href=\"http:\/\/lattes.cnpq.br\/6920314603733546\">http:\/\/lattes.cnpq.br\/6920314603733546<\/a><\/li><\/ul><\/div>\n\t\t\t\t<\/div>\n\t\t\t\t\t\t\t<div class=\"elementor-accordion-item\">\n\t\t\t\t\t<div id=\"elementor-tab-title-1642\" class=\"elementor-tab-title\" data-tab=\"2\" role=\"button\" aria-controls=\"elementor-tab-content-1642\" aria-expanded=\"false\">\n\t\t\t\t\t\t\t\t\t\t\t\t\t<span class=\"elementor-accordion-icon elementor-accordion-icon-left\" aria-hidden=\"true\">\n\t\t\t\t\t\t\t\t\t\t\t\t\t\t\t<span class=\"elementor-accordion-icon-closed\"><i class=\"fas fa-plus\"><\/i><\/span>\n\t\t\t\t\t\t\t\t<span class=\"elementor-accordion-icon-opened\"><i class=\"fas fa-minus\"><\/i><\/span>\n\t\t\t\t\t\t\t\t\t\t\t\t\t\t<\/span>\n\t\t\t\t\t\t\t\t\t\t\t\t<a class=\"elementor-accordion-title\" tabindex=\"0\">Turma 2024<\/a>\n\t\t\t\t\t<\/div>\n\t\t\t\t\t<div id=\"elementor-tab-content-1642\" class=\"elementor-tab-content elementor-clearfix\" data-tab=\"2\" role=\"region\" aria-labelledby=\"elementor-tab-title-1642\"><ul><li style=\"font-size: 16px\">Andrey Barbosa Coutinho: <a href=\"http:\/\/lattes.cnpq.br\/7898948077074127\" target=\"_blank\" rel=\"noopener\">http:\/\/lattes.cnpq.br\/7898948077074127<\/a><\/li><li style=\"font-size: 16px\">Ant\u00f4nio Carlos Lobato Nery:\u00a0<a href=\"http:\/\/lattes.cnpq.br\/8784677050132992\" target=\"_blank\" rel=\"noopener\">http:\/\/lattes.cnpq.br\/8784677050132992<\/a><\/li><li style=\"font-size: 16px\">Danilo Pelaes Lima:\u00a0<a href=\"http:\/\/lattes.cnpq.br\/0749703073987668\" target=\"_blank\" rel=\"noopener\">http:\/\/lattes.cnpq.br\/0749703073987668<\/a><\/li><li style=\"font-size: 16px\">Gabriel da Silva Sena:\u00a0<a href=\"http:\/\/lattes.cnpq.br\/9270558461650512\" target=\"_blank\" rel=\"noopener\">http:\/\/lattes.cnpq.br\/9270558461650512<\/a><\/li><li style=\"font-size: 16px\">Genifer Santos do Nascimento:\u00a0<a href=\"http:\/\/lattes.cnpq.br\/4884904905800289\" target=\"_blank\" rel=\"noopener\">http:\/\/lattes.cnpq.br\/4884904905800289<\/a><\/li><li style=\"font-size: 16px\">Jackeline Duarte de Freitas Oliveira:\u00a0<a href=\"http:\/\/lattes.cnpq.br\/8948060738412244\" target=\"_blank\" rel=\"noopener\">http:\/\/lattes.cnpq.br\/8948060738412244<\/a><\/li><li>Keveny Vaz Schleicher:\u00a0<a href=\"http:\/\/lattes.cnpq.br\/8248201122825234\" target=\"_blank\" rel=\"noopener\">http:\/\/lattes.cnpq.br\/8248201122825234<\/a><\/li><li>Let\u00edcia Cristina Torrinha Brito:\u00a0<a href=\"http:\/\/lattes.cnpq.br\/8497857377852132\" target=\"_blank\" rel=\"noopener\">http:\/\/lattes.cnpq.br\/8497857377852132<\/a><\/li><li>Marcelo Jaques de Oliveira:\u00a0<a href=\"http:\/\/lattes.cnpq.br\/3622559298421020\" target=\"_blank\" rel=\"noopener\">http:\/\/lattes.cnpq.br\/3622559298421020<\/a><\/li><li>Tatiana Barboza Magalh\u00e3es:\u00a0<a href=\"http:\/\/lattes.cnpq.br\/5001102654895514\" target=\"_blank\" rel=\"noopener\">http:\/\/lattes.cnpq.br\/5001102654895514<\/a><\/li><li>Yanna Barbara Juc\u00e1 Rodrigues:\u00a0<a href=\"http:\/\/lattes.cnpq.br\/2246479726239119\" target=\"_blank\" rel=\"noopener\">http:\/\/lattes.cnpq.br\/2246479726239119<\/a><\/li><\/ul><\/div>\n\t\t\t\t<\/div>\n\t\t\t\t\t\t\t<div class=\"elementor-accordion-item\">\n\t\t\t\t\t<div id=\"elementor-tab-title-1643\" class=\"elementor-tab-title\" data-tab=\"3\" role=\"button\" aria-controls=\"elementor-tab-content-1643\" aria-expanded=\"false\">\n\t\t\t\t\t\t\t\t\t\t\t\t\t<span class=\"elementor-accordion-icon elementor-accordion-icon-left\" aria-hidden=\"true\">\n\t\t\t\t\t\t\t\t\t\t\t\t\t\t\t<span class=\"elementor-accordion-icon-closed\"><i class=\"fas fa-plus\"><\/i><\/span>\n\t\t\t\t\t\t\t\t<span class=\"elementor-accordion-icon-opened\"><i class=\"fas fa-minus\"><\/i><\/span>\n\t\t\t\t\t\t\t\t\t\t\t\t\t\t<\/span>\n\t\t\t\t\t\t\t\t\t\t\t\t<a class=\"elementor-accordion-title\" tabindex=\"0\">Turma 2023<\/a>\n\t\t\t\t\t<\/div>\n\t\t\t\t\t<div id=\"elementor-tab-content-1643\" class=\"elementor-tab-content elementor-clearfix\" data-tab=\"3\" role=\"region\" aria-labelledby=\"elementor-tab-title-1643\"><ul><li style=\"font-size: 16px\">J\u00falio C\u00e9zar Ruela Gama:\u00a0<a href=\"http:\/\/lattes.cnpq.br\/5546608658414051\" target=\"_blank\" rel=\"noopener\">http:\/\/lattes.cnpq.br\/5546608658414051<\/a><\/li><li style=\"font-size: 16px\">Karla Menezes Almeida:\u00a0<a href=\"http:\/\/lattes.cnpq.br\/2124647712692227\" target=\"_blank\" rel=\"noopener\">http:\/\/lattes.cnpq.br\/2124647712692227<\/a><\/li><li style=\"font-size: 16px\">Keith Mayane Maciel de Sousa Sarmento:\u00a0<a href=\"http:\/\/lattes.cnpq.br\/3112494370937960\" target=\"_blank\" rel=\"noopener\">http:\/\/lattes.cnpq.br\/3112494370937960<\/a><\/li><li style=\"font-size: 16px\">Lyandra Beatriz Mendes Monteiro:\u00a0<a href=\"http:\/\/lattes.cnpq.br\/5150847562912889\" target=\"_blank\" rel=\"noopener\">http:\/\/lattes.cnpq.br\/5150847562912889<\/a><\/li><li style=\"font-size: 16px\"><span style=\"font-style: inherit;font-weight: inherit;font-family: var( --e-global-typography-secondary-font-family ), Sans-serif\">Nilton Ferreira Batista:\u00a0<\/span><a href=\"http:\/\/lattes.cnpq.br\/4949417323412218\" target=\"_blank\" rel=\"noopener\">http:\/\/lattes.cnpq.br\/4949417323412218<\/a><\/li><li style=\"font-size: 16px\"><span style=\"font-style: inherit;font-weight: inherit;font-family: var( --e-global-typography-secondary-font-family ), Sans-serif\">Paulo Victor Ros\u00e1rio dos Santos:\u00a0<\/span><a href=\"http:\/\/lattes.cnpq.br\/2459475163845038\" target=\"_blank\" rel=\"noopener\">http:\/\/lattes.cnpq.br\/2459475163845038<\/a><\/li><li style=\"font-size: 16px\"><span style=\"font-style: inherit;font-weight: inherit;font-family: var( --e-global-typography-secondary-font-family ), Sans-serif\">Poliane Conrado de Lima:\u00a0<\/span><a href=\"http:\/\/lattes.cnpq.br\/4101814187185773\" target=\"_blank\" rel=\"noopener\">http:\/\/lattes.cnpq.br\/4101814187185773<\/a><\/li><li style=\"font-size: 16px\"><span style=\"font-style: inherit;font-weight: inherit;font-family: var( --e-global-typography-secondary-font-family ), Sans-serif\">Renata Gama Magno:\u00a0<\/span><a href=\"http:\/\/lattes.cnpq.br\/1831648624806678\" target=\"_blank\" rel=\"noopener\">http:\/\/lattes.cnpq.br\/1831648624806678<\/a><\/li><li style=\"font-size: 16px\">Tifanny Jaira Raiol Matos:\u00a0<a href=\"http:\/\/lattes.cnpq.br\/2524887426348249\" target=\"_blank\" rel=\"noopener\">http:\/\/lattes.cnpq.br\/2524887426348249<\/a><\/li><li style=\"font-size: 16px\">Vin\u00edcius Sarges Marques:\u00a0<a href=\"http:\/\/lattes.cnpq.br\/7828549906520863\" target=\"_blank\" rel=\"noopener\">http:\/\/lattes.cnpq.br\/7828549906520863<\/a><\/li><li style=\"font-size: 16px\">Vit\u00f3ria Santos Esteves:\u00a0<a href=\"http:\/\/lattes.cnpq.br\/1050071028314297\" target=\"_blank\" rel=\"noopener\">http:\/\/lattes.cnpq.br\/1050071028314297<\/a><\/li><\/ul><\/div>\n\t\t\t\t<\/div>\n\t\t\t\t\t\t\t<div class=\"elementor-accordion-item\">\n\t\t\t\t\t<div id=\"elementor-tab-title-1644\" class=\"elementor-tab-title\" data-tab=\"4\" role=\"button\" aria-controls=\"elementor-tab-content-1644\" aria-expanded=\"false\">\n\t\t\t\t\t\t\t\t\t\t\t\t\t<span class=\"elementor-accordion-icon elementor-accordion-icon-left\" aria-hidden=\"true\">\n\t\t\t\t\t\t\t\t\t\t\t\t\t\t\t<span class=\"elementor-accordion-icon-closed\"><i class=\"fas fa-plus\"><\/i><\/span>\n\t\t\t\t\t\t\t\t<span class=\"elementor-accordion-icon-opened\"><i class=\"fas fa-minus\"><\/i><\/span>\n\t\t\t\t\t\t\t\t\t\t\t\t\t\t<\/span>\n\t\t\t\t\t\t\t\t\t\t\t\t<a class=\"elementor-accordion-title\" tabindex=\"0\">Turma 2022<\/a>\n\t\t\t\t\t<\/div>\n\t\t\t\t\t<div id=\"elementor-tab-content-1644\" class=\"elementor-tab-content elementor-clearfix\" data-tab=\"4\" role=\"region\" aria-labelledby=\"elementor-tab-title-1644\"><ul><li style=\"font-size: 16px\">Augusto C\u00e9zar Lima Queiroz (<i>in memoriam<\/i>):\u00a0<a href=\"http:\/\/lattes.cnpq.br\/4737007416649248\" target=\"_blank\" rel=\"noopener\">http:\/\/lattes.cnpq.br\/4737007416649248<\/a><\/li><li style=\"font-size: 16px\">Carla Patr\u00edcia Dias Rocha:\u00a0<a href=\"http:\/\/lattes.cnpq.br\/1337773963293960\" target=\"_blank\" rel=\"noopener\">http:\/\/lattes.cnpq.br\/1337773963293960<\/a><\/li><li style=\"font-size: 16px\">Gildoval Farias Barbosa:<\/li><li style=\"font-size: 16px\">Karoline Veloso de Oliveira:\u00a0<a href=\"http:\/\/lattes.cnpq.br\/7470733584323596\">http:\/\/lattes.cnpq.br\/7470733584323596<\/a><\/li><li>Liliane Barbosa de Aleluia:\u00a0<a href=\"http:\/\/lattes.cnpq.br\/6911854029272219\" target=\"_blank\" rel=\"noopener\">http:\/\/lattes.cnpq.br\/6911854029272219<\/a><\/li><li>Luciano Lisboa da Silva:\u00a0<a href=\"http:\/\/lattes.cnpq.br\/7149078115378861\" target=\"_blank\" rel=\"noopener\">http:\/\/lattes.cnpq.br\/7149078115378861<\/a><\/li><li>Manoel Louren\u00e7o da Cruz Morais:\u00a0<a href=\"http:\/\/lattes.cnpq.br\/6261123655091559\" target=\"_blank\" rel=\"noopener\">http:\/\/lattes.cnpq.br\/6261123655091559<\/a><\/li><li>Na\u00edsa da Concei\u00e7\u00e3o Ferreira Batista:\u00a0<a href=\"http:\/\/lattes.cnpq.br\/8595716821803063\" target=\"_blank\" rel=\"noopener\">http:\/\/lattes.cnpq.br\/8595716821803063<\/a><\/li><li><span style=\"font-style: inherit;font-weight: inherit;font-family: var( --e-global-typography-secondary-font-family ), Sans-serif\">Wilneia Barbosa de Aleluia Guedes:\u00a0<\/span><a href=\"http:\/\/lattes.cnpq.br\/7277045278497144\" target=\"_blank\" rel=\"noopener\">http:\/\/lattes.cnpq.br\/7277045278497144<\/a><\/li><\/ul><\/div>\n\t\t\t\t<\/div>\n\t\t\t\t\t\t\t<div class=\"elementor-accordion-item\">\n\t\t\t\t\t<div id=\"elementor-tab-title-1645\" class=\"elementor-tab-title\" data-tab=\"5\" role=\"button\" aria-controls=\"elementor-tab-content-1645\" aria-expanded=\"false\">\n\t\t\t\t\t\t\t\t\t\t\t\t\t<span class=\"elementor-accordion-icon elementor-accordion-icon-left\" aria-hidden=\"true\">\n\t\t\t\t\t\t\t\t\t\t\t\t\t\t\t<span class=\"elementor-accordion-icon-closed\"><i class=\"fas fa-plus\"><\/i><\/span>\n\t\t\t\t\t\t\t\t<span class=\"elementor-accordion-icon-opened\"><i class=\"fas fa-minus\"><\/i><\/span>\n\t\t\t\t\t\t\t\t\t\t\t\t\t\t<\/span>\n\t\t\t\t\t\t\t\t\t\t\t\t<a class=\"elementor-accordion-title\" tabindex=\"0\">Turma 2021<\/a>\n\t\t\t\t\t<\/div>\n\t\t\t\t\t<div id=\"elementor-tab-content-1645\" class=\"elementor-tab-content elementor-clearfix\" data-tab=\"5\" role=\"region\" aria-labelledby=\"elementor-tab-title-1645\"><ul><li>Adolfo Ricardo Monteiro de Menezes:\u00a0<a href=\"http:\/\/lattes.cnpq.br\/3575971986242022\">http:\/\/lattes.cnpq.br\/3575971986242022<\/a><\/li><li>Ant\u00f4nio Ribamar Diniz Barbosa:\u00a0<a href=\"http:\/\/lattes.cnpq.br\/7031427754965185\">http:\/\/lattes.cnpq.br\/7031427754965185<\/a><\/li><li>Daniel Ribeiro Ferreira Junior:\u00a0<a href=\"http:\/\/lattes.cnpq.br\/0563577830141400\">http:\/\/lattes.cnpq.br\/0563577830141400<\/a><\/li><li>Hugo Matheus Rocha Aguiar:<a href=\"http:\/\/lattes.cnpq.br\/3472143335937802\">\u00a0http:\/\/lattes.cnpq.br\/3472143335937802<\/a><\/li><li>Let\u00edcia Talita Braz\u00e3o Pican\u00e7o:\u00a0<a href=\"http:\/\/lattes.cnpq.br\/9077265481876123\">http:\/\/lattes.cnpq.br\/9077265481876123<\/a><\/li><li>Lucas de Souza Maximim:\u00a0<a href=\"http:\/\/lattes.cnpq.br\/7696010400405107\">http:\/\/lattes.cnpq.br\/7696010400405107<\/a><\/li><li>Marcione Moraes dos Santos Pantoja:\u00a0<a href=\"http:\/\/lattes.cnpq.br\/9006742863729243\">http:\/\/lattes.cnpq.br\/9006742863729243<\/a><\/li><li>Nailton dos Santos Lobato:\u00a0<a href=\"http:\/\/lattes.cnpq.br\/8782449657329998\">http:\/\/lattes.cnpq.br\/8782449657329998<\/a><\/li><li>Sabrina Natali Silva Bentes:\u00a0<a href=\"http:\/\/lattes.cnpq.br\/9999846420644589\">http:\/\/lattes.cnpq.br\/9999846420644589<\/a><\/li><li>Samuel Correa Duarte:\u00a0<a href=\"http:\/\/lattes.cnpq.br\/5350906272443743\">http:\/\/lattes.cnpq.br\/5350906272443743<\/a><\/li><li>T\u00falio Fernando da Silva de Sousa:\u00a0<a href=\"http:\/\/lattes.cnpq.br\/1863735830555014\">http:\/\/lattes.cnpq.br\/1863735830555014<\/a><\/li><\/ul><\/div>\n\t\t\t\t<\/div>\n\t\t\t\t\t\t\t<div class=\"elementor-accordion-item\">\n\t\t\t\t\t<div id=\"elementor-tab-title-1646\" class=\"elementor-tab-title\" data-tab=\"6\" role=\"button\" aria-controls=\"elementor-tab-content-1646\" aria-expanded=\"false\">\n\t\t\t\t\t\t\t\t\t\t\t\t\t<span class=\"elementor-accordion-icon elementor-accordion-icon-left\" aria-hidden=\"true\">\n\t\t\t\t\t\t\t\t\t\t\t\t\t\t\t<span class=\"elementor-accordion-icon-closed\"><i class=\"fas fa-plus\"><\/i><\/span>\n\t\t\t\t\t\t\t\t<span class=\"elementor-accordion-icon-opened\"><i class=\"fas fa-minus\"><\/i><\/span>\n\t\t\t\t\t\t\t\t\t\t\t\t\t\t<\/span>\n\t\t\t\t\t\t\t\t\t\t\t\t<a class=\"elementor-accordion-title\" tabindex=\"0\">Turma 2020<\/a>\n\t\t\t\t\t<\/div>\n\t\t\t\t\t<div id=\"elementor-tab-content-1646\" class=\"elementor-tab-content elementor-clearfix\" data-tab=\"6\" role=\"region\" aria-labelledby=\"elementor-tab-title-1646\"><ul><li>Amanda Cristina Souza da Silva: <a href=\"http:\/\/lattes.cnpq.br\/9524650567397488\">http:\/\/lattes.cnpq.br\/9524650567397488<\/a><\/li><li>Francinei Almeida da Costa: <a href=\"http:\/\/lattes.cnpq.br\/1241564797894188\">http:\/\/lattes.cnpq.br\/1241564797894188<\/a><\/li><li>Jos\u00e9 Lu\u00eds dos Santos Leal: <a href=\"http:\/\/lattes.cnpq.br\/0778815281822241\">http:\/\/lattes.cnpq.br\/0778815281822241<\/a><\/li><li>Pauliany Barreiros Cardoso: <a href=\"http:\/\/lattes.cnpq.br\/8612796402645776\">http:\/\/lattes.cnpq.br\/8612796402645776<\/a><\/li><li>Paulo Anchieta Barbosa de Oliveira: <a href=\"http:\/\/lattes.cnpq.br\/9543286365814596\">http:\/\/lattes.cnpq.br\/9543286365814596<\/a><\/li><li>Priscila Viegas dos Santos: <a href=\"http:\/\/lattes.cnpq.br\/5217913103645876\">http:\/\/lattes.cnpq.br\/5217913103645876<\/a><\/li><li>Walber Rodrigues da Silva: <a href=\"http:\/\/lattes.cnpq.br\/0728147308913881\">http:\/\/lattes.cnpq.br\/0728147308913881<\/a><\/li><\/ul><\/div>\n\t\t\t\t<\/div>\n\t\t\t\t\t\t\t<div class=\"elementor-accordion-item\">\n\t\t\t\t\t<div id=\"elementor-tab-title-1647\" class=\"elementor-tab-title\" data-tab=\"7\" role=\"button\" aria-controls=\"elementor-tab-content-1647\" aria-expanded=\"false\">\n\t\t\t\t\t\t\t\t\t\t\t\t\t<span class=\"elementor-accordion-icon elementor-accordion-icon-left\" aria-hidden=\"true\">\n\t\t\t\t\t\t\t\t\t\t\t\t\t\t\t<span class=\"elementor-accordion-icon-closed\"><i class=\"fas fa-plus\"><\/i><\/span>\n\t\t\t\t\t\t\t\t<span class=\"elementor-accordion-icon-opened\"><i class=\"fas fa-minus\"><\/i><\/span>\n\t\t\t\t\t\t\t\t\t\t\t\t\t\t<\/span>\n\t\t\t\t\t\t\t\t\t\t\t\t<a class=\"elementor-accordion-title\" tabindex=\"0\">Turma 2019<\/a>\n\t\t\t\t\t<\/div>\n\t\t\t\t\t<div id=\"elementor-tab-content-1647\" class=\"elementor-tab-content elementor-clearfix\" data-tab=\"7\" role=\"region\" aria-labelledby=\"elementor-tab-title-1647\"><ul><li>Alessandro Ricardo Pinheiro Brand\u00e3o:\u00a0<a href=\"http:\/\/lattes.cnpq.br\/7338518036646844\">http:\/\/lattes.cnpq.br\/7338518036646844<\/a><\/li><li>Brenna K\u00e1sia de Almeida Furtado:\u00a0<a href=\"http:\/\/lattes.cnpq.br\/0158077214280340\">http:\/\/lattes.cnpq.br\/0158077214280340<\/a><\/li><li>Eneida Damasceno Borges de S\u00e1: <a href=\"http:\/\/lattes.cnpq.br\/7041769004965055\">http:\/\/lattes.cnpq.br\/7041769004965055<\/a>\u00a0<\/li><li>Higor Railan de Jesus Pereira:\u00a0<a href=\"http:\/\/lattes.cnpq.br\/4641319074425121\">http:\/\/lattes.cnpq.br\/4641319074425121<\/a><\/li><li>K\u00e1ssio Leal Vilhena:\u00a0<a href=\"http:\/\/lattes.cnpq.br\/3902486576221702\">http:\/\/lattes.cnpq.br\/3902486576221702<\/a><\/li><li>Leandro de Freitas Pantoja:\u00a0<a href=\"http:\/\/lattes.cnpq.br\/1639264849808422\">http:\/\/lattes.cnpq.br\/1639264849808422<\/a><\/li><li>Marlos Vinicius Gama de Matos:\u00a0<a href=\"http:\/\/lattes.cnpq.br\/5465121127174882\">http:\/\/lattes.cnpq.br\/5465121127174882<\/a><\/li><\/ul><\/div>\n\t\t\t\t<\/div>\n\t\t\t\t\t\t\t\t<\/div>\n\t\t\t\t\t\t<\/div>\n\t\t\t\t<\/div>\n\t\t\t\t\t<\/div>\n\t\t<\/div>\n\t\t\t\t\t<\/div>\n\t\t<\/section>\n\t\t\t\t<\/div>\n\t\t","protected":false},"excerpt":{"rendered":"<p>Discentes e Egressos Turma 2025 Cleverson de Lima Pimenta: http:\/\/lattes.cnpq.br\/0330018855932559 Jos\u00e9 Luiz Rodrigues de Carvalho: http:\/\/lattes.cnpq.br\/4277733728909376 J\u00falia Monteiro Lopes: http:\/\/lattes.cnpq.br\/4633665974886267 Lucas Marcel Nascimento da Silva: http:\/\/lattes.cnpq.br\/4202729851729383 Nivaldo Siqueira Mergulh\u00e3o Junior: http:\/\/lattes.cnpq.br\/6920314603733546 Turma 2024 Andrey Barbosa Coutinho: http:\/\/lattes.cnpq.br\/7898948077074127 Ant\u00f4nio Carlos Lobato Nery:\u00a0http:\/\/lattes.cnpq.br\/8784677050132992 Danilo Pelaes Lima:\u00a0http:\/\/lattes.cnpq.br\/0749703073987668 Gabriel da Silva Sena:\u00a0http:\/\/lattes.cnpq.br\/9270558461650512 Genifer Santos do Nascimento:\u00a0http:\/\/lattes.cnpq.br\/4884904905800289 Jackeline Duarte de&#8230;<\/p>\n","protected":false},"author":2541,"featured_media":0,"parent":2448,"menu_order":0,"comment_status":"closed","ping_status":"closed","template":"","meta":{"inline_featured_image":false,"site-sidebar-layout":"default","site-content-layout":"","ast-site-content-layout":"full-width-container","site-content-style":"default","site-sidebar-style":"default","ast-global-header-display":"","ast-banner-title-visibility":"","ast-main-header-display":"","ast-hfb-above-header-display":"","ast-hfb-below-header-display":"","ast-hfb-mobile-header-display":"","site-post-title":"","ast-breadcrumbs-content":"","ast-featured-img":"","footer-sml-layout":"","theme-transparent-header-meta":"default","adv-header-id-meta":"","stick-header-meta":"","header-above-stick-meta":"","header-main-stick-meta":"","header-below-stick-meta":"","astra-migrate-meta-layouts":"set","ast-page-background-enabled":"default","ast-page-background-meta":{"desktop":{"background-color":"var(--ast-global-color-4)","background-image":"","background-repeat":"repeat","background-position":"center center","background-size":"auto","background-attachment":"scroll","background-type":"","background-media":"","overlay-type":"","overlay-color":"","overlay-opacity":"","overlay-gradient":""},"tablet":{"background-color":"","background-image":"","background-repeat":"repeat","background-position":"center center","background-size":"auto","background-attachment":"scroll","background-type":"","background-media":"","overlay-type":"","overlay-color":"","overlay-opacity":"","overlay-gradient":""},"mobile":{"background-color":"","background-image":"","background-repeat":"repeat","background-position":"center center","background-size":"auto","background-attachment":"scroll","background-type":"","background-media":"","overlay-type":"","overlay-color":"","overlay-opacity":"","overlay-gradient":""}},"ast-content-background-meta":{"desktop":{"background-color":"var(--ast-global-color-5)","background-image":"","background-repeat":"repeat","background-position":"center center","background-size":"auto","background-attachment":"scroll","background-type":"","background-media":"","overlay-type":"","overlay-color":"","overlay-opacity":"","overlay-gradient":""},"tablet":{"background-color":"var(--ast-global-color-5)","background-image":"","background-repeat":"repeat","background-position":"center center","background-size":"auto","background-attachment":"scroll","background-type":"","background-media":"","overlay-type":"","overlay-color":"","overlay-opacity":"","overlay-gradient":""},"mobile":{"background-color":"var(--ast-global-color-5)","background-image":"","background-repeat":"repeat","background-position":"center center","background-size":"auto","background-attachment":"scroll","background-type":"","background-media":"","overlay-type":"","overlay-color":"","overlay-opacity":"","overlay-gradient":""}},"ngg_post_thumbnail":0,"footnotes":""},"folder":[8],"class_list":["post-225","page","type-page","status-publish","hentry"],"_links":{"self":[{"href":"https:\/\/www2.unifap.br\/ppgh\/wp-json\/wp\/v2\/pages\/225","targetHints":{"allow":["GET"]}}],"collection":[{"href":"https:\/\/www2.unifap.br\/ppgh\/wp-json\/wp\/v2\/pages"}],"about":[{"href":"https:\/\/www2.unifap.br\/ppgh\/wp-json\/wp\/v2\/types\/page"}],"author":[{"embeddable":true,"href":"https:\/\/www2.unifap.br\/ppgh\/wp-json\/wp\/v2\/users\/2541"}],"replies":[{"embeddable":true,"href":"https:\/\/www2.unifap.br\/ppgh\/wp-json\/wp\/v2\/comments?post=225"}],"version-history":[{"count":75,"href":"https:\/\/www2.unifap.br\/ppgh\/wp-json\/wp\/v2\/pages\/225\/revisions"}],"predecessor-version":[{"id":4807,"href":"https:\/\/www2.unifap.br\/ppgh\/wp-json\/wp\/v2\/pages\/225\/revisions\/4807"}],"up":[{"embeddable":true,"href":"https:\/\/www2.unifap.br\/ppgh\/wp-json\/wp\/v2\/pages\/2448"}],"wp:attachment":[{"href":"https:\/\/www2.unifap.br\/ppgh\/wp-json\/wp\/v2\/media?parent=225"}],"wp:term":[{"taxonomy":"folder","embeddable":true,"href":"https:\/\/www2.unifap.br\/ppgh\/wp-json\/wp\/v2\/folder?post=225"}],"curies":[{"name":"wp","href":"https:\/\/api.w.org\/{rel}","templated":true}]}}