{"id":2762,"date":"2023-12-18T19:20:59","date_gmt":"2023-12-18T19:20:59","guid":{"rendered":"https:\/\/www2.unifap.br\/ppgh\/?page_id=2762"},"modified":"2025-11-19T15:20:54","modified_gmt":"2025-11-19T15:20:54","slug":"chamadas-de-bolsas","status":"publish","type":"page","link":"https:\/\/www2.unifap.br\/ppgh\/administrativo\/chamadas-de-bolsas\/","title":{"rendered":"Chamadas de Bolsas"},"content":{"rendered":"\t\t<div data-elementor-type=\"wp-page\" data-elementor-id=\"2762\" class=\"elementor elementor-2762\">\n\t\t\t\t\t\t<section class=\"elementor-section elementor-top-section elementor-element elementor-element-f51b5d4 elementor-section-content-middle elementor-section-boxed elementor-section-height-default elementor-section-height-default\" data-id=\"f51b5d4\" data-element_type=\"section\" data-e-type=\"section\" data-settings=\"{&quot;background_background&quot;:&quot;classic&quot;}\">\n\t\t\t\t\t\t\t<div class=\"elementor-background-overlay\"><\/div>\n\t\t\t\t\t\t\t<div class=\"elementor-container elementor-column-gap-default\">\n\t\t\t\t\t<div class=\"elementor-column elementor-col-100 elementor-top-column elementor-element elementor-element-f8a7813\" data-id=\"f8a7813\" data-element_type=\"column\" data-e-type=\"column\">\n\t\t\t<div class=\"elementor-widget-wrap elementor-element-populated\">\n\t\t\t\t\t\t<div class=\"elementor-element elementor-element-96cba73 elementor-widget elementor-widget-page-title\" data-id=\"96cba73\" data-element_type=\"widget\" data-e-type=\"widget\" data-settings=\"{&quot;align_mobile&quot;:&quot;center&quot;}\" data-widget_type=\"page-title.default\">\n\t\t\t\t<div class=\"elementor-widget-container\">\n\t\t\t\t\t\t\t\n\t\t<div class=\"hfe-page-title hfe-page-title-wrapper elementor-widget-heading\">\n\n\t\t\t\t\t\t\t\t<h2 class=\"elementor-heading-title elementor-size-default\">\n\t\t\t\t\t\t\t\t\n\t\t\t\tChamadas de Bolsas  \n\t\t\t<\/h2 > \n\t\t\t\t\t<\/div>\n\t\t\t\t\t\t<\/div>\n\t\t\t\t<\/div>\n\t\t\t\t<div class=\"elementor-element elementor-element-6a0c0a0 elementor-widget__width-inherit elementor-widget-divider--view-line elementor-widget elementor-widget-divider\" data-id=\"6a0c0a0\" data-element_type=\"widget\" data-e-type=\"widget\" data-widget_type=\"divider.default\">\n\t\t\t\t<div class=\"elementor-widget-container\">\n\t\t\t\t\t\t\t<div class=\"elementor-divider\">\n\t\t\t<span class=\"elementor-divider-separator\">\n\t\t\t\t\t\t<\/span>\n\t\t<\/div>\n\t\t\t\t\t\t<\/div>\n\t\t\t\t<\/div>\n\t\t\t\t<div class=\"elementor-element elementor-element-1662f66 elementor-widget elementor-widget-accordion\" data-id=\"1662f66\" data-element_type=\"widget\" data-e-type=\"widget\" data-widget_type=\"accordion.default\">\n\t\t\t\t<div class=\"elementor-widget-container\">\n\t\t\t\t\t\t\t<div class=\"elementor-accordion\">\n\t\t\t\t\t\t\t<div class=\"elementor-accordion-item\">\n\t\t\t\t\t<div id=\"elementor-tab-title-2341\" class=\"elementor-tab-title\" data-tab=\"1\" role=\"button\" aria-controls=\"elementor-tab-content-2341\" aria-expanded=\"false\">\n\t\t\t\t\t\t\t\t\t\t\t\t\t<span class=\"elementor-accordion-icon elementor-accordion-icon-left\" aria-hidden=\"true\">\n\t\t\t\t\t\t\t\t\t\t\t\t\t\t\t<span class=\"elementor-accordion-icon-closed\"><i class=\"fas fa-plus\"><\/i><\/span>\n\t\t\t\t\t\t\t\t<span class=\"elementor-accordion-icon-opened\"><i class=\"fas fa-minus\"><\/i><\/span>\n\t\t\t\t\t\t\t\t\t\t\t\t\t\t<\/span>\n\t\t\t\t\t\t\t\t\t\t\t\t<a class=\"elementor-accordion-title\" tabindex=\"0\">CHAMADA 01\/2025: PROCESSO SELETIVO PARA BOLSA DE DEMANDA SOCIAL (CAPES)<\/a>\n\t\t\t\t\t<\/div>\n\t\t\t\t\t<div id=\"elementor-tab-content-2341\" class=\"elementor-tab-content elementor-clearfix\" data-tab=\"1\" role=\"region\" aria-labelledby=\"elementor-tab-title-2341\"><ol><li><a href=\"http:\/\/www2.unifap.br\/ppgh\/files\/2025\/03\/CHAMADA-DE-BOLSA-DS-PPGH-2025.pdf\" target=\"_blank\" rel=\"noopener\">CHAMADA DO PROCESSO SELETIVO PARA BOLSISTA DE DEMANDA SOCIAL<\/a><\/li><li><a href=\"http:\/\/www2.unifap.br\/ppgh\/files\/2025\/03\/ANEXO-I.docx\" target=\"_blank\" rel=\"noopener\">ANEXO I<\/a><\/li><li><a href=\"http:\/\/www2.unifap.br\/ppgh\/files\/2025\/03\/ANEXO-II.docx\" target=\"_blank\" rel=\"noopener\">ANEXO II<\/a><\/li><li><a href=\"http:\/\/www2.unifap.br\/ppgh\/files\/2025\/03\/RESULTADO-PRELIMINAR-CHAMADA-01-2025.pdf\">RESULTADO PRELIMINAR<\/a><\/li><li><a href=\"http:\/\/www2.unifap.br\/ppgh\/files\/2025\/03\/RESULTADO-FINAL-CHAMADA-01-2025.pdf\" target=\"_blank\" rel=\"noopener\">RESULTADO FINAL<\/a><\/li><\/ol><\/div>\n\t\t\t\t<\/div>\n\t\t\t\t\t\t\t<div class=\"elementor-accordion-item\">\n\t\t\t\t\t<div id=\"elementor-tab-title-2342\" class=\"elementor-tab-title\" data-tab=\"2\" role=\"button\" aria-controls=\"elementor-tab-content-2342\" aria-expanded=\"false\">\n\t\t\t\t\t\t\t\t\t\t\t\t\t<span class=\"elementor-accordion-icon elementor-accordion-icon-left\" aria-hidden=\"true\">\n\t\t\t\t\t\t\t\t\t\t\t\t\t\t\t<span class=\"elementor-accordion-icon-closed\"><i class=\"fas fa-plus\"><\/i><\/span>\n\t\t\t\t\t\t\t\t<span class=\"elementor-accordion-icon-opened\"><i class=\"fas fa-minus\"><\/i><\/span>\n\t\t\t\t\t\t\t\t\t\t\t\t\t\t<\/span>\n\t\t\t\t\t\t\t\t\t\t\t\t<a class=\"elementor-accordion-title\" tabindex=\"0\">CHAMADA DO PROCESSO SELETIVO PARA EST\u00c1GIO DE P\u00d3S-DOUTORADO 2024<\/a>\n\t\t\t\t\t<\/div>\n\t\t\t\t\t<div id=\"elementor-tab-content-2342\" class=\"elementor-tab-content elementor-clearfix\" data-tab=\"2\" role=\"region\" aria-labelledby=\"elementor-tab-title-2342\"><ol><li><a href=\"http:\/\/www2.unifap.br\/ppgh\/files\/2024\/04\/CHAMADA-DO-PROCESSO-SELETIVO-PARA-ESTAGIO-DE-POS-DOUTORADO-1.pdf\" target=\"_blank\" rel=\"noopener\">CHAMADA DO PROCESSO SELETIVO PARA EST\u00c1GIO DE P\u00d3S-DOUTORADO<\/a><\/li><li><a href=\"http:\/\/www2.unifap.br\/ppgh\/files\/2024\/04\/ANEXO-I-FICHA-DE-INSCRICAO-BOLSA-POS-DOC-PPGH-2021.docx\">ANEXO I &#8211; FICHA DE INSCRI\u00c7\u00c3O BOLSA P\u00d3S-DOC PPGH 2023<\/a><\/li><li><a href=\"http:\/\/www2.unifap.br\/ppgh\/files\/2024\/04\/ANEXO-II-PLANO-DE-TRABALHO-DE-ESTAGIO-POS-DOUTORAL-PPGH-2021-2.docx\">ANEXO II &#8211; PLANO DE TRABALHO DE EST\u00c1GIO P\u00d3S-DOUTORAL PPGH 2023<\/a><\/li><li><a href=\"http:\/\/www2.unifap.br\/ppgh\/files\/2024\/04\/ANEXO-III-PLANILHA-DE-PRODUCAO-INTELECTUAL-QUALIFICADA.docx\">ANEXO III &#8211; PLANILHA DE PRODU\u00c7\u00c3O INTELECTUAL QUALIFICADA<\/a><\/li><li><a href=\"http:\/\/www2.unifap.br\/ppgh\/files\/2024\/04\/ANEXO-IV-FORMULARIO-PARA-RECURSO-ADMINISTRATIVO.docx\">ANEXO IV &#8211; FORMUL\u00c1RIO PARA RECURSO ADMINISTRATIVO<\/a><\/li><li><a href=\"http:\/\/www2.unifap.br\/ppgh\/files\/2024\/04\/LISTA-PROVISORIA-DAS-CANDIDATURAS-HOMOLOGADAS.pdf\" target=\"_blank\" rel=\"noopener\">LISTA PROVIS\u00d3RIA DE CANDIDATURAS HOMOLOGADAS<\/a><\/li><li><a href=\"http:\/\/www2.unifap.br\/ppgh\/files\/2024\/04\/LISTA-DEFINITIVA-DAS-CANDIDATURAS-HOMOLOGADAS.pdf\" target=\"_blank\" rel=\"noopener\">LISTA DEFINITIVA DE CANDIDATURAS HOMOLOGADAS<\/a><\/li><li><a href=\"http:\/\/www2.unifap.br\/ppgh\/files\/2024\/04\/RESULTADO-PROVISORIO.pdf\" target=\"_blank\" rel=\"noopener\">RESULTADO PROVIS\u00d3RIO<\/a><\/li><li><a href=\"http:\/\/www2.unifap.br\/ppgh\/files\/2024\/05\/RESULTADO-DEFINITIVO.pdf\" target=\"_blank\" rel=\"noopener\">RESULTADO DEFINITIVO<\/a><\/li><\/ol><\/div>\n\t\t\t\t<\/div>\n\t\t\t\t\t\t\t<div class=\"elementor-accordion-item\">\n\t\t\t\t\t<div id=\"elementor-tab-title-2343\" class=\"elementor-tab-title\" data-tab=\"3\" role=\"button\" aria-controls=\"elementor-tab-content-2343\" aria-expanded=\"false\">\n\t\t\t\t\t\t\t\t\t\t\t\t\t<span class=\"elementor-accordion-icon elementor-accordion-icon-left\" aria-hidden=\"true\">\n\t\t\t\t\t\t\t\t\t\t\t\t\t\t\t<span class=\"elementor-accordion-icon-closed\"><i class=\"fas fa-plus\"><\/i><\/span>\n\t\t\t\t\t\t\t\t<span class=\"elementor-accordion-icon-opened\"><i class=\"fas fa-minus\"><\/i><\/span>\n\t\t\t\t\t\t\t\t\t\t\t\t\t\t<\/span>\n\t\t\t\t\t\t\t\t\t\t\t\t<a class=\"elementor-accordion-title\" tabindex=\"0\">CHAMADA 02\/2025: PROCESSO SELETIVO PARA BOLSA DEMANDA SOCIAL<\/a>\n\t\t\t\t\t<\/div>\n\t\t\t\t\t<div id=\"elementor-tab-content-2343\" class=\"elementor-tab-content elementor-clearfix\" data-tab=\"3\" role=\"region\" aria-labelledby=\"elementor-tab-title-2343\"><p>\u00a0<\/p><p>1.<a href=\"http:\/\/www2.unifap.br\/ppgh\/files\/2025\/11\/CHAMADA_02_DE_BOLSA_DS_PPGH_2025.pdf\">CHAMADA_02_DE_BOLSA_DS_PPGH_2025<\/a><\/p><p><a href=\"http:\/\/www2.unifap.br\/ppgh\/files\/2025\/11\/ANEXO-I-Declaracao.docx\">2. ANEXO I Declara\u00e7\u00e3o<\/a><\/p><p>3. <a href=\"http:\/\/www2.unifap.br\/ppgh\/files\/2025\/11\/ANEXO-II-Termo-de-compromisso.docx\">ANEXO II Termo de compromisso<\/a><\/p><p><a href=\"http:\/\/www2.unifap.br\/ppgh\/files\/2025\/11\/RESULTADO-PROVISORIO-CHAMADA-02-2025.docx\">4. RESULTADO PROVIS\u00d3RIO CHAMADA 02 2025<\/a><\/p><p><a href=\"http:\/\/www2.unifap.br\/ppgh\/files\/2025\/11\/RESULTADO_FINAL_CHAMADA_02.pdf\">5.RESULTADO_FINAL_CHAMADA_02<\/a><\/p><\/div>\n\t\t\t\t<\/div>\n\t\t\t\t\t\t\t\t<\/div>\n\t\t\t\t\t\t<\/div>\n\t\t\t\t<\/div>\n\t\t\t\t<div class=\"elementor-element elementor-element-cd22ed2 elementor-hidden-desktop elementor-hidden-tablet elementor-hidden-mobile elementor-widget elementor-widget-heading\" data-id=\"cd22ed2\" data-element_type=\"widget\" data-e-type=\"widget\" data-widget_type=\"heading.default\">\n\t\t\t\t<div class=\"elementor-widget-container\">\n\t\t\t\t\t<h2 class=\"elementor-heading-title elementor-size-default\">Chamadas 2022:<\/h2>\t\t\t\t<\/div>\n\t\t\t\t<\/div>\n\t\t\t\t<div class=\"elementor-element elementor-element-40cb453 elementor-hidden-desktop elementor-hidden-tablet elementor-hidden-mobile elementor-widget elementor-widget-accordion\" data-id=\"40cb453\" data-element_type=\"widget\" data-e-type=\"widget\" data-widget_type=\"accordion.default\">\n\t\t\t\t<div class=\"elementor-widget-container\">\n\t\t\t\t\t\t\t<div class=\"elementor-accordion\">\n\t\t\t\t\t\t\t<div class=\"elementor-accordion-item\">\n\t\t\t\t\t<div id=\"elementor-tab-title-6791\" class=\"elementor-tab-title\" data-tab=\"1\" role=\"button\" aria-controls=\"elementor-tab-content-6791\" aria-expanded=\"false\">\n\t\t\t\t\t\t\t\t\t\t\t\t\t<span class=\"elementor-accordion-icon elementor-accordion-icon-left\" aria-hidden=\"true\">\n\t\t\t\t\t\t\t\t\t\t\t\t\t\t\t<span class=\"elementor-accordion-icon-closed\"><i class=\"fas fa-plus\"><\/i><\/span>\n\t\t\t\t\t\t\t\t<span class=\"elementor-accordion-icon-opened\"><i class=\"fas fa-minus\"><\/i><\/span>\n\t\t\t\t\t\t\t\t\t\t\t\t\t\t<\/span>\n\t\t\t\t\t\t\t\t\t\t\t\t<a class=\"elementor-accordion-title\" tabindex=\"0\">EDITAL: MESTRADO EM HIST\u00d3RIA - TURMA 2022<\/a>\n\t\t\t\t\t<\/div>\n\t\t\t\t\t<div id=\"elementor-tab-content-6791\" class=\"elementor-tab-content elementor-clearfix\" data-tab=\"1\" role=\"region\" aria-labelledby=\"elementor-tab-title-6791\"><ol><li><a href=\"http:\/\/www2.unifap.br\/ppgh\/editais\/edital-ppgh-unifap-2022-turma-2022\/\">EDITAL DE SELE\u00c7\u00c3O (TURMA 2022)<\/a><\/li><li><a href=\"https:\/\/www2.unifap.br\/ppgh\/edital-n-01-2022-ppgh-unifap-aviso-01-de-alteracao-no-periodo-de-inscricao-e-outras-datas-do-cronograma\/aviso-01-de-alteracao-do-edital-01-de-2022-do-ppgh_unifap\/\">AVISO 01 DE ALTERA\u00c7\u00c3O DO EDITAL 01 DE 2022 DO PPGH-UNIFAP<\/a><\/li><li><a href=\"http:\/\/www2.unifap.br\/ppgh\/files\/2022\/04\/LISTA-PROVISORIA-DE-INSCRICOES-HOMOLOGADAS-NO-PS-2022-PPGH-UNIFAP.pdf\">LISTA PROVIS\u00d3RIA DE INSCRI\u00c7\u00d5ES HOMOLOGADAS NO PS 2022 PPGH UNIFAP<\/a><\/li><li><a href=\"http:\/\/www2.unifap.br\/ppgh\/files\/2022\/04\/LISTA-DEFINITIVA-DE-INSCRICOES-HOMOLOGADAS-NO-PS-2022-PPGH-UNIFAP.pdf\">LISTA DEFINITIVA DE INSCRI\u00c7\u00d5ES HOMOLOGADAS NO PS 2022 PPGH UNIFAP<\/a><\/li><li><a href=\"http:\/\/www2.unifap.br\/ppgh\/files\/2022\/04\/RESULTADO-PROVISORIO-DA-AVALIACAO-DE-PROJETOS.pdf\">RESULTADO PROVIS\u00d3RIO DE AVALIA\u00c7\u00c3O DE PROJETOS NO PS 2022-PPGH<\/a><\/li><li><a href=\"http:\/\/www2.unifap.br\/ppgh\/files\/2022\/04\/RESULTADO-DEFINITIVO-DA-AVALIACAO-DE-PROJETOS.pdf\">RESULTADO DEFINITIVO DA AVALIA\u00c7\u00c3O DE PROJETOS<\/a><\/li><li><a href=\"http:\/\/www2.unifap.br\/ppgh\/files\/2022\/05\/RESULTADO-PROVISORIO-DA-AVALIACAO-DE-MEMORIAIS.pdf\">RESULTADO PROVIS\u00d3RIO DA AVALIA\u00c7\u00c3O DE MEMORIAIS<\/a><\/li><li><a href=\"http:\/\/www2.unifap.br\/ppgh\/files\/2022\/05\/RESULTADO-DEFINITIVO-DA-AVALIACAO-DE-MEMORIAIS.pdf\">RESULTADO DEFINITIVO DA AVALIA\u00c7\u00c3O DE MEMORIAIS<\/a><\/li><li><a href=\"http:\/\/www2.unifap.br\/ppgh\/files\/2022\/05\/CALENDARIO-DE-ENTREVISTAS.pdf\">CALEND\u00c1RIO DE ENTREVISTAS<\/a><\/li><li><a href=\"http:\/\/www2.unifap.br\/ppgh\/files\/2022\/05\/RESULTADO-PROVISORIO-DAS-ENTREVISTAS.pdf\">RESULTADO PROVIS\u00d3RIO DAS ENTREVISTAS<\/a><\/li><li><a href=\"http:\/\/www2.unifap.br\/ppgh\/files\/2022\/06\/RESULTADO-DAS-ENTREVISTAS-E-DA-PROVA-DE-TITULOS3.pdf\">RESULTADO DEFINITIVO DAS ENTREVISTAS E PROVIS\u00d3RIO DA PROVA DE T\u00cdTULOS (SELE\u00c7\u00c3O 2022 PPGH\/UNIFAP)<\/a><\/li><li><a href=\"http:\/\/www2.unifap.br\/ppgh\/files\/2022\/06\/RESULTADO-PROVISORIO-DO-PS-DO-PPGH_UNIFAP-2022.pdf\">RESULTADO PROVIS\u00d3RIO DO PS DO PPGH_UNIFAP 2022<\/a><\/li><li style=\"font-weight: 400\"><a href=\"http:\/\/www.unifap.br\/editais\/convocacao-para-a-matricula-dos-candidatos-aprovados-no-processo-seletivo-2022-curso-de-mestrado-em-historia-do-programa-de-pos-graduacao-em-historia-ppgh-turma-2022\/\">CHAMADA PARA A MATR\u00cdCULA DOS(AS) APROVADOS(AS) NO PS DO PPGH-UNIFAP (TURMA 2022)<\/a><\/li><\/ol><\/div>\n\t\t\t\t<\/div>\n\t\t\t\t\t\t\t\t<\/div>\n\t\t\t\t\t\t<\/div>\n\t\t\t\t<\/div>\n\t\t\t\t<div class=\"elementor-element elementor-element-72ca59f elementor-hidden-desktop elementor-hidden-tablet elementor-hidden-mobile elementor-widget elementor-widget-heading\" data-id=\"72ca59f\" data-element_type=\"widget\" data-e-type=\"widget\" data-widget_type=\"heading.default\">\n\t\t\t\t<div class=\"elementor-widget-container\">\n\t\t\t\t\t<h2 class=\"elementor-heading-title elementor-size-default\">Chamadas 2021:<\/h2>\t\t\t\t<\/div>\n\t\t\t\t<\/div>\n\t\t\t\t<div class=\"elementor-element elementor-element-9e093f5 elementor-hidden-desktop elementor-hidden-tablet elementor-hidden-mobile elementor-widget elementor-widget-accordion\" data-id=\"9e093f5\" data-element_type=\"widget\" data-e-type=\"widget\" data-widget_type=\"accordion.default\">\n\t\t\t\t<div class=\"elementor-widget-container\">\n\t\t\t\t\t\t\t<div class=\"elementor-accordion\">\n\t\t\t\t\t\t\t<div class=\"elementor-accordion-item\">\n\t\t\t\t\t<div id=\"elementor-tab-title-1651\" class=\"elementor-tab-title\" data-tab=\"1\" role=\"button\" aria-controls=\"elementor-tab-content-1651\" aria-expanded=\"false\">\n\t\t\t\t\t\t\t\t\t\t\t\t\t<span class=\"elementor-accordion-icon elementor-accordion-icon-left\" aria-hidden=\"true\">\n\t\t\t\t\t\t\t\t\t\t\t\t\t\t\t<span class=\"elementor-accordion-icon-closed\"><i class=\"fas fa-plus\"><\/i><\/span>\n\t\t\t\t\t\t\t\t<span class=\"elementor-accordion-icon-opened\"><i class=\"fas fa-minus\"><\/i><\/span>\n\t\t\t\t\t\t\t\t\t\t\t\t\t\t<\/span>\n\t\t\t\t\t\t\t\t\t\t\t\t<a class=\"elementor-accordion-title\" tabindex=\"0\">EDITAL: MESTRADO EM HIST\u00d3RIA - TURMA 2021<\/a>\n\t\t\t\t\t<\/div>\n\t\t\t\t\t<div id=\"elementor-tab-content-1651\" class=\"elementor-tab-content elementor-clearfix\" data-tab=\"1\" role=\"region\" aria-labelledby=\"elementor-tab-title-1651\"><ol><li><a href=\"http:\/\/www2.unifap.br\/ppgh\/files\/2020\/12\/Edital-PPGH-2020-Turma-2021-1.pdf\">EDITAL PROCESSO SELETIVO PPGH \u2013 TURMA 2021<\/a><\/li><li><a href=\"http:\/\/www2.unifap.br\/ppgh\/files\/2021\/01\/Lista-de-inscri%C3%A7%C3%B5es-homologadas-2020-2021.pdf\">LISTA PROVIS\u00d3RIA DE INSCRI\u00c7\u00d5ES HOMOLOGADAS EDITAL PPGH TURMA 2021<\/a><\/li><li><a href=\"http:\/\/www2.unifap.br\/ppgh\/files\/2021\/01\/Lista-definitiva-inscri%C3%A7%C3%B5es-homologadas-2021.pdf\">LISTA DEFINITIVA DE INSCRI\u00c7\u00d5ES HOMOLOGADAS EDITAL PPGH TURMA 2021<\/a><\/li><li><a href=\"http:\/\/www2.unifap.br\/ppgh\/files\/2021\/02\/Lista-provis%C3%B3ria-de-projetos-aprovados-2020-2021.pdf\">LISTA PROVIS\u00d3RIA DE PROJETOS APROVADOS EDITAL PPGH TURMA 2021<\/a><\/li><li><a href=\"http:\/\/www2.unifap.br\/ppgh\/files\/2021\/02\/Lista-definitiva-de-projetos-aprovados-2020-2021.pdf\">LISTA DEFINITIVA DE PROJETOS APROVADOS EDITAL PPGH TURMA 2021<\/a><\/li><li><a href=\"http:\/\/www2.unifap.br\/ppgh\/files\/2021\/02\/Lista-provis%C3%B3ria-de-memoriais-aprovados-2020-2021.pdf\">LISTA PROVIS\u00d3RIA DE MEMORIAIS APROVADOS EDITAL PPGH TURMA 2021<\/a><\/li><li><a href=\"http:\/\/www2.unifap.br\/ppgh\/files\/2021\/02\/Lista-definitiva-de-memoriais-aprovados-PPGH-2020-2021.pdf\">LISTA DEFINITIVA DE MEMORIAIS APROVADOS EDITAL PPGH TURMA 2021<\/a><\/li><li><a href=\"http:\/\/www2.unifap.br\/ppgh\/files\/2021\/02\/Entrevistas-linha-HST-PPGH-2020-2021.pdf\">CALEND\u00c1RIO DE ENTREVISTAS EDITAL PPGH TURMA 2021 \u2013 LINHA HIST\u00d3RIA SOCIAL DO TRABALHO<\/a><\/li><li><a href=\"http:\/\/www2.unifap.br\/ppgh\/files\/2021\/02\/Entrevistas-linha-PMR-PPGH-2020-2021.pdf\">CALEND\u00c1RIO DE ENTREVISTAS EDITAL PPGH TURMA 2021 \u2013 LINHA PODER, MEM\u00d3RIAS E REPRESENTA\u00c7\u00d5ES<\/a><\/li><li><a href=\"http:\/\/www2.unifap.br\/ppgh\/files\/2021\/02\/Lista-provis%C3%B3ria-de-aprovados-na-entrevista-PPGH-turma-2021.pdf\">LISTA PROVIS\u00d3RIA DE APROVADOS NA ENTREVISTA EDITAL PPGH TURMA 2021<\/a><\/li><li><a href=\"http:\/\/www2.unifap.br\/ppgh\/files\/2021\/03\/Lista-definitiva-de-aprovados-na-entrevista-PPGH-2020-Turma-2021.pdf\">LISTA DEFINITIVA DE APROVADOS NA ENTREVISTA EDITAL PPGH TURMA 2021<\/a><\/li><li><a href=\"http:\/\/www2.unifap.br\/ppgh\/files\/2021\/03\/Lista-provis%C3%B3ria-da-prova-de-t%C3%ADtulos-PPGH-2020-2021.pdf\">LISTA PROVIS\u00d3RIA DA PROVA DE T\u00cdTULOS EDITAL PPGH TURMA 2021<\/a><\/li><li><a href=\"http:\/\/www2.unifap.br\/ppgh\/files\/2021\/03\/Lista-definitiva-da-prova-de-t%C3%ADtulos-PPGH-2020-Turma-2021.pdf\">LISTA DEFINITIVA DA PROVA DE T\u00cdTULOS EDITAL PPGH TURMA 2021<\/a><\/li><li><a href=\"http:\/\/www2.unifap.br\/ppgh\/files\/2021\/03\/lista-provis%C3%B3ria-de-aprovados-e-classificados-PPGH-2020-Turma-2021.pdf\">LISTA PROVIS\u00d3RIA DE APROVADOS E CLASSIFICADOS NO PROCESSO SELETIVO PPGH TURMA 2021<\/a><\/li><li style=\"font-weight: 400\"><a href=\"http:\/\/www2.unifap.br\/ppgh\/files\/2021\/03\/Resultado-definitivo-dos-aprovados-e-classificados-PPGH-Turma-2021.pdf\">LISTA DEFINITIVA DE APROVADOS E CLASSIFICADOS NO PROCESSO SELETIVO PPGH TURMA 2021<\/a><\/li><\/ol><\/div>\n\t\t\t\t<\/div>\n\t\t\t\t\t\t\t\t<\/div>\n\t\t\t\t\t\t<\/div>\n\t\t\t\t<\/div>\n\t\t\t\t\t<\/div>\n\t\t<\/div>\n\t\t\t\t\t<\/div>\n\t\t<\/section>\n\t\t\t\t<\/div>\n\t\t","protected":false},"excerpt":{"rendered":"<p>Chamadas de Bolsas CHAMADA 01\/2025: PROCESSO SELETIVO PARA BOLSA DE DEMANDA SOCIAL (CAPES) CHAMADA DO PROCESSO SELETIVO PARA BOLSISTA DE DEMANDA SOCIAL ANEXO I ANEXO II RESULTADO PRELIMINAR RESULTADO FINAL CHAMADA DO PROCESSO SELETIVO PARA EST\u00c1GIO DE P\u00d3S-DOUTORADO 2024 CHAMADA DO PROCESSO SELETIVO PARA EST\u00c1GIO DE P\u00d3S-DOUTORADO ANEXO I &#8211; FICHA DE INSCRI\u00c7\u00c3O BOLSA P\u00d3S-DOC&#8230;<\/p>\n","protected":false},"author":815,"featured_media":0,"parent":2632,"menu_order":0,"comment_status":"closed","ping_status":"closed","template":"","meta":{"inline_featured_image":false,"site-sidebar-layout":"default","site-content-layout":"default","ast-site-content-layout":"full-width-container","site-content-style":"default","site-sidebar-style":"default","ast-global-header-display":"","ast-banner-title-visibility":"","ast-main-header-display":"","ast-hfb-above-header-display":"","ast-hfb-below-header-display":"","ast-hfb-mobile-header-display":"","site-post-title":"","ast-breadcrumbs-content":"","ast-featured-img":"","footer-sml-layout":"","theme-transparent-header-meta":"default","adv-header-id-meta":"","stick-header-meta":"","header-above-stick-meta":"","header-main-stick-meta":"","header-below-stick-meta":"","astra-migrate-meta-layouts":"set","ast-page-background-enabled":"default","ast-page-background-meta":{"desktop":{"background-color":"var(--ast-global-color-4)","background-image":"","background-repeat":"repeat","background-position":"center center","background-size":"auto","background-attachment":"scroll","background-type":"","background-media":"","overlay-type":"","overlay-color":"","overlay-opacity":"","overlay-gradient":""},"tablet":{"background-color":"","background-image":"","background-repeat":"repeat","background-position":"center center","background-size":"auto","background-attachment":"scroll","background-type":"","background-media":"","overlay-type":"","overlay-color":"","overlay-opacity":"","overlay-gradient":""},"mobile":{"background-color":"","background-image":"","background-repeat":"repeat","background-position":"center center","background-size":"auto","background-attachment":"scroll","background-type":"","background-media":"","overlay-type":"","overlay-color":"","overlay-opacity":"","overlay-gradient":""}},"ast-content-background-meta":{"desktop":{"background-color":"var(--ast-global-color-5)","background-image":"","background-repeat":"repeat","background-position":"center center","background-size":"auto","background-attachment":"scroll","background-type":"","background-media":"","overlay-type":"","overlay-color":"","overlay-opacity":"","overlay-gradient":""},"tablet":{"background-color":"var(--ast-global-color-5)","background-image":"","background-repeat":"repeat","background-position":"center center","background-size":"auto","background-attachment":"scroll","background-type":"","background-media":"","overlay-type":"","overlay-color":"","overlay-opacity":"","overlay-gradient":""},"mobile":{"background-color":"var(--ast-global-color-5)","background-image":"","background-repeat":"repeat","background-position":"center center","background-size":"auto","background-attachment":"scroll","background-type":"","background-media":"","overlay-type":"","overlay-color":"","overlay-opacity":"","overlay-gradient":""}},"ngg_post_thumbnail":0,"footnotes":""},"folder":[9],"class_list":["post-2762","page","type-page","status-publish","hentry"],"_links":{"self":[{"href":"https:\/\/www2.unifap.br\/ppgh\/wp-json\/wp\/v2\/pages\/2762","targetHints":{"allow":["GET"]}}],"collection":[{"href":"https:\/\/www2.unifap.br\/ppgh\/wp-json\/wp\/v2\/pages"}],"about":[{"href":"https:\/\/www2.unifap.br\/ppgh\/wp-json\/wp\/v2\/types\/page"}],"author":[{"embeddable":true,"href":"https:\/\/www2.unifap.br\/ppgh\/wp-json\/wp\/v2\/users\/815"}],"replies":[{"embeddable":true,"href":"https:\/\/www2.unifap.br\/ppgh\/wp-json\/wp\/v2\/comments?post=2762"}],"version-history":[{"count":64,"href":"https:\/\/www2.unifap.br\/ppgh\/wp-json\/wp\/v2\/pages\/2762\/revisions"}],"predecessor-version":[{"id":4665,"href":"https:\/\/www2.unifap.br\/ppgh\/wp-json\/wp\/v2\/pages\/2762\/revisions\/4665"}],"up":[{"embeddable":true,"href":"https:\/\/www2.unifap.br\/ppgh\/wp-json\/wp\/v2\/pages\/2632"}],"wp:attachment":[{"href":"https:\/\/www2.unifap.br\/ppgh\/wp-json\/wp\/v2\/media?parent=2762"}],"wp:term":[{"taxonomy":"folder","embeddable":true,"href":"https:\/\/www2.unifap.br\/ppgh\/wp-json\/wp\/v2\/folder?post=2762"}],"curies":[{"name":"wp","href":"https:\/\/api.w.org\/{rel}","templated":true}]}}