{"id":3009,"date":"2023-12-22T02:25:19","date_gmt":"2023-12-22T02:25:19","guid":{"rendered":"https:\/\/www2.unifap.br\/ppgh\/?page_id=3009"},"modified":"2024-12-30T15:59:16","modified_gmt":"2024-12-30T15:59:16","slug":"acoes-afirmativas","status":"publish","type":"page","link":"https:\/\/www2.unifap.br\/ppgh\/ppgh-menu\/acoes-afirmativas\/","title":{"rendered":"A\u00e7\u00f5es Afirmativas"},"content":{"rendered":"\t\t<div data-elementor-type=\"wp-page\" data-elementor-id=\"3009\" class=\"elementor elementor-3009\">\n\t\t\t\t\t\t<section class=\"elementor-section elementor-top-section elementor-element elementor-element-a446a9f elementor-section-boxed elementor-section-height-default elementor-section-height-default\" data-id=\"a446a9f\" data-element_type=\"section\" data-e-type=\"section\" data-settings=\"{&quot;background_background&quot;:&quot;classic&quot;}\">\n\t\t\t\t\t\t\t<div class=\"elementor-background-overlay\"><\/div>\n\t\t\t\t\t\t\t<div class=\"elementor-container elementor-column-gap-default\">\n\t\t\t\t\t<div class=\"elementor-column elementor-col-100 elementor-top-column elementor-element elementor-element-21212ee\" data-id=\"21212ee\" data-element_type=\"column\" data-e-type=\"column\">\n\t\t\t<div class=\"elementor-widget-wrap elementor-element-populated\">\n\t\t\t\t\t\t<div class=\"elementor-element elementor-element-1fc4933 elementor-widget elementor-widget-page-title\" data-id=\"1fc4933\" data-element_type=\"widget\" data-e-type=\"widget\" data-settings=\"{&quot;align_mobile&quot;:&quot;center&quot;}\" data-widget_type=\"page-title.default\">\n\t\t\t\t<div class=\"elementor-widget-container\">\n\t\t\t\t\t\t\t\n\t\t<div class=\"hfe-page-title hfe-page-title-wrapper elementor-widget-heading\">\n\n\t\t\t\t\t\t\t\t<h2 class=\"elementor-heading-title elementor-size-default\">\n\t\t\t\t\t\t\t\t\n\t\t\t\tA\u00e7\u00f5es Afirmativas  \n\t\t\t<\/h2 > \n\t\t\t\t\t<\/div>\n\t\t\t\t\t\t<\/div>\n\t\t\t\t<\/div>\n\t\t\t\t<div class=\"elementor-element elementor-element-28a2862 elementor-widget__width-inherit elementor-widget-divider--view-line elementor-widget elementor-widget-divider\" data-id=\"28a2862\" data-element_type=\"widget\" data-e-type=\"widget\" data-widget_type=\"divider.default\">\n\t\t\t\t<div class=\"elementor-widget-container\">\n\t\t\t\t\t\t\t<div class=\"elementor-divider\">\n\t\t\t<span class=\"elementor-divider-separator\">\n\t\t\t\t\t\t<\/span>\n\t\t<\/div>\n\t\t\t\t\t\t<\/div>\n\t\t\t\t<\/div>\n\t\t\t\t<div class=\"elementor-element elementor-element-e4cd6ab elementor-widget elementor-widget-accordion\" data-id=\"e4cd6ab\" data-element_type=\"widget\" data-e-type=\"widget\" data-widget_type=\"accordion.default\">\n\t\t\t\t<div class=\"elementor-widget-container\">\n\t\t\t\t\t\t\t<div class=\"elementor-accordion\">\n\t\t\t\t\t\t\t<div class=\"elementor-accordion-item\">\n\t\t\t\t\t<div id=\"elementor-tab-title-2391\" class=\"elementor-tab-title\" data-tab=\"1\" role=\"button\" aria-controls=\"elementor-tab-content-2391\" aria-expanded=\"false\">\n\t\t\t\t\t\t\t\t\t\t\t\t\t<span class=\"elementor-accordion-icon elementor-accordion-icon-left\" aria-hidden=\"true\">\n\t\t\t\t\t\t\t\t\t\t\t\t\t\t\t<span class=\"elementor-accordion-icon-closed\"><i class=\"fas fa-plus\"><\/i><\/span>\n\t\t\t\t\t\t\t\t<span class=\"elementor-accordion-icon-opened\"><i class=\"fas fa-minus\"><\/i><\/span>\n\t\t\t\t\t\t\t\t\t\t\t\t\t\t<\/span>\n\t\t\t\t\t\t\t\t\t\t\t\t<a class=\"elementor-accordion-title\" tabindex=\"0\">Pol\u00edtica de A\u00e7\u00f5es Afirmativas (PAAf) da Universidade Federal do Amap\u00e1 (Unifap)<\/a>\n\t\t\t\t\t<\/div>\n\t\t\t\t\t<div id=\"elementor-tab-content-2391\" class=\"elementor-tab-content elementor-clearfix\" data-tab=\"1\" role=\"region\" aria-labelledby=\"elementor-tab-title-2391\"><p style=\"text-align: justify\">Segundo a Resolu\u00e7\u00e3o n. 21, de 13 de dezembro de 2022, a Pol\u00edtica de A\u00e7\u00f5es Afirmativas (PAAf) da Universidade Federal do Amap\u00e1 volta-se a sujeitos historicamente exclu\u00eddos em decorr\u00eancia de situa\u00e7\u00e3o socioecon\u00f4mica; por quest\u00e3o de identidade \u00e9tnico-racial ou de g\u00eanero; por terem algum tipo de defici\u00eancia; por serem pessoas do campo; ou ainda por estarem em condi\u00e7\u00e3o de vulnerabilidade, em fun\u00e7\u00e3o de deslocamento for\u00e7ado ou de fluxo migrat\u00f3rio internacional.<\/p>\n<p style=\"text-align: justify\">A Resolu\u00e7\u00e3o n. 21 estabelece em seu Art. 5\u00ba que s\u00e3o objetivos da Pol\u00edtica de A\u00e7\u00f5es Afirmativas da Unifap:<\/p>\n<p style=\"text-align: justify\">I &#8211; criar mecanismos para atender \u00e0 legisla\u00e7\u00e3o brasileira, bem como aos pactos e compromissos internacionais dos quais o Brasil seja signat\u00e1rio, voltados \u00e0 garantia de Direitos Humanos dos mais diversos grupos, povos, comunidades e segmentos sociais;<\/p>\n<p style=\"text-align: justify\">II &#8211; promover cultura de respeito \u00e0s diferen\u00e7as, \u00e0 cidadania e ao direito ao acesso e perman\u00eancia na Educa\u00e7\u00e3o Superior p\u00fablica por segmentos sociais exclu\u00eddos ou vulnerabilizados em sua trajet\u00f3ria hist\u00f3rica, em fun\u00e7\u00e3o de condi\u00e7\u00e3o socioecon\u00f4mica, cultural, intelectual e\/ou f\u00edsico-motora, por identidade de g\u00eanero e\/ou \u00e9tnico-racial, ou ainda por causa de deslocamento for\u00e7ado ou de fluxo migrat\u00f3rio internacional.<\/p>\n<p style=\"text-align: justify\">III &#8211; institucionalizar, de modo planejado, a\u00e7\u00f5es afirmativas que privilegiem o conjunto da comunidade universit\u00e1ria em rela\u00e7\u00e3o \u00e0 tr\u00edade Ensino, Pesquisa e Extens\u00e3o, atentando \u00e0 necessidade de articula\u00e7\u00e3o, monitoramento e avalia\u00e7\u00e3o das a\u00e7\u00f5es implementadas.<\/p>\n<p style=\"text-align: justify\">A mesma Resolu\u00e7\u00e3o institui no seu Art. 6\u00ba os seguintes instrumentos institucionais de (re)formula\u00e7\u00e3o, execu\u00e7\u00e3o e avalia\u00e7\u00e3o da Pol\u00edtica de A\u00e7\u00f5es Afirmativas da Unifap:<\/p>\n<p style=\"text-align: justify\">I &#8211; Superintend\u00eancia de Pol\u00edticas Afirmativas e de Direitos Humanos (SUPADH) que dever\u00e1 ser criado pela UNIFAP, com a finalidade de gerir a Pol\u00edtica de A\u00e7\u00f5es Afirmativas;<\/p>\n<p style=\"text-align: justify\">II &#8211; Comiss\u00e3o Permanente de A\u00e7\u00f5es Afirmativas (CPAA), de composi\u00e7\u00e3o parit\u00e1ria e car\u00e1ter consultivo, integrada por docentes, t\u00e9cnico-administrativos e discentes, membros de \u00d3rg\u00e3os p\u00fablicos, Organiza\u00e7\u00f5es n\u00e3o-Governamentais, movimentos sociais, redes e articula\u00e7\u00f5es civis, cabendo-lhe acompanhar e avaliar as a\u00e7\u00f5es afirmativas, bem como emitir sugest\u00e3o no sentido de aperfei\u00e7o\u00e1-las;<\/p>\n<p style=\"text-align: justify\">III &#8211; Plano Institucional de Pol\u00edticas Afirmativas, de dura\u00e7\u00e3o quadrienal, estruturado com a\u00e7\u00f5es, metas e estrat\u00e9gias de realiza\u00e7\u00e3o, nas \u00e1reas de Ensino, Pesquisa e Extens\u00e3o, configurado como mecanismo de gest\u00e3o da PAAf;<\/p>\n<p style=\"text-align: justify\">IV &#8211; Processo Seletivo Diferenciado (PSD), destinado a pessoas pertencentes a coletivos previstos nesta Resolu\u00e7\u00e3o, que venham a concorrer na categoria de cotas supranum\u00e9ricas, previstas no Art. 11, inciso II e Art. 13, inciso II desta normativa;<\/p>\n<p style=\"text-align: justify\">V &#8211; Banco de Dados de Cotistas (BDC), a ser atualizado permanentemente com o perfil dos cotistas da UNIFAP, de modo a retratar n\u00e3o s\u00f3 aspectos relativos \u00e0 condi\u00e7\u00e3o que lhes permitiu o ingresso na Educa\u00e7\u00e3o Superior, como tamb\u00e9m o n\u00edvel de desempenho observado na trajet\u00f3ria estudantil, dentre outras informa\u00e7\u00f5es relevantes de sua vida acad\u00eamica, bem como da vida p\u00f3s-Universidade, quando o cotista alcan\u00e7a o <em>status <\/em>de egresso.<\/p><\/div>\n\t\t\t\t<\/div>\n\t\t\t\t\t\t\t<div class=\"elementor-accordion-item\">\n\t\t\t\t\t<div id=\"elementor-tab-title-2392\" class=\"elementor-tab-title\" data-tab=\"2\" role=\"button\" aria-controls=\"elementor-tab-content-2392\" aria-expanded=\"false\">\n\t\t\t\t\t\t\t\t\t\t\t\t\t<span class=\"elementor-accordion-icon elementor-accordion-icon-left\" aria-hidden=\"true\">\n\t\t\t\t\t\t\t\t\t\t\t\t\t\t\t<span class=\"elementor-accordion-icon-closed\"><i class=\"fas fa-plus\"><\/i><\/span>\n\t\t\t\t\t\t\t\t<span class=\"elementor-accordion-icon-opened\"><i class=\"fas fa-minus\"><\/i><\/span>\n\t\t\t\t\t\t\t\t\t\t\t\t\t\t<\/span>\n\t\t\t\t\t\t\t\t\t\t\t\t<a class=\"elementor-accordion-title\" tabindex=\"0\">A\u00e7\u00f5es de acesso e perman\u00eancia do PPGH\/Unifap voltadas a grupos historicamente vulnerabilizados<\/a>\n\t\t\t\t\t<\/div>\n\t\t\t\t\t<div id=\"elementor-tab-content-2392\" class=\"elementor-tab-content elementor-clearfix\" data-tab=\"2\" role=\"region\" aria-labelledby=\"elementor-tab-title-2392\"><p style=\"text-align: justify\">Em todos os seus processos seletivos para ingresso de turmas novas o PPGH tem garantido cotas a grupos historicamente vulnerabilizados. Nesse sentido, os editais que at\u00e9 ent\u00e3o regeram tais processos t\u00eam trazido o seguido item: \u201cDentre as vagas ofertadas neste certame 1 (uma) est\u00e1 reservada para Pessoas Pretas, Pardas, Quilombolas, 1 (uma) para Pessoas Ind\u00edgenas, 1 (uma) para Pessoa com Defici\u00eancia e 1 (uma) para Pessoa Trans (Transexuais ou travestis), conforme estabelecido pela Resolu\u00e7\u00e3o n. 21\/2022, de 13 de dezembro de 2022, que rege a Pol\u00edtica de A\u00e7\u00f5es Afirmativas da Universidade Federal do Amap\u00e1\u201d.<\/p><p style=\"text-align: justify\"><span style=\"font-style: inherit;font-weight: inherit;font-family: var( --e-global-typography-secondary-font-family ), Sans-serif;text-align: start\">Em 2024, o Programa lan\u00e7ou o Edital de sele\u00e7\u00e3o diferenciada para vagas supranum\u00e9ricas do seu Curso de Mestrado (Turma 2024), em respeito ao que determina a Pol\u00edtica de A\u00e7\u00f5es Afirmativas da Unifap, especialmente no Inciso II do Artigo 13 da Resolu\u00e7\u00e3o n.\u00ba 21\/2022:\u00a0 \u201cno m\u00ednimo 2 vagas, da categoria supranum\u00e9rica, ser\u00e3o ofertadas em cada Curso\/Programa e destinadas especialmente a candidatos ind\u00edgenas, quilombolas, pessoas Trans, popula\u00e7\u00f5es do campo, pessoas em situa\u00e7\u00e3o de deslocamento for\u00e7ado\/migrantes internacionais, em fun\u00e7\u00e3o de suas especificidades identit\u00e1rias.\u201d<\/span><\/p><p style=\"text-align: justify\">Em 2023, o PPGH, juntamente com outros tr\u00eas programas de p\u00f3s-gradua\u00e7\u00e3o da Unifap (PPGEO, PPGED e PPGLET), come\u00e7ou a implementar o projeto <em>Educa\u00e7\u00e3o na Amaz\u00f4nia amapaense: p\u00f3s-gradua\u00e7\u00e3o, forma\u00e7\u00e3o humana e inser\u00e7\u00e3o social<\/em>, com financiamento da Funda\u00e7\u00e3o de Amparo a Pesquisa do Estado do Amap\u00e1 (Fapeap) e da Capes. Tal projeto pretende fortalecer os Programas de P\u00f3s-Gradua\u00e7\u00e3o envolvidos, com a amplia\u00e7\u00e3o da inser\u00e7\u00e3o social, a partir da produ\u00e7\u00e3o e socializa\u00e7\u00e3o de conhecimentos cient\u00edficos, culturais, sociais e educacionais voltados \u00e0s demandas dos povos origin\u00e1rios, popula\u00e7\u00f5es tradicionais e grupos em situa\u00e7\u00e3o de vulnerabilidade na Amaz\u00f4nia amapaense.<\/p><p style=\"text-align: justify\">O projeto prev\u00ea, dentre outras a\u00e7\u00f5es, a concess\u00e3o de 20 bolsas de mestrado, que ter\u00e3o impacto positivo direto na perman\u00eancia de discentes em situa\u00e7\u00e3o de vulnerabilidade social. Al\u00e9m de conceder 5 dessas bolsas Fapeap-Capes, o PPGH oferece atualmente 4 bolsas Capes de Demanda Social a estudantes com baixa renda per capita familiar.<\/p><\/div>\n\t\t\t\t<\/div>\n\t\t\t\t\t\t\t\t<\/div>\n\t\t\t\t\t\t<\/div>\n\t\t\t\t<\/div>\n\t\t\t\t\t<\/div>\n\t\t<\/div>\n\t\t\t\t\t<\/div>\n\t\t<\/section>\n\t\t\t\t<\/div>\n\t\t","protected":false},"excerpt":{"rendered":"<p>A\u00e7\u00f5es Afirmativas Pol\u00edtica de A\u00e7\u00f5es Afirmativas (PAAf) da Universidade Federal do Amap\u00e1 (Unifap) Segundo a Resolu\u00e7\u00e3o n. 21, de 13 de dezembro de 2022, a Pol\u00edtica de A\u00e7\u00f5es Afirmativas (PAAf) da Universidade Federal do Amap\u00e1 volta-se a sujeitos historicamente exclu\u00eddos em decorr\u00eancia de situa\u00e7\u00e3o socioecon\u00f4mica; por quest\u00e3o de identidade \u00e9tnico-racial ou de g\u00eanero; por terem&#8230;<\/p>\n","protected":false},"author":815,"featured_media":0,"parent":1868,"menu_order":0,"comment_status":"closed","ping_status":"closed","template":"","meta":{"inline_featured_image":false,"site-sidebar-layout":"no-sidebar","site-content-layout":"page-builder","ast-site-content-layout":"full-width-container","site-content-style":"unboxed","site-sidebar-style":"unboxed","ast-global-header-display":"","ast-banner-title-visibility":"","ast-main-header-display":"","ast-hfb-above-header-display":"","ast-hfb-below-header-display":"","ast-hfb-mobile-header-display":"","site-post-title":"disabled","ast-breadcrumbs-content":"","ast-featured-img":"disabled","footer-sml-layout":"","theme-transparent-header-meta":"default","adv-header-id-meta":"","stick-header-meta":"","header-above-stick-meta":"","header-main-stick-meta":"","header-below-stick-meta":"","astra-migrate-meta-layouts":"set","ast-page-background-enabled":"default","ast-page-background-meta":{"desktop":{"background-color":"var(--ast-global-color-4)","background-image":"","background-repeat":"repeat","background-position":"center center","background-size":"auto","background-attachment":"scroll","background-type":"","background-media":"","overlay-type":"","overlay-color":"","overlay-opacity":"","overlay-gradient":""},"tablet":{"background-color":"","background-image":"","background-repeat":"repeat","background-position":"center center","background-size":"auto","background-attachment":"scroll","background-type":"","background-media":"","overlay-type":"","overlay-color":"","overlay-opacity":"","overlay-gradient":""},"mobile":{"background-color":"","background-image":"","background-repeat":"repeat","background-position":"center center","background-size":"auto","background-attachment":"scroll","background-type":"","background-media":"","overlay-type":"","overlay-color":"","overlay-opacity":"","overlay-gradient":""}},"ast-content-background-meta":{"desktop":{"background-color":"var(--ast-global-color-5)","background-image":"","background-repeat":"repeat","background-position":"center center","background-size":"auto","background-attachment":"scroll","background-type":"","background-media":"","overlay-type":"","overlay-color":"","overlay-opacity":"","overlay-gradient":""},"tablet":{"background-color":"var(--ast-global-color-5)","background-image":"","background-repeat":"repeat","background-position":"center center","background-size":"auto","background-attachment":"scroll","background-type":"","background-media":"","overlay-type":"","overlay-color":"","overlay-opacity":"","overlay-gradient":""},"mobile":{"background-color":"var(--ast-global-color-5)","background-image":"","background-repeat":"repeat","background-position":"center center","background-size":"auto","background-attachment":"scroll","background-type":"","background-media":"","overlay-type":"","overlay-color":"","overlay-opacity":"","overlay-gradient":""}},"ngg_post_thumbnail":0,"footnotes":""},"folder":[6],"class_list":["post-3009","page","type-page","status-publish","hentry"],"_links":{"self":[{"href":"https:\/\/www2.unifap.br\/ppgh\/wp-json\/wp\/v2\/pages\/3009","targetHints":{"allow":["GET"]}}],"collection":[{"href":"https:\/\/www2.unifap.br\/ppgh\/wp-json\/wp\/v2\/pages"}],"about":[{"href":"https:\/\/www2.unifap.br\/ppgh\/wp-json\/wp\/v2\/types\/page"}],"author":[{"embeddable":true,"href":"https:\/\/www2.unifap.br\/ppgh\/wp-json\/wp\/v2\/users\/815"}],"replies":[{"embeddable":true,"href":"https:\/\/www2.unifap.br\/ppgh\/wp-json\/wp\/v2\/comments?post=3009"}],"version-history":[{"count":18,"href":"https:\/\/www2.unifap.br\/ppgh\/wp-json\/wp\/v2\/pages\/3009\/revisions"}],"predecessor-version":[{"id":4166,"href":"https:\/\/www2.unifap.br\/ppgh\/wp-json\/wp\/v2\/pages\/3009\/revisions\/4166"}],"up":[{"embeddable":true,"href":"https:\/\/www2.unifap.br\/ppgh\/wp-json\/wp\/v2\/pages\/1868"}],"wp:attachment":[{"href":"https:\/\/www2.unifap.br\/ppgh\/wp-json\/wp\/v2\/media?parent=3009"}],"wp:term":[{"taxonomy":"folder","embeddable":true,"href":"https:\/\/www2.unifap.br\/ppgh\/wp-json\/wp\/v2\/folder?post=3009"}],"curies":[{"name":"wp","href":"https:\/\/api.w.org\/{rel}","templated":true}]}}