{"id":3408,"date":"2024-01-17T18:38:11","date_gmt":"2024-01-17T18:38:11","guid":{"rendered":"https:\/\/www2.unifap.br\/ppgh\/?page_id=3408"},"modified":"2025-01-08T19:37:08","modified_gmt":"2025-01-08T19:37:08","slug":"gruposdepesquisa","status":"publish","type":"page","link":"https:\/\/www2.unifap.br\/ppgh\/docente\/gruposdepesquisa\/","title":{"rendered":"Grupos de Pesquisa"},"content":{"rendered":"\t\t<div data-elementor-type=\"wp-post\" data-elementor-id=\"3408\" class=\"elementor elementor-3408\">\n\t\t\t\t\t\t<section class=\"elementor-section elementor-top-section elementor-element elementor-element-e47f4ec elementor-section-boxed elementor-section-height-default elementor-section-height-default\" data-id=\"e47f4ec\" data-element_type=\"section\" data-e-type=\"section\" data-settings=\"{&quot;background_background&quot;:&quot;classic&quot;}\">\n\t\t\t\t\t\t\t<div class=\"elementor-background-overlay\"><\/div>\n\t\t\t\t\t\t\t<div class=\"elementor-container elementor-column-gap-default\">\n\t\t\t\t\t<div class=\"elementor-column elementor-col-100 elementor-top-column elementor-element elementor-element-7df1c21\" data-id=\"7df1c21\" data-element_type=\"column\" data-e-type=\"column\">\n\t\t\t<div class=\"elementor-widget-wrap elementor-element-populated\">\n\t\t\t\t\t\t<div class=\"elementor-element elementor-element-8e6a726 elementor-widget elementor-widget-page-title\" data-id=\"8e6a726\" data-element_type=\"widget\" data-e-type=\"widget\" data-widget_type=\"page-title.default\">\n\t\t\t\t<div class=\"elementor-widget-container\">\n\t\t\t\t\t\t\t\n\t\t<div class=\"hfe-page-title hfe-page-title-wrapper elementor-widget-heading\">\n\n\t\t\t\t\t\t\t\t<h2 class=\"elementor-heading-title elementor-size-default\">\n\t\t\t\t\t\t\t\t\n\t\t\t\tGrupos de Pesquisa  \n\t\t\t<\/h2 > \n\t\t\t\t\t<\/div>\n\t\t\t\t\t\t<\/div>\n\t\t\t\t<\/div>\n\t\t\t\t<div class=\"elementor-element elementor-element-cbf3767 elementor-widget__width-inherit elementor-widget-divider--view-line elementor-widget elementor-widget-divider\" data-id=\"cbf3767\" data-element_type=\"widget\" data-e-type=\"widget\" data-widget_type=\"divider.default\">\n\t\t\t\t<div class=\"elementor-widget-container\">\n\t\t\t\t\t\t\t<div class=\"elementor-divider\">\n\t\t\t<span class=\"elementor-divider-separator\">\n\t\t\t\t\t\t<\/span>\n\t\t<\/div>\n\t\t\t\t\t\t<\/div>\n\t\t\t\t<\/div>\n\t\t\t\t<div class=\"elementor-element elementor-element-70242a6 elementor-widget elementor-widget-accordion\" data-id=\"70242a6\" data-element_type=\"widget\" data-e-type=\"widget\" data-widget_type=\"accordion.default\">\n\t\t\t\t<div class=\"elementor-widget-container\">\n\t\t\t\t\t\t\t<div class=\"elementor-accordion\">\n\t\t\t\t\t\t\t<div class=\"elementor-accordion-item\">\n\t\t\t\t\t<div id=\"elementor-tab-title-1171\" class=\"elementor-tab-title\" data-tab=\"1\" role=\"button\" aria-controls=\"elementor-tab-content-1171\" aria-expanded=\"false\">\n\t\t\t\t\t\t\t\t\t\t\t\t\t<span class=\"elementor-accordion-icon elementor-accordion-icon-left\" aria-hidden=\"true\">\n\t\t\t\t\t\t\t\t\t\t\t\t\t\t\t<span class=\"elementor-accordion-icon-closed\"><i class=\"fas fa-plus\"><\/i><\/span>\n\t\t\t\t\t\t\t\t<span class=\"elementor-accordion-icon-opened\"><i class=\"fas fa-minus\"><\/i><\/span>\n\t\t\t\t\t\t\t\t\t\t\t\t\t\t<\/span>\n\t\t\t\t\t\t\t\t\t\t\t\t<a class=\"elementor-accordion-title\" tabindex=\"0\">Laborat\u00f3rio de Estudos da Hist\u00f3ria Social do Trabalho na Amaz\u00f4nia (Lehstam)<\/a>\n\t\t\t\t\t<\/div>\n\t\t\t\t\t<div id=\"elementor-tab-content-1171\" class=\"elementor-tab-content elementor-clearfix\" data-tab=\"1\" role=\"region\" aria-labelledby=\"elementor-tab-title-1171\"><p>L\u00edder do Grupo: Dr. Sidney Lobato<\/p><p>Link de acesso:\u00a0<a style=\"font-family: var( --e-global-typography-secondary-font-family ), Sans-serif;font-weight: var( --e-global-typography-secondary-font-weight );font-size: 1rem\" href=\"https:\/\/dgp.cnpq.br\/dgp\/espelhogrupo\/4607370323222980\" target=\"_blank\" rel=\"noopener\">https:\/\/dgp.cnpq.br\/dgp\/espelhogrupo\/4607370323222980<\/a><\/p><p>Membros docentes do PPGH:<\/p><ul><li>Dr. Adalberto J\u00fanior Ferreira Paz<\/li><li>Dra.\u00a0Lara Vanessa de Castro Ferreira<\/li><li>Dr. Paulo Marcelo Cambraia da Costa<\/li><\/ul><p>Membros discentes do PPGH:<\/p><ul><li style=\"font-size: 16px;font-style: normal;font-weight: 500\">Amanda Cristina Souza da Silva<\/li><li><span style=\"font-family: var( --e-global-typography-secondary-font-family ), Sans-serif\">Francinei Almeida da Costa<\/span><\/li><li>Higor Railan de Jesus Pereira<\/li><li>Hugo Matheus Rocha Aguiar<\/li><li>Karla Menezes Almeida<\/li><li>Karoline Veloso de Oliveira<\/li><li>Jackeline Duarte de Freitas Oliveira<\/li><li>Jos\u00e9 Luis dos Santos Leal<\/li><li>J\u00falio C\u00e9zar Ruela Gama<\/li><li><span style=\"font-family: var( --e-global-typography-secondary-font-family ), Sans-serif;font-style: inherit;font-weight: inherit\">Lyandra Beatriz Mendes Monteiro<\/span><\/li><li>Marlos Vin\u00edcius Gama de Matos<\/li><li>Na\u00edsa da Concei\u00e7\u00e3o Ferreira Batista<\/li><li>Poliane Conrado de Lima<\/li><\/ul><\/div>\n\t\t\t\t<\/div>\n\t\t\t\t\t\t\t<div class=\"elementor-accordion-item\">\n\t\t\t\t\t<div id=\"elementor-tab-title-1172\" class=\"elementor-tab-title\" data-tab=\"2\" role=\"button\" aria-controls=\"elementor-tab-content-1172\" aria-expanded=\"false\">\n\t\t\t\t\t\t\t\t\t\t\t\t\t<span class=\"elementor-accordion-icon elementor-accordion-icon-left\" aria-hidden=\"true\">\n\t\t\t\t\t\t\t\t\t\t\t\t\t\t\t<span class=\"elementor-accordion-icon-closed\"><i class=\"fas fa-plus\"><\/i><\/span>\n\t\t\t\t\t\t\t\t<span class=\"elementor-accordion-icon-opened\"><i class=\"fas fa-minus\"><\/i><\/span>\n\t\t\t\t\t\t\t\t\t\t\t\t\t\t<\/span>\n\t\t\t\t\t\t\t\t\t\t\t\t<a class=\"elementor-accordion-title\" tabindex=\"0\">Grupo de Estudos Coloniais Amaz\u00f4nicos<\/a>\n\t\t\t\t\t<\/div>\n\t\t\t\t\t<div id=\"elementor-tab-content-1172\" class=\"elementor-tab-content elementor-clearfix\" data-tab=\"2\" role=\"region\" aria-labelledby=\"elementor-tab-title-1172\"><p>\u00a0<\/p><p style=\"font-size: 16px;font-style: normal;font-weight: 500\">L\u00edder do Grupo: Dr. Paulo Marcelo Cambraia da Costa<\/p><p style=\"font-size: 16px;font-style: normal;font-weight: 500\">Link de acesso:\u00a0<a style=\"font-family: var( --e-global-typography-secondary-font-family ), Sans-serif;font-weight: var( --e-global-typography-secondary-font-weight );font-size: 1rem\" href=\"https:\/\/dgp.cnpq.br\/dgp\/espelhogrupo\/5543057505781625\" target=\"_blank\" rel=\"noopener\">https:\/\/dgp.cnpq.br\/dgp\/espelhogrupo\/5543057505781625<\/a><\/p><p style=\"font-size: 16px;font-style: normal;font-weight: 500\"><span style=\"font-family: var( --e-global-typography-secondary-font-family ), Sans-serif\">Membros discentes do PPGH:<\/span><\/p><ul><li>Adolfo Ricardo Monteiro de Menezes<\/li><\/ul><\/div>\n\t\t\t\t<\/div>\n\t\t\t\t\t\t\t<div class=\"elementor-accordion-item\">\n\t\t\t\t\t<div id=\"elementor-tab-title-1173\" class=\"elementor-tab-title\" data-tab=\"3\" role=\"button\" aria-controls=\"elementor-tab-content-1173\" aria-expanded=\"false\">\n\t\t\t\t\t\t\t\t\t\t\t\t\t<span class=\"elementor-accordion-icon elementor-accordion-icon-left\" aria-hidden=\"true\">\n\t\t\t\t\t\t\t\t\t\t\t\t\t\t\t<span class=\"elementor-accordion-icon-closed\"><i class=\"fas fa-plus\"><\/i><\/span>\n\t\t\t\t\t\t\t\t<span class=\"elementor-accordion-icon-opened\"><i class=\"fas fa-minus\"><\/i><\/span>\n\t\t\t\t\t\t\t\t\t\t\t\t\t\t<\/span>\n\t\t\t\t\t\t\t\t\t\t\t\t<a class=\"elementor-accordion-title\" tabindex=\"0\">Grupo de Pesquisa e Extens\u00e3o Sobre Terra e Territ\u00f3rio na Amaz\u00f4nia<\/a>\n\t\t\t\t\t<\/div>\n\t\t\t\t\t<div id=\"elementor-tab-content-1173\" class=\"elementor-tab-content elementor-clearfix\" data-tab=\"3\" role=\"region\" aria-labelledby=\"elementor-tab-title-1173\"><p style=\"font-size: 16px;font-style: normal;font-weight: 500\">L\u00edder do Grupo: Dra. Patr\u00edcia Rocha Chaves<\/p><p style=\"font-size: 16px;font-style: normal;font-weight: 500\">Link de acesso:\u00a0<a style=\"font-family: var( --e-global-typography-secondary-font-family ), Sans-serif;font-weight: var( --e-global-typography-secondary-font-weight );font-size: 1rem\" href=\"https:\/\/dgp.cnpq.br\/dgp\/espelhogrupo\/0242382914784158\" target=\"_blank\" rel=\"noopener\">https:\/\/dgp.cnpq.br\/dgp\/espelhogrupo\/0242382914784158<\/a><\/p><p style=\"font-size: 16px;font-style: normal;font-weight: 500\">Membros docentes do PPGH:<\/p><ul style=\"font-size: 16px;font-style: normal;font-weight: 500;margin-bottom: 1.5em;margin-left: 3em\"><li style=\"font-size: 16px\">Dr. Paulo Marcelo Cambraia da Costa<\/li><li style=\"font-size: 16px\">Dr. Sidney Lobato<\/li><\/ul><p style=\"font-size: 16px;font-style: normal;font-weight: 500\">Membros discentes do PPGH:<\/p><ul><li style=\"font-size: 16px;font-style: normal;font-weight: 500\"><span style=\"font-style: inherit;font-weight: inherit;font-family: var( --e-global-typography-secondary-font-family ), Sans-serif\">Higor Railan de Jesus Pereira<\/span><\/li><\/ul><\/div>\n\t\t\t\t<\/div>\n\t\t\t\t\t\t\t<div class=\"elementor-accordion-item\">\n\t\t\t\t\t<div id=\"elementor-tab-title-1174\" class=\"elementor-tab-title\" data-tab=\"4\" role=\"button\" aria-controls=\"elementor-tab-content-1174\" aria-expanded=\"false\">\n\t\t\t\t\t\t\t\t\t\t\t\t\t<span class=\"elementor-accordion-icon elementor-accordion-icon-left\" aria-hidden=\"true\">\n\t\t\t\t\t\t\t\t\t\t\t\t\t\t\t<span class=\"elementor-accordion-icon-closed\"><i class=\"fas fa-plus\"><\/i><\/span>\n\t\t\t\t\t\t\t\t<span class=\"elementor-accordion-icon-opened\"><i class=\"fas fa-minus\"><\/i><\/span>\n\t\t\t\t\t\t\t\t\t\t\t\t\t\t<\/span>\n\t\t\t\t\t\t\t\t\t\t\t\t<a class=\"elementor-accordion-title\" tabindex=\"0\">Desenvolvimento rural sustent\u00e1vel no espa\u00e7o amapaense<\/a>\n\t\t\t\t\t<\/div>\n\t\t\t\t\t<div id=\"elementor-tab-content-1174\" class=\"elementor-tab-content elementor-clearfix\" data-tab=\"4\" role=\"region\" aria-labelledby=\"elementor-tab-title-1174\"><p style=\"font-size: 16px;font-style: normal;font-weight: 500\">L\u00edder do Grupo: Dr.&nbsp;Roni Mayer Lomba e Dr.&nbsp;Antonio Sergio Monteiro Filocre\u00e3o<\/p>\n<p style=\"font-size: 16px;font-style: normal;font-weight: 500\">Link de acesso:&nbsp;<a href=\"https:\/\/dgp.cnpq.br\/dgp\/espelhogrupo\/0171498633394332\" target=\"_blank\" style=\"font-family: var( --e-global-typography-secondary-font-family ), Sans-serif;font-weight: var( --e-global-typography-secondary-font-weight );font-size: 1rem\">https:\/\/dgp.cnpq.br\/dgp\/espelhogrupo\/0171498633394332<\/a><\/p><ul style=\"font-size: 16px;font-style: normal;font-weight: 500\"><li style=\"font-size: 16px;list-style-type: none\"><ul style=\"font-size: 16px;margin-bottom: 1.5em;margin-left: 3em\">\n<\/ul>\n<\/li>\n<\/ul><\/div>\n\t\t\t\t<\/div>\n\t\t\t\t\t\t\t<div class=\"elementor-accordion-item\">\n\t\t\t\t\t<div id=\"elementor-tab-title-1175\" class=\"elementor-tab-title\" data-tab=\"5\" role=\"button\" aria-controls=\"elementor-tab-content-1175\" aria-expanded=\"false\">\n\t\t\t\t\t\t\t\t\t\t\t\t\t<span class=\"elementor-accordion-icon elementor-accordion-icon-left\" aria-hidden=\"true\">\n\t\t\t\t\t\t\t\t\t\t\t\t\t\t\t<span class=\"elementor-accordion-icon-closed\"><i class=\"fas fa-plus\"><\/i><\/span>\n\t\t\t\t\t\t\t\t<span class=\"elementor-accordion-icon-opened\"><i class=\"fas fa-minus\"><\/i><\/span>\n\t\t\t\t\t\t\t\t\t\t\t\t\t\t<\/span>\n\t\t\t\t\t\t\t\t\t\t\t\t<a class=\"elementor-accordion-title\" tabindex=\"0\">Centro de Estudos de Religi\u00e3o, Religiosidades e Politicas P\u00fablicas (Cepres)<\/a>\n\t\t\t\t\t<\/div>\n\t\t\t\t\t<div id=\"elementor-tab-content-1175\" class=\"elementor-tab-content elementor-clearfix\" data-tab=\"5\" role=\"region\" aria-labelledby=\"elementor-tab-title-1175\"><p style=\"font-size: 16px;font-style: normal;font-weight: 500\">L\u00edder do Grupo: Dr.&nbsp;Marcos Vinicius de Freitas Reis<\/p>\n<p style=\"font-size: 16px;font-style: normal;font-weight: 500\">Link de acesso:&nbsp;<a href=\"https:\/\/dgp.cnpq.br\/dgp\/espelhogrupo\/4546267947113124\" target=\"_blank\" style=\"font-family: var( --e-global-typography-secondary-font-family ), Sans-serif;font-weight: var( --e-global-typography-secondary-font-weight );font-size: 1rem\">https:\/\/dgp.cnpq.br\/dgp\/espelhogrupo\/4546267947113124<\/a><\/p>\n<p style=\"font-size: 16px;font-style: normal;font-weight: 500\">Membros docentes do PPGH:<\/p>\n<ul style=\"font-size: 16px;font-style: normal;font-weight: 500\">\n<li style=\"font-size: 16px\">Dra. Fernanda Cristina da Encarna\u00e7\u00e3o dos Santos<\/li>\n<\/ul>\n<p style=\"font-size: 16px;font-style: normal;font-weight: 500\">Membros discentes do PPGH:<\/p>\n<ul>\n<li>Alessandro Ricardo Pinheiro Brand\u00e3o<br><\/li>\n<li>Carla Patr\u00edcia Dias Rocha<br><\/li>\n<li>Daniel Ribeiro Ferreira Junior<br><\/li>\n<li>Eneida Damasceno Borges de S\u00e1<\/li>\n<li>K\u00e1ssio Leal Vilhena<br><\/li>\n<li>Let\u00edcia Talita Braz\u00e3o Pican\u00e7o<br><\/li>\n<li>Liliane Barbosa de Aleluia<br><\/li>\n<li>Luciano Lisboa da Silva<br><\/li>\n<li>Manoel Louren\u00e7o da Cruz Morais<br><\/li>\n<li>Samuel Correa Duarte<br><\/li>\n<li>Tifanny Jaira Raiol Matos<br><\/li>\n<li>Tulio Fernando da Silva de Sousa<br><\/li>\n<li>Walber Rodrigues da Silva<br><\/li><li>Wilneia Barbosa de Aleluia Guedes<br><\/li>\n<\/ul><\/div>\n\t\t\t\t<\/div>\n\t\t\t\t\t\t\t<div class=\"elementor-accordion-item\">\n\t\t\t\t\t<div id=\"elementor-tab-title-1176\" class=\"elementor-tab-title\" data-tab=\"6\" role=\"button\" aria-controls=\"elementor-tab-content-1176\" aria-expanded=\"false\">\n\t\t\t\t\t\t\t\t\t\t\t\t\t<span class=\"elementor-accordion-icon elementor-accordion-icon-left\" aria-hidden=\"true\">\n\t\t\t\t\t\t\t\t\t\t\t\t\t\t\t<span class=\"elementor-accordion-icon-closed\"><i class=\"fas fa-plus\"><\/i><\/span>\n\t\t\t\t\t\t\t\t<span class=\"elementor-accordion-icon-opened\"><i class=\"fas fa-minus\"><\/i><\/span>\n\t\t\t\t\t\t\t\t\t\t\t\t\t\t<\/span>\n\t\t\t\t\t\t\t\t\t\t\t\t<a class=\"elementor-accordion-title\" tabindex=\"0\">Rede de estudos de hist\u00f3ria dos Estados Unidos<\/a>\n\t\t\t\t\t<\/div>\n\t\t\t\t\t<div id=\"elementor-tab-content-1176\" class=\"elementor-tab-content elementor-clearfix\" data-tab=\"6\" role=\"region\" aria-labelledby=\"elementor-tab-title-1176\"><p style=\"font-size: 16px;font-style: normal;font-weight: 500\">L\u00edder do Grupo: Dr.&nbsp;Alexandre Guilherme da Cruz Alves Junior<\/p>\n<p style=\"font-size: 16px;font-style: normal;font-weight: 500\">Link de acesso:&nbsp;<a href=\"https:\/\/dgp.cnpq.br\/dgp\/espelhogrupo\/9306059218507485\" target=\"_blank\" style=\"font-family: var( --e-global-typography-secondary-font-family ), Sans-serif;font-weight: var( --e-global-typography-secondary-font-weight );font-size: 1rem\">https:\/\/dgp.cnpq.br\/dgp\/espelhogrupo\/9306059218507485<\/a><\/p>\n<p style=\"font-size: 16px;font-style: normal;font-weight: 500\"><span style=\"font-family: var( --e-global-typography-secondary-font-family ), Sans-serif\">Membros discentes do PPGH:<\/span><br><\/p>\n<ul>\n<li>Nailton dos Santos Lobato<br><\/li><li>Tulio Fernando da Silva de Sousa<br><\/li>\n<\/ul><\/div>\n\t\t\t\t<\/div>\n\t\t\t\t\t\t\t<div class=\"elementor-accordion-item\">\n\t\t\t\t\t<div id=\"elementor-tab-title-1177\" class=\"elementor-tab-title\" data-tab=\"7\" role=\"button\" aria-controls=\"elementor-tab-content-1177\" aria-expanded=\"false\">\n\t\t\t\t\t\t\t\t\t\t\t\t\t<span class=\"elementor-accordion-icon elementor-accordion-icon-left\" aria-hidden=\"true\">\n\t\t\t\t\t\t\t\t\t\t\t\t\t\t\t<span class=\"elementor-accordion-icon-closed\"><i class=\"fas fa-plus\"><\/i><\/span>\n\t\t\t\t\t\t\t\t<span class=\"elementor-accordion-icon-opened\"><i class=\"fas fa-minus\"><\/i><\/span>\n\t\t\t\t\t\t\t\t\t\t\t\t\t\t<\/span>\n\t\t\t\t\t\t\t\t\t\t\t\t<a class=\"elementor-accordion-title\" tabindex=\"0\">N\u00facleo de Estudos e Pesquisas Ind\u00edgenas (Nepi)<\/a>\n\t\t\t\t\t<\/div>\n\t\t\t\t\t<div id=\"elementor-tab-content-1177\" class=\"elementor-tab-content elementor-clearfix\" data-tab=\"7\" role=\"region\" aria-labelledby=\"elementor-tab-title-1177\"><p style=\"font-size: 16px;font-style: normal;font-weight: 500\">L\u00edder do Grupo: Dra.&nbsp;Carina Santos de Almeida<\/p>\n<p style=\"font-size: 16px;font-style: normal;font-weight: 500\">Link de acesso:&nbsp;<a href=\"https:\/\/dgp.cnpq.br\/dgp\/espelhogrupo\/4445894884969716\" target=\"_blank\" style=\"font-family: var( --e-global-typography-secondary-font-family ), Sans-serif;font-weight: var( --e-global-typography-secondary-font-weight );font-size: 1rem\">https:\/\/dgp.cnpq.br\/dgp\/espelhogrupo\/4445894884969716<\/a><\/p>\n<p style=\"font-size: 16px;font-style: normal;font-weight: 500\">Membros docentes do PPGH:<\/p>\n<ul style=\"font-size: 16px;font-style: normal;font-weight: 500\">\n<li style=\"font-size: 16px\">Dra. Fernanda Cristina da Encarna\u00e7\u00e3o dos Santos<\/li>\n<\/ul>\n<p style=\"font-size: 16px;font-style: normal;font-weight: 500\">Membros discentes do PPGH:<\/p>\n<ul>\n<li>Pauliany Barreiros Cardoso<br><\/li>\n<\/ul><\/div>\n\t\t\t\t<\/div>\n\t\t\t\t\t\t\t<div class=\"elementor-accordion-item\">\n\t\t\t\t\t<div id=\"elementor-tab-title-1178\" class=\"elementor-tab-title\" data-tab=\"8\" role=\"button\" aria-controls=\"elementor-tab-content-1178\" aria-expanded=\"false\">\n\t\t\t\t\t\t\t\t\t\t\t\t\t<span class=\"elementor-accordion-icon elementor-accordion-icon-left\" aria-hidden=\"true\">\n\t\t\t\t\t\t\t\t\t\t\t\t\t\t\t<span class=\"elementor-accordion-icon-closed\"><i class=\"fas fa-plus\"><\/i><\/span>\n\t\t\t\t\t\t\t\t<span class=\"elementor-accordion-icon-opened\"><i class=\"fas fa-minus\"><\/i><\/span>\n\t\t\t\t\t\t\t\t\t\t\t\t\t\t<\/span>\n\t\t\t\t\t\t\t\t\t\t\t\t<a class=\"elementor-accordion-title\" tabindex=\"0\">N\u00facleo de Pesquisas em Estudos Liter\u00e1rios (Nupel)<\/a>\n\t\t\t\t\t<\/div>\n\t\t\t\t\t<div id=\"elementor-tab-content-1178\" class=\"elementor-tab-content elementor-clearfix\" data-tab=\"8\" role=\"region\" aria-labelledby=\"elementor-tab-title-1178\"><p style=\"font-size: 16px;font-style: normal;font-weight: 500\">L\u00edder do Grupo: Dra.&nbsp;<span style=\"font-family: var( --e-global-typography-secondary-font-family ), Sans-serif;font-weight: var( --e-global-typography-secondary-font-weight );font-size: 1rem\">Fernanda Cristina da Encarna\u00e7\u00e3o dos Santos<\/span><\/p>\n<p style=\"font-size: 16px;font-style: normal;font-weight: 500\">Link de acesso:&nbsp;<a href=\"https:\/\/dgp.cnpq.br\/dgp\/espelhogrupo\/6072190212494038\" target=\"_blank\" style=\"font-family: var( --e-global-typography-secondary-font-family ), Sans-serif;font-weight: var( --e-global-typography-secondary-font-weight );font-size: 1rem\">https:\/\/dgp.cnpq.br\/dgp\/espelhogrupo\/6072190212494038<\/a><\/p><ul style=\"font-size: 16px;font-style: normal;font-weight: 500\">\n<\/ul><\/div>\n\t\t\t\t<\/div>\n\t\t\t\t\t\t\t<div class=\"elementor-accordion-item\">\n\t\t\t\t\t<div id=\"elementor-tab-title-1179\" class=\"elementor-tab-title\" data-tab=\"9\" role=\"button\" aria-controls=\"elementor-tab-content-1179\" aria-expanded=\"false\">\n\t\t\t\t\t\t\t\t\t\t\t\t\t<span class=\"elementor-accordion-icon elementor-accordion-icon-left\" aria-hidden=\"true\">\n\t\t\t\t\t\t\t\t\t\t\t\t\t\t\t<span class=\"elementor-accordion-icon-closed\"><i class=\"fas fa-plus\"><\/i><\/span>\n\t\t\t\t\t\t\t\t<span class=\"elementor-accordion-icon-opened\"><i class=\"fas fa-minus\"><\/i><\/span>\n\t\t\t\t\t\t\t\t\t\t\t\t\t\t<\/span>\n\t\t\t\t\t\t\t\t\t\t\t\t<a class=\"elementor-accordion-title\" tabindex=\"0\">Grupo de Pesquisa Democracias e Ditaduras<\/a>\n\t\t\t\t\t<\/div>\n\t\t\t\t\t<div id=\"elementor-tab-content-1179\" class=\"elementor-tab-content elementor-clearfix\" data-tab=\"9\" role=\"region\" aria-labelledby=\"elementor-tab-title-1179\"><p style=\"font-size: 16px;font-style: normal;font-weight: 500\">L\u00edder do Grupo: Dra. Maura Leal da Silva<\/p>\n<p style=\"font-size: 16px;font-style: normal;font-weight: 500\">Link de acesso:&nbsp;<a href=\"https:\/\/dgp.cnpq.br\/dgp\/espelhogrupo\/3544526342770406\" target=\"_blank\" style=\"font-family: var( --e-global-typography-secondary-font-family ), Sans-serif;font-weight: var( --e-global-typography-secondary-font-weight );font-size: 1rem\">https:\/\/dgp.cnpq.br\/dgp\/espelhogrupo\/3544526342770406<\/a><\/p>\n<p style=\"font-size: 16px;font-style: normal;font-weight: 500\"><span style=\"font-family: var( --e-global-typography-secondary-font-family ), Sans-serif\">Membros discentes do PPGH:<\/span><br><\/p>\n<ul style=\"font-size: 16px;font-style: normal;font-weight: 500\">\n<li style=\"font-size: 16px;font-style: normal;font-weight: 500\"><span style=\"font-style: inherit;font-weight: inherit;font-family: var( --e-global-typography-secondary-font-family ), Sans-serif\">Higor Railan de Jesus Pereira<\/span><\/li>\n<\/ul><\/div>\n\t\t\t\t<\/div>\n\t\t\t\t\t\t\t\t<\/div>\n\t\t\t\t\t\t<\/div>\n\t\t\t\t<\/div>\n\t\t\t\t\t<\/div>\n\t\t<\/div>\n\t\t\t\t\t<\/div>\n\t\t<\/section>\n\t\t\t\t<\/div>\n\t\t","protected":false},"excerpt":{"rendered":"<p>Grupos de Pesquisa Laborat\u00f3rio de Estudos da Hist\u00f3ria Social do Trabalho na Amaz\u00f4nia (Lehstam) L\u00edder do Grupo: Dr. Sidney Lobato Link de acesso:\u00a0https:\/\/dgp.cnpq.br\/dgp\/espelhogrupo\/4607370323222980 Membros docentes do PPGH: Dr. Adalberto J\u00fanior Ferreira Paz Dra.\u00a0Lara Vanessa de Castro Ferreira Dr. Paulo Marcelo Cambraia da Costa Membros discentes do PPGH: Amanda Cristina Souza da Silva Francinei Almeida da&#8230;<\/p>\n","protected":false},"author":815,"featured_media":0,"parent":2066,"menu_order":0,"comment_status":"closed","ping_status":"closed","template":"","meta":{"inline_featured_image":false,"site-sidebar-layout":"default","site-content-layout":"","ast-site-content-layout":"full-width-container","site-content-style":"default","site-sidebar-style":"default","ast-global-header-display":"","ast-banner-title-visibility":"","ast-main-header-display":"","ast-hfb-above-header-display":"","ast-hfb-below-header-display":"","ast-hfb-mobile-header-display":"","site-post-title":"","ast-breadcrumbs-content":"","ast-featured-img":"","footer-sml-layout":"","theme-transparent-header-meta":"default","adv-header-id-meta":"","stick-header-meta":"","header-above-stick-meta":"","header-main-stick-meta":"","header-below-stick-meta":"","astra-migrate-meta-layouts":"set","ast-page-background-enabled":"default","ast-page-background-meta":{"desktop":{"background-color":"var(--ast-global-color-4)","background-image":"","background-repeat":"repeat","background-position":"center center","background-size":"auto","background-attachment":"scroll","background-type":"","background-media":"","overlay-type":"","overlay-color":"","overlay-opacity":"","overlay-gradient":""},"tablet":{"background-color":"","background-image":"","background-repeat":"repeat","background-position":"center center","background-size":"auto","background-attachment":"scroll","background-type":"","background-media":"","overlay-type":"","overlay-color":"","overlay-opacity":"","overlay-gradient":""},"mobile":{"background-color":"","background-image":"","background-repeat":"repeat","background-position":"center center","background-size":"auto","background-attachment":"scroll","background-type":"","background-media":"","overlay-type":"","overlay-color":"","overlay-opacity":"","overlay-gradient":""}},"ast-content-background-meta":{"desktop":{"background-color":"var(--ast-global-color-5)","background-image":"","background-repeat":"repeat","background-position":"center center","background-size":"auto","background-attachment":"scroll","background-type":"","background-media":"","overlay-type":"","overlay-color":"","overlay-opacity":"","overlay-gradient":""},"tablet":{"background-color":"var(--ast-global-color-5)","background-image":"","background-repeat":"repeat","background-position":"center center","background-size":"auto","background-attachment":"scroll","background-type":"","background-media":"","overlay-type":"","overlay-color":"","overlay-opacity":"","overlay-gradient":""},"mobile":{"background-color":"var(--ast-global-color-5)","background-image":"","background-repeat":"repeat","background-position":"center center","background-size":"auto","background-attachment":"scroll","background-type":"","background-media":"","overlay-type":"","overlay-color":"","overlay-opacity":"","overlay-gradient":""}},"ngg_post_thumbnail":0,"footnotes":""},"folder":[7],"class_list":["post-3408","page","type-page","status-publish","hentry"],"_links":{"self":[{"href":"https:\/\/www2.unifap.br\/ppgh\/wp-json\/wp\/v2\/pages\/3408","targetHints":{"allow":["GET"]}}],"collection":[{"href":"https:\/\/www2.unifap.br\/ppgh\/wp-json\/wp\/v2\/pages"}],"about":[{"href":"https:\/\/www2.unifap.br\/ppgh\/wp-json\/wp\/v2\/types\/page"}],"author":[{"embeddable":true,"href":"https:\/\/www2.unifap.br\/ppgh\/wp-json\/wp\/v2\/users\/815"}],"replies":[{"embeddable":true,"href":"https:\/\/www2.unifap.br\/ppgh\/wp-json\/wp\/v2\/comments?post=3408"}],"version-history":[{"count":49,"href":"https:\/\/www2.unifap.br\/ppgh\/wp-json\/wp\/v2\/pages\/3408\/revisions"}],"predecessor-version":[{"id":4225,"href":"https:\/\/www2.unifap.br\/ppgh\/wp-json\/wp\/v2\/pages\/3408\/revisions\/4225"}],"up":[{"embeddable":true,"href":"https:\/\/www2.unifap.br\/ppgh\/wp-json\/wp\/v2\/pages\/2066"}],"wp:attachment":[{"href":"https:\/\/www2.unifap.br\/ppgh\/wp-json\/wp\/v2\/media?parent=3408"}],"wp:term":[{"taxonomy":"folder","embeddable":true,"href":"https:\/\/www2.unifap.br\/ppgh\/wp-json\/wp\/v2\/folder?post=3408"}],"curies":[{"name":"wp","href":"https:\/\/api.w.org\/{rel}","templated":true}]}}