{"id":3525,"date":"2024-01-30T12:27:47","date_gmt":"2024-01-30T12:27:47","guid":{"rendered":"https:\/\/www2.unifap.br\/ppgh\/?page_id=3525"},"modified":"2025-02-25T12:10:58","modified_gmt":"2025-02-25T12:10:58","slug":"publicacoes-cientificas","status":"publish","type":"page","link":"https:\/\/www2.unifap.br\/ppgh\/docente\/publicacoes-cientificas\/","title":{"rendered":"Publica\u00e7\u00f5es Cient\u00edficas"},"content":{"rendered":"\t\t<div data-elementor-type=\"wp-post\" data-elementor-id=\"3525\" class=\"elementor elementor-3525\">\n\t\t\t\t\t\t<section class=\"elementor-section elementor-top-section elementor-element elementor-element-e47f4ec elementor-section-boxed elementor-section-height-default elementor-section-height-default\" data-id=\"e47f4ec\" data-element_type=\"section\" data-e-type=\"section\" data-settings=\"{&quot;background_background&quot;:&quot;classic&quot;}\">\n\t\t\t\t\t\t\t<div class=\"elementor-background-overlay\"><\/div>\n\t\t\t\t\t\t\t<div class=\"elementor-container elementor-column-gap-default\">\n\t\t\t\t\t<div class=\"elementor-column elementor-col-100 elementor-top-column elementor-element elementor-element-7df1c21\" data-id=\"7df1c21\" data-element_type=\"column\" data-e-type=\"column\">\n\t\t\t<div class=\"elementor-widget-wrap elementor-element-populated\">\n\t\t\t\t\t\t<div class=\"elementor-element elementor-element-8e6a726 elementor-widget elementor-widget-page-title\" data-id=\"8e6a726\" data-element_type=\"widget\" data-e-type=\"widget\" data-widget_type=\"page-title.default\">\n\t\t\t\t<div class=\"elementor-widget-container\">\n\t\t\t\t\t\t\t\n\t\t<div class=\"hfe-page-title hfe-page-title-wrapper elementor-widget-heading\">\n\n\t\t\t\t\t\t\t\t<h2 class=\"elementor-heading-title elementor-size-default\">\n\t\t\t\t\t\t\t\t\n\t\t\t\tPublica\u00e7\u00f5es Cient\u00edficas  \n\t\t\t<\/h2 > \n\t\t\t\t\t<\/div>\n\t\t\t\t\t\t<\/div>\n\t\t\t\t<\/div>\n\t\t\t\t<div class=\"elementor-element elementor-element-cbf3767 elementor-widget__width-inherit elementor-widget-divider--view-line elementor-widget elementor-widget-divider\" data-id=\"cbf3767\" data-element_type=\"widget\" data-e-type=\"widget\" data-widget_type=\"divider.default\">\n\t\t\t\t<div class=\"elementor-widget-container\">\n\t\t\t\t\t\t\t<div class=\"elementor-divider\">\n\t\t\t<span class=\"elementor-divider-separator\">\n\t\t\t\t\t\t<\/span>\n\t\t<\/div>\n\t\t\t\t\t\t<\/div>\n\t\t\t\t<\/div>\n\t\t\t\t<div class=\"elementor-element elementor-element-70242a6 elementor-widget elementor-widget-accordion\" data-id=\"70242a6\" data-element_type=\"widget\" data-e-type=\"widget\" data-widget_type=\"accordion.default\">\n\t\t\t\t<div class=\"elementor-widget-container\">\n\t\t\t\t\t\t\t<div class=\"elementor-accordion\">\n\t\t\t\t\t\t\t<div class=\"elementor-accordion-item\">\n\t\t\t\t\t<div id=\"elementor-tab-title-1171\" class=\"elementor-tab-title\" data-tab=\"1\" role=\"button\" aria-controls=\"elementor-tab-content-1171\" aria-expanded=\"false\">\n\t\t\t\t\t\t\t\t\t\t\t\t\t<span class=\"elementor-accordion-icon elementor-accordion-icon-left\" aria-hidden=\"true\">\n\t\t\t\t\t\t\t\t\t\t\t\t\t\t\t<span class=\"elementor-accordion-icon-closed\"><i class=\"fas fa-plus\"><\/i><\/span>\n\t\t\t\t\t\t\t\t<span class=\"elementor-accordion-icon-opened\"><i class=\"fas fa-minus\"><\/i><\/span>\n\t\t\t\t\t\t\t\t\t\t\t\t\t\t<\/span>\n\t\t\t\t\t\t\t\t\t\t\t\t<a class=\"elementor-accordion-title\" tabindex=\"0\">Linha Hist\u00f3ria Social do Trabalho<\/a>\n\t\t\t\t\t<\/div>\n\t\t\t\t\t<div id=\"elementor-tab-content-1171\" class=\"elementor-tab-content elementor-clearfix\" data-tab=\"1\" role=\"region\" aria-labelledby=\"elementor-tab-title-1171\"><p><b>Artigos cient\u00edficos<\/b><\/p>\n<p>CHAVES, Patr\u00edcia Rocha. FERREIRA, F. S. Conflitos socioterritoriais na comunidade quilombola do Igarap\u00e9 do Palha\/ Ferreira Gomes, Amap\u00e1. <strong>Revista Tocantinense de Geografia<\/strong>, v. 12, p. 343-366, 2023. Dispon\u00edvel em:&nbsp;<a style=\"font-family: var( --e-global-typography-secondary-font-family ), Sans-serif;font-weight: var( --e-global-typography-secondary-font-weight );font-size: 1rem\" href=\"http:\/\/CHAVES, Patr\u00edcia Rocha. FERREIRA, F. S. conflitos socioterritoriais na comunidade quilombola do Igarap\u00e9 do Palha\/ Ferreira Gomes, Amap\u00e1. Revista Tocantinense de Geografia, v. 12, p. 343-366, 2023. Dispon\u00edvel em: https:\/\/sistemas.uft.edu.br\/periodicos\/index.php\/geografia\/article\/view\/15864\" target=\"_blank\" rel=\"noopener\">https:\/\/sistemas.uft.edu.br\/periodicos\/index.php\/geografia\/article\/view\/15864<\/a><\/p>\n<p><b><\/b>LOBATO, Sidney; DINIZ, K. Faces da fronteira: a atua\u00e7\u00e3o ind\u00edgena na cria\u00e7\u00e3o de miss\u00f5es no vale do rio Oiapoque (1729-1765). <strong>Caravelle<\/strong>, v. 116, p. 169-186, 2021. Dispon\u00edvel em:&nbsp;<a style=\"font-family: var( --e-global-typography-secondary-font-family ), Sans-serif;font-weight: var( --e-global-typography-secondary-font-weight );font-size: 1rem\" href=\"https:\/\/journals.openedition.org\/caravelle\/10875\" target=\"_blank\" rel=\"noopener\">https:\/\/journals.openedition.org\/caravelle\/10875<\/a><\/p>\n<p><span style=\"font-family: var( --e-global-typography-secondary-font-family ), Sans-serif;font-weight: var( --e-global-typography-secondary-font-weight );font-size: 1rem\">LOMBA, Roni Mayer;&nbsp;<\/span>SCHWEITZER, A. F. Disputas socioterritoriais no Amap\u00e1: conflitos por terra, \u00e1gua e florestas. <strong>Confins<\/strong> (Paris), v. 1, p. 1-15, 2022. Dispon\u00edvel em:&nbsp;<a style=\"font-family: var( --e-global-typography-secondary-font-family ), Sans-serif;font-weight: var( --e-global-typography-secondary-font-weight );font-size: 1rem\" href=\"https:\/\/journals.openedition.org\/confins\/46037\" target=\"_blank\" rel=\"noopener\">https:\/\/journals.openedition.org\/confins\/46037<\/a><\/p>\n<p>LOMBA, Roni Mayer; SARRAF, Rubens Edeval. Transforma\u00e7\u00f5es socioterritoriais na Amaz\u00f4nia amapaense: disputas e resist\u00eancias no territ\u00f3rio quilombola de Concei\u00e7\u00e3o do Macacoari. <strong>Revista da Casa da Geografia de Sobral <\/strong>(RCGS), v. 25, p. 81-106, 2023. Dispon\u00edvel em:&nbsp;<a style=\"font-family: var( --e-global-typography-secondary-font-family ), Sans-serif;font-weight: var( --e-global-typography-secondary-font-weight );font-size: 1rem\" href=\"https:\/\/rcgs.uvanet.br\/index.php\/RCGS\/article\/view\/934\" target=\"_blank\" rel=\"noopener\">https:\/\/rcgs.uvanet.br\/index.php\/RCGS\/article\/view\/934<\/a><\/p>\n<p>PAZ, Adalberto. Com\u00e9rcio e contrabando entre o Par\u00e1, o Contestado Franco-Brasileiro e a Guiana Francesa na d\u00e9cada de 1870. <strong>Revista de Hist\u00f3ria<\/strong> (USP), v. 180, p. 1-31, 2021. Dispon\u00edvel em:&nbsp;<a style=\"font-family: var( --e-global-typography-secondary-font-family ), Sans-serif;font-weight: var( --e-global-typography-secondary-font-weight );font-size: 1rem\" href=\"https:\/\/www.revistas.usp.br\/revhistoria\/article\/view\/171465\" target=\"_blank\" rel=\"noopener\">https:\/\/www.revistas.usp.br\/revhistoria\/article\/view\/171465<\/a><\/p>\n<p><b>Livros autorais<\/b><\/p>\n<p>COSTA, Paulo Marcelo Cambraia da. <strong>Em verdes labirintos<\/strong>: a constru\u00e7\u00e3o social da fronteira franco-portuguesa (1760-1803). Bel\u00e9m: Paka-Tatu, 2021, 270p.<\/p>\n<p><b>Colet\u00e2neas e cap\u00edtulos de livros<\/b><\/p>\n<p>CASTRO, Lara de; CANCELA, Cristina (orgs.). <strong>Nortes migrantes<\/strong>: deslocamentos, trajet\u00f3rias e ocupa\u00e7\u00e3o na Amaz\u00f4nia brasileira. 1. ed. Bras\u00edlia: Editora do Senado, 2023. Dispon\u00edvel em: <a style=\"font-family: var( --e-global-typography-secondary-font-family ), Sans-serif;font-weight: var( --e-global-typography-secondary-font-weight );font-size: 1rem\" href=\"https:\/\/www2.senado.leg.br\/bdsf\/handle\/id\/605250\" target=\"_blank\" rel=\"noopener\">https:\/\/www2.senado.leg.br\/bdsf\/handle\/id\/605250<\/a><\/p>\n<p>CHAVES, Patr\u00edcia Rocha (org.); Centro de Investigaci\u00f3n y Promoci\u00f3n del Campesinado &#8211; CIPCA (org.); Federaci\u00f3n Nacional de Mujeres Campesinas Bartolina Sisa (org.); Pastoral da Terra (CPT)\/Articula\u00e7\u00e3o das CPTs da Amaz\u00f4nia (org.); Observat\u00f3rio da Democracia, Direitos Humanos e Pol\u00edticas P\u00fab (org.); Asociaci\u00f3n Minga, Universidad de La Amazonia &#8211; Col\u00f4mbia (org.); Instituto del Bien Com\u00fan &#8211; de Peru (org.); Grupo de Pesquisa e Extens\u00e3o sobre Terra e Territ\u00f3rio na Ama (org.). <strong>Atlas de Confitos Socioterritoriais Pan-Amaz\u00f4nico<\/strong>. Goi\u00e2nia: Comiss\u00e3o Pastoral da Terra, 2020. v. 1. 118p. Dispon\u00edvel em:&nbsp;<a style=\"font-family: var( --e-global-typography-secondary-font-family ), Sans-serif;font-weight: var( --e-global-typography-secondary-font-weight );font-size: 1rem\" href=\"https:\/\/www.forosocialpanamazonico.com\/wp-content\/uploads\/2020\/09\/PT_Atlas_de_Conflitos_Socioterritoriais_Pan-Amazonico.pdf\" target=\"_blank\" rel=\"noopener\">https:\/\/www.forosocialpanamazonico.com\/wp-content\/uploads\/2020\/09\/PT_Atlas_de_Conflitos_Socioterritoriais_Pan-Amazonico.pdf<\/a><\/p>\n<p>COSTA, Paulo Marcelo Cambraia da (org.); NORONHA, Andrius (org.) ; CAVLAK, Iuri (org.). <strong>O uso de documentos na aprendizagem hist\u00f3rica<\/strong>. Curitiba: CRV, 2022. v. 3. 164p . Dispon\u00edvel em:&nbsp;<a style=\"font-family: var( --e-global-typography-secondary-font-family ), Sans-serif;font-weight: var( --e-global-typography-secondary-font-weight );font-size: 1rem\" href=\"https:\/\/www.editoracrv.com.br\/produtos\/detalhes\/36818-o-uso-de-documentos-na-aprendizagem-historica-brbrcolecao-aprender-historia-volume-3\" target=\"_blank\" rel=\"noopener\">https:\/\/www.editoracrv.com.br\/produtos\/detalhes\/36818-o-uso-de-documentos-na-aprendizagem-historica-brbrcolecao-aprender-historia-volume-3<\/a><\/p>\n<p><b><\/b>LOBATO, Sidney. A escrita da hist\u00f3ria da migra\u00e7\u00e3o na Amaz\u00f4nia do s\u00e9culo XX. In: CASTRO, Lara de; CANCELA, Cristina. (org.). <strong>Nortes migrantes<\/strong>: deslocamentos, trajet\u00f3rias e ocupa\u00e7\u00f5es na Amaz\u00f4nia brasileira. 1ed.Bras\u00edlia: Senado Federal, 2023, p. 287-310.<\/p>\n<p>PAZ, Adalberto. Mobilidades clandestinas em rotas contestadas: escravos fugidos, desertores e criminosos entre o Par\u00e1, o Contestado Franco-Brasileiro e a Guiana Francesa na d\u00e9cada de 1860. In: CASTRO, Lara de; Cristina Donza Cancela (org.). <strong>Nortes migrantes<\/strong>: deslocamentos, trajet\u00f3rias e ocupa\u00e7\u00e3o na Amaz\u00f4nia brasileira. Bras\u00edlia: Senado Federal, 2023, p. 167-197.<\/p><\/div>\n\t\t\t\t<\/div>\n\t\t\t\t\t\t\t<div class=\"elementor-accordion-item\">\n\t\t\t\t\t<div id=\"elementor-tab-title-1172\" class=\"elementor-tab-title\" data-tab=\"2\" role=\"button\" aria-controls=\"elementor-tab-content-1172\" aria-expanded=\"false\">\n\t\t\t\t\t\t\t\t\t\t\t\t\t<span class=\"elementor-accordion-icon elementor-accordion-icon-left\" aria-hidden=\"true\">\n\t\t\t\t\t\t\t\t\t\t\t\t\t\t\t<span class=\"elementor-accordion-icon-closed\"><i class=\"fas fa-plus\"><\/i><\/span>\n\t\t\t\t\t\t\t\t<span class=\"elementor-accordion-icon-opened\"><i class=\"fas fa-minus\"><\/i><\/span>\n\t\t\t\t\t\t\t\t\t\t\t\t\t\t<\/span>\n\t\t\t\t\t\t\t\t\t\t\t\t<a class=\"elementor-accordion-title\" tabindex=\"0\">Linha Poder, Mem\u00f3rias e Representa\u00e7\u00f5es<\/a>\n\t\t\t\t\t<\/div>\n\t\t\t\t\t<div id=\"elementor-tab-content-1172\" class=\"elementor-tab-content elementor-clearfix\" data-tab=\"2\" role=\"region\" aria-labelledby=\"elementor-tab-title-1172\"><p style=\"font-size: 16px;font-style: normal;font-weight: 500\"><span style=\"font-weight: bold\">Artigos cient\u00edficos<\/span><\/p><p>ALMEIDA, Carina S. de. No tempo do SPI: o indigenismo e a escola entre os povos ind\u00edgenas de Oiapoque. <strong>Revista Eletr\u00f4nica Espa\u00e7o Acad\u00eamico<\/strong> (Online), v. 22, p. 11-24, 2022. Dispon\u00edvel em:\u00a0<a style=\"font-family: var( --e-global-typography-secondary-font-family ), Sans-serif;font-weight: var( --e-global-typography-secondary-font-weight );font-size: 1rem\" href=\"https:\/\/periodicos.uem.br\/ojs\/index.php\/EspacoAcademico\/article\/view\/61449\" target=\"_blank\" rel=\"noopener\">https:\/\/periodicos.uem.br\/ojs\/index.php\/EspacoAcademico\/article\/view\/61449<\/a><\/p><p style=\"font-size: 16px;font-style: normal;font-weight: 500\">ALVES JR, Alexandre G. C. A ocupa\u00e7\u00e3o de Alcatraz e o movimento ind\u00edgena nos Estados Unidos (1969-1971). <strong>Tempo<\/strong>, v. 28, p. 78-98, 2022. Dispon\u00edvel em:\u00a0<a style=\"font-family: var( --e-global-typography-secondary-font-family ), Sans-serif;font-weight: var( --e-global-typography-secondary-font-weight );font-size: 1rem\" href=\"https:\/\/www.scielo.br\/j\/tem\/a\/3PrJDqmcP96XJCjhm5kF4nq\/\" target=\"_blank\" rel=\"noopener\">https:\/\/www.scielo.br\/j\/tem\/a\/3PrJDqmcP96XJCjhm5kF4nq\/<\/a><\/p><p>ALVES JR, Alexandre G. C.; ROCHA, D. A direita crist\u00e3 nos Estados Unidos: usos do passado e projetos pol\u00edticos (1980). <strong>Revista de Historia<\/strong> (USP), n. 180, p. 1-39, 2021. Dispon\u00edvel em: <a style=\"font-family: var( --e-global-typography-secondary-font-family ), Sans-serif;font-weight: var( --e-global-typography-secondary-font-weight );font-size: 1rem\" href=\"https:\/\/www.revistas.usp.br\/revhistoria\/article\/view\/167217\" target=\"_blank\" rel=\"noopener\">https:\/\/www.revistas.usp.br\/revhistoria\/article\/view\/167217<\/a><\/p><p>BASTOS, Cec\u00edlia Maria Brito Bastos; BRITO, D. M. C.; BASTOS, A. B. \u00c1rea de prote\u00e7\u00e3o ambiental do rio Curia\u00fa em Macap\u00e1\/AP: territ\u00f3rios de resist\u00eancia e a legaliza\u00e7\u00e3o de \u00e1reas. <strong>GEO UERJ<\/strong>, v. 1, p. 1-19, 2022. Dispon\u00edvel em:\u00a0<a style=\"font-family: var( --e-global-typography-secondary-font-family ), Sans-serif;font-weight: var( --e-global-typography-secondary-font-weight );font-size: 1rem\" href=\"https:\/\/www.e-publicacoes.uerj.br\/index.php\/geouerj\/article\/view\/64988\" target=\"_blank\" rel=\"noopener\">https:\/\/www.e-publicacoes.uerj.br\/index.php\/geouerj\/article\/view\/64988<\/a><\/p><p>BASTOS, Cec\u00edlia Maria Chaves Brito; SILVA, G. J. Forma\u00e7\u00e3o de professores no Amap\u00e1 e norte do Par\u00e1, Brasil: viv\u00eancias em uma licenciatura intercultural ind\u00edgena. <strong>Interfaces da Educa\u00e7\u00e3o<\/strong>, v. 12, p. 653-678, 2021. Dispon\u00edvel em:\u00a0<a style=\"font-family: var( --e-global-typography-secondary-font-family ), Sans-serif;font-weight: var( --e-global-typography-secondary-font-weight );font-size: 1rem\" href=\"https:\/\/periodicosonline.uems.br\/index.php\/interfaces\/article\/view\/5398\" target=\"_blank\" rel=\"noopener\">https:\/\/periodicosonline.uems.br\/index.php\/interfaces\/article\/view\/5398<\/a><\/p><p>REIS, Marcos Vin\u00edcius de Freitas; PIMENTEL, Walbi; PY, F\u00e1bio. Igreja dos pobres no Amap\u00e1 (1966-1986). <strong>Revista Brasileira de Hist\u00f3ria das Religi\u00f5es<\/strong>, v. 1, p. 160-193, 2022. Dispon\u00edvel em:\u00a0<a style=\"font-family: var( --e-global-typography-secondary-font-family ), Sans-serif;font-weight: var( --e-global-typography-secondary-font-weight );font-size: 1rem\" href=\"https:\/\/periodicos.uem.br\/ojs\/index.php\/RbhrAnpuh\/article\/view\/55883\" target=\"_blank\" rel=\"noopener\">https:\/\/periodicos.uem.br\/ojs\/index.php\/RbhrAnpuh\/article\/view\/55883<\/a><\/p><p>REIS, Marcos Vin\u00edcius de Freitas; SILVA, D. J. S.; SARDINHA, A. C. G\u00eanero no (do) Referencial Curricular Amapaense para o Ensino Infantil e o Ensino Fundamental. <strong>Revista Hist\u00f3ria Hoje<\/strong>, v. 11, p. 220-246, 2022. Dispon\u00edvel em:\u00a0<a style=\"font-family: var( --e-global-typography-secondary-font-family ), Sans-serif;font-weight: var( --e-global-typography-secondary-font-weight );font-size: 1rem\" href=\"https:\/\/rhhj.anpuh.org\/RHHJ\/article\/view\/777\" target=\"_blank\" rel=\"noopener\">https:\/\/rhhj.anpuh.org\/RHHJ\/article\/view\/777<\/a><\/p><p style=\"font-size: 16px;font-style: normal;font-weight: 500\">SANTOS, Fernanda.\u00a0 Viagens pelo rio Babel: os mission\u00e1rios jesu\u00edtas e a narra\u00e7\u00e3o da Amaz\u00f4nia no s\u00e9culo XVII. <strong>Revista USP<\/strong>, n. 133, p. 143-154, 2022. Dispon\u00edvel em:\u00a0<a style=\"font-family: var( --e-global-typography-secondary-font-family ), Sans-serif;font-weight: var( --e-global-typography-secondary-font-weight );font-size: 1rem\" href=\"https:\/\/www.revistas.usp.br\/revusp\/article\/view\/199315\/183376\" target=\"_blank\" rel=\"noopener\">https:\/\/www.revistas.usp.br\/revusp\/article\/view\/199315\/183376<\/a><\/p><p>SILVA, Maura Leal da. A cidade imaginada: hist\u00f3rias e viv\u00eancias em Macap\u00e1 nos primeiros anos do Territ\u00f3rio Federal do Amap\u00e1. <strong>Estudos Hist\u00f3ricos<\/strong>, v. 35, p. 289-308, 2022. Dispon\u00edvel em:\u00a0<a style=\"font-family: var( --e-global-typography-secondary-font-family ), Sans-serif;font-weight: var( --e-global-typography-secondary-font-weight );font-size: 1rem\" href=\"https:\/\/www.scielo.br\/j\/eh\/a\/scXnT4fbPFy96Bq7Mdybkkc\/abstract\/?lang=pt\" target=\"_blank\" rel=\"noopener\">https:\/\/www.scielo.br\/j\/eh\/a\/scXnT4fbPFy96Bq7Mdybkkc\/abstract\/?lang=pt<\/a><\/p><p>SILVA, Maura Leal da; CAMILO, J. A Fortaleza de S\u00e3o Jos\u00e9 de Macap\u00e1: nos rastros das mem\u00f3rias das pris\u00f5es e torturas (1964-1973). <strong>Tempo<\/strong>, v. 27, p. 124-143, 2021. Dispon\u00edvel em:\u00a0<a style=\"font-family: var( --e-global-typography-secondary-font-family ), Sans-serif;font-weight: var( --e-global-typography-secondary-font-weight );font-size: 1rem\" href=\"https:\/\/www.scielo.br\/j\/tem\/a\/9J8yR9Vxd8crG3tWbnf8H4t\/\" target=\"_blank\" rel=\"noopener\">https:\/\/www.scielo.br\/j\/tem\/a\/9J8yR9Vxd8crG3tWbnf8H4t\/<\/a><\/p><p style=\"font-size: 16px;font-style: normal;font-weight: 500\"><span style=\"font-weight: bold;font-family: var( --e-global-typography-secondary-font-family ), Sans-serif\">\u00a0<\/span><span style=\"font-family: var( --e-global-typography-secondary-font-family ), Sans-serif;font-weight: bold\">Colet\u00e2neas e cap\u00edtulos de livros<\/span><\/p><p>ALMEIDA, Carina S. de. Inquieta\u00e7\u00f5es hist\u00f3ricas sobre o indigenismo brasileiro: a experi\u00eancia ind\u00edgena Kaingang no Sul do Brasil. In: Jaisson Teixeira Lino; Clovis Antonio Brighenti; Fl\u00e1vio Braune Wiik (org.). <strong>Hist\u00f3ria ind\u00edgena no Sul do Brasil, s\u00e9culo XX<\/strong>: novos estudos nos campos de saberes decoloniais. Navira\u00ed-MS: Aranduk\u00e1, 2022, v. 1, p. 125-145. Dispon\u00edvel em:\u00a0<a style=\"font-family: var( --e-global-typography-secondary-font-family ), Sans-serif;font-weight: var( --e-global-typography-secondary-font-weight );font-size: 1rem\" href=\"https:\/\/aranduka.com.br\/wp-content\/uploads\/2022\/05\/Histo%CC%81ria-indi%CC%81gena-no-Sul-do-Brasil-se%CC%81culo-XX-Novos-estudos-nos-campos-de-saberes-decoloniais.pdf\" target=\"_blank\" rel=\"noopener\">https:\/\/aranduka.com.br\/wp-content\/uploads\/2022\/05\/Histo%CC%81ria-indi%CC%81gena-no-Sul-do-Brasil-se%CC%81culo-XX-Novos-estudos-nos-campos-de-saberes-decoloniais.pdf<\/a><\/p><p>SANTOS, Fernanda; LACHAT, Marcelo . The Reception of the Law of the Directory in the 18th Century: Pombaline Political Impacts in the Portuguese Amazon. In: Jos\u00e9 Eduardo Franco, Luiz Eduardo Oliveira and Christine Vogel. (org.). <strong>Between Nero and Prometheus<\/strong>: the Marquis of Pombal and the emergence of Party History (18th-21st centuries). Lisboa\/ Aracaju-SE: Theya\/Cria\u00e7\u00e3o, 2022, p. 33-43. Dispon\u00edvel em:\u00a0<a style=\"font-family: var( --e-global-typography-secondary-font-family ), Sans-serif;font-weight: var( --e-global-typography-secondary-font-weight );font-size: 1rem\" href=\"https:\/\/repositorioaberto.uab.pt\/handle\/10400.2\/12643\" target=\"_blank\" rel=\"noopener\">https:\/\/repositorioaberto.uab.pt\/handle\/10400.2\/12643<\/a><\/p><\/div>\n\t\t\t\t<\/div>\n\t\t\t\t\t\t\t\t<\/div>\n\t\t\t\t\t\t<\/div>\n\t\t\t\t<\/div>\n\t\t\t\t\t<\/div>\n\t\t<\/div>\n\t\t\t\t\t<\/div>\n\t\t<\/section>\n\t\t\t\t<\/div>\n\t\t","protected":false},"excerpt":{"rendered":"<p>Publica\u00e7\u00f5es Cient\u00edficas Linha Hist\u00f3ria Social do Trabalho Artigos cient\u00edficos CHAVES, Patr\u00edcia Rocha. FERREIRA, F. S. Conflitos socioterritoriais na comunidade quilombola do Igarap\u00e9 do Palha\/ Ferreira Gomes, Amap\u00e1. Revista Tocantinense de Geografia, v. 12, p. 343-366, 2023. Dispon\u00edvel em:&nbsp;https:\/\/sistemas.uft.edu.br\/periodicos\/index.php\/geografia\/article\/view\/15864 LOBATO, Sidney; DINIZ, K. Faces da fronteira: a atua\u00e7\u00e3o ind\u00edgena na cria\u00e7\u00e3o de miss\u00f5es no vale do&#8230;<\/p>\n","protected":false},"author":815,"featured_media":0,"parent":2066,"menu_order":0,"comment_status":"closed","ping_status":"closed","template":"","meta":{"inline_featured_image":false,"site-sidebar-layout":"default","site-content-layout":"","ast-site-content-layout":"full-width-container","site-content-style":"default","site-sidebar-style":"default","ast-global-header-display":"","ast-banner-title-visibility":"","ast-main-header-display":"","ast-hfb-above-header-display":"","ast-hfb-below-header-display":"","ast-hfb-mobile-header-display":"","site-post-title":"","ast-breadcrumbs-content":"","ast-featured-img":"","footer-sml-layout":"","theme-transparent-header-meta":"default","adv-header-id-meta":"","stick-header-meta":"","header-above-stick-meta":"","header-main-stick-meta":"","header-below-stick-meta":"","astra-migrate-meta-layouts":"set","ast-page-background-enabled":"default","ast-page-background-meta":{"desktop":{"background-color":"var(--ast-global-color-4)","background-image":"","background-repeat":"repeat","background-position":"center center","background-size":"auto","background-attachment":"scroll","background-type":"","background-media":"","overlay-type":"","overlay-color":"","overlay-opacity":"","overlay-gradient":""},"tablet":{"background-color":"","background-image":"","background-repeat":"repeat","background-position":"center center","background-size":"auto","background-attachment":"scroll","background-type":"","background-media":"","overlay-type":"","overlay-color":"","overlay-opacity":"","overlay-gradient":""},"mobile":{"background-color":"","background-image":"","background-repeat":"repeat","background-position":"center center","background-size":"auto","background-attachment":"scroll","background-type":"","background-media":"","overlay-type":"","overlay-color":"","overlay-opacity":"","overlay-gradient":""}},"ast-content-background-meta":{"desktop":{"background-color":"var(--ast-global-color-5)","background-image":"","background-repeat":"repeat","background-position":"center center","background-size":"auto","background-attachment":"scroll","background-type":"","background-media":"","overlay-type":"","overlay-color":"","overlay-opacity":"","overlay-gradient":""},"tablet":{"background-color":"var(--ast-global-color-5)","background-image":"","background-repeat":"repeat","background-position":"center center","background-size":"auto","background-attachment":"scroll","background-type":"","background-media":"","overlay-type":"","overlay-color":"","overlay-opacity":"","overlay-gradient":""},"mobile":{"background-color":"var(--ast-global-color-5)","background-image":"","background-repeat":"repeat","background-position":"center center","background-size":"auto","background-attachment":"scroll","background-type":"","background-media":"","overlay-type":"","overlay-color":"","overlay-opacity":"","overlay-gradient":""}},"ngg_post_thumbnail":0,"footnotes":""},"folder":[7],"class_list":["post-3525","page","type-page","status-publish","hentry"],"_links":{"self":[{"href":"https:\/\/www2.unifap.br\/ppgh\/wp-json\/wp\/v2\/pages\/3525","targetHints":{"allow":["GET"]}}],"collection":[{"href":"https:\/\/www2.unifap.br\/ppgh\/wp-json\/wp\/v2\/pages"}],"about":[{"href":"https:\/\/www2.unifap.br\/ppgh\/wp-json\/wp\/v2\/types\/page"}],"author":[{"embeddable":true,"href":"https:\/\/www2.unifap.br\/ppgh\/wp-json\/wp\/v2\/users\/815"}],"replies":[{"embeddable":true,"href":"https:\/\/www2.unifap.br\/ppgh\/wp-json\/wp\/v2\/comments?post=3525"}],"version-history":[{"count":103,"href":"https:\/\/www2.unifap.br\/ppgh\/wp-json\/wp\/v2\/pages\/3525\/revisions"}],"predecessor-version":[{"id":4259,"href":"https:\/\/www2.unifap.br\/ppgh\/wp-json\/wp\/v2\/pages\/3525\/revisions\/4259"}],"up":[{"embeddable":true,"href":"https:\/\/www2.unifap.br\/ppgh\/wp-json\/wp\/v2\/pages\/2066"}],"wp:attachment":[{"href":"https:\/\/www2.unifap.br\/ppgh\/wp-json\/wp\/v2\/media?parent=3525"}],"wp:term":[{"taxonomy":"folder","embeddable":true,"href":"https:\/\/www2.unifap.br\/ppgh\/wp-json\/wp\/v2\/folder?post=3525"}],"curies":[{"name":"wp","href":"https:\/\/api.w.org\/{rel}","templated":true}]}}