{"id":3634,"date":"2024-02-12T12:36:24","date_gmt":"2024-02-12T12:36:24","guid":{"rendered":"https:\/\/www2.unifap.br\/ppgh\/?page_id=3634"},"modified":"2024-02-12T18:33:39","modified_gmt":"2024-02-12T18:33:39","slug":"comissoes","status":"publish","type":"page","link":"https:\/\/www2.unifap.br\/ppgh\/administrativo\/comissoes\/","title":{"rendered":"Comiss\u00f5es"},"content":{"rendered":"\t\t<div data-elementor-type=\"wp-page\" data-elementor-id=\"3634\" class=\"elementor elementor-3634\">\n\t\t\t\t\t\t<section class=\"elementor-section elementor-top-section elementor-element elementor-element-71231120 elementor-section-content-middle elementor-section-boxed elementor-section-height-default elementor-section-height-default\" data-id=\"71231120\" data-element_type=\"section\" data-e-type=\"section\" data-settings=\"{&quot;background_background&quot;:&quot;classic&quot;}\">\n\t\t\t\t\t\t\t<div class=\"elementor-background-overlay\"><\/div>\n\t\t\t\t\t\t\t<div class=\"elementor-container elementor-column-gap-default\">\n\t\t\t\t\t<div class=\"elementor-column elementor-col-100 elementor-top-column elementor-element elementor-element-f9013de\" data-id=\"f9013de\" data-element_type=\"column\" data-e-type=\"column\">\n\t\t\t<div class=\"elementor-widget-wrap elementor-element-populated\">\n\t\t\t\t\t\t<div class=\"elementor-element elementor-element-5d25262a elementor-widget elementor-widget-page-title\" data-id=\"5d25262a\" data-element_type=\"widget\" data-e-type=\"widget\" data-settings=\"{&quot;align_mobile&quot;:&quot;center&quot;}\" data-widget_type=\"page-title.default\">\n\t\t\t\t<div class=\"elementor-widget-container\">\n\t\t\t\t\t\t\t\n\t\t<div class=\"hfe-page-title hfe-page-title-wrapper elementor-widget-heading\">\n\n\t\t\t\t\t\t\t\t<h2 class=\"elementor-heading-title elementor-size-default\">\n\t\t\t\t\t\t\t\t\n\t\t\t\tComiss\u00f5es  \n\t\t\t<\/h2 > \n\t\t\t\t\t<\/div>\n\t\t\t\t\t\t<\/div>\n\t\t\t\t<\/div>\n\t\t\t\t<div class=\"elementor-element elementor-element-8435728 elementor-widget__width-inherit elementor-widget-divider--view-line elementor-widget elementor-widget-divider\" data-id=\"8435728\" data-element_type=\"widget\" data-e-type=\"widget\" data-widget_type=\"divider.default\">\n\t\t\t\t<div class=\"elementor-widget-container\">\n\t\t\t\t\t\t\t<div class=\"elementor-divider\">\n\t\t\t<span class=\"elementor-divider-separator\">\n\t\t\t\t\t\t<\/span>\n\t\t<\/div>\n\t\t\t\t\t\t<\/div>\n\t\t\t\t<\/div>\n\t\t\t\t<div class=\"elementor-element elementor-element-4b729cc elementor-widget elementor-widget-text-editor\" data-id=\"4b729cc\" data-element_type=\"widget\" data-e-type=\"widget\" data-widget_type=\"text-editor.default\">\n\t\t\t\t<div class=\"elementor-widget-container\">\n\t\t\t\t\t\t\t\t\t<p><strong>COMISS\u00c3O DE BOLSAS<\/strong><\/p><ul><li>Prof. Paulo Marcelo Cambraia da Costa (Presidente)<\/li><li>Prof. Gabriel Lima Marques<\/li><li>Wilneia Barbosa de Aleluia Guedes<\/li><li>Karoline Veloso de Oliveira<\/li><\/ul><p><strong>COMISS\u00c3O DE ACOMPANHAMENTO DE EGRESSOS (CAEG)<\/strong><\/p><ul><li>Profa. Fernanda Cristina da Encarna\u00e7\u00e3o dos Santos<\/li><li>Prof. Alexandre Guilherme da Cruz Alves J\u00fanior<\/li><li>Prof. Sidney Lobato<\/li><li>T\u00e9c. Fabr\u00edcia da Costa Vaz<\/li><li>Karoline Veloso de Oliveira<\/li><\/ul><p><strong>COMISS\u00c3O DE ACOMPANHAMENTO E AVALIA\u00c7\u00c3O DOCENTE (CAAD)<\/strong><\/p><ul><li>Prof. Sidney Lobato (Presidente)<\/li><li>Prof. Alexandre Guilherme da Cruz Alves J\u00fanior<\/li><li>Profa. Lara de Castro<\/li><\/ul>\t\t\t\t\t\t\t\t<\/div>\n\t\t\t\t<\/div>\n\t\t\t\t\t<\/div>\n\t\t<\/div>\n\t\t\t\t\t<\/div>\n\t\t<\/section>\n\t\t\t\t<\/div>\n\t\t","protected":false},"excerpt":{"rendered":"<p>Comiss\u00f5es COMISS\u00c3O DE BOLSAS Prof. Paulo Marcelo Cambraia da Costa (Presidente) Prof. Gabriel Lima Marques Wilneia Barbosa de Aleluia Guedes Karoline Veloso de Oliveira COMISS\u00c3O DE ACOMPANHAMENTO DE EGRESSOS (CAEG) Profa. Fernanda Cristina da Encarna\u00e7\u00e3o dos Santos Prof. Alexandre Guilherme da Cruz Alves J\u00fanior Prof. Sidney Lobato T\u00e9c. Fabr\u00edcia da Costa Vaz Karoline Veloso de&#8230;<\/p>\n","protected":false},"author":815,"featured_media":0,"parent":2632,"menu_order":0,"comment_status":"closed","ping_status":"closed","template":"","meta":{"inline_featured_image":false,"site-sidebar-layout":"no-sidebar","site-content-layout":"page-builder","ast-site-content-layout":"full-width-container","site-content-style":"unboxed","site-sidebar-style":"unboxed","ast-global-header-display":"","ast-banner-title-visibility":"","ast-main-header-display":"","ast-hfb-above-header-display":"","ast-hfb-below-header-display":"","ast-hfb-mobile-header-display":"","site-post-title":"disabled","ast-breadcrumbs-content":"","ast-featured-img":"disabled","footer-sml-layout":"","theme-transparent-header-meta":"default","adv-header-id-meta":"","stick-header-meta":"","header-above-stick-meta":"","header-main-stick-meta":"","header-below-stick-meta":"","astra-migrate-meta-layouts":"set","ast-page-background-enabled":"default","ast-page-background-meta":{"desktop":{"background-color":"var(--ast-global-color-4)","background-image":"","background-repeat":"repeat","background-position":"center center","background-size":"auto","background-attachment":"scroll","background-type":"","background-media":"","overlay-type":"","overlay-color":"","overlay-opacity":"","overlay-gradient":""},"tablet":{"background-color":"","background-image":"","background-repeat":"repeat","background-position":"center center","background-size":"auto","background-attachment":"scroll","background-type":"","background-media":"","overlay-type":"","overlay-color":"","overlay-opacity":"","overlay-gradient":""},"mobile":{"background-color":"","background-image":"","background-repeat":"repeat","background-position":"center center","background-size":"auto","background-attachment":"scroll","background-type":"","background-media":"","overlay-type":"","overlay-color":"","overlay-opacity":"","overlay-gradient":""}},"ast-content-background-meta":{"desktop":{"background-color":"var(--ast-global-color-5)","background-image":"","background-repeat":"repeat","background-position":"center center","background-size":"auto","background-attachment":"scroll","background-type":"","background-media":"","overlay-type":"","overlay-color":"","overlay-opacity":"","overlay-gradient":""},"tablet":{"background-color":"var(--ast-global-color-5)","background-image":"","background-repeat":"repeat","background-position":"center center","background-size":"auto","background-attachment":"scroll","background-type":"","background-media":"","overlay-type":"","overlay-color":"","overlay-opacity":"","overlay-gradient":""},"mobile":{"background-color":"var(--ast-global-color-5)","background-image":"","background-repeat":"repeat","background-position":"center center","background-size":"auto","background-attachment":"scroll","background-type":"","background-media":"","overlay-type":"","overlay-color":"","overlay-opacity":"","overlay-gradient":""}},"ngg_post_thumbnail":0,"footnotes":""},"folder":[9],"class_list":["post-3634","page","type-page","status-publish","hentry"],"_links":{"self":[{"href":"https:\/\/www2.unifap.br\/ppgh\/wp-json\/wp\/v2\/pages\/3634","targetHints":{"allow":["GET"]}}],"collection":[{"href":"https:\/\/www2.unifap.br\/ppgh\/wp-json\/wp\/v2\/pages"}],"about":[{"href":"https:\/\/www2.unifap.br\/ppgh\/wp-json\/wp\/v2\/types\/page"}],"author":[{"embeddable":true,"href":"https:\/\/www2.unifap.br\/ppgh\/wp-json\/wp\/v2\/users\/815"}],"replies":[{"embeddable":true,"href":"https:\/\/www2.unifap.br\/ppgh\/wp-json\/wp\/v2\/comments?post=3634"}],"version-history":[{"count":11,"href":"https:\/\/www2.unifap.br\/ppgh\/wp-json\/wp\/v2\/pages\/3634\/revisions"}],"predecessor-version":[{"id":3649,"href":"https:\/\/www2.unifap.br\/ppgh\/wp-json\/wp\/v2\/pages\/3634\/revisions\/3649"}],"up":[{"embeddable":true,"href":"https:\/\/www2.unifap.br\/ppgh\/wp-json\/wp\/v2\/pages\/2632"}],"wp:attachment":[{"href":"https:\/\/www2.unifap.br\/ppgh\/wp-json\/wp\/v2\/media?parent=3634"}],"wp:term":[{"taxonomy":"folder","embeddable":true,"href":"https:\/\/www2.unifap.br\/ppgh\/wp-json\/wp\/v2\/folder?post=3634"}],"curies":[{"name":"wp","href":"https:\/\/api.w.org\/{rel}","templated":true}]}}