{"id":3671,"date":"2024-02-20T15:25:38","date_gmt":"2024-02-20T15:25:38","guid":{"rendered":"https:\/\/www2.unifap.br\/ppgh\/?page_id=3671"},"modified":"2026-03-19T01:16:58","modified_gmt":"2026-03-19T01:16:58","slug":"eventos","status":"publish","type":"page","link":"https:\/\/www2.unifap.br\/ppgh\/agenda\/eventos\/","title":{"rendered":"Eventos"},"content":{"rendered":"\t\t<div data-elementor-type=\"wp-page\" data-elementor-id=\"3671\" class=\"elementor elementor-3671\">\n\t\t\t\t\t\t<section class=\"elementor-section elementor-top-section elementor-element elementor-element-9b15581 elementor-section-boxed elementor-section-height-default elementor-section-height-default\" data-id=\"9b15581\" data-element_type=\"section\" data-e-type=\"section\" data-settings=\"{&quot;background_background&quot;:&quot;classic&quot;}\">\n\t\t\t\t\t\t\t<div class=\"elementor-background-overlay\"><\/div>\n\t\t\t\t\t\t\t<div class=\"elementor-container elementor-column-gap-default\">\n\t\t\t\t\t<div class=\"elementor-column elementor-col-100 elementor-top-column elementor-element elementor-element-ec10104\" data-id=\"ec10104\" data-element_type=\"column\" data-e-type=\"column\">\n\t\t\t<div class=\"elementor-widget-wrap elementor-element-populated\">\n\t\t\t\t\t\t<div class=\"elementor-element elementor-element-cb059af elementor-widget elementor-widget-page-title\" data-id=\"cb059af\" data-element_type=\"widget\" data-e-type=\"widget\" data-settings=\"{&quot;align_mobile&quot;:&quot;center&quot;}\" data-widget_type=\"page-title.default\">\n\t\t\t\t<div class=\"elementor-widget-container\">\n\t\t\t\t\t\t\t\n\t\t<div class=\"hfe-page-title hfe-page-title-wrapper elementor-widget-heading\">\n\n\t\t\t\t\t\t\t\t<h2 class=\"elementor-heading-title elementor-size-default\">\n\t\t\t\t\t\t\t\t\n\t\t\t\tEventos  \n\t\t\t<\/h2 > \n\t\t\t\t\t<\/div>\n\t\t\t\t\t\t<\/div>\n\t\t\t\t<\/div>\n\t\t\t\t<div class=\"elementor-element elementor-element-c9e22fd elementor-widget__width-inherit elementor-widget-divider--view-line elementor-widget elementor-widget-divider\" data-id=\"c9e22fd\" data-element_type=\"widget\" data-e-type=\"widget\" data-widget_type=\"divider.default\">\n\t\t\t\t<div class=\"elementor-widget-container\">\n\t\t\t\t\t\t\t<div class=\"elementor-divider\">\n\t\t\t<span class=\"elementor-divider-separator\">\n\t\t\t\t\t\t<\/span>\n\t\t<\/div>\n\t\t\t\t\t\t<\/div>\n\t\t\t\t<\/div>\n\t\t\t\t<div class=\"elementor-element elementor-element-03c32d1 elementor-widget elementor-widget-accordion\" data-id=\"03c32d1\" data-element_type=\"widget\" data-e-type=\"widget\" data-widget_type=\"accordion.default\">\n\t\t\t\t<div class=\"elementor-widget-container\">\n\t\t\t\t\t\t\t<div class=\"elementor-accordion\">\n\t\t\t\t\t\t\t<div class=\"elementor-accordion-item\">\n\t\t\t\t\t<div id=\"elementor-tab-title-3941\" class=\"elementor-tab-title\" data-tab=\"1\" role=\"button\" aria-controls=\"elementor-tab-content-3941\" aria-expanded=\"false\">\n\t\t\t\t\t\t\t\t\t\t\t\t\t<span class=\"elementor-accordion-icon elementor-accordion-icon-left\" aria-hidden=\"true\">\n\t\t\t\t\t\t\t\t\t\t\t\t\t\t\t<span class=\"elementor-accordion-icon-closed\"><i class=\"fas fa-plus\"><\/i><\/span>\n\t\t\t\t\t\t\t\t<span class=\"elementor-accordion-icon-opened\"><i class=\"fas fa-minus\"><\/i><\/span>\n\t\t\t\t\t\t\t\t\t\t\t\t\t\t<\/span>\n\t\t\t\t\t\t\t\t\t\t\t\t<a class=\"elementor-accordion-title\" tabindex=\"0\">I SEMIN\u00c1RIO DE PESQUISAS DO PPGH\/UNIFAP<\/a>\n\t\t\t\t\t<\/div>\n\t\t\t\t\t<div id=\"elementor-tab-content-3941\" class=\"elementor-tab-content elementor-clearfix\" data-tab=\"1\" role=\"region\" aria-labelledby=\"elementor-tab-title-3941\"><ul><li>Mesa 1: As pesquisas em Hist\u00f3ria Social do Trabalho no PPGH\/Unifap<\/li><li>Mesa: Poder, Mem\u00f3rias e Representa\u00e7\u00f5es nas pesquisas do PPGH\/Unifap<\/li><\/ul><p>Local: Audit\u00f3rio de Hist\u00f3ria (Bloco L da Unifap)<\/p><p>Dia: 19 de abril de 2024<\/p><p>Hor\u00e1rio: \u00e0s 14h. (de Bras\u00edlia<\/p><\/div>\n\t\t\t\t<\/div>\n\t\t\t\t\t\t\t<div class=\"elementor-accordion-item\">\n\t\t\t\t\t<div id=\"elementor-tab-title-3942\" class=\"elementor-tab-title\" data-tab=\"2\" role=\"button\" aria-controls=\"elementor-tab-content-3942\" aria-expanded=\"false\">\n\t\t\t\t\t\t\t\t\t\t\t\t\t<span class=\"elementor-accordion-icon elementor-accordion-icon-left\" aria-hidden=\"true\">\n\t\t\t\t\t\t\t\t\t\t\t\t\t\t\t<span class=\"elementor-accordion-icon-closed\"><i class=\"fas fa-plus\"><\/i><\/span>\n\t\t\t\t\t\t\t\t<span class=\"elementor-accordion-icon-opened\"><i class=\"fas fa-minus\"><\/i><\/span>\n\t\t\t\t\t\t\t\t\t\t\t\t\t\t<\/span>\n\t\t\t\t\t\t\t\t\t\t\t\t<a class=\"elementor-accordion-title\" tabindex=\"0\">MESA: LUTA PELA TERRA E PELOS TERRIT\u00d3RIOS NA AMAZ\u00d4NIA DURANTE A DITADURA<\/a>\n\t\t\t\t\t<\/div>\n\t\t\t\t\t<div id=\"elementor-tab-content-3942\" class=\"elementor-tab-content elementor-clearfix\" data-tab=\"2\" role=\"region\" aria-labelledby=\"elementor-tab-title-3942\"><ul><li>Realiza\u00e7\u00e3o: PPGH\/Unifap e Anpuh-AP<\/li><\/ul><p><strong>Mesa 2 do Ciclo de Debates &#8220;A Ditadura na Amaz\u00f4nia: um balan\u00e7o cr\u00edtico 60 anos depois do Golpe&#8221;<\/strong><\/p><p>Palestrantes:<\/p><ul><li>Jaci Vieira (UFRR)<\/li><li>Higor Pereira (UFF)<\/li><\/ul><p>Mediadora: Amanda Silva (Unifap)<\/p><p>Local: Canal da Anpuh-AP no Youtube<\/p><p>Link:\u00a0<a style=\"font-family: var( --e-global-typography-secondary-font-family ), Sans-serif;font-weight: var( --e-global-typography-secondary-font-weight );font-size: 1rem\" href=\"https:\/\/www.youtube.com\/watch?v=bePEtBxVSWY\" target=\"_blank\" rel=\"noopener\">https:\/\/www.youtube.com\/watch?v=bePEtBxVSWY<\/a><\/p><p>Dia: 30 de mar\u00e7o de 2024<\/p><p>Hor\u00e1rio: \u00e0s 19h. (de Bras\u00edlia<\/p><\/div>\n\t\t\t\t<\/div>\n\t\t\t\t\t\t\t<div class=\"elementor-accordion-item\">\n\t\t\t\t\t<div id=\"elementor-tab-title-3943\" class=\"elementor-tab-title\" data-tab=\"3\" role=\"button\" aria-controls=\"elementor-tab-content-3943\" aria-expanded=\"false\">\n\t\t\t\t\t\t\t\t\t\t\t\t\t<span class=\"elementor-accordion-icon elementor-accordion-icon-left\" aria-hidden=\"true\">\n\t\t\t\t\t\t\t\t\t\t\t\t\t\t\t<span class=\"elementor-accordion-icon-closed\"><i class=\"fas fa-plus\"><\/i><\/span>\n\t\t\t\t\t\t\t\t<span class=\"elementor-accordion-icon-opened\"><i class=\"fas fa-minus\"><\/i><\/span>\n\t\t\t\t\t\t\t\t\t\t\t\t\t\t<\/span>\n\t\t\t\t\t\t\t\t\t\t\t\t<a class=\"elementor-accordion-title\" tabindex=\"0\">MESA: PROJETOS DE COLONIZA\u00c7\u00c3O NA AMAZ\u00d4NIA DA DITADURA<\/a>\n\t\t\t\t\t<\/div>\n\t\t\t\t\t<div id=\"elementor-tab-content-3943\" class=\"elementor-tab-content elementor-clearfix\" data-tab=\"3\" role=\"region\" aria-labelledby=\"elementor-tab-title-3943\"><ul><li>Realiza\u00e7\u00e3o: PPGH\/Unifap e Anpuh-AP<\/li><\/ul><p><strong>Mesa 1 do Ciclo de Debates &#8220;A Ditadura na Amaz\u00f4nia: um balan\u00e7o cr\u00edtico 60 anos depois do Golpe&#8221;<\/strong><\/p><p>Palestrantes:<\/p><ul><li>Regina Beatriz Gumar\u00e3es Neto (UFPE)<\/li><li>Vitale Joanoni Neto (UFMT)<\/li><\/ul><p>Mediador: Sidney Lobato (Unifap)<\/p><p>Local: Canal da Anpuh-AP no Youtube<\/p><p>Link:\u00a0<a style=\"font-family: var( --e-global-typography-secondary-font-family ), Sans-serif;font-weight: var( --e-global-typography-secondary-font-weight );font-size: 1rem\" href=\"https:\/\/www.youtube.com\/live\/uYzlWmEyb_s?si=AseOVmytfzCC7MJ7\" target=\"_blank\" rel=\"noopener\">https:\/\/www.youtube.com\/live\/uYzlWmEyb_s?si=AseOVmytfzCC7MJ7<\/a><\/p><p>Dia: 28 de mar\u00e7o de 2024<\/p><p>Hor\u00e1rio: \u00e0s 19h. (de Bras\u00edlia)<\/p><\/div>\n\t\t\t\t<\/div>\n\t\t\t\t\t\t\t<div class=\"elementor-accordion-item\">\n\t\t\t\t\t<div id=\"elementor-tab-title-3944\" class=\"elementor-tab-title\" data-tab=\"4\" role=\"button\" aria-controls=\"elementor-tab-content-3944\" aria-expanded=\"false\">\n\t\t\t\t\t\t\t\t\t\t\t\t\t<span class=\"elementor-accordion-icon elementor-accordion-icon-left\" aria-hidden=\"true\">\n\t\t\t\t\t\t\t\t\t\t\t\t\t\t\t<span class=\"elementor-accordion-icon-closed\"><i class=\"fas fa-plus\"><\/i><\/span>\n\t\t\t\t\t\t\t\t<span class=\"elementor-accordion-icon-opened\"><i class=\"fas fa-minus\"><\/i><\/span>\n\t\t\t\t\t\t\t\t\t\t\t\t\t\t<\/span>\n\t\t\t\t\t\t\t\t\t\t\t\t<a class=\"elementor-accordion-title\" tabindex=\"0\">I CONGRESSO INTERNACIONAL NAS FRONTEIRAS DA AMAZ\u00d4NIA<\/a>\n\t\t\t\t\t<\/div>\n\t\t\t\t\t<div id=\"elementor-tab-content-3944\" class=\"elementor-tab-content elementor-clearfix\" data-tab=\"4\" role=\"region\" aria-labelledby=\"elementor-tab-title-3944\"><p>Realiza\u00e7\u00e3o: PPGH\/Unifap, Gescam\/CNPq e Capes<\/p><p>Tema: <strong>Pensar nas fronteiras: teoria, m\u00e9todos e escritas sobre a hist\u00f3ria na fronteira colonial e p\u00f3s-colonial<\/strong><\/p><p>Local: Campus Marco Zero da Unifap (Macap\u00e1-AP)<\/p><p>Per\u00edodo: de 04 a 07 de mar\u00e7o de 2024<\/p><p>Link para acesso ao formul\u00e1rio de inscri\u00e7\u00e3o e mais informa\u00e7\u00f5es:\u00a0<a style=\"font-family: var( --e-global-typography-secondary-font-family ), Sans-serif;font-weight: var( --e-global-typography-secondary-font-weight );font-size: 1rem\" href=\"https:\/\/www.instagram.com\/gescamunifap?igsh=MWI4Y210ZDRlZGw5NA==\" target=\"_blank\" rel=\"noopener\">https:\/\/www.instagram.com\/gescamunifap?igsh=MWI4Y210ZDRlZGw5NA==<\/a><\/p><\/div>\n\t\t\t\t<\/div>\n\t\t\t\t\t\t\t<div class=\"elementor-accordion-item\">\n\t\t\t\t\t<div id=\"elementor-tab-title-3945\" class=\"elementor-tab-title\" data-tab=\"5\" role=\"button\" aria-controls=\"elementor-tab-content-3945\" aria-expanded=\"false\">\n\t\t\t\t\t\t\t\t\t\t\t\t\t<span class=\"elementor-accordion-icon elementor-accordion-icon-left\" aria-hidden=\"true\">\n\t\t\t\t\t\t\t\t\t\t\t\t\t\t\t<span class=\"elementor-accordion-icon-closed\"><i class=\"fas fa-plus\"><\/i><\/span>\n\t\t\t\t\t\t\t\t<span class=\"elementor-accordion-icon-opened\"><i class=\"fas fa-minus\"><\/i><\/span>\n\t\t\t\t\t\t\t\t\t\t\t\t\t\t<\/span>\n\t\t\t\t\t\t\t\t\t\t\t\t<a class=\"elementor-accordion-title\" tabindex=\"0\">II COL\u00d3QUIO DE DISCENTES DO PPGH\/UNIFAP <\/a>\n\t\t\t\t\t<\/div>\n\t\t\t\t\t<div id=\"elementor-tab-content-3945\" class=\"elementor-tab-content elementor-clearfix\" data-tab=\"5\" role=\"region\" aria-labelledby=\"elementor-tab-title-3945\"><p><strong><a href=\"http:\/\/www2.unifap.br\/ppgh\/files\/2026\/03\/EDITAL-SUBMISSA\u0303O-RESUMO-SIMPLES-E-ARTIGO-COMPLETO.pdf\">EDITAL &#8211; SUBMISSA\u0303O RESUMO SIMPLES E ARTIGO COMPLETO<\/a><\/strong><\/p><\/div>\n\t\t\t\t<\/div>\n\t\t\t\t\t\t\t\t<\/div>\n\t\t\t\t\t\t<\/div>\n\t\t\t\t<\/div>\n\t\t\t\t\t<\/div>\n\t\t<\/div>\n\t\t\t\t\t<\/div>\n\t\t<\/section>\n\t\t\t\t<\/div>\n\t\t","protected":false},"excerpt":{"rendered":"<p>Eventos I SEMIN\u00c1RIO DE PESQUISAS DO PPGH\/UNIFAP Mesa 1: As pesquisas em Hist\u00f3ria Social do Trabalho no PPGH\/Unifap Mesa: Poder, Mem\u00f3rias e Representa\u00e7\u00f5es nas pesquisas do PPGH\/Unifap Local: Audit\u00f3rio de Hist\u00f3ria (Bloco L da Unifap) Dia: 19 de abril de 2024 Hor\u00e1rio: \u00e0s 14h. (de Bras\u00edlia MESA: LUTA PELA TERRA E PELOS TERRIT\u00d3RIOS NA AMAZ\u00d4NIA&#8230;<\/p>\n","protected":false},"author":815,"featured_media":0,"parent":2921,"menu_order":0,"comment_status":"closed","ping_status":"closed","template":"","meta":{"inline_featured_image":false,"site-sidebar-layout":"no-sidebar","site-content-layout":"page-builder","ast-site-content-layout":"full-width-container","site-content-style":"default","site-sidebar-style":"default","ast-global-header-display":"","ast-banner-title-visibility":"","ast-main-header-display":"","ast-hfb-above-header-display":"","ast-hfb-below-header-display":"","ast-hfb-mobile-header-display":"","site-post-title":"disabled","ast-breadcrumbs-content":"","ast-featured-img":"disabled","footer-sml-layout":"","theme-transparent-header-meta":"default","adv-header-id-meta":"","stick-header-meta":"","header-above-stick-meta":"","header-main-stick-meta":"","header-below-stick-meta":"","astra-migrate-meta-layouts":"set","ast-page-background-enabled":"default","ast-page-background-meta":{"desktop":{"background-color":"var(--ast-global-color-4)","background-image":"","background-repeat":"repeat","background-position":"center center","background-size":"auto","background-attachment":"scroll","background-type":"","background-media":"","overlay-type":"","overlay-color":"","overlay-opacity":"","overlay-gradient":""},"tablet":{"background-color":"","background-image":"","background-repeat":"repeat","background-position":"center center","background-size":"auto","background-attachment":"scroll","background-type":"","background-media":"","overlay-type":"","overlay-color":"","overlay-opacity":"","overlay-gradient":""},"mobile":{"background-color":"","background-image":"","background-repeat":"repeat","background-position":"center center","background-size":"auto","background-attachment":"scroll","background-type":"","background-media":"","overlay-type":"","overlay-color":"","overlay-opacity":"","overlay-gradient":""}},"ast-content-background-meta":{"desktop":{"background-color":"var(--ast-global-color-5)","background-image":"","background-repeat":"repeat","background-position":"center center","background-size":"auto","background-attachment":"scroll","background-type":"","background-media":"","overlay-type":"","overlay-color":"","overlay-opacity":"","overlay-gradient":""},"tablet":{"background-color":"var(--ast-global-color-5)","background-image":"","background-repeat":"repeat","background-position":"center center","background-size":"auto","background-attachment":"scroll","background-type":"","background-media":"","overlay-type":"","overlay-color":"","overlay-opacity":"","overlay-gradient":""},"mobile":{"background-color":"var(--ast-global-color-5)","background-image":"","background-repeat":"repeat","background-position":"center center","background-size":"auto","background-attachment":"scroll","background-type":"","background-media":"","overlay-type":"","overlay-color":"","overlay-opacity":"","overlay-gradient":""}},"ngg_post_thumbnail":0,"footnotes":""},"folder":[10],"class_list":["post-3671","page","type-page","status-publish","hentry"],"_links":{"self":[{"href":"https:\/\/www2.unifap.br\/ppgh\/wp-json\/wp\/v2\/pages\/3671","targetHints":{"allow":["GET"]}}],"collection":[{"href":"https:\/\/www2.unifap.br\/ppgh\/wp-json\/wp\/v2\/pages"}],"about":[{"href":"https:\/\/www2.unifap.br\/ppgh\/wp-json\/wp\/v2\/types\/page"}],"author":[{"embeddable":true,"href":"https:\/\/www2.unifap.br\/ppgh\/wp-json\/wp\/v2\/users\/815"}],"replies":[{"embeddable":true,"href":"https:\/\/www2.unifap.br\/ppgh\/wp-json\/wp\/v2\/comments?post=3671"}],"version-history":[{"count":25,"href":"https:\/\/www2.unifap.br\/ppgh\/wp-json\/wp\/v2\/pages\/3671\/revisions"}],"predecessor-version":[{"id":4850,"href":"https:\/\/www2.unifap.br\/ppgh\/wp-json\/wp\/v2\/pages\/3671\/revisions\/4850"}],"up":[{"embeddable":true,"href":"https:\/\/www2.unifap.br\/ppgh\/wp-json\/wp\/v2\/pages\/2921"}],"wp:attachment":[{"href":"https:\/\/www2.unifap.br\/ppgh\/wp-json\/wp\/v2\/media?parent=3671"}],"wp:term":[{"taxonomy":"folder","embeddable":true,"href":"https:\/\/www2.unifap.br\/ppgh\/wp-json\/wp\/v2\/folder?post=3671"}],"curies":[{"name":"wp","href":"https:\/\/api.w.org\/{rel}","templated":true}]}}