{"id":1016,"date":"2021-02-16T14:43:32","date_gmt":"2021-02-16T17:43:32","guid":{"rendered":"http:\/\/www2.unifap.br\/ppglet\/?page_id=1016"},"modified":"2024-08-14T17:06:47","modified_gmt":"2024-08-14T20:06:47","slug":"turma-2024","status":"publish","type":"page","link":"https:\/\/www2.unifap.br\/ppglet\/processo-seletivo\/aluno-regular\/turma-2024\/","title":{"rendered":"Turma 2024"},"content":{"rendered":"\t\t<div data-elementor-type=\"wp-page\" data-elementor-id=\"1016\" class=\"elementor elementor-1016\">\n\t\t\t\t\t\t<section class=\"elementor-section elementor-top-section elementor-element elementor-element-c4ba2eb elementor-section-boxed elementor-section-height-default elementor-section-height-default\" data-id=\"c4ba2eb\" data-element_type=\"section\" data-e-type=\"section\">\n\t\t\t\t\t\t<div class=\"elementor-container elementor-column-gap-default\">\n\t\t\t\t\t<div class=\"elementor-column elementor-col-100 elementor-top-column elementor-element elementor-element-ad6cc5e\" data-id=\"ad6cc5e\" data-element_type=\"column\" data-e-type=\"column\">\n\t\t\t<div class=\"elementor-widget-wrap elementor-element-populated\">\n\t\t\t\t\t\t<div class=\"elementor-element elementor-element-5ca8bd1 elementor-widget elementor-widget-text-editor\" data-id=\"5ca8bd1\" data-element_type=\"widget\" data-e-type=\"widget\" data-widget_type=\"text-editor.default\">\n\t\t\t\t<div class=\"elementor-widget-container\">\n\t\t\t\t\t\t\t\t\t<p style=\"text-align: center\"><span style=\"color: #000000\"><strong>EDITAL N.\u00ba 01\/2024 \u2013 PPGLET\/UNIFAP \u2013 02 DE FEVEREIRO DE 2024<\/strong><\/span><br \/><span style=\"color: #000000\"><strong>PROCESSO SELETIVO PARA O INGRESSO NO CURSO DE MESTRADO EM LETRAS<\/strong><\/span><br \/><span style=\"color: #000000\"><strong>DO PROGRAMA DE P\u00d3S-GRADUA\u00c7\u00c3O EM LETRAS DA UNIVERSIDADE FEDERAL<\/strong><\/span><br \/><span style=\"color: #000000\"><strong>DO AMAP\u00c1 &#8211; TURMA 2024<\/strong><\/span><\/p>\t\t\t\t\t\t\t\t<\/div>\n\t\t\t\t<\/div>\n\t\t\t\t\t<\/div>\n\t\t<\/div>\n\t\t\t\t\t<\/div>\n\t\t<\/section>\n\t\t\t\t<section class=\"elementor-section elementor-top-section elementor-element elementor-element-17ca2ec elementor-section-boxed elementor-section-height-default elementor-section-height-default\" data-id=\"17ca2ec\" data-element_type=\"section\" data-e-type=\"section\">\n\t\t\t\t\t\t<div class=\"elementor-container elementor-column-gap-default\">\n\t\t\t\t\t<div class=\"elementor-column elementor-col-100 elementor-top-column elementor-element elementor-element-2f2d3c8\" data-id=\"2f2d3c8\" data-element_type=\"column\" data-e-type=\"column\">\n\t\t\t<div class=\"elementor-widget-wrap elementor-element-populated\">\n\t\t\t\t\t\t<div class=\"elementor-element elementor-element-d3c6ec8 elementor-widget elementor-widget-image\" data-id=\"d3c6ec8\" data-element_type=\"widget\" data-e-type=\"widget\" data-widget_type=\"image.default\">\n\t\t\t\t<div class=\"elementor-widget-container\">\n\t\t\t\t\t\t\t\t\t\t\t\t\t\t\t<img fetchpriority=\"high\" decoding=\"async\" width=\"940\" height=\"788\" src=\"http:\/\/www2.unifap.br\/ppglet\/files\/2024\/02\/processo-seletivo.jpg\" class=\"attachment-large size-large wp-image-2205\" alt=\"\" srcset=\"http:\/\/www2.unifap.br\/ppglet\/files\/2024\/02\/processo-seletivo.jpg 940w, http:\/\/www2.unifap.br\/ppglet\/files\/2024\/02\/processo-seletivo-300x251.jpg 300w, http:\/\/www2.unifap.br\/ppglet\/files\/2024\/02\/processo-seletivo-768x644.jpg 768w\" sizes=\"(max-width: 940px) 100vw, 940px\" \/>\t\t\t\t\t\t\t\t\t\t\t\t\t\t\t<\/div>\n\t\t\t\t<\/div>\n\t\t\t\t\t<\/div>\n\t\t<\/div>\n\t\t\t\t\t<\/div>\n\t\t<\/section>\n\t\t\t\t<section class=\"elementor-section elementor-top-section elementor-element elementor-element-3104ee8a elementor-section-boxed elementor-section-height-default elementor-section-height-default\" data-id=\"3104ee8a\" data-element_type=\"section\" data-e-type=\"section\">\n\t\t\t\t\t\t<div class=\"elementor-container elementor-column-gap-default\">\n\t\t\t\t\t<div class=\"elementor-column elementor-col-100 elementor-top-column elementor-element elementor-element-44593f36\" data-id=\"44593f36\" data-element_type=\"column\" data-e-type=\"column\">\n\t\t\t<div class=\"elementor-widget-wrap elementor-element-populated\">\n\t\t\t\t\t\t<div class=\"elementor-element elementor-element-111c2099 elementor-widget elementor-widget-text-editor\" data-id=\"111c2099\" data-element_type=\"widget\" data-e-type=\"widget\" data-widget_type=\"text-editor.default\">\n\t\t\t\t<div class=\"elementor-widget-container\">\n\t\t\t\t\t\t\t\t\t<p>A Coordena\u00e7\u00e3o do Programa de P\u00f3s-Gradua\u00e7\u00e3o em Letras (PPGLET), da Universidade Federal do Amap\u00e1 (UNIFAP), torna p\u00fablico o presente Edital de Sele\u00e7\u00e3o para o ingresso no Curso de Mestrado em Letras \u2013 Turma 2024, com inscri\u00e7\u00e3o de candidatos(as) <span style=\"color: #ff0000\"><strong>no per\u00edodo de 05 a 29 de fevereiro de 2024, para ingresso no 2\u00ba Semestre Letivo de 2024 (conforme Calend\u00e1rio Acad\u00eamico da UNIFAP).<\/strong><\/span><\/p><p><strong><span style=\"color: #000000\">Documentos:<\/span><\/strong><\/p><p><span style=\"color: #ff0000\"><strong>02\/02\/2024 \u2013<a style=\"color: #ff0000\" href=\"https:\/\/www2.unifap.br\/ppglet\/edital-no-01_2024-_-ppglet_unifap-_-02-de-fevereiro-de-2024\/\" rel=\"attachment wp-att-2191\">EDITAL N\u00ba 01_2024 _ PPGLET_UNIFAP<\/a><\/strong><\/span><\/p><p><span style=\"color: #ff0000\"><strong>02\/02\/2024 &#8211;<a style=\"color: #ff0000\" href=\"https:\/\/www2.unifap.br\/ppglet\/anexos_-edital-n-o-01_2024-ps_ppglet-1\/\" rel=\"attachment wp-att-2228\">ANEXO<\/a><\/strong><\/span><\/p><p><strong><span style=\"color: #ff0000\"><a style=\"color: #ff0000\" href=\"https:\/\/sigaa.unifap.br\/sigaa\/public\/processo_seletivo\/lista.jsf\">05\/02\/2024 &#8211; Link de Inscri\u00e7\u00e3o\u00a0<\/a><\/span><\/strong><\/p><div class=\"field-item even\"><p class=\"rtejustify\"><strong><span style=\"color: #ff0000\"><a style=\"color: #ff0000\" href=\"https:\/\/www2.unifap.br\/ppglet\/resultado-provisorio-de-inscricoes\/\" rel=\"attachment wp-att-2276\">06\/03\/2024 &#8211; Resultado Provis\u00f3rio de Inscri\u00e7\u00f5es<\/a><\/span><\/strong><\/p><p><span style=\"color: #ff0000\"><strong><a style=\"color: #ff0000\" href=\"https:\/\/www2.unifap.br\/ppglet\/resultado_recursos-docx\/\" rel=\"attachment wp-att-2283\">12\/03\/2024 &#8211; Resultado de Recursos\u00a0<\/a><\/strong><\/span><\/p><p><span style=\"color: #ff0000\"><strong><a style=\"color: #ff0000\" href=\"https:\/\/www2.unifap.br\/ppglet\/resultado-definitivo-de-inscricoes-docx\/\" rel=\"attachment wp-att-2288\">12\/03\/2024 &#8211; Resultado Definitivo de Inscri\u00e7\u00f5es<\/a><\/strong><\/span><\/p><p><span style=\"color: #ff0000\"><strong>26\/03\/2024 &#8211; <\/strong><strong><a style=\"color: #ff0000\" href=\"https:\/\/www2.unifap.br\/ppglet\/resultado-provisorio_-etapa-1-avaliacao-de-pre-projeto\/\" rel=\"attachment wp-att-2294\">Resultado Provis\u00f3rio da Etapa I (PR\u00c9-PROJETO E MEMORIAL)<\/a><\/strong><\/span><\/p><p><span style=\"color: #ff0000\"><strong><a style=\"color: #ff0000\" href=\"https:\/\/www2.unifap.br\/ppglet\/resultado-final-etapa-1-1\/\" rel=\"attachment wp-att-2312\">02\/04\/2024 &#8211; Resultado Final Etapa I (Pr\u00e9-projeto e Memorial) (Novo)<\/a><\/strong><\/span><\/p><p><span style=\"color: #ff0000\"><strong><a style=\"color: #ff0000\" href=\"https:\/\/www2.unifap.br\/ppglet\/horarios-e-local-das-entrevistas\/\" rel=\"attachment wp-att-2322\">02\/04\/2024 &#8211; Hor\u00e1rios e Locais das Entrevistas <\/a>(Novo)<\/strong><\/span><\/p><p><strong><span style=\"color: #ff0000\"><a style=\"color: #ff0000\" href=\"https:\/\/www2.unifap.br\/ppglet\/2024\/02\/05\/retificacao-01-edital-n-o-01-2024-ppglet-unifap\/retificacao-01-_edital-n-o-01_2024-_ppglet_unifap\/\" rel=\"attachment wp-att-2233\">05\/02\/2024- Retifica\u00e7\u00e3o 01\u00a0<\/a><\/span><\/strong><\/p><p><span style=\"color: #ff0000\"><strong><a style=\"color: #ff0000\" href=\"https:\/\/www2.unifap.br\/ppglet\/retificacao-02-2\/\" rel=\"attachment wp-att-2333\">23\/04\/2024 &#8211; Retifica\u00e7\u00e3o 02<\/a><\/strong><\/span><\/p><p><span style=\"color: #ff0000\"><strong><a style=\"color: #ff0000\" href=\"https:\/\/www2.unifap.br\/ppglet\/2024\/04\/24\/resultado-provisorio-etapa-ii-e-etapa-iii-processo-seletivo-2024-edital-no01-2024-ppglet-unifap-02-de-fevereiro-de-2024\/resultado-provisorio-entrevista-e-curriculo_sumula-curricular\/\" rel=\"attachment wp-att-2349\">24\/04\/2024 &#8211; Resultado provis\u00f3rio da II Etapa (Entrevista) e Etapa III (AN\u00c1LISE CURRICULAR E S\u00daMULA CURRICULAR)<\/a><\/strong><\/span><\/p><p><span style=\"color: #ff0000\"><strong><a style=\"color: #ff0000\" href=\"https:\/\/www2.unifap.br\/ppglet\/resultado-final-docx\/\" rel=\"attachment wp-att-2363\">02\/05\/2024 &#8211; Resultado Final do PS\/PPGLET-2024<\/a><\/strong><\/span><\/p><p><span style=\"color: #ff0000\"><strong><a style=\"color: #ff0000\" href=\"https:\/\/www2.unifap.br\/ppglet\/resultado-final-atualizado-ppglet\/\" rel=\"attachment wp-att-2422\">14\/08\/2024 &#8211; Retifica\u00e7\u00e3o do Resultado Final do PS\/PPGLET-2024<\/a>\u00a0<\/strong><\/span><\/p><\/div>\t\t\t\t\t\t\t\t<\/div>\n\t\t\t\t<\/div>\n\t\t\t\t\t<\/div>\n\t\t<\/div>\n\t\t\t\t\t<\/div>\n\t\t<\/section>\n\t\t\t\t<\/div>\n\t\t","protected":false},"excerpt":{"rendered":"<p>EDITAL N.\u00ba 01\/2024 \u2013 PPGLET\/UNIFAP \u2013 02 DE FEVEREIRO DE 2024PROCESSO SELETIVO PARA O INGRESSO NO CURSO DE MESTRADO EM LETRASDO PROGRAMA DE P\u00d3S-GRADUA\u00c7\u00c3O EM LETRAS DA UNIVERSIDADE FEDERALDO AMAP\u00c1 &#8211; TURMA 2024 A Coordena\u00e7\u00e3o do Programa de P\u00f3s-Gradua\u00e7\u00e3o em Letras (PPGLET), da Universidade Federal do Amap\u00e1 (UNIFAP), torna p\u00fablico o presente Edital de Sele\u00e7\u00e3o&#8230;<\/p>\n","protected":false},"author":3826,"featured_media":0,"parent":548,"menu_order":0,"comment_status":"closed","ping_status":"closed","template":"","meta":{"inline_featured_image":false,"ngg_post_thumbnail":0,"footnotes":""},"folder":[],"class_list":["post-1016","page","type-page","status-publish","hentry","entry"],"_links":{"self":[{"href":"https:\/\/www2.unifap.br\/ppglet\/wp-json\/wp\/v2\/pages\/1016","targetHints":{"allow":["GET"]}}],"collection":[{"href":"https:\/\/www2.unifap.br\/ppglet\/wp-json\/wp\/v2\/pages"}],"about":[{"href":"https:\/\/www2.unifap.br\/ppglet\/wp-json\/wp\/v2\/types\/page"}],"author":[{"embeddable":true,"href":"https:\/\/www2.unifap.br\/ppglet\/wp-json\/wp\/v2\/users\/3826"}],"replies":[{"embeddable":true,"href":"https:\/\/www2.unifap.br\/ppglet\/wp-json\/wp\/v2\/comments?post=1016"}],"version-history":[{"count":127,"href":"https:\/\/www2.unifap.br\/ppglet\/wp-json\/wp\/v2\/pages\/1016\/revisions"}],"predecessor-version":[{"id":2425,"href":"https:\/\/www2.unifap.br\/ppglet\/wp-json\/wp\/v2\/pages\/1016\/revisions\/2425"}],"up":[{"embeddable":true,"href":"https:\/\/www2.unifap.br\/ppglet\/wp-json\/wp\/v2\/pages\/548"}],"wp:attachment":[{"href":"https:\/\/www2.unifap.br\/ppglet\/wp-json\/wp\/v2\/media?parent=1016"}],"wp:term":[{"taxonomy":"folder","embeddable":true,"href":"https:\/\/www2.unifap.br\/ppglet\/wp-json\/wp\/v2\/folder?post=1016"}],"curies":[{"name":"wp","href":"https:\/\/api.w.org\/{rel}","templated":true}]}}