{"id":104,"date":"2019-03-18T23:49:33","date_gmt":"2019-03-19T02:49:33","guid":{"rendered":"http:\/\/www2.unifap.br\/ppglet\/?page_id=104"},"modified":"2025-07-16T12:06:09","modified_gmt":"2025-07-16T15:06:09","slug":"discentes1","status":"publish","type":"page","link":"https:\/\/www2.unifap.br\/ppglet\/discentes1\/","title":{"rendered":"Discentes"},"content":{"rendered":"\t\t<div data-elementor-type=\"wp-page\" data-elementor-id=\"104\" class=\"elementor elementor-104\">\n\t\t\t\t\t\t<section class=\"elementor-section elementor-top-section elementor-element elementor-element-1bf34b54 elementor-section-boxed elementor-section-height-default elementor-section-height-default\" data-id=\"1bf34b54\" data-element_type=\"section\" data-e-type=\"section\">\n\t\t\t\t\t\t<div class=\"elementor-container elementor-column-gap-default\">\n\t\t\t\t\t<div class=\"elementor-column elementor-col-100 elementor-top-column elementor-element elementor-element-b83377\" data-id=\"b83377\" data-element_type=\"column\" data-e-type=\"column\">\n\t\t\t<div class=\"elementor-widget-wrap elementor-element-populated\">\n\t\t\t\t\t\t<div class=\"elementor-element elementor-element-4cbb9445 elementor-widget elementor-widget-text-editor\" data-id=\"4cbb9445\" data-element_type=\"widget\" data-e-type=\"widget\" data-widget_type=\"text-editor.default\">\n\t\t\t\t<div class=\"elementor-widget-container\">\n\t\t\t\t\t\t\t\t\t<table width=\"100%\">\n<thead>\n<tr>\n<td>\n<p><strong>Matr\u00edcula<\/strong><\/p>\n<\/td>\n<td>\n<p><strong>Nome<\/strong><\/p>\n<\/td>\n<td>\n<p><strong>Orientador<\/strong><\/p>\n<\/td>\n<\/tr>\n<\/thead>\n<tbody>\n<tr>\n<td colspan=\"3\">\n<p><strong>TURMA 2019<\/strong><\/p>\n<\/td>\n<\/tr>\n<tr>\n<td>\n<p>2019102288<\/p>\n<\/td>\n<td>\n<p>MARIA S\u00d4NIA ANIK\u00c1<\/p>\n<\/td>\n<td>\n<p>ANTONIO ALMIR SILVA GOMES<\/p>\n<\/td>\n<\/tr>\n<tr>\n<td>\n<p>2019102297<\/p>\n<\/td>\n<td>\n<p>MAXWARA DOS SANTOS CARDOSO<\/p>\n<\/td>\n<td>\n<p>ANTONIO ALMIR SILVA GOMES<\/p>\n<\/td>\n<\/tr>\n<tr>\n<td>\n<p>2019102232<\/p>\n<\/td>\n<td>\n<p>GISELIA MACIEL GABRIEL<\/p>\n<\/td>\n<td>\n<p>EDUARDO ALVES VASCONCELOS<\/p>\n<\/td>\n<\/tr>\n<tr>\n<td>\n<p>2019102303<\/p>\n<\/td>\n<td>\n<p>GELSON PASTANA MACIEL<\/p>\n<\/td>\n<td>\n<p>FERNANDA CRISTINA DA ENCARNACAO DOS SANTOS<\/p>\n<\/td>\n<\/tr>\n<tr>\n<td>\n<p>2019102368<\/p>\n<\/td>\n<td>\n<p>NORDEVALDO DOS SANTOS<\/p>\n<\/td>\n<td>\n<p>FERNANDA CRISTINA DA ENCARNACAO DOS SANTOS<\/p>\n<\/td>\n<\/tr>\n<tr>\n<td>\n<p>2019102330<\/p>\n<\/td>\n<td>\n<p>DIANA JACARAND\u00c1 PANTOJA ZAVODNY<\/p>\n<\/td>\n<td>\n<p>FERNANDO ORPHAO DE CARVALHO<\/p>\n<\/td>\n<\/tr>\n<tr>\n<td>\n<p>2019102321<\/p>\n<\/td>\n<td>\n<p>JACIARA SANTOS DA SILVA<\/p>\n<\/td>\n<td>\n<p>GLAUBER ROMLING DA SILVA<\/p>\n<\/td>\n<\/tr>\n<tr>\n<td>\n<p>2019102241<\/p>\n<\/td>\n<td>\n<p>JO\u00c3O ALEXANDRE BERTILIANO CHARLES<\/p>\n<\/td>\n<td>\n<p>GLAUBER ROMLING DA SILVA<\/p>\n<\/td>\n<\/tr>\n<tr>\n<td>\n<p>2019102340<\/p>\n<\/td>\n<td>\n<p>BRUNA DOS SANTOS ALMEIDA<\/p>\n<\/td>\n<td>\n<p>NATALI FABIANA DA COSTA E SILVA<\/p>\n<\/td>\n<\/tr>\n<tr>\n<td>\n<p>2019102312<\/p>\n<\/td>\n<td>\n<p>JULIANA T\u00c1VORA DE MENDON\u00c7A LIMA<\/p>\n<\/td>\n<td>\n<p>NATALI FABIANA DA COSTA E SILVA<\/p>\n<\/td>\n<\/tr>\n<tr>\n<td>\n<p>2019102359<\/p>\n<\/td>\n<td>\n<p>ALDIERE ORLANDO<\/p>\n<\/td>\n<td>\n<p>ROSIVALDO GOMES<\/p>\n<\/td>\n<\/tr>\n<tr>\n<td>\n<p>2019102260<\/p>\n<\/td>\n<td>\n<p>CARLA PATRICIA RIBEIRO NOBRE<\/p>\n<\/td>\n<td>\n<p>YURGEL PANTOJA CALDAS<\/p>\n<\/td>\n<\/tr>\n<tr>\n<td colspan=\"3\">\n<p><strong>TURMA 2020<\/strong><\/p>\n<\/td>\n<\/tr>\n<tr>\n<td>\n<p>2020101078<\/p>\n<\/td>\n<td>\n<p>IOHANA VICTORIA BARBOSA FERREIRA<\/p>\n<\/td>\n<td>\n<p>ANTONIO ALMIR SILVA GOMES<\/p>\n<\/td>\n<\/tr>\n<tr>\n<td>\n<p>2020101185<\/p>\n<\/td>\n<td>\n<p>MICHELE SILVA DE CARVALHO<\/p>\n<\/td>\n<td>\n<p>CELESTE MARIA DA ROCHA RIBEIRO<\/p>\n<\/td>\n<\/tr>\n<tr>\n<td>\n<p>2020101210<\/p>\n<\/td>\n<td>\n<p>BENESAIDE DA SILVA SILVA<\/p>\n<\/td>\n<td>\n<p>EDNALDO TARTAGLIA SANTOS<\/p>\n<\/td>\n<\/tr>\n<tr>\n<td>\n<p>2020101069<\/p>\n<\/td>\n<td>\n<p>AMIAKARE APALAI<\/p>\n<\/td>\n<td>\n<p>EDUARDO ALVES VASCONCELOS<\/p>\n<\/td>\n<\/tr>\n<tr>\n<td>\n<p>2020101031<\/p>\n<\/td>\n<td>\n<p>EREU APALAI<\/p>\n<\/td>\n<td>\n<p>FERNANDO ORPHAO DE CARVALHO<\/p>\n<\/td>\n<\/tr>\n<tr>\n<td>\n<p>2020101040<\/p>\n<\/td>\n<td>\n<p>MAKARATU WAI\u00c3PI<\/p>\n<\/td>\n<td>\n<p>FERNANDO ORPHAO DE CARVALHO<\/p>\n<\/td>\n<\/tr>\n<tr>\n<td>\n<p>2020101022<\/p>\n<\/td>\n<td>\n<p>ARAWAJE WAIANA APALAI<\/p>\n<\/td>\n<td>\n<p>GELSAMA MARA FERREIRA DOS SANTOS<\/p>\n<\/td>\n<\/tr>\n<tr>\n<td>\n<p>2020101229<\/p>\n<\/td>\n<td>\n<p>ISA DOS SANTOS<\/p>\n<\/td>\n<td>\n<p>GLAUBER ROMLING DA SILVA<\/p>\n<\/td>\n<\/tr>\n<tr>\n<td>\n<p>2020101111<\/p>\n<\/td>\n<td>\n<p>ELINE SAMARA DE SOUZA SANTOS<\/p>\n<\/td>\n<td>\n<p>NATALI FABIANA DA COSTA E SILVA<\/p>\n<\/td>\n<\/tr>\n<tr>\n<td>\n<p>2020101013<\/p>\n<\/td>\n<td>\n<p>ELIZABETE DOS SANTOS PISA WAIANA<\/p>\n<\/td>\n<td>\n<p>NATALI FABIANA DA COSTA E SILVA<\/p>\n<\/td>\n<\/tr>\n<tr>\n<td>\n<p>2020101096<\/p>\n<\/td>\n<td>\n<p>MALENA VIDAL DOS SANTOS<\/p>\n<\/td>\n<td>\n<p>NATALI FABIANA DA COSTA E SILVA<\/p>\n<\/td>\n<\/tr>\n<tr>\n<td>\n<p>2020101200<\/p>\n<\/td>\n<td>\n<p>EDIELSON MONTEIRO DA SILVA<\/p>\n<\/td>\n<td>\n<p>ROSIVALDO GOMES<\/p>\n<\/td>\n<\/tr>\n<tr>\n<td>\n<p>2020101050<\/p>\n<\/td>\n<td>\n<p>NAT\u00c1LIA ALMEIDA BRAGA VASCONCELOS<\/p>\n<\/td>\n<td>\n<p>ROSIVALDO GOMES<\/p>\n<\/td>\n<\/tr>\n<tr>\n<td>\n<p>2020101087<\/p>\n<\/td>\n<td>\n<p>ALINE MONTEIRO DOS SANTOS<\/p>\n<\/td>\n<td>\n<p>YURGEL PANTOJA CALDAS<\/p>\n<\/td>\n<\/tr>\n<tr>\n<td>\n<p>2020101194<\/p>\n<\/td>\n<td>\n<p>ELANE DA SILVA VIANA<\/p>\n<\/td>\n<td>\n<p>YURGEL PANTOJA CALDAS<\/p>\n<\/td>\n<\/tr>\n<tr>\n<td colspan=\"3\">\n<p><strong>TURMA 2021<\/strong><\/p>\n<\/td>\n<\/tr>\n<tr>\n<td>\n<p>2021101546<\/p>\n<\/td>\n<td>\n<p>JOSE RENATO MARQUES BATISTA<\/p>\n<\/td>\n<td>\n<p>ANTONIO ALMIR SILVA GOMES<\/p>\n<\/td>\n<\/tr>\n<tr>\n<td>\n<p>2021101297<\/p>\n<\/td>\n<td>\n<p>VALCIR DOS SANTOS BRAGA<\/p>\n<\/td>\n<td>\n<p>ANTONIO ALMIR SILVA GOMES<\/p>\n<\/td>\n<\/tr>\n<tr>\n<td>\n<p>2021101582<\/p>\n<\/td>\n<td>\n<p>ELZENY MONTEIRO BAIA CARDOSO<\/p>\n<\/td>\n<td>\n<p>CELESTE MARIA DA ROCHA RIBEIRO<\/p>\n<\/td>\n<\/tr>\n<tr>\n<td>\n<p>2021101537<\/p>\n<\/td>\n<td>\n<p>LENILSON DE ALMEIDA FEITOSA<\/p>\n<\/td>\n<td>\n<p>CELESTE MARIA DA ROCHA RIBEIRO<\/p>\n<\/td>\n<\/tr>\n<tr>\n<td>\n<p>2021101457<\/p>\n<\/td>\n<td>\n<p>ARANILDA SILVA TEIXEIRA DA CONCEI\u00c7\u00c3O<\/p>\n<\/td>\n<td>\n<p>EDNALDO TARTAGLIA SANTOS<\/p>\n<\/td>\n<\/tr>\n<tr>\n<td>\n<p>2021101288<\/p>\n<\/td>\n<td>\n<p>ELIENAI MORAES BARBOSA<\/p>\n<\/td>\n<td>\n<p>EDNALDO TARTAGLIA SANTOS<\/p>\n<\/td>\n<\/tr>\n<tr>\n<td>\n<p>2021101368<\/p>\n<\/td>\n<td>\n<p>JOAO VITOR DE OLIVEIRA BARBOSA<\/p>\n<\/td>\n<td>\n<p>EDNALDO TARTAGLIA SANTOS<\/p>\n<\/td>\n<\/tr>\n<tr>\n<td>\n<p>2021101617<\/p>\n<\/td>\n<td>\n<p>ANA LUCIA DE JESUS RODRIGUES<\/p>\n<\/td>\n<td>\n<p>EDUARDO ALVES VASCONCELOS<\/p>\n<\/td>\n<\/tr>\n<tr>\n<td>\n<p>2021101573<\/p>\n<\/td>\n<td>\n<p>ANGELICA MELO DA SILVA<\/p>\n<\/td>\n<td>\n<p>EDUARDO ALVES VASCONCELOS<\/p>\n<\/td>\n<\/tr>\n<tr>\n<td>\n<p>2021101466<\/p>\n<\/td>\n<td>\n<p>FRANCINETE FIGUEIREDO DA SILVA<\/p>\n<\/td>\n<td>\n<p>EMERSON DE PAULA SILVA<\/p>\n<\/td>\n<\/tr>\n<tr>\n<td>\n<p>2021101608<\/p>\n<\/td>\n<td>\n<p>JOSE HELDER DE SOUSA BRANDAO<\/p>\n<\/td>\n<td>\n<p>EMERSON DE PAULA SILVA<\/p>\n<\/td>\n<\/tr>\n<tr>\n<td>\n<p>2021101386<\/p>\n<\/td>\n<td>\n<p>CATIANO DA SILVA GAMA<\/p>\n<\/td>\n<td>\n<p>FERNANDA CRISTINA DA ENCARNACAO DOS SANTOS<\/p>\n<\/td>\n<\/tr>\n<tr>\n<td>\n<p>2021101475<\/p>\n<\/td>\n<td>\n<p>AUGUSTO GASPARRE BRAGA FA\u00c7ANHA<\/p>\n<\/td>\n<td>\n<p>FERNANDO ORPHAO DE CARVALHO<\/p>\n<\/td>\n<\/tr>\n<tr>\n<td>\n<p>2021101448<\/p>\n<\/td>\n<td>\n<p>MARCELINE GUEDES DOS SANTOS<\/p>\n<\/td>\n<td>\n<p>FERNANDO ORPHAO DE CARVALHO<\/p>\n<\/td>\n<\/tr>\n<tr>\n<td>\n<p>2021101484<\/p>\n<\/td>\n<td>\n<p>LERIDIANE BENAMOR ANIC\u00c1<\/p>\n<\/td>\n<td>\n<p>GELSAMA MARA FERREIRA DOS SANTOS<\/p>\n<\/td>\n<\/tr>\n<tr>\n<td>\n<p>2021101279<\/p>\n<\/td>\n<td>\n<p>FRANCK WIRLEN QUADROS DOS SANTOS<\/p>\n<\/td>\n<td>\n<p>MARCO AURELIO RODRIGUES<\/p>\n<\/td>\n<\/tr>\n<tr>\n<td>\n<p>2021101340<\/p>\n<\/td>\n<td>\n<p>MARCIO DA PAIXAO BARROS<\/p>\n<\/td>\n<td>\n<p>MARCO AURELIO RODRIGUES<\/p>\n<\/td>\n<\/tr>\n<tr>\n<td>\n<p>2021101528<\/p>\n<\/td>\n<td>\n<p>ANDR\u00c9IA SIMONI RIBEIRO DE SOUZA<\/p>\n<\/td>\n<td>\n<p>NATALI FABIANA DA COSTA E SILVA<\/p>\n<\/td>\n<\/tr>\n<tr>\n<td>\n<p>2021101493<\/p>\n<\/td>\n<td>\n<p>SUELLEN BARBOSA DE ALMEIDA<\/p>\n<\/td>\n<td>\n<p>NATALI FABIANA DA COSTA E SILVA<\/p>\n<\/td>\n<\/tr>\n<tr>\n<td>\n<p>2021101395<\/p>\n<\/td>\n<td>\n<p>MARVEN JUNIUS DA COSTA FRANKLIN<\/p>\n<\/td>\n<td>\n<p>RAFAEL SENRA COELHO<\/p>\n<\/td>\n<\/tr>\n<tr>\n<td>\n<p>2021101401<\/p>\n<\/td>\n<td>\n<p>VINICIUS GUIDO LEAL JUAREZ<\/p>\n<\/td>\n<td>\n<p>RAFAEL SENRA COELHO<\/p>\n<\/td>\n<\/tr>\n<tr>\n<td>\n<p>2021101420<\/p>\n<\/td>\n<td>\n<p>ALCIR DOS SANTOS BRAGA<\/p>\n<\/td>\n<td>\n<p>ROSIVALDO GOMES<\/p>\n<\/td>\n<\/tr>\n<tr>\n<td>\n<p>2021101330<\/p>\n<\/td>\n<td>\n<p>AUCILEIDE REGINA MENEZES GUIMARAES PINTO<\/p>\n<\/td>\n<td>\n<p>ROSIVALDO GOMES<\/p>\n<\/td>\n<\/tr>\n<tr>\n<td>\n<p>2021101303<\/p>\n<\/td>\n<td>\n<p>FRANCISCO SANTOS BORGES<\/p>\n<\/td>\n<td>\n<p>YURGEL PANTOJA CALDAS<\/p>\n<\/td>\n<\/tr>\n<tr>\n<td>\n<p>2021101500<\/p>\n<\/td>\n<td>\n<p>SILVIA VIDAL ALMEIDA<\/p>\n<\/td>\n<td>\n<p>YURGEL PANTOJA CALDAS<\/p>\n<\/td>\n<\/tr>\n<\/tbody>\n<\/table>\t\t\t\t\t\t\t\t<\/div>\n\t\t\t\t<\/div>\n\t\t\t\t\t<\/div>\n\t\t<\/div>\n\t\t\t\t\t<\/div>\n\t\t<\/section>\n\t\t\t\t<\/div>\n\t\t","protected":false},"excerpt":{"rendered":"<p>Matr\u00edcula Nome Orientador TURMA 2019 2019102288 MARIA S\u00d4NIA ANIK\u00c1 ANTONIO ALMIR SILVA GOMES 2019102297 MAXWARA DOS SANTOS CARDOSO ANTONIO ALMIR SILVA GOMES 2019102232 GISELIA MACIEL GABRIEL EDUARDO ALVES VASCONCELOS 2019102303 GELSON PASTANA MACIEL FERNANDA CRISTINA DA ENCARNACAO DOS SANTOS 2019102368 NORDEVALDO DOS SANTOS FERNANDA CRISTINA DA ENCARNACAO DOS SANTOS 2019102330 DIANA JACARAND\u00c1 PANTOJA ZAVODNY FERNANDO&#8230;<\/p>\n","protected":false},"author":3826,"featured_media":0,"parent":0,"menu_order":2,"comment_status":"closed","ping_status":"closed","template":"","meta":{"inline_featured_image":false,"ngg_post_thumbnail":0,"footnotes":""},"folder":[],"class_list":["post-104","page","type-page","status-publish","hentry","entry"],"_links":{"self":[{"href":"https:\/\/www2.unifap.br\/ppglet\/wp-json\/wp\/v2\/pages\/104","targetHints":{"allow":["GET"]}}],"collection":[{"href":"https:\/\/www2.unifap.br\/ppglet\/wp-json\/wp\/v2\/pages"}],"about":[{"href":"https:\/\/www2.unifap.br\/ppglet\/wp-json\/wp\/v2\/types\/page"}],"author":[{"embeddable":true,"href":"https:\/\/www2.unifap.br\/ppglet\/wp-json\/wp\/v2\/users\/3826"}],"replies":[{"embeddable":true,"href":"https:\/\/www2.unifap.br\/ppglet\/wp-json\/wp\/v2\/comments?post=104"}],"version-history":[{"count":16,"href":"https:\/\/www2.unifap.br\/ppglet\/wp-json\/wp\/v2\/pages\/104\/revisions"}],"predecessor-version":[{"id":3312,"href":"https:\/\/www2.unifap.br\/ppglet\/wp-json\/wp\/v2\/pages\/104\/revisions\/3312"}],"wp:attachment":[{"href":"https:\/\/www2.unifap.br\/ppglet\/wp-json\/wp\/v2\/media?parent=104"}],"wp:term":[{"taxonomy":"folder","embeddable":true,"href":"https:\/\/www2.unifap.br\/ppglet\/wp-json\/wp\/v2\/folder?post=104"}],"curies":[{"name":"wp","href":"https:\/\/api.w.org\/{rel}","templated":true}]}}