{"id":1043,"date":"2021-04-06T17:15:33","date_gmt":"2021-04-06T20:15:33","guid":{"rendered":"http:\/\/www2.unifap.br\/ppglet\/?page_id=1043"},"modified":"2021-04-14T12:13:39","modified_gmt":"2021-04-14T15:13:39","slug":"aluno-especial-2020-1-semestre-remoto","status":"publish","type":"page","link":"https:\/\/www2.unifap.br\/ppglet\/processo-seletivo\/aluno-especial\/aluno-especial-2020-1-semestre-remoto\/","title":{"rendered":"Aluno Especial (2020.1 &#8211; Semestre Remoto)"},"content":{"rendered":"<h3 style=\"text-align: center\"><strong>CHAMADA N. 01\/2021 &#8211; ALUNO ESPECIAL DO PPGLET\/UNIFAP<\/strong><\/h3>\n<h3 style=\"text-align: center\"><strong>2020 \u2013 1\u00ba semestre (remoto)<\/strong><\/h3>\n<p><strong>&nbsp;<\/strong><\/p>\n<p><strong>&nbsp;<\/strong><\/p>\n<p>A Coordena\u00e7\u00e3o do <strong>Programa de P\u00f3s-Gradua\u00e7\u00e3o em Letras<\/strong> (<strong>PPGLET)<\/strong> da Universidade Federal do Amap\u00e1 (UNIFAP) torna p\u00fablico <strong>processo de sele\u00e7\u00e3o <\/strong>de candidatos interessados em cursar disciplinas como aluno especial no PPGLET\/UNIFAP, no primeiro semestre de 2020 (2020.1) nos termos estabelecidos nesta chamada, em conson\u00e2ncia com as disposi\u00e7\u00f5es regimentais do PPGLET\/UNIFAP. O Programa tem como \u00e1rea de concetra\u00e7\u00e3o: <em>Linguagens na Amaz\u00f4nia<\/em> e linhas de pesquisa: (1) <em>Literatura Cultura e Mem\u00f3ria<\/em>; e (2) <em>Diversidade Lingu\u00edstica na Amaz\u00f4nia<\/em>.<\/p>\n<p>&nbsp;<\/p>\n<h5>1. DAS DISPOSI\u00c7\u00d5ES GERAIS<\/h5>\n<p>1.1. Aos alunos especiais aplicam-se as mesmas obriga\u00e7\u00f5es dos alunos regulares, particularmente, o disposto nos artigos 35 e 37 do Regimento do PPGLET (dispon\u00edvel em www2.unifap.br\/ppglet).<\/p>\n<p>1.2. O aproveitamento de cr\u00e9ditos em disciplinas do PPGLET\/UNIFAP como aluno especial e\/ou externo n\u00e3o garante ao candidato a entrada no programa como aluno regular, nem vantagens no processo seletivo para esse fim.<\/p>\n<p>1.3. As disciplinas ofertadas ser\u00e3o integralmente em formato remoto.<\/p>\n<p>1.4. Ser\u00e1 aceita a matr\u00edcula somente em uma disciplina.<\/p>\n<p>1.5. Para esta chamada foram disponibilizadas vagas para as seguintes disciplinas:<\/p>\n<p>&nbsp;<\/p>\n<table width=\"633\">\n<tbody>\n<tr>\n<td width=\"103\">Linha de Pesquisa<\/td>\n<td width=\"157\">Disciplina\/CH<\/td>\n<td width=\"51\">Vagas<\/td>\n<td width=\"95\">Dia\/Hora<\/td>\n<td width=\"227\">Prof. Respons\u00e1vel<\/td>\n<\/tr>\n<tr>\n<td width=\"103\"><em>Diversidade Lingu\u00edstica na Amaz\u00f4nia<\/em><\/td>\n<td width=\"157\">T\u00f3picos em Estudos Lingu\u00edsticos IV<\/p>\n<p>(<strong><em>Pol\u00edticas Lingu\u00edsticas<\/em><\/strong>)<\/td>\n<td width=\"51\">20<\/td>\n<td width=\"95\">Quarta-Feira<\/p>\n<p>18h<\/p>\n<p>In\u00edcio: 28\/04\/2021<\/td>\n<td width=\"227\">Profa. Dra. Kelly Day<\/td>\n<\/tr>\n<tr>\n<td width=\"103\"><em>Literatura, Cultura e Mem\u00f3ria<\/em><\/td>\n<td width=\"157\">T\u00f3picos em Estudos Liter\u00e1rios II<\/p>\n<p>(<strong><em>Leituras e Hist\u00f3rias na Forma\u00e7\u00e3o da Literatura Nacional<\/em><\/strong>)<\/td>\n<td width=\"51\">30<\/td>\n<td width=\"95\">Quarta-Feira<\/p>\n<p>16h<\/p>\n<p>In\u00edcio: 28\/04\/2021<\/td>\n<td width=\"227\">Profa. Dra. Germana Sales<\/p>\n<p>Prof. Dr. Valdiney Valente de Castro<\/td>\n<\/tr>\n<\/tbody>\n<\/table>\n<p>&nbsp;<\/p>\n<p><strong>2. Do Processo Seletivo e Matr\u00edcula<\/strong><\/p>\n<p>2.1. O\/A interessado\/a deve enviar a <strong>Ficha de Inscri\u00e7\u00e3o<\/strong> preenchida (ANEXO 1) e c\u00f3pia digital do diploma ou certid\u00e3o de gradua\u00e7\u00e3o ou atestado de conclus\u00e3o de curso de gradua\u00e7\u00e3o, para o e-mail <em><u>ppglet.unifap@gmail.com<\/u><\/em>, <strong>at\u00e9 20 de abril de 2021<\/strong>.<\/p>\n<p>2.2. A inscri\u00e7\u00e3o do candidato implicar\u00e1 em conhecimento e aceita\u00e7\u00e3o das normas para o processo seletivo contidas nesta chamada e demais comunica\u00e7\u00f5es\/erratas posteriores publicadas no <em>site<\/em> da UNIFAP (www.unifap.br) e no <em>site <\/em>do PPGLET (www2.unifap.br\/ppglet), das quais n\u00e3o poder\u00e1 alegar desconhecimento.<\/p>\n<p>2.3. O candidato ser\u00e1 respons\u00e1vel pela veracidade de todas as informa\u00e7\u00f5es prestadas e pela autenticidade de todos os documentos apresentados, bem como ser\u00e1 respons\u00e1vel por qualquer erro ou omiss\u00e3o, sob pena de ter sua inscri\u00e7\u00e3o invalidada ou desligamento da disciplina a qualquer momento em que for detectada a irregularidade.<\/p>\n<h5>3. DAS DISPOSI\u00c7\u00d5ES FINAIS<\/h5>\n<p>3.1. A inscri\u00e7\u00e3o do\/da candidato\/a implica na aceita\u00e7\u00e3o pelo mesmo\/a das normas e instru\u00e7\u00f5es para o processo de sele\u00e7\u00e3o contidas nesta chamada e nos comunicados posteriores.<\/p>\n<p>3.2. Os casos omissos ser\u00e3o resolvidos pela Coordena\u00e7\u00e3o do PPGLET\/UNIFAP.<\/p>\n<p>3.3. Informa\u00e7\u00f5es poder\u00e3o ser obtidas pelo e-mail <em>ppglet.unifap@gmail.com<\/em>.<\/p>\n<p>&nbsp;<\/p>\n<p style=\"text-align: center\">Macap\u00e1, 06 de abril de 2021<\/p>\n<p style=\"text-align: center\"><em>Prof. Dr. Eduardo Alves Vasconcelos<\/em><\/p>\n<p style=\"text-align: center\">Coordenador do PPGLET\/UNIFAP<br \/>\nPortaria N\u00ba 2300\/2018<\/p>\n<p style=\"text-align: center\">&nbsp;<\/p>\n<p style=\"text-align: center\"><a href=\"https:\/\/drive.google.com\/file\/d\/1fi150k-NSXQnsBhNpJzPfQuRJx21BN_F\/view?usp=sharing\">Anexo 1: Ficha de Solicita\u00e7\u00e3o de Matr\u00edcula &#8211; Aluno Especial<\/a><\/p>\n<p style=\"text-align: center\"><a href=\"http:\/\/www2.unifap.br\/ppglet\/files\/2021\/04\/Chamada_Aluno_Especial_PPGLET_2020_1_2021.pdf\">Chamada Aluno Especial PPGLET 2020.1 (Semestre Remoto)<\/a><\/p>\n<p>&nbsp;<\/p>\n","protected":false},"excerpt":{"rendered":"<p>CHAMADA N. 01\/2021 &#8211; ALUNO ESPECIAL DO PPGLET\/UNIFAP 2020 \u2013 1\u00ba semestre (remoto) &nbsp; &nbsp; A Coordena\u00e7\u00e3o do Programa de P\u00f3s-Gradua\u00e7\u00e3o em Letras (PPGLET) da Universidade Federal do Amap\u00e1 (UNIFAP) torna p\u00fablico processo de sele\u00e7\u00e3o de candidatos interessados em cursar disciplinas como aluno especial no PPGLET\/UNIFAP, no primeiro semestre de 2020 (2020.1) nos termos estabelecidos&#8230;<\/p>\n","protected":false},"author":3826,"featured_media":0,"parent":552,"menu_order":-2,"comment_status":"closed","ping_status":"closed","template":"","meta":{"inline_featured_image":false,"ngg_post_thumbnail":0,"footnotes":""},"folder":[],"class_list":["post-1043","page","type-page","status-publish","hentry","entry"],"_links":{"self":[{"href":"https:\/\/www2.unifap.br\/ppglet\/wp-json\/wp\/v2\/pages\/1043","targetHints":{"allow":["GET"]}}],"collection":[{"href":"https:\/\/www2.unifap.br\/ppglet\/wp-json\/wp\/v2\/pages"}],"about":[{"href":"https:\/\/www2.unifap.br\/ppglet\/wp-json\/wp\/v2\/types\/page"}],"author":[{"embeddable":true,"href":"https:\/\/www2.unifap.br\/ppglet\/wp-json\/wp\/v2\/users\/3826"}],"replies":[{"embeddable":true,"href":"https:\/\/www2.unifap.br\/ppglet\/wp-json\/wp\/v2\/comments?post=1043"}],"version-history":[{"count":10,"href":"https:\/\/www2.unifap.br\/ppglet\/wp-json\/wp\/v2\/pages\/1043\/revisions"}],"predecessor-version":[{"id":1061,"href":"https:\/\/www2.unifap.br\/ppglet\/wp-json\/wp\/v2\/pages\/1043\/revisions\/1061"}],"up":[{"embeddable":true,"href":"https:\/\/www2.unifap.br\/ppglet\/wp-json\/wp\/v2\/pages\/552"}],"wp:attachment":[{"href":"https:\/\/www2.unifap.br\/ppglet\/wp-json\/wp\/v2\/media?parent=1043"}],"wp:term":[{"taxonomy":"folder","embeddable":true,"href":"https:\/\/www2.unifap.br\/ppglet\/wp-json\/wp\/v2\/folder?post=1043"}],"curies":[{"name":"wp","href":"https:\/\/api.w.org\/{rel}","templated":true}]}}