{"id":106,"date":"2019-03-19T00:03:22","date_gmt":"2019-03-19T03:03:22","guid":{"rendered":"http:\/\/www2.unifap.br\/ppglet\/?page_id=106"},"modified":"2022-05-17T12:25:56","modified_gmt":"2022-05-17T15:25:56","slug":"permanentes","status":"publish","type":"page","link":"https:\/\/www2.unifap.br\/ppglet\/docentes\/permanentes\/","title":{"rendered":"Permanentes"},"content":{"rendered":"<h3 style=\"text-align: center\"><span style=\"color: #000000\"><strong>LINHA DE PESQUISA DIVERSIDADE LINGU\u00cdSTICA NA AMAZ\u00d4NIA<\/strong><\/span><\/h3>\n<p><span style=\"color: #000000\"><strong>DOCENTES&nbsp;<\/strong><\/span><\/p>\n<p><span style=\"color: #000000\"><b>Prof. Dr. Antonio Almir Silva Gomes<\/b><\/span><\/p>\n<ul>\n<li><span style=\"color: #000000\">Categoria: Permanente<\/span><\/li>\n<li><span style=\"color: #000000\">Doutor em Lingu\u00edstica, IEL\/UNICAMP, 2013.<\/span><\/li>\n<li><span style=\"color: #000000\"><a style=\"color: #000000\" href=\"http:\/\/lattes.cnpq.br\/5649379730093674\">Curr\u00edculo Lattes<\/a><\/span><\/li>\n<li><span style=\"color: #000000\">Orienta:&nbsp;Educa\u00e7\u00e3o Escolar e L\u00ednguas Ind\u00edgenas; Ensino de l\u00ednguas ind\u00edgenas e adicionais; Morfologia e sintaxe de l\u00ednguas naturais.<\/span><\/li>\n<li><span style=\"color: #000000\">E-mail:&nbsp;<a href=\"mailto:almir@unifap.br\" target=\"_blank\" rel=\"noopener\">almir@unifap.br<\/a><\/span><\/li>\n<\/ul>\n<p><span style=\"color: #000000\"><b>Profa. Dra. Celeste Maria da Rocha Ribiero<\/b><\/span><\/p>\n<ul>\n<li><span style=\"color: #000000\">Categoria: Permanente<\/span><\/li>\n<li><span style=\"color: #000000\">Doutora em Lingu\u00edstica, UFRJ, 2018.<\/span><\/li>\n<li><span style=\"color: #000000\"><a style=\"color: #000000\" href=\"http:\/\/lattes.cnpq.br\/9073170752973521\">Curr\u00edculo Lattes<\/a><\/span><\/li>\n<li><span style=\"color: #000000\">Orienta:&nbsp;An\u00e1lise e descri\u00e7\u00e3o das variedades do portugu\u00eas brasileiro; Estudos do portugu\u00eas amaz\u00f4nico sob as perspectivas da Dialetologia, da Geografia Lingu\u00edstica e da Sociolingu\u00edstica laboviana.<\/span><\/li>\n<li><span style=\"color: #000000\">E-mail: <a style=\"color: #000000\" href=\"mailto:celribeiro042002@gmail.com\" target=\"_blank\" rel=\"noopener\">celribeiro042002@gmail.com<\/a><\/span><\/li>\n<\/ul>\n<p><span style=\"color: #000000\"><b>Prof. Dr. Ednaldo Tartaglia&nbsp;Santos<\/b><\/span><\/p>\n<ul>\n<li><span style=\"color: #000000\">Categoria: Permanente<\/span><\/li>\n<li><span style=\"color: #000000\">Doutor em Letras, UEM, 2019.<\/span><\/li>\n<li><span style=\"color: #000000\"><a style=\"color: #000000\" href=\"http:\/\/lattes.cnpq.br\/3696243056044648\">Curr\u00edculo Lattes<\/a><\/span><\/li>\n<li><span style=\"color: #000000\">Orienta: Pesquisas em An\u00e1lise do Discurso, especialmente, aquelas que tratam de uma negritude amaz\u00f4nica; Identidades e\/ou processos de subjetiva\u00e7\u00e3o; Rela\u00e7\u00f5es entre l\u00edngua, cultura e sociedade<\/span><\/li>\n<li><span style=\"color: #000000\">E-mail:&nbsp;<a style=\"color: #000000\" href=\"mailto:ednaldo.santos@unifap.br\" target=\"_blank\" rel=\"noopener\">ednaldo.santos@unifap.br<\/a><\/span><\/li>\n<\/ul>\n<p><span style=\"color: #000000\"><b>Prof. Dr. Eduardo Alves Vasconcelos<\/b><\/span><\/p>\n<ul>\n<li><span style=\"color: #000000\">Categoria: Permanente<\/span><\/li>\n<li><span style=\"color: #000000\">Doutor em Lingu\u00edstica, IEL\/UNICAMP, 2013.<\/span><\/li>\n<li><span style=\"color: #000000\"><a style=\"color: #000000\" href=\"http:\/\/lattes.cnpq.br\/8302050349019837\">Curr\u00edculo Lattes<\/a><\/span><\/li>\n<li><span style=\"color: #000000\">Orienta:&nbsp;An\u00e1lise e descri\u00e7\u00e3o de l\u00ednguas naturais; L\u00ednguas Ind\u00edgenas; Fon\u00e9tica e Fonologia de L\u00ednguas Naturais; Estudos do portugu\u00eas urbano e rural<\/span><\/li>\n<li><span style=\"color: #000000\">E-mail:&nbsp;<a style=\"color: #000000\" href=\"mailto:eduardo.vasconcelos@unifap.br\" target=\"_blank\" rel=\"noopener\">eduardo.vasconcelos@unifap.br<\/a><\/span><\/li>\n<\/ul>\n<p><span style=\"color: #000000\"><b>Prof. Dr. Fernando Orph\u00e3o de Carvalho<\/b><\/span><\/p>\n<ul>\n<li><span style=\"color: #000000\">Categoria: Permanente&nbsp;<\/span><\/li>\n<li><span style=\"color: #000000\">Doutor em Lingu\u00edstica, UFRJ, 2014.<\/span><\/li>\n<li><span style=\"color: #000000\">Est\u00e1gio P\u00f3s-doutoral em Lingu\u00edstica, &nbsp;MN-UFRJ, 2016.<\/span><\/li>\n<li><span style=\"color: #000000\"><a style=\"color: #000000\" href=\"http:\/\/lattes.cnpq.br\/7176223144465684\">Curr\u00edculo Lattes<\/a><\/span><\/li>\n<li><span style=\"color: #000000\">Orienta: Lingu\u00edstica hist\u00f3rica; Fon\u00e9tica\/Fonologia; Morfossintaxe; L\u00ednguas das fam\u00edlias Tupi-Guarani, Karib e Arawak.<\/span><\/li>\n<li><span style=\"color: #000000\">E-mail: <a href=\"mailto:fernaoorphao@gmail.com\" target=\"_blank\" rel=\"noopener\">fernaoorphao@gmail.com<\/a>&nbsp;<\/span><\/li>\n<\/ul>\n<p><span style=\"color: #000000\"><b>Profa. Dra. G\u00e9lsama Mara dos Santos<\/b><\/span><\/p>\n<ul>\n<li><span style=\"color: #000000\">Categoria Permanente&nbsp;<\/span><\/li>\n<li><span style=\"color: #000000\">Doutora em Lingu\u00edstica, UFRJ, 2007.<\/span><\/li>\n<li><span style=\"color: #000000\">Est\u00e1gio P\u00f3s-doutoral em Lingu\u00edstica, &nbsp;MN-UFRJ, 2011.<\/span><\/li>\n<li><span style=\"color: #000000\"><a style=\"color: #000000\" href=\"http:\/\/lattes.cnpq.br\/5592692094319420\">Curr\u00edculo Lattes<\/a><\/span><\/li>\n<li><span style=\"color: #000000\">Orienta:&nbsp;Estudos de l\u00ednguas ind\u00edgenas (morfologia e sintaxe); L\u00ednguas da fam\u00edlia Karib; L\u00edngua Kheu\u00f3l; Documenta\u00e7\u00e3o lingu\u00edstica.<\/span><\/li>\n<li><span style=\"color: #000000\">E-mail: <a href=\"mailto:gelsama.santos@gmail.com\" target=\"_blank\" rel=\"noopener\">gelsama.santos@gmail.com<\/a>&nbsp;<\/span><\/li>\n<\/ul>\n<p><span style=\"color: #000000\"><b>Prof. Dr. Glauber Romling da Silva<\/b><\/span><\/p>\n<ul>\n<li><span style=\"color: #000000\">Categoria: Permanente<\/span><\/li>\n<li><span style=\"color: #000000\">Doutor em Lingu\u00edstica, UFRJ, 2013.<\/span><\/li>\n<li><span style=\"color: #000000\">Est\u00e1gio P\u00f3s-doutoral em Lingu\u00edstica, IEL\/UNICAMP, 2015.<\/span><\/li>\n<li><span style=\"color: #000000\"><a style=\"color: #000000\" href=\"http:\/\/lattes.cnpq.br\/7064125487666222\">Curr\u00edculo Lattes<\/a><\/span><\/li>\n<li><span style=\"color: #000000\">Orienta:&nbsp;Descri\u00e7\u00e3o, Documenta\u00e7\u00e3o e Revitaliza\u00e7\u00e3o de l\u00ednguas ind\u00edgenas; L\u00edngua Kheu\u00f3l; Fon\u00e9tica, fonologia e sintaxe de l\u00ednguas ind\u00edgenas; Artes verbais e po\u00e9ticas ind\u00edgenas.<\/span><\/li>\n<li><span style=\"color: #000000\">E-mail:&nbsp;<a style=\"color: #000000\" href=\"mailto:glauberomling@yahoo.com.br\" target=\"_blank\" rel=\"noopener\">glauberomling@yahoo.com.br<\/a><\/span><\/li>\n<\/ul>\n<p><span style=\"color: #000000\"><b>Profa. Dra. Kelly Cristina Nascimento Day<\/b><\/span><\/p>\n<ul>\n<li><span style=\"color: #000000\">Categoria: Permanente<\/span><\/li>\n<li><span style=\"color: #000000\">Doutora em Estudos da Linguagem, UFF, 2016.<\/span><\/li>\n<li><span style=\"color: #000000\"><a style=\"color: #000000\" href=\"http:\/\/lattes.cnpq.br\/2874662399167330\">Curr\u00edculo Lattes<\/a><\/span><\/li>\n<li><span style=\"color: #000000\">Orienta: Contato lingu\u00edstico na fronteira franco-brasileira, pol\u00edticas lingu\u00edsticas na Amaz\u00f4nia, paisagem lingu\u00edstica, pr\u00e1ticas transl\u00edngues, identidade, representa\u00e7\u00e3o e atitude lingu\u00edstica<\/span><\/li>\n<li><span style=\"color: #000000\">E-mail:&nbsp;<a style=\"color: #000000\" href=\"mailto:kelly.day@ueap.edu.br\" target=\"_blank\" rel=\"noopener\">kelly.day@ueap.edu.br<\/a><\/span><\/li>\n<\/ul>\n<p><span style=\"color: #000000\"><b>Prof. Dr. Rosivaldo Gomes<\/b><\/span><\/p>\n<ul>\n<li><span style=\"color: #000000\">Categoria: Permante<\/span><\/li>\n<li><span style=\"color: #000000\">Doutor em Lingu\u00edstica Aplicada, IEL\/UNICAMP, 2017.&nbsp;<\/span><\/li>\n<li><span style=\"color: #000000\">Est\u00e1gio P\u00f3s-doutoral em Lingu\u00edstica, UFC, 2020.<\/span><\/li>\n<li><span style=\"color: #000000\">Est\u00e1gio P\u00f3s-doutoral Lingu\u00edstica&nbsp; Aplicada\/Portugu\u00eas L\u00edngua Adicional, UFMG\/2022.<\/span><\/li>\n<li><span style=\"color: #000000\"><a style=\"color: #000000\" href=\"http:\/\/lattes.cnpq.br\/9713360492282811\">Curr\u00edculo Lattes<\/a><\/span><\/li>\n<li><span style=\"color: #000000\">Orienta:&nbsp;Pol\u00edticas lingu\u00edsticas; Linguagens, identidades e discursos; Ensino de portugu\u00eas l\u00edngua materna, estrangeira\/adicional, L2; An\u00e1lise e produ\u00e7\u00e3o de materiais did\u00e1ticos; Estudos Cr\u00edticos do discurso, especialmente ADC; Decolonialidade, educa\u00e7\u00e3o lingu\u00edstica cr\u00edtica e forma\u00e7\u00e3o de professores.<\/span><\/li>\n<li><span style=\"color: #000000\">E-mail: <a style=\"color: #000000\" href=\"mailto:rosivaldo@unifap.br\" target=\"_blank\" rel=\"noopener\">rosivaldo@unifap.br<\/a><\/span><\/li>\n<\/ul>\n<p style=\"font-weight: 400\"><span style=\"color: #000000\"><strong>Profa. Dra. S\u00e2mela Ramos da Silva Meirelles<\/strong><\/span><\/p>\n<ul>\n<li><span style=\"color: #000000\">Categoria: Permanente&nbsp;<\/span><\/li>\n<li><span style=\"color: #000000\">Doutora em Lingu\u00edstica, IEL\/UNICAMP, 2020.<\/span><\/li>\n<li style=\"font-weight: 400\"><span style=\"color: #000000\"><a style=\"color: #000000\" href=\"http:\/\/lattes.cnpq.br\/3021091714866840\">Curr\u00edculo Lattes<\/a><\/span><\/li>\n<li style=\"font-weight: 400\"><span style=\"color: #000000\">Orienta: Estudo de L\u00ednguas Ind\u00edgenas (revitaliza\u00e7\u00e3o e retomada); Pol\u00edticas lingu\u00edsticas para l\u00ednguas minorizadas; Decolonialidade e pol\u00edticas de repress\u00e3o lingu\u00edstica; Linguagens, Identidade e Mem\u00f3ria<\/span><\/li>\n<li style=\"font-weight: 400\"><span style=\"color: #000000\">E-mail:&nbsp;<a style=\"color: #000000\" href=\"mailto:samelaramos@unifap.br\" target=\"_blank\" rel=\"noopener\">samelaramos@unifap.br<\/a>&nbsp;<\/span><\/li>\n<\/ul>\n<p>&nbsp;<\/p>\n<h2 style=\"text-align: center\"><span style=\"color: #000000\"><strong>LINHA DE PESQUISA LITERATURA, CULTURA E MEM\u00d3RIA<\/strong><\/span><\/h2>\n<p><span style=\"color: #000000\"><strong>Prof. Dr. Emerson de Paula Silva&nbsp;<\/strong><\/span><\/p>\n<ul>\n<li><span style=\"color: #000000\">Categoria: Permanente<\/span><\/li>\n<li><span style=\"color: #000000\">Doutor em Estudos Liter\u00e1rios, UNESP &#8211; Araraquara, 2021.<\/span><\/li>\n<li><span style=\"color: #000000\"><a style=\"color: #000000\" href=\"http:\/\/lattes.cnpq.br\/6072084944115357\">Curr\u00edculo Lattes<\/a> <b><\/b><\/span><\/li>\n<li><span style=\"color: #000000\">Orienta:&nbsp; &nbsp;An\u00e1lise do Texto Teatral enquanto pr\u00e1tica art\u00edstica e pr\u00e1tica pedag\u00f3gica;&nbsp; Estudo das narrativas das performances culturais afro-amer\u00edndias; Rela\u00e7\u00f5es entre M\u00fasica e Literatura.<\/span><\/li>\n<li><span style=\"color: #000000\">E-mail: <a href=\"mailto:emersondepaula@unifap.br\" target=\"_blank\" rel=\"noopener\">emersondepaula@unifap.br<\/a> &nbsp;<\/span><\/li>\n<\/ul>\n<p><span style=\"color: #000000\"><b>Profa. Dra. Fernanda Cristina Encarna\u00e7\u00e3o dos Santos<\/b><\/span><\/p>\n<ul>\n<li><span style=\"color: #000000\">Categoria: Permanente<\/span><\/li>\n<li><span style=\"color: #000000\">Doutorado em Letras, UFES, 2018.<\/span><\/li>\n<li><span style=\"color: #000000\"><a style=\"color: #000000\" href=\"http:\/\/lattes.cnpq.br\/6242769486692920\">Curr\u00edculo Lattes<\/a><\/span><\/li>\n<li><span style=\"color: #000000\">Orienta:&nbsp;Literatura Portuguesa; Literatura de Viagem; Literatura na Amaz\u00f4nia; Literatura e mem\u00f3ria; Narrativas orais.<\/span><\/li>\n<li><span style=\"color: #000000\">E-mail: <a style=\"color: #000000\" href=\"mailto:fernanda.santos@unifap.br\" target=\"_blank\" rel=\"noopener\">fernanda.santos@unifap.br<\/a><\/span><\/li>\n<\/ul>\n<p><span style=\"color: #000000\"><b>Profa. Dra. Germana Sales<\/b><\/span><\/p>\n<ul>\n<li><span style=\"color: #000000\">Categoria: Permanente<\/span><\/li>\n<li><span style=\"color: #000000\">Doutora em &nbsp;Teoria e Hist\u00f3ria Liter\u00e1ria, IEL\/UNICAMP, 2003.<\/span><\/li>\n<li><span style=\"color: #000000\"><a style=\"color: #000000\" href=\"http:\/\/lattes.cnpq.br\/8723885160615840\">Curr\u00edculo Lattes<\/a><\/span><\/li>\n<li><span style=\"color: #000000\">Orienta:Literatura Portuguesa; Hist\u00f3ria da Literatura; Hist\u00f3ria do Livro e da Leitura; estudos do romance no s\u00e9culo XIX.<\/span><\/li>\n<li><span style=\"color: #000000\">E-mail: <a href=\"mailto:gmaa.sales@gmail.com\" target=\"_blank\" rel=\"noopener\">gmaa.sales@gmail.com<\/a>&nbsp;<\/span><\/li>\n<\/ul>\n<p><span style=\"color: #000000\"><strong>Profa. Dra. Ingrid Lara de Ara\u00fajo Utzig<\/strong><\/span><\/p>\n<ul>\n<li><span style=\"color: #000000\">Categoria: Permanente<\/span><\/li>\n<li><span style=\"color: #000000\">Doutora em Estudos Liter\u00e1rios, UNESP &#8211; Araraquara, 2021.<\/span><\/li>\n<li><span style=\"color: #000000\"><a style=\"color: #000000\" href=\"http:\/\/lattes.cnpq.br\/2757274588727252\">Curr\u00edculo Lattes<\/a><\/span><\/li>\n<li><span style=\"color: #000000\">Orienta: Trabalhos relacionados a estudos de f\u00e3; Literatura e novas m\u00eddias; Literatura digital e em contexto digital; Materialidades da Literatura; Estudos de Edi\u00e7\u00e3o; Literatura amapaense.<\/span><\/li>\n<li><span style=\"color: #000000\">E-mail: <a href=\"mailto:ingrid.utzig@ifap.edu.br\" target=\"_blank\" rel=\"noopener\">ingrid.utzig@ifap.edu.br<\/a>&nbsp;<\/span><\/li>\n<\/ul>\n<p><span style=\"color: #000000\"><b>Prof. Dr. Marcelo Lachat<\/b><\/span><\/p>\n<ul>\n<li><span style=\"color: #000000\">Categoria: Permanente<\/span><\/li>\n<li><span style=\"color: #000000\">Doutor Letras (Literatura Portuguesa), USP, 2014.<\/span><\/li>\n<li><span style=\"color: #000000\">Est\u00e1gio P\u00f3s-doutoral, Unifesp, 2018.<\/span><\/li>\n<li><span style=\"color: #000000\"><a style=\"color: #000000\" href=\"http:\/\/lattes.cnpq.br\/3500335089443803\">Curr\u00edculo Lattes<\/a><\/span><\/li>\n<li><span style=\"color: #000000\">Orienta:&nbsp;Letras luso-brasileiras dos s\u00e9culos XVI a XVIII; Ret\u00f3rica; Po\u00e9tica; Filosofia.<\/span><\/li>\n<li><span style=\"color: #000000\">E-mail:&nbsp;<a style=\"color: #000000\" href=\"mailto:marcelo.lachat@unifesp.br\" target=\"_blank\" rel=\"noopener\">marcelo.lachat@unifesp.br<\/a><\/span><\/li>\n<\/ul>\n<p><span style=\"color: #000000\"><b>Prof. Dr. Marco Aur\u00e9lio Rodrigues<\/b><\/span><\/p>\n<ul>\n<li><span style=\"color: #000000\">Categoria: Permananete&nbsp;<\/span><\/li>\n<li><span style=\"color: #000000\">Doutor Estudos Liter\u00e1rios, Unesp &#8211; Araraquara, 2015.<br \/>\nDoutor em Estudos Cl\u00e1ssicos, Universidade de Coimbra &#8211; Portugal, 2015.<\/span><\/li>\n<li><span style=\"color: #000000\">Est\u00e1gio P\u00f3s-Doutoral, Unesp, 2017-2018.<\/span><\/li>\n<li><span style=\"color: #000000\"><a style=\"color: #000000\" href=\"http:\/\/lattes.cnpq.br\/6628588590014673\">Curr\u00edculo Lattes<\/a><\/span><\/li>\n<li><span style=\"color: #000000\">Orienta: Rela\u00e7\u00f5es entre a Amaz\u00f4nia e os estudos cl\u00e1ssicos; Teoria do Mito; Manifesta\u00e7\u00f5es orais e m\u00edticas na Amaz\u00f4nia; Teatro e Representa\u00e7\u00e3o; Recep\u00e7\u00e3o e Performance.<\/span><\/li>\n<li><span style=\"color: #000000\">E-mail: <a style=\"color: #000000\" href=\"mailto:marcoaurelio@unifap.br\" target=\"_blank\" rel=\"noopener\">marcoaurelio@unifap.br<\/a><\/span><\/li>\n<\/ul>\n<p><span style=\"color: #000000\"><b>Profa. Dra. Natali Fabiana da Costa e Silva<\/b><\/span><\/p>\n<ul>\n<li><span style=\"color: #000000\">Categoria: Permanante&nbsp;<\/span><\/li>\n<li><span style=\"color: #000000\">Doutora Estudos Liter\u00e1rios, Unesp &#8211; Araraquara, 2015.<\/span><\/li>\n<li><span style=\"color: #000000\">Est\u00e1gio P\u00f3s-doutoral, Universit\u00e9 Grenoble Alpes, 2014.<\/span><\/li>\n<li><span style=\"color: #000000\"><a style=\"color: #000000\" href=\"http:\/\/lattes.cnpq.br\/4523010397725244\">Curr\u00edculo Lattes<\/a><\/span><\/li>\n<li><span style=\"color: #000000\">Orienta:&nbsp;Literaturas das Guianas; Literatura escrita por mulheres; Literatura e mem\u00f3ria; Literatura Brasileira de express\u00e3o amaz\u00f4nica.<\/span><\/li>\n<li><span style=\"color: #000000\">E-mail:&nbsp;<a style=\"color: #000000\" title=\"natali_costa@hotmail.com\" href=\"mailto:natali_costa@hotmail.com\" target=\"_blank\" rel=\"noopener\">natali_costa@hotmail.com<\/a><a style=\"font-size: 14px;color: #000000\" title=\"natali_costa@hotmail.com\">&nbsp;<\/a><\/span><\/li>\n<\/ul>\n<p><span style=\"color: #000000\"><b>Prof. Dr. Yurgel Pantoja Caldas<\/b><\/span><\/p>\n<ul>\n<li><span style=\"color: #000000\">Categoria: Permanente&nbsp;<\/span><\/li>\n<li><span style=\"color: #000000\">Doutor em e Estudos Liter\u00e1rios, UFMG, 2007.<\/span><\/li>\n<li><span style=\"color: #000000\">Est\u00e1gio P\u00f3s-doutoral, FLUL, 2011.<\/span><\/li>\n<li><span style=\"color: #000000\"><a style=\"color: #000000\" href=\"http:\/\/lattes.cnpq.br\/7404598847087083\">Curriculo Lattes<\/a><\/span><\/li>\n<li><span style=\"color: #000000\">Orienta: Literatura na Amaz\u00f4nia; Literatura Amapaense; Teoria p\u00f3s-colonial e decoloniza\u00e7\u00e3o.<\/span><\/li>\n<li><span style=\"color: #000000\">E-mail:&nbsp;<a style=\"color: #000000\" href=\"mailto:yurgel@uol.com.br\" target=\"_blank\" rel=\"noopener\">yurgel@uol.com.br<\/a><\/span><\/li>\n<\/ul>\n<p><span style=\"color: #000000\"><strong>Profa. Dra. Mariana Janaina dos Santos Alves<\/strong><\/span><\/p>\n<ul>\n<li><span style=\"color: #000000\">Categoria: Permanente&nbsp;<\/span><\/li>\n<li><span style=\"color: #000000\">Doutora em&nbsp; Estudos Liter\u00e1rios, UNESP &#8211; Araraquara, 2021.<\/span><\/li>\n<li><span style=\"color: #000000\"><a style=\"color: #000000\" href=\"http:\/\/lattes.cnpq.br\/9757403266022290\">Curr\u00edculo Lattes<\/a><\/span><\/li>\n<li><span style=\"color: #000000\">Orienta: Trabalhos relacionados \u00e0 Negritude, Tradu\u00e7\u00e3o, literatura franc\u00f3fona modernista, literatura da Amaz\u00f4nia, narrativa e po\u00e9ticas ind\u00edgenas.<\/span><\/li>\n<li><span style=\"color: #000000\">E-mail: <a href=\"mailto:marianaalves@unifap.br\" target=\"_blank\" rel=\"noopener\">marianaalves@unifap.br&nbsp;<\/a><\/span><\/li>\n<\/ul>\n<p><strong>Prof. Dr. Rafael Senra Coelho<\/strong><\/p>\n<ul>\n<li><span style=\"color: #000000\">Categoria: Permanente<\/span><\/li>\n<li><span style=\"color: #000000\">Doutor em Estudos Liter\u00e1rios, UFJF, 2016.<\/span><\/li>\n<li><span style=\"color: #000000\">Est\u00e1gio P\u00f3s-doutoral, UFV, 2017.<\/span><\/li>\n<li><span style=\"color: #000000\"><a style=\"color: #000000\" href=\"http:\/\/lattes.cnpq.br\/4930372373478497\">Curr\u00edculo Lattes<\/a><\/span><\/li>\n<li><span style=\"color: #000000\">Orienta: Di\u00e1logos entre literatura e outras artes; Literatura e mem\u00f3ria; Literatura e imagem; Literatura e identidade; Cultura pop.<\/span><\/li>\n<li><span style=\"color: #000000\">Email: <a href=\"mailto:rararafaels@yahoo.com.br\" target=\"_blank\" rel=\"noopener\">rararafaels@yahoo.com.br<\/a><\/span><\/li>\n<\/ul>\n","protected":false},"excerpt":{"rendered":"<p>LINHA DE PESQUISA DIVERSIDADE LINGU\u00cdSTICA NA AMAZ\u00d4NIA DOCENTES&nbsp; Prof. Dr. Antonio Almir Silva Gomes Categoria: Permanente Doutor em Lingu\u00edstica, IEL\/UNICAMP, 2013. Curr\u00edculo Lattes Orienta:&nbsp;Educa\u00e7\u00e3o Escolar e L\u00ednguas Ind\u00edgenas; Ensino de l\u00ednguas ind\u00edgenas e adicionais; Morfologia e sintaxe de l\u00ednguas naturais. E-mail:&nbsp;almir@unifap.br Profa. Dra. Celeste Maria da Rocha Ribiero Categoria: Permanente Doutora em Lingu\u00edstica, UFRJ, 2018&#8230;.<\/p>\n","protected":false},"author":3826,"featured_media":0,"parent":787,"menu_order":1,"comment_status":"closed","ping_status":"closed","template":"","meta":{"inline_featured_image":false,"ngg_post_thumbnail":0,"footnotes":""},"folder":[],"class_list":["post-106","page","type-page","status-publish","hentry","entry"],"_links":{"self":[{"href":"https:\/\/www2.unifap.br\/ppglet\/wp-json\/wp\/v2\/pages\/106","targetHints":{"allow":["GET"]}}],"collection":[{"href":"https:\/\/www2.unifap.br\/ppglet\/wp-json\/wp\/v2\/pages"}],"about":[{"href":"https:\/\/www2.unifap.br\/ppglet\/wp-json\/wp\/v2\/types\/page"}],"author":[{"embeddable":true,"href":"https:\/\/www2.unifap.br\/ppglet\/wp-json\/wp\/v2\/users\/3826"}],"replies":[{"embeddable":true,"href":"https:\/\/www2.unifap.br\/ppglet\/wp-json\/wp\/v2\/comments?post=106"}],"version-history":[{"count":66,"href":"https:\/\/www2.unifap.br\/ppglet\/wp-json\/wp\/v2\/pages\/106\/revisions"}],"predecessor-version":[{"id":1725,"href":"https:\/\/www2.unifap.br\/ppglet\/wp-json\/wp\/v2\/pages\/106\/revisions\/1725"}],"up":[{"embeddable":true,"href":"https:\/\/www2.unifap.br\/ppglet\/wp-json\/wp\/v2\/pages\/787"}],"wp:attachment":[{"href":"https:\/\/www2.unifap.br\/ppglet\/wp-json\/wp\/v2\/media?parent=106"}],"wp:term":[{"taxonomy":"folder","embeddable":true,"href":"https:\/\/www2.unifap.br\/ppglet\/wp-json\/wp\/v2\/folder?post=106"}],"curies":[{"name":"wp","href":"https:\/\/api.w.org\/{rel}","templated":true}]}}