{"id":1158,"date":"2021-08-02T21:53:43","date_gmt":"2021-08-03T00:53:43","guid":{"rendered":"http:\/\/www2.unifap.br\/ppglet\/?page_id=1158"},"modified":"2021-08-19T21:25:16","modified_gmt":"2021-08-20T00:25:16","slug":"aluno-especial-2021-2-semestre-remoto","status":"publish","type":"page","link":"https:\/\/www2.unifap.br\/ppglet\/processo-seletivo\/aluno-especial\/aluno-especial-2021-2-semestre-remoto\/","title":{"rendered":"Aluno Especial (2021.2 &#8211; Semestre Remoto)"},"content":{"rendered":"<h1 style=\"text-align: center\"><strong>CHAMADA N. 04\/2021 &#8211; ALUNO ESPECIAL DO PPGLET\/UNIFAP<\/strong><\/h1>\n<h2 style=\"text-align: center\"><strong>2021 \u2013 2\u00ba semestre (ensino remoto)<\/strong><\/h2>\n<p><strong>&nbsp;<\/strong><\/p>\n<p><strong>&nbsp;<\/strong><\/p>\n<p>A Coordena\u00e7\u00e3o do <strong>Programa de P\u00f3s-Gradua\u00e7\u00e3o em Letras<\/strong> (<strong>PPGLET)<\/strong> da Universidade Federal do Amap\u00e1 (UNIFAP) torna p\u00fablico <strong>processo de sele\u00e7\u00e3o <\/strong>de candidatos interessados em cursar disciplinas como aluno especial no PPGLET\/UNIFAP, no segundo semestre de 2021 (2021.2) nos termos estabelecidos nesta chamada, em conson\u00e2ncia com as disposi\u00e7\u00f5es regimentais do PPGLET\/UNIFAP. O Programa tem como \u00e1rea de concetra\u00e7\u00e3o: <em>Linguagens na Amaz\u00f4nia<\/em> e linhas de pesquisa: (1) <em>Literatura Cultura e Mem\u00f3ria<\/em>; e (2) <em>Diversidade Lingu\u00edstica na Amaz\u00f4nia<\/em>.<\/p>\n<p>&nbsp;<\/p>\n<h3>1. DAS DISPOSI\u00c7\u00d5ES GERAIS<\/h3>\n<p>&nbsp;<\/p>\n<p>1.1. Aos alunos especiais aplicam-se as mesmas obriga\u00e7\u00f5es dos alunos regulares, particularmente, o disposto nos artigos 35 e 37 do Regimento do PPGLET (dispon\u00edvel em www2.unifap.br\/ppglet).<\/p>\n<p>&nbsp;<\/p>\n<p>1.2. O aproveitamento de cr\u00e9ditos em disciplinas do PPGLET\/UNIFAP como aluno especial e\/ou externo n\u00e3o garante ao candidato a entrada no programa como aluno regular, nem vantagens no processo seletivo para esse fim.<\/p>\n<p>&nbsp;<\/p>\n<p>1.3. As disciplinas ofertadas ser\u00e3o integralmente em formato remoto.<\/p>\n<p>&nbsp;<\/p>\n<p>1.4. Ser\u00e1 aceita a matr\u00edcula somente em uma disciplina.<\/p>\n<p>&nbsp;<\/p>\n<p>1.5. Para esta chamada foram disponibilizadas vagas para as seguintes disciplinas:<\/p>\n<p>&nbsp;<\/p>\n<table width=\"633\">\n<tbody>\n<tr>\n<td width=\"264\">Disciplina\/CH<\/td>\n<td width=\"57\">Vagas<\/td>\n<td width=\"123\">Dia\/Hora<\/td>\n<td width=\"189\">Prof. Respons\u00e1vel<\/td>\n<\/tr>\n<tr>\n<td colspan=\"4\" width=\"633\">Linha de pesquisa <strong><em>Diversidade Lingu\u00edstica na Amaz\u00f4nia<\/em><\/strong><\/td>\n<\/tr>\n<tr>\n<td width=\"264\"><em>T\u00f3picos em Estudos Especiais I:<\/em>Forma\u00e7\u00e3o docente e decolonialidade no ensino cr\u00edtico de l\u00ednguas materna, adicional e estrangeira (45h)<\/td>\n<td width=\"57\">08<\/td>\n<td width=\"123\">Quarta-Feira<\/p>\n<p>19h-21h50min<\/p>\n<p>In\u00edcio: 18\/08\/2021<\/td>\n<td width=\"189\">Prof. Dr. Rosivaldo Gomes<\/td>\n<\/tr>\n<tr>\n<td colspan=\"4\" width=\"633\">Linha de pesquisa <strong><em>Literatura, Cultura e Mem\u00f3ria<\/em><\/strong><\/td>\n<\/tr>\n<tr>\n<td width=\"264\"><em>Teorias Cr\u00edticas <\/em>(60h)<\/td>\n<td width=\"57\">10<\/td>\n<td width=\"123\">Quarta Feira<\/p>\n<p>14h20min-18h<\/p>\n<p>In\u00edcio: 20\/10\/21<\/td>\n<td width=\"189\">Prof. Dr. Emerson de Paula<\/p>\n<p>Prof. Dr. Marco Aur\u00e9lio Rodrigues<\/p>\n<p>Prof. Dr. Rafael Senra Coelho<\/td>\n<\/tr>\n<tr>\n<td width=\"264\"><em>Letras Luso-Brasileiras<\/em><\/td>\n<td width=\"57\">10<\/td>\n<td width=\"123\">Ter\u00e7a-Feira<\/p>\n<p>14h20min \u2013 18h<\/p>\n<p>In\u00edcio: 31\/08\/21<\/td>\n<td width=\"189\">Prof. Dr. Marcelo Lachat<\/td>\n<\/tr>\n<\/tbody>\n<\/table>\n<p>&nbsp;<\/p>\n<h3><strong>2. DO PROCESSO SELETIVO E MATR\u00cdCULA<\/strong><\/h3>\n<p>&nbsp;<\/p>\n<p>2.1. O\/A interessado\/a deve enviar a <a href=\"https:\/\/drive.google.com\/file\/d\/1KN6ea8SU_SlAGZqTwXWMEqMvGITiufVC\/view?usp=sharing\" target=\"_blank\" rel=\"noopener noreferrer\"><strong>Ficha de Inscri\u00e7\u00e3o<\/strong><\/a> preenchida (ANEXO 1) e c\u00f3pia digital do diploma ou certid\u00e3o de gradua\u00e7\u00e3o ou atestado de conclus\u00e3o de curso de gradua\u00e7\u00e3o, para o e-mail <em><u>ppglet.unifap@gmail.com<\/u><\/em>, <strong>de 04 a 12 de agosto de 2021<\/strong> (at\u00e9 23h59min, hor\u00e1rio de Bras\u00edlia).<\/p>\n<p>&nbsp;<\/p>\n<p>2.2. A inscri\u00e7\u00e3o do candidato implicar\u00e1 em conhecimento e aceita\u00e7\u00e3o das normas para o processo seletivo contidas nesta chamada e demais comunica\u00e7\u00f5es\/erratas posteriores publicadas no <em>site <\/em>do PPGLET (www2.unifap.br\/ppglet), das quais n\u00e3o poder\u00e1 alegar desconhecimento.<\/p>\n<p>&nbsp;<\/p>\n<p>2.3. O candidato ser\u00e1 respons\u00e1vel pela veracidade de todas as informa\u00e7\u00f5es prestadas e pela autenticidade de todos os documentos apresentados, bem como ser\u00e1 respons\u00e1vel por qualquer erro ou omiss\u00e3o, sob pena de ter sua inscri\u00e7\u00e3o invalidada ou desligamento da disciplina a qualquer momento em que for detectada a irregularidade.<\/p>\n<p>&nbsp;<\/p>\n<h3>3. DAS DISPOSI\u00c7\u00d5ES FINAIS<\/h3>\n<p>&nbsp;<\/p>\n<p>3.1. A inscri\u00e7\u00e3o do\/da candidato\/a implica na aceita\u00e7\u00e3o das normas e instru\u00e7\u00f5es para o processo de sele\u00e7\u00e3o contidas nesta chamada e nos comunicados posteriores.<\/p>\n<p>&nbsp;<\/p>\n<p>3.2. Os casos omissos ser\u00e3o resolvidos pela Coordena\u00e7\u00e3o do PPGLET\/UNIFAP.<\/p>\n<p>&nbsp;<\/p>\n<p>3.3. Informa\u00e7\u00f5es poder\u00e3o ser obtidas pelo e-mail <em>ppglet.unifap@gmail.com<\/em>.<\/p>\n<p>&nbsp;<\/p>\n<p>&nbsp;<\/p>\n<p style=\"text-align: center\">Macap\u00e1, 02 de agosto de 2021<\/p>\n<p style=\"text-align: center\">&nbsp;<\/p>\n<p style=\"text-align: center\"><em>Prof. Dr. Eduardo Alves Vasconcelos<\/em><\/p>\n<p style=\"text-align: center\">Coordenador do PPGLET\/UNIFAP<br \/>\nPortaria N\u00ba 2300\/2018<\/p>\n<p>&nbsp;<\/p>\n<p style=\"text-align: center\"><strong><a href=\"https:\/\/drive.google.com\/file\/d\/1KN6ea8SU_SlAGZqTwXWMEqMvGITiufVC\/view?usp=sharing\" target=\"_blank\" rel=\"noopener noreferrer\">ANEXO 1 &#8211; FICHA DE INSCRI\u00c7\u00c3O (<em>clique aqui)<\/em><\/a><\/strong><\/p>\n<p style=\"text-align: center\"><strong><a href=\"https:\/\/drive.google.com\/file\/d\/1VH6fL4BT79iTILNvH-_bdj15hhHAaceI\/view?usp=sharing\">CHAMADA 04\/2021 (TEXTO INTEGRAL)<\/a><\/strong><\/p>\n<p>&nbsp;<\/p>\n<h2 style=\"text-align: center\"><strong><a href=\"https:\/\/drive.google.com\/file\/d\/14SpIojLdNn1uHbu3NRKv83jZfzONYQxw\/view?usp=sharing\" target=\"_blank\" rel=\"noopener noreferrer\">RESULTADO (CLIQUE AQUI)<\/a><\/strong><\/h2>\n","protected":false},"excerpt":{"rendered":"<p>CHAMADA N. 04\/2021 &#8211; ALUNO ESPECIAL DO PPGLET\/UNIFAP 2021 \u2013 2\u00ba semestre (ensino remoto) &nbsp; &nbsp; A Coordena\u00e7\u00e3o do Programa de P\u00f3s-Gradua\u00e7\u00e3o em Letras (PPGLET) da Universidade Federal do Amap\u00e1 (UNIFAP) torna p\u00fablico processo de sele\u00e7\u00e3o de candidatos interessados em cursar disciplinas como aluno especial no PPGLET\/UNIFAP, no segundo semestre de 2021 (2021.2) nos termos&#8230;<\/p>\n","protected":false},"author":3826,"featured_media":0,"parent":552,"menu_order":-1,"comment_status":"closed","ping_status":"closed","template":"","meta":{"inline_featured_image":false,"ngg_post_thumbnail":0,"footnotes":""},"folder":[],"class_list":["post-1158","page","type-page","status-publish","hentry","entry"],"_links":{"self":[{"href":"https:\/\/www2.unifap.br\/ppglet\/wp-json\/wp\/v2\/pages\/1158","targetHints":{"allow":["GET"]}}],"collection":[{"href":"https:\/\/www2.unifap.br\/ppglet\/wp-json\/wp\/v2\/pages"}],"about":[{"href":"https:\/\/www2.unifap.br\/ppglet\/wp-json\/wp\/v2\/types\/page"}],"author":[{"embeddable":true,"href":"https:\/\/www2.unifap.br\/ppglet\/wp-json\/wp\/v2\/users\/3826"}],"replies":[{"embeddable":true,"href":"https:\/\/www2.unifap.br\/ppglet\/wp-json\/wp\/v2\/comments?post=1158"}],"version-history":[{"count":8,"href":"https:\/\/www2.unifap.br\/ppglet\/wp-json\/wp\/v2\/pages\/1158\/revisions"}],"predecessor-version":[{"id":1183,"href":"https:\/\/www2.unifap.br\/ppglet\/wp-json\/wp\/v2\/pages\/1158\/revisions\/1183"}],"up":[{"embeddable":true,"href":"https:\/\/www2.unifap.br\/ppglet\/wp-json\/wp\/v2\/pages\/552"}],"wp:attachment":[{"href":"https:\/\/www2.unifap.br\/ppglet\/wp-json\/wp\/v2\/media?parent=1158"}],"wp:term":[{"taxonomy":"folder","embeddable":true,"href":"https:\/\/www2.unifap.br\/ppglet\/wp-json\/wp\/v2\/folder?post=1158"}],"curies":[{"name":"wp","href":"https:\/\/api.w.org\/{rel}","templated":true}]}}