{"id":1238,"date":"2022-02-02T19:18:21","date_gmt":"2022-02-02T22:18:21","guid":{"rendered":"http:\/\/www2.unifap.br\/ppglet\/?page_id=1238"},"modified":"2022-05-16T15:24:44","modified_gmt":"2022-05-16T18:24:44","slug":"coordenacao-e-secretaria-2022-2023","status":"publish","type":"page","link":"https:\/\/www2.unifap.br\/ppglet\/coordenacao-e-secretaria-2022-2023\/","title":{"rendered":"Coordena\u00e7\u00e3o e Secretaria (2022-2023)"},"content":{"rendered":"<p><strong>Coordenador<\/strong>: Prof. Dr. Rosivaldo Gomes&nbsp;<\/p>\n<p><strong>Vice-Coordenador<\/strong>: Prof. Dr. Yurgel Caldas Pantoja&nbsp;<\/p>\n<p><strong>Seceret\u00e1ria<\/strong>: Wilma Monteiro<\/p>\n<p>&nbsp;<\/p>\n<p><strong>Hor\u00e1rio de funcionamento da secretaria:<\/strong>&nbsp;<em>segunda a sexta, das 14h-18h*<br \/>\n<\/em><strong>Hor\u00e1rio de atendimento do coordenador:&nbsp;<\/strong><em>Segundas, quartas e sexta, das 15h-18h*<\/em><\/p>\n<p><strong>E-mail:<\/strong> ppglet.unifap@gmail.com&nbsp;<\/p>\n<p><strong>Telefones<\/strong>: (96) 4009-2812 (DPG)<\/p>\n<p>* Sujeito a altera\u00e7\u00f5es decorrentes de outras demandas do Departamento de P\u00f3s-Gradua\u00e7\u00e3o.<\/p>\n<p>&nbsp;<\/p>\n<h4><a href=\"https:\/\/www2.unifap.br\/ppglet\/programa\/coordenacao\/\" target=\"_blank\" rel=\"noopener\">Coordena\u00e7\u00e3o e Secretaria (2019-2021)<\/a><\/h4>\n","protected":false},"excerpt":{"rendered":"<p>Coordenador: Prof. Dr. Rosivaldo Gomes&nbsp; Vice-Coordenador: Prof. Dr. Yurgel Caldas Pantoja&nbsp; Seceret\u00e1ria: Wilma Monteiro &nbsp; Hor\u00e1rio de funcionamento da secretaria:&nbsp;segunda a sexta, das 14h-18h* Hor\u00e1rio de atendimento do coordenador:&nbsp;Segundas, quartas e sexta, das 15h-18h* E-mail: ppglet.unifap@gmail.com&nbsp; Telefones: (96) 4009-2812 (DPG) * Sujeito a altera\u00e7\u00f5es decorrentes de outras demandas do Departamento de P\u00f3s-Gradua\u00e7\u00e3o. &nbsp; Coordena\u00e7\u00e3o e&#8230;<\/p>\n","protected":false},"author":3826,"featured_media":0,"parent":0,"menu_order":0,"comment_status":"closed","ping_status":"closed","template":"","meta":{"inline_featured_image":false,"ngg_post_thumbnail":0,"footnotes":""},"folder":[],"class_list":["post-1238","page","type-page","status-publish","hentry","entry"],"_links":{"self":[{"href":"https:\/\/www2.unifap.br\/ppglet\/wp-json\/wp\/v2\/pages\/1238","targetHints":{"allow":["GET"]}}],"collection":[{"href":"https:\/\/www2.unifap.br\/ppglet\/wp-json\/wp\/v2\/pages"}],"about":[{"href":"https:\/\/www2.unifap.br\/ppglet\/wp-json\/wp\/v2\/types\/page"}],"author":[{"embeddable":true,"href":"https:\/\/www2.unifap.br\/ppglet\/wp-json\/wp\/v2\/users\/3826"}],"replies":[{"embeddable":true,"href":"https:\/\/www2.unifap.br\/ppglet\/wp-json\/wp\/v2\/comments?post=1238"}],"version-history":[{"count":9,"href":"https:\/\/www2.unifap.br\/ppglet\/wp-json\/wp\/v2\/pages\/1238\/revisions"}],"predecessor-version":[{"id":1577,"href":"https:\/\/www2.unifap.br\/ppglet\/wp-json\/wp\/v2\/pages\/1238\/revisions\/1577"}],"wp:attachment":[{"href":"https:\/\/www2.unifap.br\/ppglet\/wp-json\/wp\/v2\/media?parent=1238"}],"wp:term":[{"taxonomy":"folder","embeddable":true,"href":"https:\/\/www2.unifap.br\/ppglet\/wp-json\/wp\/v2\/folder?post=1238"}],"curies":[{"name":"wp","href":"https:\/\/api.w.org\/{rel}","templated":true}]}}