{"id":1578,"date":"2022-05-16T18:07:30","date_gmt":"2022-05-16T21:07:30","guid":{"rendered":"https:\/\/www2.unifap.br\/ppglet\/?page_id=1578"},"modified":"2023-06-16T12:35:03","modified_gmt":"2023-06-16T15:35:03","slug":"turma-2023","status":"publish","type":"page","link":"https:\/\/www2.unifap.br\/ppglet\/processo-seletivo\/aluno-regular\/turma-2023\/","title":{"rendered":"Turma 2023"},"content":{"rendered":"\t\t<div data-elementor-type=\"wp-page\" data-elementor-id=\"1578\" class=\"elementor elementor-1578\">\n\t\t\t\t\t\t<section class=\"elementor-section elementor-top-section elementor-element elementor-element-6fba04a7 elementor-section-boxed elementor-section-height-default elementor-section-height-default\" data-id=\"6fba04a7\" data-element_type=\"section\" data-e-type=\"section\">\n\t\t\t\t\t\t<div class=\"elementor-container elementor-column-gap-default\">\n\t\t\t\t\t<div class=\"elementor-column elementor-col-100 elementor-top-column elementor-element elementor-element-5a94fb23\" data-id=\"5a94fb23\" data-element_type=\"column\" data-e-type=\"column\">\n\t\t\t<div class=\"elementor-widget-wrap elementor-element-populated\">\n\t\t\t\t\t\t<div class=\"elementor-element elementor-element-42c6ae9 elementor-widget elementor-widget-text-editor\" data-id=\"42c6ae9\" data-element_type=\"widget\" data-e-type=\"widget\" data-widget_type=\"text-editor.default\">\n\t\t\t\t<div class=\"elementor-widget-container\">\n\t\t\t\t\t\t\t\t\t<p style=\"text-align: center\"><span style=\"color: #000000\"><strong>EDITAL N.\u00ba 01\/2023 \u2013 PPGLET\/UNIFAP\u00a0<\/strong><\/span><\/p><p style=\"text-align: center\"><span style=\"font-size: 14px;color: #000000\"><strong>PROCESSO SELETIVO PARA O CURSO DE MESTRADO EM LETRAS DO PROGRAMA DE P\u00d3S-GRADUA\u00c7\u00c3O EM LETRAS \u2013 TURMA 2023<\/strong>\u00a0<\/span><\/p><p><span style=\"color: #000000\">A Coordena\u00e7\u00e3o do Programa de P\u00f3s-gradua\u00e7\u00e3o em Letras (PPGLET), da Universidade Federal do Amap\u00e1 (UNIFAP), torna p\u00fablico o presente Edital de Sele\u00e7\u00e3o para o Curso de Mestrado em Letras &#8211; Turma 2023, com inscri\u00e7\u00e3o de candidatos\/as no per\u00edodo de 18\/05\/2023 a 11\/06\/2023, para ingresso de discentes no 2\u00ba Semestre de 2023, conforme calend\u00e1rio do PPGLET\/UNIFAP, dispon\u00edvel em www2.unifap.br\/ppglet.<\/span><\/p><p><span style=\"color: #000000\"><strong>Documentos:<\/strong><\/span><\/p><p><span style=\"color: #000000\"><strong>16\/06\/2023 &#8211;\u00a0<a style=\"color: #000000\" href=\"https:\/\/www2.unifap.br\/ppglet\/2023\/06\/16\/2011\/homologacao-de-inscricoes_ppglet_2023\/\" rel=\"attachment wp-att-2012\">Lista de homologa\u00e7\u00e3o de inscri\u00e7\u00f5es <\/a><\/strong><\/span><\/p><p><span style=\"color: #000000\"><strong><a style=\"color: #000000\" href=\"https:\/\/www2.unifap.br\/ppglet\/edital-ppglet-2023-pdf-2\/\" rel=\"attachment wp-att-1970\">18\/05\/2023 &#8211; Edital PPGLET 2023 PDF<\/a><\/strong><\/span><\/p><p><span style=\"color: #000000\"><strong><a style=\"color: #000000\" href=\"https:\/\/www2.unifap.br\/ppglet\/anexos_edital_01_2023_ps_ppglet-2\/\" rel=\"attachment wp-att-1972\">18\/05\/2023 &#8211; Anexos_Edital_01_2023_PS_PPGLET<\/a><\/strong><\/span><\/p><p><span style=\"color: #000000\"><strong><a style=\"font-size: 14px;color: #000000\" href=\"https:\/\/sigaa.unifap.br\/sigaa\/public\/processo_seletivo\/view.jsf\" target=\"_blank\" rel=\"noopener\">Link de inscri\u00e7\u00e3o<\/a>\u00a0<\/strong><\/span><\/p>\t\t\t\t\t\t\t\t<\/div>\n\t\t\t\t<\/div>\n\t\t\t\t\t<\/div>\n\t\t<\/div>\n\t\t\t\t\t<\/div>\n\t\t<\/section>\n\t\t\t\t<\/div>\n\t\t","protected":false},"excerpt":{"rendered":"<p>EDITAL N.\u00ba 01\/2023 \u2013 PPGLET\/UNIFAP\u00a0 PROCESSO SELETIVO PARA O CURSO DE MESTRADO EM LETRAS DO PROGRAMA DE P\u00d3S-GRADUA\u00c7\u00c3O EM LETRAS \u2013 TURMA 2023\u00a0 A Coordena\u00e7\u00e3o do Programa de P\u00f3s-gradua\u00e7\u00e3o em Letras (PPGLET), da Universidade Federal do Amap\u00e1 (UNIFAP), torna p\u00fablico o presente Edital de Sele\u00e7\u00e3o para o Curso de Mestrado em Letras &#8211; Turma 2023,&#8230;<\/p>\n","protected":false},"author":3826,"featured_media":0,"parent":548,"menu_order":-5,"comment_status":"closed","ping_status":"closed","template":"","meta":{"inline_featured_image":false,"ngg_post_thumbnail":0,"footnotes":""},"folder":[],"class_list":["post-1578","page","type-page","status-publish","hentry","entry"],"_links":{"self":[{"href":"https:\/\/www2.unifap.br\/ppglet\/wp-json\/wp\/v2\/pages\/1578","targetHints":{"allow":["GET"]}}],"collection":[{"href":"https:\/\/www2.unifap.br\/ppglet\/wp-json\/wp\/v2\/pages"}],"about":[{"href":"https:\/\/www2.unifap.br\/ppglet\/wp-json\/wp\/v2\/types\/page"}],"author":[{"embeddable":true,"href":"https:\/\/www2.unifap.br\/ppglet\/wp-json\/wp\/v2\/users\/3826"}],"replies":[{"embeddable":true,"href":"https:\/\/www2.unifap.br\/ppglet\/wp-json\/wp\/v2\/comments?post=1578"}],"version-history":[{"count":47,"href":"https:\/\/www2.unifap.br\/ppglet\/wp-json\/wp\/v2\/pages\/1578\/revisions"}],"predecessor-version":[{"id":2017,"href":"https:\/\/www2.unifap.br\/ppglet\/wp-json\/wp\/v2\/pages\/1578\/revisions\/2017"}],"up":[{"embeddable":true,"href":"https:\/\/www2.unifap.br\/ppglet\/wp-json\/wp\/v2\/pages\/548"}],"wp:attachment":[{"href":"https:\/\/www2.unifap.br\/ppglet\/wp-json\/wp\/v2\/media?parent=1578"}],"wp:term":[{"taxonomy":"folder","embeddable":true,"href":"https:\/\/www2.unifap.br\/ppglet\/wp-json\/wp\/v2\/folder?post=1578"}],"curies":[{"name":"wp","href":"https:\/\/api.w.org\/{rel}","templated":true}]}}