{"id":1752,"date":"2022-07-05T00:27:28","date_gmt":"2022-07-05T03:27:28","guid":{"rendered":"https:\/\/www2.unifap.br\/ppglet\/?page_id=1752"},"modified":"2022-07-05T00:44:42","modified_gmt":"2022-07-05T03:44:42","slug":"agendamento-de-defesa","status":"publish","type":"page","link":"https:\/\/www2.unifap.br\/ppglet\/agendamento-de-defesa\/","title":{"rendered":"Agendamento de Defesas"},"content":{"rendered":"\t\t<div data-elementor-type=\"wp-page\" data-elementor-id=\"1752\" class=\"elementor elementor-1752\">\n\t\t\t\t\t\t<section class=\"elementor-section elementor-top-section elementor-element elementor-element-13275809 elementor-section-boxed elementor-section-height-default elementor-section-height-default\" data-id=\"13275809\" data-element_type=\"section\" data-e-type=\"section\">\n\t\t\t\t\t\t<div class=\"elementor-container elementor-column-gap-default\">\n\t\t\t\t\t<div class=\"elementor-column elementor-col-100 elementor-top-column elementor-element elementor-element-589c30f7\" data-id=\"589c30f7\" data-element_type=\"column\" data-e-type=\"column\">\n\t\t\t<div class=\"elementor-widget-wrap elementor-element-populated\">\n\t\t\t\t\t\t<div class=\"elementor-element elementor-element-460a96b4 elementor-widget__width-initial elementor-widget elementor-widget-text-editor\" data-id=\"460a96b4\" data-element_type=\"widget\" data-e-type=\"widget\" data-widget_type=\"text-editor.default\">\n\t\t\t\t<div class=\"elementor-widget-container\">\n\t\t\t\t\t\t\t\t\t<p><strong>Agendamento de Defesas<\/strong><\/p><table width=\"702\"><tbody><tr><td width=\"116\"><strong>Curso:<\/strong><\/td><td width=\"257\"><strong>Letras<\/strong><\/td><td width=\"159\"><strong>N\u00edvel:\u00a0<\/strong><\/td><td width=\"159\"><strong>Mestrado\u00a0<\/strong><\/td><\/tr><tr><td width=\"116\"><strong>T\u00edtulo:<\/strong><\/td><td colspan=\"3\" width=\"580\"><p>ASPECTOS DA FON\u00c9TICA DO MEB\u00caNG\u00d4KRE FALADO PELOS<\/p><p>XIKR\u00cdN<\/p><\/td><\/tr><tr><td width=\"116\"><strong>Discente:<\/strong><\/td><td colspan=\"3\" width=\"580\">Diana Jacarand\u00e1 Pantoja Zavodny<\/td><\/tr><tr><td width=\"116\"><strong>Orientador(a):<\/strong><\/td><td colspan=\"3\" width=\"580\">Prof.(a) Dr. (a) Fernando Orph\u00e3o de Carvalho &#8211; Presidente<\/td><\/tr><tr><td width=\"116\"><strong>Banca:<\/strong><\/td><td colspan=\"3\" width=\"580\"><p>Prof.(a) Dr. (a) Lucivaldo Costa &#8211; Membro externo<\/p><p>Prof.(a) Dr. (a) Eduardo Alves Vasconcelos &#8211; Membro interno<\/p><\/td><\/tr><tr><td width=\"116\"><strong>Suplentes:<\/strong><\/td><td colspan=\"3\" width=\"580\"><p>Prof.(a) Dr. (a) Glauber Romling &#8211; Membro interno<\/p><p>Prof.(a) Dr. (a) Antonio Almir Silva Gomes &#8211; Membro interno<\/p><\/td><\/tr><tr><td width=\"116\"><strong>Data:<\/strong><\/td><td width=\"257\">10\/08\/2022<\/td><td width=\"159\"><strong>Local:<\/strong><\/td><td>\u00a0<\/td><\/tr><\/tbody><\/table>\t\t\t\t\t\t\t\t<\/div>\n\t\t\t\t<\/div>\n\t\t\t\t\t<\/div>\n\t\t<\/div>\n\t\t\t\t\t<\/div>\n\t\t<\/section>\n\t\t\t\t<\/div>\n\t\t","protected":false},"excerpt":{"rendered":"<p>Agendamento de Defesas Curso: Letras N\u00edvel:\u00a0 Mestrado\u00a0 T\u00edtulo: ASPECTOS DA FON\u00c9TICA DO MEB\u00caNG\u00d4KRE FALADO PELOS XIKR\u00cdN Discente: Diana Jacarand\u00e1 Pantoja Zavodny Orientador(a): Prof.(a) Dr. (a) Fernando Orph\u00e3o de Carvalho &#8211; Presidente Banca: Prof.(a) Dr. (a) Lucivaldo Costa &#8211; Membro externo Prof.(a) Dr. (a) Eduardo Alves Vasconcelos &#8211; Membro interno Suplentes: Prof.(a) Dr. (a) Glauber Romling&#8230;<\/p>\n","protected":false},"author":3826,"featured_media":0,"parent":0,"menu_order":0,"comment_status":"closed","ping_status":"closed","template":"","meta":{"inline_featured_image":false,"ngg_post_thumbnail":0,"footnotes":""},"folder":[],"class_list":["post-1752","page","type-page","status-publish","hentry","entry"],"_links":{"self":[{"href":"https:\/\/www2.unifap.br\/ppglet\/wp-json\/wp\/v2\/pages\/1752","targetHints":{"allow":["GET"]}}],"collection":[{"href":"https:\/\/www2.unifap.br\/ppglet\/wp-json\/wp\/v2\/pages"}],"about":[{"href":"https:\/\/www2.unifap.br\/ppglet\/wp-json\/wp\/v2\/types\/page"}],"author":[{"embeddable":true,"href":"https:\/\/www2.unifap.br\/ppglet\/wp-json\/wp\/v2\/users\/3826"}],"replies":[{"embeddable":true,"href":"https:\/\/www2.unifap.br\/ppglet\/wp-json\/wp\/v2\/comments?post=1752"}],"version-history":[{"count":12,"href":"https:\/\/www2.unifap.br\/ppglet\/wp-json\/wp\/v2\/pages\/1752\/revisions"}],"predecessor-version":[{"id":1769,"href":"https:\/\/www2.unifap.br\/ppglet\/wp-json\/wp\/v2\/pages\/1752\/revisions\/1769"}],"wp:attachment":[{"href":"https:\/\/www2.unifap.br\/ppglet\/wp-json\/wp\/v2\/media?parent=1752"}],"wp:term":[{"taxonomy":"folder","embeddable":true,"href":"https:\/\/www2.unifap.br\/ppglet\/wp-json\/wp\/v2\/folder?post=1752"}],"curies":[{"name":"wp","href":"https:\/\/api.w.org\/{rel}","templated":true}]}}