{"id":1774,"date":"2022-07-05T00:51:44","date_gmt":"2022-07-05T03:51:44","guid":{"rendered":"https:\/\/www2.unifap.br\/ppglet\/?page_id=1774"},"modified":"2022-07-05T00:57:36","modified_gmt":"2022-07-05T03:57:36","slug":"i-encontro-de-atividades-extensionistas-e-de-egressos-do-ppglet","status":"publish","type":"page","link":"https:\/\/www2.unifap.br\/ppglet\/i-encontro-de-atividades-extensionistas-e-de-egressos-do-ppglet\/","title":{"rendered":"I ENCONTRO DE ATIVIDADES EXTENSIONISTAS E DE EGRESSOS DO PPGLET"},"content":{"rendered":"\t\t<div data-elementor-type=\"wp-page\" data-elementor-id=\"1774\" class=\"elementor elementor-1774\">\n\t\t\t\t\t\t<section class=\"elementor-section elementor-top-section elementor-element elementor-element-53a4017b elementor-section-boxed elementor-section-height-default elementor-section-height-default\" data-id=\"53a4017b\" data-element_type=\"section\" data-e-type=\"section\">\n\t\t\t\t\t\t<div class=\"elementor-container elementor-column-gap-default\">\n\t\t\t\t\t<div class=\"elementor-column elementor-col-100 elementor-top-column elementor-element elementor-element-f37e06f\" data-id=\"f37e06f\" data-element_type=\"column\" data-e-type=\"column\">\n\t\t\t<div class=\"elementor-widget-wrap elementor-element-populated\">\n\t\t\t\t\t\t<div class=\"elementor-element elementor-element-49fd0325 elementor-widget elementor-widget-text-editor\" data-id=\"49fd0325\" data-element_type=\"widget\" data-e-type=\"widget\" data-widget_type=\"text-editor.default\">\n\t\t\t\t<div class=\"elementor-widget-container\">\n\t\t\t\t\t\t\t\t\t<div class=\"text-center\"><p><strong>I ENCONTRO DE ATIVIDADES EXTENSIONISTAS E DE EGRESSOS DO PPGLET<\/strong><\/p><p class=\"subtitle\"><b>Tema: \u201cCOMPARTILHANDO SABERES E EXPERI\u00caNCIAS\u201d<\/b><\/p><\/div><article><p dir=\"ltr\">Data: 12, 13, 14, 15 de julho de 2022<\/p><p dir=\"ltr\">Local: Universidade Federal do Amap\u00e1 \u2013 UNIFAP<\/p><p dir=\"ltr\">Modalidade de realiza\u00e7\u00e3o: On-line\u00a0<\/p><p dir=\"ltr\"><b>APRESENTA\u00c7\u00c3O<\/b><\/p><p dir=\"ltr\">O I ENCONTRO DE ATIVIDADES EXTENSIONISTAS E DE EGRESSOS, realizado pelo Programa de P\u00f3s-Gradua\u00e7\u00e3o em Letras da Universidade Federal do Amap\u00e1 (PPGLET\/UNIFAP), trata-se de um evento que visa promover o interc\u00e2mbio, a reflex\u00e3o e a troca de conhecimentos entre docentes, acad\u00eamicos, mestrandos e egressos, al\u00e9m de oferecer a eles a oportunidade de divulgarem atividades de extens\u00e3o j\u00e1 realizadas ou em andamento que tratem sobre temas relativos a linguagens e\/ou pr\u00e1ticas de ensino.\u00a0<\/p><p dir=\"ltr\">O evento inscreve-se na tem\u00e1tica: COMPARTILHANDO SABERES E EXPERI\u00caNCIAS e acontecer\u00e1 nos dias 12,13,14 e 15 de julho de 2022, de forma gratuita e on-line. Ser\u00e1 composto por comunica\u00e7\u00f5es orais, relatos de experi\u00eancia\u00a0 e oficinas, contando tamb\u00e9m com confer\u00eancia de abertura proferida pelo Professor Dr. Eduardo Alves Vasconcelos\/UNIFAP e finalizada por uma confer\u00eancia pelo\u00a0Professor Dr. Rosivaldo Gomes\/UNIFAP. Al\u00e9m dos momentos de discuss\u00e3o propiciados pelo encontro, haver\u00e1 a produ\u00e7\u00e3o do caderno de resumos e os anais do evento.<\/p><p dir=\"ltr\">As inscri\u00e7\u00f5es para apresenta\u00e7\u00e3o de comunica\u00e7\u00e3o oral e relatos de experi\u00eancia dever\u00e3o ocorrer em uma das seguintes categorias:\u00a0 aluno de gradua\u00e7\u00e3o\/p\u00f3s-gradua\u00e7\u00e3o ou professores da rede p\u00fablica ou privada de ensino, sendo que o trabalho precisar\u00e1 se enquadrar em um dos eixos tem\u00e1ticos do encontro (expostos \u00e0 frente). Ser\u00e3o aceitas apresenta\u00e7\u00f5es sobre resultados de projetos de extens\u00e3o, de atividades de professores da rede p\u00fablica e privada, pesquisas de inicia\u00e7\u00e3o cient\u00edfica e relatos de experi\u00eancias de mestrandos do PPGLET e de outros cursos, tanto da UNIFAP quanto de outras Institui\u00e7\u00f5es de Ensino Superior.\u00a0 Os certificados de participa\u00e7\u00e3o e de apresenta\u00e7\u00e3o de trabalho ser\u00e3o emitidos em at\u00e9 60 dias ap\u00f3s a realiza\u00e7\u00e3o do encontro. Para ter direito ao certificado o participante dever\u00e1 ter 75% de frequ\u00eancia.\u00a0<\/p><p dir=\"ltr\"><strong>OBJETIVOS DO ENCONTRO<\/strong><\/p><ol><li><p dir=\"ltr\" role=\"presentation\">Proporcionar e evidenciar, por meio dos projetos de extens\u00e3o, as contribui\u00e7\u00f5es do PPGLET\/UNIFAP para inser\u00e7\u00e3o da pesquisa no cen\u00e1rio local e nacional e para a transforma\u00e7\u00e3o social.<\/p><\/li><li><p dir=\"ltr\" role=\"presentation\">Mostrar o papel que a Universidade P\u00fablica e as atividades de extens\u00e3o, desenvolvidas por Mestrandos do PPGLET, exercem nas comunidades quilombolas, ribeirinhas e ind\u00edgenas.<\/p><\/li><li><p dir=\"ltr\" role=\"presentation\">Promover di\u00e1logos e trocas de conhecimentos entre mestrandos, docentes e egressos.<\/p><\/li><\/ol><p dir=\"ltr\"><strong>EIXOS TEM\u00c1TICOS PARA SUBMISS\u00c3O DOS TRABALHOS DO EVENTO<\/strong><\/p><ol><li><p dir=\"ltr\" role=\"presentation\">A import\u00e2ncia das Atividades de Extens\u00e3o Universit\u00e1ria (em Libras, em comunidades quilombolas, ribeirinhas, ind\u00edgenas, dentre outras).<\/p><\/li><li><p dir=\"ltr\" role=\"presentation\">Desafios e perspectivas da Extens\u00e3o Universit\u00e1ria.<\/p><\/li><li><p dir=\"ltr\" role=\"presentation\">Saberes culturais, experi\u00eancias e relatos de atividades advindas dos projetos de extens\u00e3o realizados em comunidades quilombolas, ind\u00edgenas, ribeirinhas, dentre outras.<\/p><\/li><li><p dir=\"ltr\" role=\"presentation\">Relatos de atividades desenvolvidas nas escolas por professores da rede p\u00fablica ou privada, que dialoguem com o ensino e a comunidade.<\/p><\/li><\/ol><h3 class=\"with-subtitle\" style=\"text-align: left\">Para mais informa\u00e7\u00f5es veja o site do <a href=\"https:\/\/www.even3.com.br\/encontroextensionistappglet\/\">evento<\/a>.<\/h3><p>\u00a0<\/p><\/article>\t\t\t\t\t\t\t\t<\/div>\n\t\t\t\t<\/div>\n\t\t\t\t\t<\/div>\n\t\t<\/div>\n\t\t\t\t\t<\/div>\n\t\t<\/section>\n\t\t\t\t<\/div>\n\t\t","protected":false},"excerpt":{"rendered":"<p>I ENCONTRO DE ATIVIDADES EXTENSIONISTAS E DE EGRESSOS DO PPGLET Tema: \u201cCOMPARTILHANDO SABERES E EXPERI\u00caNCIAS\u201d Data: 12, 13, 14, 15 de julho de 2022 Local: Universidade Federal do Amap\u00e1 \u2013 UNIFAP Modalidade de realiza\u00e7\u00e3o: On-line\u00a0 APRESENTA\u00c7\u00c3O O I ENCONTRO DE ATIVIDADES EXTENSIONISTAS E DE EGRESSOS, realizado pelo Programa de P\u00f3s-Gradua\u00e7\u00e3o em Letras da Universidade Federal&#8230;<\/p>\n","protected":false},"author":3826,"featured_media":0,"parent":0,"menu_order":0,"comment_status":"closed","ping_status":"closed","template":"","meta":{"inline_featured_image":false,"ngg_post_thumbnail":0,"footnotes":""},"folder":[],"class_list":["post-1774","page","type-page","status-publish","hentry","entry"],"_links":{"self":[{"href":"https:\/\/www2.unifap.br\/ppglet\/wp-json\/wp\/v2\/pages\/1774","targetHints":{"allow":["GET"]}}],"collection":[{"href":"https:\/\/www2.unifap.br\/ppglet\/wp-json\/wp\/v2\/pages"}],"about":[{"href":"https:\/\/www2.unifap.br\/ppglet\/wp-json\/wp\/v2\/types\/page"}],"author":[{"embeddable":true,"href":"https:\/\/www2.unifap.br\/ppglet\/wp-json\/wp\/v2\/users\/3826"}],"replies":[{"embeddable":true,"href":"https:\/\/www2.unifap.br\/ppglet\/wp-json\/wp\/v2\/comments?post=1774"}],"version-history":[{"count":6,"href":"https:\/\/www2.unifap.br\/ppglet\/wp-json\/wp\/v2\/pages\/1774\/revisions"}],"predecessor-version":[{"id":1784,"href":"https:\/\/www2.unifap.br\/ppglet\/wp-json\/wp\/v2\/pages\/1774\/revisions\/1784"}],"wp:attachment":[{"href":"https:\/\/www2.unifap.br\/ppglet\/wp-json\/wp\/v2\/media?parent=1774"}],"wp:term":[{"taxonomy":"folder","embeddable":true,"href":"https:\/\/www2.unifap.br\/ppglet\/wp-json\/wp\/v2\/folder?post=1774"}],"curies":[{"name":"wp","href":"https:\/\/api.w.org\/{rel}","templated":true}]}}