{"id":1869,"date":"2022-08-26T17:57:56","date_gmt":"2022-08-26T20:57:56","guid":{"rendered":"https:\/\/www2.unifap.br\/ppglet\/?page_id=1869"},"modified":"2022-08-26T18:43:15","modified_gmt":"2022-08-26T21:43:15","slug":"i-encontro-cartografias-literarias-da-amazonia","status":"publish","type":"page","link":"https:\/\/www2.unifap.br\/ppglet\/i-encontro-cartografias-literarias-da-amazonia\/","title":{"rendered":"I ENCONTRO CARTOGRAFIAS LITER\u00c1RIAS DA AMAZ\u00d4NIA"},"content":{"rendered":"\t\t<div data-elementor-type=\"wp-page\" data-elementor-id=\"1869\" class=\"elementor elementor-1869\">\n\t\t\t\t\t\t<section class=\"elementor-section elementor-top-section elementor-element elementor-element-53a4017b elementor-section-boxed elementor-section-height-default elementor-section-height-default\" data-id=\"53a4017b\" data-element_type=\"section\" data-e-type=\"section\">\n\t\t\t\t\t\t<div class=\"elementor-container elementor-column-gap-default\">\n\t\t\t\t\t<div class=\"elementor-column elementor-col-100 elementor-top-column elementor-element elementor-element-f37e06f\" data-id=\"f37e06f\" data-element_type=\"column\" data-e-type=\"column\">\n\t\t\t<div class=\"elementor-widget-wrap elementor-element-populated\">\n\t\t\t\t\t\t<div class=\"elementor-element elementor-element-49fd0325 elementor-widget elementor-widget-text-editor\" data-id=\"49fd0325\" data-element_type=\"widget\" data-e-type=\"widget\" data-widget_type=\"text-editor.default\">\n\t\t\t\t<div class=\"elementor-widget-container\">\n\t\t\t\t\t\t\t\t\t<div><p><span style=\"color: #000000\"><strong style=\"font-style: normal;font-family: Verdana, sans-serif;font-size: small\">I ENCONTRO DE CARTOGRAFIAS LITER\u00c1RIAS DA AMAZ\u00d4NIA: mem\u00f3rias &amp; representa\u00e7\u00f5es<\/strong><\/span><\/p><p><span style=\"color: #000000\"><b>DIAS 29 DE AGOSTO, 01 E 02 DE SETEMBRO &#8211;\u00a0\u00a0MARCO ZERO e OIAPOQUE\u00a0<\/b><\/span><\/p><p><span style=\"color: #000000\"><span style=\"font-size: 18px;text-align: left\">O Programa de P\u00f3s-gradua\u00e7\u00e3o em Letras &#8211; PPGLET &#8211; convida toda a comunidade (intra e extra muros) a participar do\u00a0I ENCONTRO DE CARTOGRAFIAS LITER\u00c1RIAS DA AMAZ\u00d4NIA: mem\u00f3rias &amp; representa\u00e7\u00f5es, que ocorrer\u00e1 dia 29 de agosto, na UNIFAP\/Marco Zero, e nos dias 01 e 02 de setembro no IFAP\/Campus Avan\u00e7ado do Oiapoque. O evento configura-se como um atividade de extens\u00e3o e contar\u00e1 com a participa\u00e7\u00e3o de alguns d@s ilustres mestrand@s e docentes do PPGLET, bem como alun@s da gradua\u00e7\u00e3o. Pretende-se divulgar as pesquisas em curso, no PPGLET, \u00e0 academia e \u00e0 comunidade externa. Haver\u00e1 mesas-redondas, momentos culturais, lit<\/span><span style=\"font-size: 18px;text-align: left\">er\u00e1rios e rodas de Marabaixo. Inscri\u00e7\u00f5es gratuitas. A programa\u00e7\u00e3o completa est\u00e1 dispon\u00edvel <\/span><span style=\"font-size: 18px;text-align: left\">em\u00a0<a style=\"color: #000000\" href=\"https:\/\/www.even3.com.br\/encontrocartografiasliterarias2022\/\" target=\"_blank\" rel=\"noopener\" data-saferedirecturl=\"https:\/\/www.google.com\/url?q=https:\/\/www.even3.com.br\/encontrocartografiasliterarias2022\/&amp;source=gmail&amp;ust=1661622977495000&amp;usg=AOvVaw37TL0lCcqQ5xQjXs-CL_Kv\">https:\/\/www.even3.com.br\/encontrocartografiasliterarias2022\/<\/a>. No dia 29\/08, a atividade inicial ser\u00e1 no Audit\u00f3rio do Departamento de Letras e Artes &#8211; DEPLA &#8211; a partir das 14h.<\/span><\/span><\/p><\/div><article><\/article>\t\t\t\t\t\t\t\t<\/div>\n\t\t\t\t<\/div>\n\t\t\t\t\t<\/div>\n\t\t<\/div>\n\t\t\t\t\t<\/div>\n\t\t<\/section>\n\t\t\t\t<section class=\"elementor-section elementor-top-section elementor-element elementor-element-650acf3 elementor-section-boxed elementor-section-height-default elementor-section-height-default\" data-id=\"650acf3\" data-element_type=\"section\" data-e-type=\"section\">\n\t\t\t\t\t\t<div class=\"elementor-container elementor-column-gap-default\">\n\t\t\t\t\t<div class=\"elementor-column elementor-col-100 elementor-top-column elementor-element elementor-element-33311da\" data-id=\"33311da\" data-element_type=\"column\" data-e-type=\"column\">\n\t\t\t<div class=\"elementor-widget-wrap elementor-element-populated\">\n\t\t\t\t\t\t<div class=\"elementor-element elementor-element-cca23f4 elementor-widget elementor-widget-image\" data-id=\"cca23f4\" data-element_type=\"widget\" data-e-type=\"widget\" data-widget_type=\"image.default\">\n\t\t\t\t<div class=\"elementor-widget-container\">\n\t\t\t\t\t\t\t\t\t\t\t\t\t\t\t<img fetchpriority=\"high\" decoding=\"async\" width=\"665\" height=\"450\" src=\"https:\/\/www2.unifap.br\/ppglet\/files\/2022\/08\/Cartaz-do-Evento.png\" class=\"attachment-large size-large wp-image-1871\" alt=\"\" \/>\t\t\t\t\t\t\t\t\t\t\t\t\t\t\t<\/div>\n\t\t\t\t<\/div>\n\t\t\t\t\t<\/div>\n\t\t<\/div>\n\t\t\t\t\t<\/div>\n\t\t<\/section>\n\t\t\t\t<\/div>\n\t\t","protected":false},"excerpt":{"rendered":"<p>I ENCONTRO DE CARTOGRAFIAS LITER\u00c1RIAS DA AMAZ\u00d4NIA: mem\u00f3rias &amp; representa\u00e7\u00f5es DIAS 29 DE AGOSTO, 01 E 02 DE SETEMBRO &#8211;\u00a0\u00a0MARCO ZERO e OIAPOQUE\u00a0 O Programa de P\u00f3s-gradua\u00e7\u00e3o em Letras &#8211; PPGLET &#8211; convida toda a comunidade (intra e extra muros) a participar do\u00a0I ENCONTRO DE CARTOGRAFIAS LITER\u00c1RIAS DA AMAZ\u00d4NIA: mem\u00f3rias &amp; representa\u00e7\u00f5es, que ocorrer\u00e1 dia&#8230;<\/p>\n","protected":false},"author":3826,"featured_media":0,"parent":0,"menu_order":0,"comment_status":"closed","ping_status":"closed","template":"","meta":{"inline_featured_image":false,"ngg_post_thumbnail":0,"footnotes":""},"folder":[],"class_list":["post-1869","page","type-page","status-publish","hentry","entry"],"_links":{"self":[{"href":"https:\/\/www2.unifap.br\/ppglet\/wp-json\/wp\/v2\/pages\/1869","targetHints":{"allow":["GET"]}}],"collection":[{"href":"https:\/\/www2.unifap.br\/ppglet\/wp-json\/wp\/v2\/pages"}],"about":[{"href":"https:\/\/www2.unifap.br\/ppglet\/wp-json\/wp\/v2\/types\/page"}],"author":[{"embeddable":true,"href":"https:\/\/www2.unifap.br\/ppglet\/wp-json\/wp\/v2\/users\/3826"}],"replies":[{"embeddable":true,"href":"https:\/\/www2.unifap.br\/ppglet\/wp-json\/wp\/v2\/comments?post=1869"}],"version-history":[{"count":10,"href":"https:\/\/www2.unifap.br\/ppglet\/wp-json\/wp\/v2\/pages\/1869\/revisions"}],"predecessor-version":[{"id":1884,"href":"https:\/\/www2.unifap.br\/ppglet\/wp-json\/wp\/v2\/pages\/1869\/revisions\/1884"}],"wp:attachment":[{"href":"https:\/\/www2.unifap.br\/ppglet\/wp-json\/wp\/v2\/media?parent=1869"}],"wp:term":[{"taxonomy":"folder","embeddable":true,"href":"https:\/\/www2.unifap.br\/ppglet\/wp-json\/wp\/v2\/folder?post=1869"}],"curies":[{"name":"wp","href":"https:\/\/api.w.org\/{rel}","templated":true}]}}