{"id":1893,"date":"2022-10-27T15:43:20","date_gmt":"2022-10-27T18:43:20","guid":{"rendered":"https:\/\/www2.unifap.br\/ppglet\/?page_id=1893"},"modified":"2022-10-27T16:46:13","modified_gmt":"2022-10-27T19:46:13","slug":"emissao-de-diploma","status":"publish","type":"page","link":"https:\/\/www2.unifap.br\/ppglet\/emissao-de-diploma\/","title":{"rendered":"Emiss\u00e3o de Diploma"},"content":{"rendered":"\t\t<div data-elementor-type=\"wp-page\" data-elementor-id=\"1893\" class=\"elementor elementor-1893\">\n\t\t\t\t\t\t<section class=\"elementor-section elementor-top-section elementor-element elementor-element-1d08215f elementor-section-boxed elementor-section-height-default elementor-section-height-default\" data-id=\"1d08215f\" data-element_type=\"section\" data-e-type=\"section\">\n\t\t\t\t\t\t<div class=\"elementor-container elementor-column-gap-default\">\n\t\t\t\t\t<div class=\"elementor-column elementor-col-100 elementor-top-column elementor-element elementor-element-36e8bf65\" data-id=\"36e8bf65\" data-element_type=\"column\" data-e-type=\"column\">\n\t\t\t<div class=\"elementor-widget-wrap elementor-element-populated\">\n\t\t\t\t\t\t<div class=\"elementor-element elementor-element-7fcb8c51 elementor-widget elementor-widget-text-editor\" data-id=\"7fcb8c51\" data-element_type=\"widget\" data-e-type=\"widget\" data-widget_type=\"text-editor.default\">\n\t\t\t\t<div class=\"elementor-widget-container\">\n\t\t\t\t\t\t\t\t\t<p style=\"text-align: center\"><strong>Passos para a entrega definitiva da Disserta\u00e7\u00e3o\u00a0<\/strong><strong>e pedido de emiss\u00e3o de diploma de Mestrado\u00a0<\/strong><\/p>\t\t\t\t\t\t\t\t<\/div>\n\t\t\t\t<\/div>\n\t\t\t\t\t<\/div>\n\t\t<\/div>\n\t\t\t\t\t<\/div>\n\t\t<\/section>\n\t\t\t\t<section class=\"elementor-section elementor-top-section elementor-element elementor-element-76b5621 elementor-section-boxed elementor-section-height-default elementor-section-height-default\" data-id=\"76b5621\" data-element_type=\"section\" data-e-type=\"section\">\n\t\t\t\t\t\t<div class=\"elementor-container elementor-column-gap-default\">\n\t\t\t\t\t<div class=\"elementor-column elementor-col-100 elementor-top-column elementor-element elementor-element-bf0601f\" data-id=\"bf0601f\" data-element_type=\"column\" data-e-type=\"column\">\n\t\t\t<div class=\"elementor-widget-wrap elementor-element-populated\">\n\t\t\t\t\t\t<div class=\"elementor-element elementor-element-374433d elementor-widget elementor-widget-text-editor\" data-id=\"374433d\" data-element_type=\"widget\" data-e-type=\"widget\" data-widget_type=\"text-editor.default\">\n\t\t\t\t<div class=\"elementor-widget-container\">\n\t\t\t\t\t\t\t\t\t<p style=\"margin: 0cm 0cm 0.0001pt;background-image: initial;background-position: initial;background-size: initial;background-attachment: initial\"><span style=\"color: black;padding: 0cm;border: 1pt none windowtext\">Para&nbsp;a solicita\u00e7\u00e3o de abertura do processo de emiss\u00e3o de diploma, cada documento&nbsp;dever\u00e1 ser digitalizado no formato pdf (exceto a vers\u00e3o final da disserta\u00e7\u00e3o,&nbsp;que dever\u00e1 ser mandada em word e pdf) e enviado de forma individual, <\/span><i>em arquivos separados<\/i>. A documenta\u00e7\u00e3o completa dever\u00e1 ser entregue por&nbsp;meio do e-mail, enviada para <a href=\"mailto:ppglet@unifap.br\"><span style=\"color: black\">ppglet@unifap.br<\/span><\/a>.<\/p>\n<p style=\"margin: 0cm 0cm 0.0001pt;background-image: initial;background-position: initial;background-size: initial;background-attachment: initial\"><span style=\"color: black;padding: 0cm;border: 1pt none windowtext\">&nbsp;<\/span><\/p>\n<p style=\"margin: 0cm 0cm 0.0001pt;background-image: initial;background-position: initial;background-size: initial;background-attachment: initial\"><span style=\"color: black;padding: 0cm;border: 1pt none windowtext\">1.&nbsp;<\/span>Ap\u00f3s a sess\u00e3o de&nbsp;defesa, o aluno deve enviar a vers\u00e3o definitiva \u00e0 aprecia\u00e7\u00e3o do&nbsp;orientador com os ajustes sugeridos pela banca, no prazo previsto no Regimento<br>do PPGLET:&nbsp;<span style=\"color: black\">&nbsp;Ap\u00f3s&nbsp;a aprova\u00e7\u00e3o, o discente ter\u00e1 at\u00e9 30 (trinta) dias, a contar da data da defesa, para&nbsp;entregar a&nbsp;vers\u00e3o definitiva da disserta\u00e7\u00e3o.<span style=\"padding: 0cm;border: 1pt none windowtext\">&nbsp;<\/span><\/span><\/p>\n<p><span style=\"color: black;font-size: 12pt\">2.&nbsp;De posse do texto revisado e com a autoriza\u00e7\u00e3o do orientador o discente dever\u00e1&nbsp;encaminhar ao e-mail da P\u00f3s os documentos baixo:<\/span><\/p>\n<p><b style=\"font-size: 14px\"><span style=\"font-size: 12.0pt;line-height: 107%;color: black\">Documentos Necess\u00e1rios:<\/span><\/b><\/p>\n<p><b><span style=\"font-size: 12.0pt;line-height: 107%;color: black\">I &#8211;<\/span><\/b><span style=\"font-size: 12.0pt;line-height: 107%;color: black\"> Vers\u00e3o final da disserta\u00e7\u00e3o (word e pdf),&nbsp;com ficha catalogr\u00e1fica (solicitada via site da biblioteca central);<b><\/b><\/span><\/p>\n<p><b><span style=\"font-size: 12.0pt;line-height: 107%;color: black\">II &#8211;<\/span><\/b><span style=\"font-size: 12.0pt;line-height: 107%;color: black\"> Carta de Solicita\u00e7\u00e3o de diploma;<\/span><\/p>\n<p><b><span style=\"font-size: 12.0pt;line-height: 107%;color: black\">III &#8211;<\/span><\/b><span style=\"font-size: 12.0pt;line-height: 107%;color: black\"> RG E CPF;<\/span><\/p>\n<p><b><span style=\"font-size: 12.0pt;line-height: 107%;color: black\">IV &#8211;<\/span><\/b><span style=\"font-size: 12.0pt;line-height: 107%;color: black\"> Comprovante Eleitoral;<\/span><\/p>\n<p><b><span style=\"font-size: 12.0pt;line-height: 107%;color: black\">V &#8211; <\/span><\/b><span style=\"font-size: 12.0pt;line-height: 107%;color: black\">Certid\u00e3o de Nascimento (ou Casamento);<\/span><\/p>\n<p><b><span style=\"font-size: 12.0pt;line-height: 107%;color: black\">VI &#8211;<\/span><\/b><span style=\"font-size: 12.0pt;line-height: 107%;color: black\"> Comprovante de Endere\u00e7o;<\/span><\/p>\n<p><b><span style=\"font-size: 12.0pt;line-height: 107%;color: black\">VII &#8211;<\/span><\/b><span style=\"font-size: 12.0pt;line-height: 107%;color: black\"> C\u00f3pia do passaporte<br>com o visto deferido pelo \u00f3rg\u00e3o competente. Autenticado em cart\u00f3rio (para<br>alunos estrangeiros);<\/span><\/p>\n<p><b><span style=\"font-size: 12.0pt;line-height: 107%;color: black\">VIII &#8211; <\/span><\/b><span style=\"font-size: 12.0pt;line-height: 107%;color: black\">C\u00f3pia do<br>Certificado de Reservista (para homens);<\/span><\/p>\n<p><b><span style=\"font-size: 12.0pt;line-height: 107%;color: black\">IX &#8211;<\/span><\/b><span style=\"font-size: 12.0pt;line-height: 107%;color: black\"> Diploma e Hist\u00f3rico de Gradua\u00e7\u00e3o;<\/span><\/p>\n<p><b><span style=\"font-size: 12.0pt;line-height: 107%;color: black\">X &#8211; <\/span><\/b><span style=\"font-size: 12.0pt;line-height: 107%;color: black\">Declara\u00e7\u00e3o de adimpl\u00eancia da&nbsp;Biblioteca Central da Unifap (site da BC); <b><\/b><\/span><\/p>\n<p><b><span style=\"font-size: 12.0pt;line-height: 107%;color: black\">XI &#8211; <\/span><\/b><span style=\"font-size: 12.0pt;line-height: 107%;color: black\">Termo de&nbsp;autoriza\u00e7\u00e3o de publica\u00e7\u00e3o da disserta\u00e7\u00e3o (site da BC).<\/span><\/p>\n<p><b style=\"font-size: 14px\"><span style=\"font-size: 12.0pt;line-height: 107%;color: black\">3. Orienta\u00e7\u00f5es Adicionais:<\/span><\/b><\/p>\n<p><span style=\"font-size: 12.0pt;line-height: 107%;color: black\">Orienta\u00e7\u00e3o para solicita\u00e7\u00e3o&nbsp;da ficha catalogr\u00e1fica:<\/span><\/p>\n<p><span style=\"font-size: 12.0pt;line-height: 107%;color: black\">Entrar no site <\/span><span style=\"font-size: 12.0pt;line-height: 107%;color: black\"><a href=\"https:\/\/www2.unifap.br\/biblioteca\/\"><span style=\"color: black\">https:\/\/www2.unifap.br\/biblioteca\/<\/span><\/a><\/span><span style=\"font-size: 12.0pt;line-height: 107%;color: black\">,&nbsp;acessar a aba <i>Servi\u00e7os<\/i> e a op\u00e7\u00e3o <i>Ficha<\/i> <i>Catalogr\u00e1fica<\/i> e&nbsp;preencher o formul\u00e1rio. Ap\u00f3s o recebimento a ficha deve ser inserida como&nbsp;terceira folha na sequ\u00eancia da disserta\u00e7\u00e3o. <\/span><\/p>\n<p><span style=\"font-size: 12.0pt;line-height: 107%;color: black\">Baixar o novo Modelo de&nbsp;documento de Declara\u00e7\u00e3o de Autoria e Autoriza\u00e7\u00e3o para publica\u00e7\u00e3o em: <\/span><span style=\"font-size: 12.0pt;line-height: 107%;color: black\"><a href=\"https:\/\/www2.unifap.br\/biblioteca\/declaracao_autoria\/\"><span style=\"color: black\">https:\/\/www2.unifap.br\/biblioteca\/declaracao_autoria\/<\/span><\/a><\/span><\/p>\n<p><span style=\"font-size: 12pt\">4. Formata\u00e7\u00e3o da&nbsp;Disserta\u00e7\u00e3o:<\/span><\/p>\n<p><span style=\"font-size: 12.0pt;line-height: 107%\">A disserta\u00e7\u00e3o dever\u00e1 ser&nbsp;formatada conforme o modelo disponibilizado no site do PPGLET em: <a href=\"https:\/\/www2.unifap.br\/ppglet\/normas-abnt\/\">https:\/\/www2.unifap.br\/ppglet\/normas-abnt\/<\/a>.<br><\/span><\/p>\n<p><a href=\"http:\/\/www2.unifap.br\/ppglet\/files\/2022\/10\/Memorando46-Eletronico-SIPAC-1.pdf\">Memorando 46 Eletr\u00f4nico &#8211; SIPAC&nbsp;<\/a><\/p>\n<p><a href=\"http:\/\/www2.unifap.br\/ppglet\/files\/2022\/10\/Memorando_circular35_-_biblioteca-1.pdf\">Memorando circular 35 Biblioteca&nbsp;<\/a><\/p>\n<p><a href=\"http:\/\/www2.unifap.br\/ppglet\/files\/2022\/10\/Carta-modelo-para-solicitacao-do-diploma-1.docx\">Carta-modelo-para-solicita\u00e7\u00e3o-do-diploma&nbsp;<\/a><\/p>\t\t\t\t\t\t\t\t<\/div>\n\t\t\t\t<\/div>\n\t\t\t\t\t<\/div>\n\t\t<\/div>\n\t\t\t\t\t<\/div>\n\t\t<\/section>\n\t\t\t\t<\/div>\n\t\t","protected":false},"excerpt":{"rendered":"<p>Passos para a entrega definitiva da Disserta\u00e7\u00e3o\u00a0e pedido de emiss\u00e3o de diploma de Mestrado\u00a0 Para&nbsp;a solicita\u00e7\u00e3o de abertura do processo de emiss\u00e3o de diploma, cada documento&nbsp;dever\u00e1 ser digitalizado no formato pdf (exceto a vers\u00e3o final da disserta\u00e7\u00e3o,&nbsp;que dever\u00e1 ser mandada em word e pdf) e enviado de forma individual, em arquivos separados. A documenta\u00e7\u00e3o completa&#8230;<\/p>\n","protected":false},"author":3826,"featured_media":0,"parent":0,"menu_order":0,"comment_status":"closed","ping_status":"closed","template":"","meta":{"inline_featured_image":false,"ngg_post_thumbnail":0,"footnotes":""},"folder":[],"class_list":["post-1893","page","type-page","status-publish","hentry","entry"],"_links":{"self":[{"href":"https:\/\/www2.unifap.br\/ppglet\/wp-json\/wp\/v2\/pages\/1893","targetHints":{"allow":["GET"]}}],"collection":[{"href":"https:\/\/www2.unifap.br\/ppglet\/wp-json\/wp\/v2\/pages"}],"about":[{"href":"https:\/\/www2.unifap.br\/ppglet\/wp-json\/wp\/v2\/types\/page"}],"author":[{"embeddable":true,"href":"https:\/\/www2.unifap.br\/ppglet\/wp-json\/wp\/v2\/users\/3826"}],"replies":[{"embeddable":true,"href":"https:\/\/www2.unifap.br\/ppglet\/wp-json\/wp\/v2\/comments?post=1893"}],"version-history":[{"count":15,"href":"https:\/\/www2.unifap.br\/ppglet\/wp-json\/wp\/v2\/pages\/1893\/revisions"}],"predecessor-version":[{"id":1915,"href":"https:\/\/www2.unifap.br\/ppglet\/wp-json\/wp\/v2\/pages\/1893\/revisions\/1915"}],"wp:attachment":[{"href":"https:\/\/www2.unifap.br\/ppglet\/wp-json\/wp\/v2\/media?parent=1893"}],"wp:term":[{"taxonomy":"folder","embeddable":true,"href":"https:\/\/www2.unifap.br\/ppglet\/wp-json\/wp\/v2\/folder?post=1893"}],"curies":[{"name":"wp","href":"https:\/\/api.w.org\/{rel}","templated":true}]}}