{"id":2147,"date":"2023-08-24T20:02:17","date_gmt":"2023-08-24T23:02:17","guid":{"rendered":"https:\/\/www2.unifap.br\/ppglet\/?page_id=2147"},"modified":"2023-09-05T09:22:28","modified_gmt":"2023-09-05T12:22:28","slug":"chamada-04-2023","status":"publish","type":"page","link":"https:\/\/www2.unifap.br\/ppglet\/processo-seletivo\/estagio-pos-doutoral\/chamada-04-2023\/","title":{"rendered":"Chamada 04\/2023"},"content":{"rendered":"<p><strong>Sele\u00e7\u00e3o de Bolsista de P\u00f3s-Doutorado Estrat\u00e9gico (PDPG-CAPES\/FAPEAP\/UNIFAP)<\/strong><\/p>\n<p>O Programa de P\u00f3s-gradua\u00e7\u00e3o em Letras (PPGLET) da Universidade Federal do Amap\u00e1 \u2013 UNIFAP torna p\u00fablico a presente Chmada para abertura de inscri\u00e7\u00f5es, visando \u00e0 sele\u00e7\u00e3o de 01 (um) bolsista para PROGRAMA DE DESENVOLVIMENTO DA P\u00d3S-GRADUA\u00c7\u00c3O (PDPG), com financiamento da COORDENA\u00c7\u00c3O DE APERFEI\u00c7OAMENTO DE PESSOAL DE N\u00cdVEL SUPERIOR, em parceria com a FUNDA\u00c7\u00c3O DE APOIO \u00c0 PESQUISA DO ESTADO DO AMAP\u00c1 (FAPEAP), via Edital n. 018\/2020-PDPG\/AFAPs. O candidato aprovado ter\u00e1 suas atividades de pesquisa e as outras atividades acad\u00eamicas vinculadas ao Projeto \u201c<em>Fortalecimento dos Programas de P\u00f3s-Gradua\u00e7\u00e3o Emergentes em Letras, Hist\u00f3ria e Educa\u00e7\u00e3o da Universidade Federal do Amap\u00e1: forma\u00e7\u00e3o de pessoal e desenvolvimento cient\u00edfico em Educa\u00e7\u00e3o na Amaz\u00f4nia<\/em>\u201d, \u00e0 \u00e1rea de concentra\u00e7\u00e3o do PPGLET\/UNIFAP, a saber <em>Linguagens na Amaz\u00f4nia, <\/em>e a uma das suas linhas de pesquisa: (1) <em>Diversidade Lingu\u00edstica na Amaz\u00f4nia<\/em> ou (2) <em>Literatura, Cultura e Mem\u00f3ria<\/em>.<\/p>\n<p>Esse processo de sele\u00e7\u00e3o obedecer\u00e1 ao seguinte cronograma:<\/p>\n<p>Divulga\u00e7\u00e3o da Chamada: 23 de agosto de 2023<\/p>\n<p>Inscri\u00e7\u00e3o: 24\/08\/2023 a 01\/09\/2023<\/p>\n<p>Homologa\u00e7\u00e3o das inscri\u00e7\u00f5es: 02\/09\/2023<\/p>\n<p>Divulga\u00e7\u00e3o do resultado: 05\/09\/2023<\/p>\n<p>Convoca\u00e7\u00e3o para assinatura do termo de compromisso: 06\/09\/2023<\/p>\n<p>Data prevista para in\u00edcio das atividades: 11\/09\/2023<\/p>\n<p><span style=\"text-decoration: underline\">Para mais informa\u00e7\u00f5es, clique no link abaixo:<\/span><\/p>\n<h2><a href=\"http:\/\/www.unifap.br\/wp-content\/uploads\/2023\/08\/Chamada_Pos_DoC_V_Final.pdf\">24\/08\/2023 &#8211; CHAMADA N. 4\/2023 &#8211; PPGLET\/UNIFAP &#8211; SELE\u00c7\u00c3O DE EST\u00c1GIO P\u00d3S-DOUTORAL<\/a><\/h2>\n<h2><a href=\"https:\/\/drive.google.com\/file\/d\/1QXVcxY6QYL4E0ckocNT1Y0mQsMmNWzGd\/view?usp=sharing\">28\/08\/2023 &#8211; RETIFICA\u00c7\u00c3O n.\u00ba 1<\/a><\/h2>\n<h2><a href=\"https:\/\/drive.google.com\/file\/d\/1KgPTq6-FDSxyFc7PI_AKvYuAYCSEDxU0\/view?usp=sharing\">02\/09\/2023 &#8211; Homologa\u00e7\u00e3o das Inscri\u00e7\u00f5es<\/a><\/h2>\n<h2><a href=\"https:\/\/drive.google.com\/file\/d\/1dSiVYGXn8A82w2V8s27hXSIMVb3rLUPG\/view?usp=sharing\">06\/09\/2023 &#8211; Resultado<\/a><\/h2>\n<p>&nbsp;<\/p>\n<p><span style=\"text-decoration: underline\">LINK ALTERNATIVO<\/span><\/p>\n<h2><a href=\"https:\/\/drive.google.com\/file\/d\/1rGh9ESJVcC3y9IbnsXCWtnJh6qtfugSm\/view?usp=drive_link\">24\/08\/2023 &#8211; CHAMADA N. 4\/2023 &#8211; PPGLET\/UNIFAP &#8211; SELE\u00c7\u00c3O DE EST\u00c1GIO P\u00d3S-DOUTORAL<\/a><\/h2>\n<h2><a href=\"https:\/\/drive.google.com\/file\/d\/1QXVcxY6QYL4E0ckocNT1Y0mQsMmNWzGd\/view?usp=sharing\">28\/08\/2023 &#8211; RETIFICA\u00c7\u00c3O n.\u00ba 1<\/a><\/h2>\n<h2><a href=\"https:\/\/drive.google.com\/file\/d\/1KgPTq6-FDSxyFc7PI_AKvYuAYCSEDxU0\/view?usp=sharing\">02\/09\/2023 &#8211; Homologa\u00e7\u00e3o das Inscri\u00e7\u00f5es<\/a><\/h2>\n<h2><a href=\"https:\/\/drive.google.com\/file\/d\/1dSiVYGXn8A82w2V8s27hXSIMVb3rLUPG\/view?usp=sharing\">06\/09\/2023 &#8211; Resultado<\/a><\/h2>\n<p>&nbsp;<\/p>\n","protected":false},"excerpt":{"rendered":"<p>Sele\u00e7\u00e3o de Bolsista de P\u00f3s-Doutorado Estrat\u00e9gico (PDPG-CAPES\/FAPEAP\/UNIFAP) O Programa de P\u00f3s-gradua\u00e7\u00e3o em Letras (PPGLET) da Universidade Federal do Amap\u00e1 \u2013 UNIFAP torna p\u00fablico a presente Chmada para abertura de inscri\u00e7\u00f5es, visando \u00e0 sele\u00e7\u00e3o de 01 (um) bolsista para PROGRAMA DE DESENVOLVIMENTO DA P\u00d3S-GRADUA\u00c7\u00c3O (PDPG), com financiamento da COORDENA\u00c7\u00c3O DE APERFEI\u00c7OAMENTO DE PESSOAL DE N\u00cdVEL SUPERIOR,&#8230;<\/p>\n","protected":false},"author":3826,"featured_media":0,"parent":2143,"menu_order":0,"comment_status":"closed","ping_status":"closed","template":"","meta":{"inline_featured_image":false,"ngg_post_thumbnail":0,"footnotes":""},"folder":[],"class_list":["post-2147","page","type-page","status-publish","hentry","entry"],"_links":{"self":[{"href":"https:\/\/www2.unifap.br\/ppglet\/wp-json\/wp\/v2\/pages\/2147","targetHints":{"allow":["GET"]}}],"collection":[{"href":"https:\/\/www2.unifap.br\/ppglet\/wp-json\/wp\/v2\/pages"}],"about":[{"href":"https:\/\/www2.unifap.br\/ppglet\/wp-json\/wp\/v2\/types\/page"}],"author":[{"embeddable":true,"href":"https:\/\/www2.unifap.br\/ppglet\/wp-json\/wp\/v2\/users\/3826"}],"replies":[{"embeddable":true,"href":"https:\/\/www2.unifap.br\/ppglet\/wp-json\/wp\/v2\/comments?post=2147"}],"version-history":[{"count":4,"href":"https:\/\/www2.unifap.br\/ppglet\/wp-json\/wp\/v2\/pages\/2147\/revisions"}],"predecessor-version":[{"id":2172,"href":"https:\/\/www2.unifap.br\/ppglet\/wp-json\/wp\/v2\/pages\/2147\/revisions\/2172"}],"up":[{"embeddable":true,"href":"https:\/\/www2.unifap.br\/ppglet\/wp-json\/wp\/v2\/pages\/2143"}],"wp:attachment":[{"href":"https:\/\/www2.unifap.br\/ppglet\/wp-json\/wp\/v2\/media?parent=2147"}],"wp:term":[{"taxonomy":"folder","embeddable":true,"href":"https:\/\/www2.unifap.br\/ppglet\/wp-json\/wp\/v2\/folder?post=2147"}],"curies":[{"name":"wp","href":"https:\/\/api.w.org\/{rel}","templated":true}]}}