{"id":2596,"date":"2025-05-14T09:41:02","date_gmt":"2025-05-14T12:41:02","guid":{"rendered":"https:\/\/www2.unifap.br\/ppglet\/?page_id=2596"},"modified":"2025-08-26T17:52:02","modified_gmt":"2025-08-26T20:52:02","slug":"turma-2025","status":"publish","type":"page","link":"https:\/\/www2.unifap.br\/ppglet\/processo-seletivo\/aluno-regular\/turma-2025\/","title":{"rendered":"Turma 2025"},"content":{"rendered":"\t\t<div data-elementor-type=\"wp-page\" data-elementor-id=\"2596\" class=\"elementor elementor-2596\">\n\t\t\t\t\t\t<section class=\"elementor-section elementor-top-section elementor-element elementor-element-c4ba2eb elementor-section-boxed elementor-section-height-default elementor-section-height-default\" data-id=\"c4ba2eb\" data-element_type=\"section\" data-e-type=\"section\">\n\t\t\t\t\t\t<div class=\"elementor-container elementor-column-gap-default\">\n\t\t\t\t\t<div class=\"elementor-column elementor-col-100 elementor-top-column elementor-element elementor-element-ad6cc5e\" data-id=\"ad6cc5e\" data-element_type=\"column\" data-e-type=\"column\">\n\t\t\t<div class=\"elementor-widget-wrap elementor-element-populated\">\n\t\t\t\t\t\t<div class=\"elementor-element elementor-element-5ca8bd1 elementor-widget elementor-widget-text-editor\" data-id=\"5ca8bd1\" data-element_type=\"widget\" data-e-type=\"widget\" data-widget_type=\"text-editor.default\">\n\t\t\t\t<div class=\"elementor-widget-container\">\n\t\t\t\t\t\t\t\t\t<h2 style=\"text-align: center\"><span style=\"color: #000000\">EDITAL N. 03\/2025 \u2013 PPGLET\/UNIFAP \u2013 14 DE MAIO DE 2025<\/span><\/h2><h6 style=\"text-align: center\"><span style=\"color: #000000\">PROCESSO SELETIVO PARA O INGRESSO NO CURSO DE MESTRADO EM LETRAS<\/span><br \/><span style=\"color: #000000\">DO PROGRAMA DE P\u00d3S-GRADUA\u00c7\u00c3O EM LETRAS DA UNIVERSIDADE FEDERAL\u00a0<\/span><span style=\"color: #000000\">DO AMAP\u00c1 &#8211; TURMA 2025<\/span><\/h6>\t\t\t\t\t\t\t\t<\/div>\n\t\t\t\t<\/div>\n\t\t\t\t\t<\/div>\n\t\t<\/div>\n\t\t\t\t\t<\/div>\n\t\t<\/section>\n\t\t\t\t<section class=\"elementor-section elementor-top-section elementor-element elementor-element-17ca2ec elementor-section-boxed elementor-section-height-default elementor-section-height-default\" data-id=\"17ca2ec\" data-element_type=\"section\" data-e-type=\"section\">\n\t\t\t\t\t\t<div class=\"elementor-container elementor-column-gap-default\">\n\t\t\t\t\t<div class=\"elementor-column elementor-col-100 elementor-top-column elementor-element elementor-element-2f2d3c8\" data-id=\"2f2d3c8\" data-element_type=\"column\" data-e-type=\"column\">\n\t\t\t<div class=\"elementor-widget-wrap elementor-element-populated\">\n\t\t\t\t\t\t<div class=\"elementor-element elementor-element-d3c6ec8 elementor-widget elementor-widget-image\" data-id=\"d3c6ec8\" data-element_type=\"widget\" data-e-type=\"widget\" data-widget_type=\"image.default\">\n\t\t\t\t<div class=\"elementor-widget-container\">\n\t\t\t\t\t\t\t\t\t\t\t\t\t\t\t<img fetchpriority=\"high\" decoding=\"async\" width=\"635\" height=\"536\" src=\"https:\/\/www2.unifap.br\/ppglet\/files\/2025\/05\/processo-seletivo.jpg\" class=\"attachment-large size-large wp-image-2598\" alt=\"\" srcset=\"https:\/\/www2.unifap.br\/ppglet\/files\/2025\/05\/processo-seletivo.jpg 635w, https:\/\/www2.unifap.br\/ppglet\/files\/2025\/05\/processo-seletivo-300x253.jpg 300w\" sizes=\"(max-width: 635px) 100vw, 635px\" \/>\t\t\t\t\t\t\t\t\t\t\t\t\t\t\t<\/div>\n\t\t\t\t<\/div>\n\t\t\t\t\t<\/div>\n\t\t<\/div>\n\t\t\t\t\t<\/div>\n\t\t<\/section>\n\t\t\t\t<section class=\"elementor-section elementor-top-section elementor-element elementor-element-3104ee8a elementor-section-boxed elementor-section-height-default elementor-section-height-default\" data-id=\"3104ee8a\" data-element_type=\"section\" data-e-type=\"section\">\n\t\t\t\t\t\t<div class=\"elementor-container elementor-column-gap-default\">\n\t\t\t\t\t<div class=\"elementor-column elementor-col-100 elementor-top-column elementor-element elementor-element-44593f36\" data-id=\"44593f36\" data-element_type=\"column\" data-e-type=\"column\">\n\t\t\t<div class=\"elementor-widget-wrap elementor-element-populated\">\n\t\t\t\t\t\t<div class=\"elementor-element elementor-element-de420f7 elementor-widget elementor-widget-text-editor\" data-id=\"de420f7\" data-element_type=\"widget\" data-e-type=\"widget\" data-widget_type=\"text-editor.default\">\n\t\t\t\t<div class=\"elementor-widget-container\">\n\t\t\t\t\t\t\t\t\t<p>A Coordena\u00e7\u00e3o do Programa de P\u00f3s-Gradua\u00e7\u00e3o em Letras (PPGLET), da Universidade&nbsp;Federal do Amap\u00e1 (UNIFAP), torna p\u00fablico o presente Edital de Sele\u00e7\u00e3o para o ingresso no Curso&nbsp;de Mestrado em Letras \u2013 Turma 2025, com inscri\u00e7\u00e3o de candidatos(as) no per\u00edodo de 20 de maio a&nbsp;12 de junho de 2025, para ingresso no <b><u>2\u00ba Semestre Letivo de 2025 (conforme Calend\u00e1rio&nbsp;Acad\u00eamico da UNIFAP).<\/u><\/b><\/p>\t\t\t\t\t\t\t\t<\/div>\n\t\t\t\t<\/div>\n\t\t\t\t<div class=\"elementor-element elementor-element-111c2099 elementor-widget__width-initial elementor-widget elementor-widget-text-editor\" data-id=\"111c2099\" data-element_type=\"widget\" data-e-type=\"widget\" data-widget_type=\"text-editor.default\">\n\t\t\t\t<div class=\"elementor-widget-container\">\n\t\t\t\t\t\t\t\t\t<p><strong><span style=\"color: #000000\">Documentos:<\/span><\/strong><\/p><p><strong><a href=\"http:\/\/www2.unifap.br\/ppglet\/files\/2025\/05\/EDITAL-03-2025.pdf\">14\/05\/2025 &#8211; Edital\u00a0N. 03\u00a0<\/a><\/strong><\/p><p><strong><a href=\"http:\/\/www2.unifap.br\/ppglet\/files\/2025\/05\/ANEXOS-EDITAL-03-DE-2025.docx.pdf\">14\/05\/2025 &#8211; Anexos\u00a0\u00a0<\/a><\/strong><\/p><p><strong>20\/05 &#8211; 12\/06\/2025 &#8211; <a href=\"https:\/\/sigaa.unifap.br\/sigaa\/public\/processo_seletivo\/lista.jsf?aba=p-stricto&amp;nivel=S\">Link de Inscri\u00e7\u00e3o\u00a0<\/a><\/strong><\/p><p><span style=\"font-family: Roboto, sans-serif;font-size: 14px;font-style: normal;font-weight: 600\">14\/05\/2025 &#8211; Edital (N.03) em Libras\u00a0\u00a0<\/span><\/p><p><strong>24\/05\/2025 &#8211;<a href=\"http:\/\/www2.unifap.br\/ppglet\/files\/2025\/05\/RETIFICACAO-01-_EDITAL-N.o-03_2025-_PPGLET_UNIFAP.pdf\">RETIFICACAO-01<\/a><\/strong><\/p><p><strong>04\/06\/2025 &#8211;\u00a0<a href=\"http:\/\/www2.unifap.br\/ppglet\/files\/2025\/06\/RETIFICACAO-02-_EDITAL-N.o-03_2025-_PPGLET_UNIFAP.pdf\">RETIFICACAO-02<\/a><\/strong><\/p><p><strong>13\/06\/2025 &#8211; <a href=\"http:\/\/www2.unifap.br\/ppglet\/files\/2025\/06\/Retificacao-03-Edital-03.pdf\">RETIFICA\u00c7\u00c3O 03\u00a0<\/a><\/strong><\/p><p><strong><a href=\"http:\/\/www2.unifap.br\/ppglet\/files\/2025\/06\/CRONOGRAMA-RETIFICAD0-03.-2025.docx.pdf\">25\/06\/2025 &#8211; RETIFICA\u00c7\u00c3O 04<\/a><\/strong><\/p><p><strong><a href=\"http:\/\/www2.unifap.br\/ppglet\/files\/2025\/06\/EDITAL-N._03_2025-\u2013-PPGLET_UNIFAP-\u2013-14-DE-MAIO-DE-2025.pdf\">30\/06\/2025 &#8211; HOMOLOGA\u00c7\u00c3O DE INSCRI\u00c7\u00d5E05<\/a><\/strong><\/p><p><strong><a href=\"http:\/\/www2.unifap.br\/ppglet\/files\/2025\/07\/Resultado-Final-de-Inscricoes.pdf\">04\/06\/2025 &#8211; RESULTADO FINAL DA HOMOLOGA\u00c7\u00c3O DE INSCRI\u00c7\u00d5ES<\/a><\/strong><\/p><p><strong><a href=\"http:\/\/www2.unifap.br\/ppglet\/files\/2025\/07\/Resultado-Provisorio-Etapa-I-1.pdf\">30\/07\/2025 &#8211; RESULTADO PROVIS\u00d3RIO &#8211; ETAPA I &#8211; AVALIA\u00c7\u00c3O DO PR\u00c9-PROJETO E MEMORIAL<\/a><\/strong><\/p><p><strong>05\/08\/2025 &#8211; <a href=\"http:\/\/www2.unifap.br\/ppglet\/files\/2025\/08\/Resultado-Definitivo-Etapa-I.pdf\">RESULTADO FINAL &#8211; ETAPA I &#8211; AVALIA\u00c7\u00c3O DO PR\u00c9-PROJETO E MEMORIAL<\/a><\/strong><\/p><p><strong><a href=\"http:\/\/www2.unifap.br\/ppglet\/files\/2025\/08\/DIVULGACAO-DA-ENTREVISTA.docx-2.pdf\">06\/08\/2025 &#8211; HOR\u00c1RIOS DAS ENTREVISTAS\u00a0<\/a><\/strong><\/p><p><strong><a href=\"http:\/\/www2.unifap.br\/ppglet\/files\/2025\/08\/RESULTADO-PROVISORIO-Etapa-II-entrevista.pdf\">18\/08\/2025 &#8211; RESULTADO PROVIS\u00d3RIO &#8211; Etapa II (entrevista)<\/a><\/strong><\/p><p><strong><a href=\"http:\/\/www2.unifap.br\/ppglet\/files\/2025\/08\/RESULTADO-PROVISORIO-Etapa-III-Analise-Curricular.pdf\">18\/08\/2025-RESULTADO PROVIS\u00d3RIO &#8211; Etapa III (An\u00e1lise Curricular)<\/a><\/strong><\/p><p><strong><a href=\"http:\/\/www2.unifap.br\/ppglet\/files\/2025\/08\/RESULTADO-DEFINITIVO-Etapa-II-entrevista-e-Etapa-III-Analise-Curricular.pdf\">26\/08\/2025 &#8211; RESULTADO-DEFINITIVO-Etapa-II-entrevista-e-Etapa-III-Analise-Curricular<\/a><\/strong><\/p><p><strong><a href=\"http:\/\/www2.unifap.br\/ppglet\/files\/2025\/08\/RESULTADO-FINAL-.pdf\">26\/08\/2025 &#8211; RESULTADO FINAL<\/a><\/strong><\/p>\t\t\t\t\t\t\t\t<\/div>\n\t\t\t\t<\/div>\n\t\t\t\t<div class=\"elementor-element elementor-element-70cd43b elementor-widget elementor-widget-video\" data-id=\"70cd43b\" data-element_type=\"widget\" data-e-type=\"widget\" data-settings=\"{&quot;youtube_url&quot;:&quot;https:\\\/\\\/www.youtube.com\\\/watch?v=DQkPXp8k674&quot;,&quot;video_type&quot;:&quot;youtube&quot;,&quot;controls&quot;:&quot;yes&quot;}\" data-widget_type=\"video.default\">\n\t\t\t\t<div class=\"elementor-widget-container\">\n\t\t\t\t\t\t\t<div class=\"elementor-wrapper elementor-open-inline\">\n\t\t\t<div class=\"elementor-video\"><\/div>\t\t<\/div>\n\t\t\t\t\t\t<\/div>\n\t\t\t\t<\/div>\n\t\t\t\t\t<\/div>\n\t\t<\/div>\n\t\t\t\t\t<\/div>\n\t\t<\/section>\n\t\t\t\t<section class=\"elementor-section elementor-top-section elementor-element elementor-element-cd4b6a8 elementor-section-boxed elementor-section-height-default elementor-section-height-default\" data-id=\"cd4b6a8\" data-element_type=\"section\" data-e-type=\"section\">\n\t\t\t\t\t\t<div class=\"elementor-container elementor-column-gap-default\">\n\t\t\t\t\t<div class=\"elementor-column elementor-col-100 elementor-top-column elementor-element elementor-element-f7722a6\" data-id=\"f7722a6\" data-element_type=\"column\" data-e-type=\"column\">\n\t\t\t<div class=\"elementor-widget-wrap elementor-element-populated\">\n\t\t\t\t\t\t<div class=\"elementor-element elementor-element-152ee02 elementor-widget-divider--view-line elementor-widget elementor-widget-divider\" data-id=\"152ee02\" data-element_type=\"widget\" data-e-type=\"widget\" data-widget_type=\"divider.default\">\n\t\t\t\t<div class=\"elementor-widget-container\">\n\t\t\t\t\t\t\t<div class=\"elementor-divider\">\n\t\t\t<span class=\"elementor-divider-separator\">\n\t\t\t\t\t\t<\/span>\n\t\t<\/div>\n\t\t\t\t\t\t<\/div>\n\t\t\t\t<\/div>\n\t\t\t\t<div class=\"elementor-element elementor-element-3058ec1 elementor-widget elementor-widget-text-editor\" data-id=\"3058ec1\" data-element_type=\"widget\" data-e-type=\"widget\" data-widget_type=\"text-editor.default\">\n\t\t\t\t<div class=\"elementor-widget-container\">\n\t\t\t\t\t\t\t\t\t<h3 style=\"text-align: center\"><span style=\"color: #000000\"><span style=\"color: #ff0000\">EDITAL SUPLEMENTENTAR\u00a0<\/span> &#8211; 04\/2025 \u2013 PPGLET\/UNIFAP \u2013 14 DE MAIO DE 2025\u00a0<\/span><\/h3><h5 style=\"text-align: center\"><span style=\"color: #000000\">PROCESSO SELETIVO SUPLEMENTAR PARA O INGRESSO NO CURSO DE\u00a0<\/span><span style=\"color: #000000\">MESTRADO EM LETRAS DO PROGRAMA DE P\u00d3S-GRADUA\u00c7\u00c3O EM LETRAS DA\u00a0<\/span><span style=\"color: #000000\">UNIVERSIDADE FEDERAL DO AMAP\u00c1 &#8211; TURMA 2025<\/span><\/h5>\t\t\t\t\t\t\t\t<\/div>\n\t\t\t\t<\/div>\n\t\t\t\t\t<\/div>\n\t\t<\/div>\n\t\t\t\t\t<\/div>\n\t\t<\/section>\n\t\t\t\t<section class=\"elementor-section elementor-top-section elementor-element elementor-element-d644a90 elementor-section-boxed elementor-section-height-default elementor-section-height-default\" data-id=\"d644a90\" data-element_type=\"section\" data-e-type=\"section\">\n\t\t\t\t\t\t<div class=\"elementor-container elementor-column-gap-default\">\n\t\t\t\t\t<div class=\"elementor-column elementor-col-100 elementor-top-column elementor-element elementor-element-2b2ec35\" data-id=\"2b2ec35\" data-element_type=\"column\" data-e-type=\"column\">\n\t\t\t<div class=\"elementor-widget-wrap elementor-element-populated\">\n\t\t\t\t\t\t<div class=\"elementor-element elementor-element-f5a9f60 elementor-widget elementor-widget-image\" data-id=\"f5a9f60\" data-element_type=\"widget\" data-e-type=\"widget\" data-widget_type=\"image.default\">\n\t\t\t\t<div class=\"elementor-widget-container\">\n\t\t\t\t\t\t\t\t\t\t\t\t\t\t\t<img decoding=\"async\" width=\"646\" height=\"537\" src=\"https:\/\/www2.unifap.br\/ppglet\/files\/2025\/05\/suplementar-.jpg\" class=\"attachment-large size-large wp-image-2622\" alt=\"\" srcset=\"https:\/\/www2.unifap.br\/ppglet\/files\/2025\/05\/suplementar-.jpg 646w, https:\/\/www2.unifap.br\/ppglet\/files\/2025\/05\/suplementar--300x249.jpg 300w\" sizes=\"(max-width: 646px) 100vw, 646px\" \/>\t\t\t\t\t\t\t\t\t\t\t\t\t\t\t<\/div>\n\t\t\t\t<\/div>\n\t\t\t\t<div class=\"elementor-element elementor-element-9bd264c elementor-widget elementor-widget-text-editor\" data-id=\"9bd264c\" data-element_type=\"widget\" data-e-type=\"widget\" data-widget_type=\"text-editor.default\">\n\t\t\t\t<div class=\"elementor-widget-container\">\n\t\t\t\t\t\t\t\t\t<p>A Coordena\u00e7\u00e3o do Programa de P\u00f3s-Gradua\u00e7\u00e3o em Letras (PPGLET), da Universidade&nbsp;Federal do Amap\u00e1 (UNIFAP), torna p\u00fablico o presente Edital de Sele\u00e7\u00e3o para preenchimento de&nbsp;vagas supranum\u00e9ricas, destinadas especialmente a quilombolas, pessoas Trans (Transexuais\/Transg\u00eaneros\/Travestis), popula\u00e7\u00f5es do campo, pessoas em situa\u00e7\u00e3o de deslocamento&nbsp;for\u00e7ado\/migrantes internacionais, no Curso de Mestrado em Letras \u2013 Turma 2025, em conformidade&nbsp;com a Resolu\u00e7\u00e3o no. 21 CONSU\/UNIFAP, de 13 de dezembro de 2022, no per\u00edodo de 20 de maio a 12 de junho de 2025, para ingresso no <b><u>2\u00ba Semestre Letivo de 2025 (conforme Calend\u00e1rio&nbsp;Acad\u00eamico da UNIFAP).<\/u><\/b><\/p>\n<p><br><\/p>\t\t\t\t\t\t\t\t<\/div>\n\t\t\t\t<\/div>\n\t\t\t\t<div class=\"elementor-element elementor-element-31a6170 elementor-widget__width-initial elementor-widget elementor-widget-text-editor\" data-id=\"31a6170\" data-element_type=\"widget\" data-e-type=\"widget\" data-widget_type=\"text-editor.default\">\n\t\t\t\t<div class=\"elementor-widget-container\">\n\t\t\t\t\t\t\t\t\t<p><strong><span style=\"color: #000000\">Documentos:<\/span><\/strong><\/p><p><strong><a href=\"http:\/\/www2.unifap.br\/ppglet\/files\/2025\/05\/EDITAL-04.pdf\">14\/05\/2025 &#8211; Edital N.04<\/a><\/strong><\/p><p><a href=\"http:\/\/www2.unifap.br\/ppglet\/files\/2025\/05\/ANEXOS-EDITAL-04-2025.pdf\"><strong>1<\/strong><b>4\/05\/2025 &#8211; Anexos<\/b> <\/a>\u00a0<\/p><p><strong>20\/05 &#8211; 12\/06\/2025 &#8211; <a href=\"https:\/\/sigaa.unifap.br\/sigaa\/public\/processo_seletivo\/lista.jsf\">Link de Inscri\u00e7\u00e3o\u00a0<\/a><\/strong><\/p><p><strong>24\/05\/2025 &#8211;<a href=\"http:\/\/www2.unifap.br\/ppglet\/files\/2025\/05\/Retificacao-01-Edilta-04-de-2025.pdf\">Retifica\u00e7\u00e3o 01<\/a><\/strong><\/p><p><strong>30\/06\/2025 &#8211;\u00a0 <a href=\"http:\/\/www2.unifap.br\/ppglet\/files\/2025\/06\/EDITAL-N.o-04_2025-\u2013-PPGLET_UNIFAP-\u2013-14-DE-MAIO-DE-2025.pdf\">HOMOLOGA\u00c7\u00c3O DE INSCRI\u00c7\u00d5ES<\/a><\/strong><\/p><p><strong><a href=\"http:\/\/www2.unifap.br\/ppglet\/files\/2025\/06\/Retificacao-02-Edital-04-de-2025.pdf\">04\/06\/2025 &#8211; Retificacao-02<\/a><\/strong><\/p><p><strong><a href=\"http:\/\/www2.unifap.br\/ppglet\/files\/2025\/06\/Retificacao-03-Edital-04-1.pdf\">13\/06\/2025 &#8211; RETIFICA\u00c7\u00c3O 03<\/a><\/strong><\/p><p><strong><a href=\"http:\/\/www2.unifap.br\/ppglet\/files\/2025\/06\/CRONOGRAMA-RETIFICAD0-03.-2025.docx.pdf\">25\/06\/2025 &#8211; RETIFICA\u00c7\u00c3O 04<\/a><\/strong><\/p>\t\t\t\t\t\t\t\t<\/div>\n\t\t\t\t<\/div>\n\t\t\t\t\t<\/div>\n\t\t<\/div>\n\t\t\t\t\t<\/div>\n\t\t<\/section>\n\t\t\t\t<\/div>\n\t\t","protected":false},"excerpt":{"rendered":"<p>EDITAL N. 03\/2025 \u2013 PPGLET\/UNIFAP \u2013 14 DE MAIO DE 2025 PROCESSO SELETIVO PARA O INGRESSO NO CURSO DE MESTRADO EM LETRASDO PROGRAMA DE P\u00d3S-GRADUA\u00c7\u00c3O EM LETRAS DA UNIVERSIDADE FEDERAL\u00a0DO AMAP\u00c1 &#8211; TURMA 2025 A Coordena\u00e7\u00e3o do Programa de P\u00f3s-Gradua\u00e7\u00e3o em Letras (PPGLET), da Universidade&nbsp;Federal do Amap\u00e1 (UNIFAP), torna p\u00fablico o presente Edital de Sele\u00e7\u00e3o&#8230;<\/p>\n","protected":false},"author":3826,"featured_media":0,"parent":548,"menu_order":0,"comment_status":"closed","ping_status":"closed","template":"","meta":{"inline_featured_image":false,"ngg_post_thumbnail":0,"footnotes":""},"folder":[],"class_list":["post-2596","page","type-page","status-publish","hentry","entry"],"_links":{"self":[{"href":"https:\/\/www2.unifap.br\/ppglet\/wp-json\/wp\/v2\/pages\/2596","targetHints":{"allow":["GET"]}}],"collection":[{"href":"https:\/\/www2.unifap.br\/ppglet\/wp-json\/wp\/v2\/pages"}],"about":[{"href":"https:\/\/www2.unifap.br\/ppglet\/wp-json\/wp\/v2\/types\/page"}],"author":[{"embeddable":true,"href":"https:\/\/www2.unifap.br\/ppglet\/wp-json\/wp\/v2\/users\/3826"}],"replies":[{"embeddable":true,"href":"https:\/\/www2.unifap.br\/ppglet\/wp-json\/wp\/v2\/comments?post=2596"}],"version-history":[{"count":96,"href":"https:\/\/www2.unifap.br\/ppglet\/wp-json\/wp\/v2\/pages\/2596\/revisions"}],"predecessor-version":[{"id":3806,"href":"https:\/\/www2.unifap.br\/ppglet\/wp-json\/wp\/v2\/pages\/2596\/revisions\/3806"}],"up":[{"embeddable":true,"href":"https:\/\/www2.unifap.br\/ppglet\/wp-json\/wp\/v2\/pages\/548"}],"wp:attachment":[{"href":"https:\/\/www2.unifap.br\/ppglet\/wp-json\/wp\/v2\/media?parent=2596"}],"wp:term":[{"taxonomy":"folder","embeddable":true,"href":"https:\/\/www2.unifap.br\/ppglet\/wp-json\/wp\/v2\/folder?post=2596"}],"curies":[{"name":"wp","href":"https:\/\/api.w.org\/{rel}","templated":true}]}}