{"id":27,"date":"2019-03-18T22:58:08","date_gmt":"2019-03-19T01:58:08","guid":{"rendered":"http:\/\/www2.unifap.br\/ppglet\/?page_id=27"},"modified":"2019-03-22T20:26:16","modified_gmt":"2019-03-22T23:26:16","slug":"pesquisa","status":"publish","type":"page","link":"https:\/\/www2.unifap.br\/ppglet\/pesquisa\/","title":{"rendered":"Pesquisa"},"content":{"rendered":"<ul>\n<li><a href=\"http:\/\/www2.unifap.br\/ppglet\/pesquisa\/area-de-concentracao\/\">\u00c1rea de concentra\u00e7\u00e3o<\/a><\/li>\n<li><a href=\"http:\/\/www2.unifap.br\/ppglet\/pesquisa\/linhas-de-pesquisa\/\">Linhas de Pesquisa<\/a><\/li>\n<li><a href=\"http:\/\/www2.unifap.br\/ppglet\/pesquisa\/grupos-de-pesquisa\/\">Grupos de Pesquisa<\/a><\/li>\n<li><a href=\"http:\/\/www2.unifap.br\/ppglet\/pesquisa\/projetos-de-pesquisa\/\">Projetos de pesquisa<\/a><\/li>\n<\/ul>\n","protected":false},"excerpt":{"rendered":"<p>\u00c1rea de concentra\u00e7\u00e3o Linhas de Pesquisa Grupos de Pesquisa Projetos de pesquisa<\/p>\n","protected":false},"author":3826,"featured_media":0,"parent":0,"menu_order":3,"comment_status":"closed","ping_status":"closed","template":"","meta":{"inline_featured_image":false,"ngg_post_thumbnail":0,"footnotes":""},"folder":[],"class_list":["post-27","page","type-page","status-publish","hentry","entry"],"_links":{"self":[{"href":"https:\/\/www2.unifap.br\/ppglet\/wp-json\/wp\/v2\/pages\/27","targetHints":{"allow":["GET"]}}],"collection":[{"href":"https:\/\/www2.unifap.br\/ppglet\/wp-json\/wp\/v2\/pages"}],"about":[{"href":"https:\/\/www2.unifap.br\/ppglet\/wp-json\/wp\/v2\/types\/page"}],"author":[{"embeddable":true,"href":"https:\/\/www2.unifap.br\/ppglet\/wp-json\/wp\/v2\/users\/3826"}],"replies":[{"embeddable":true,"href":"https:\/\/www2.unifap.br\/ppglet\/wp-json\/wp\/v2\/comments?post=27"}],"version-history":[{"count":4,"href":"https:\/\/www2.unifap.br\/ppglet\/wp-json\/wp\/v2\/pages\/27\/revisions"}],"predecessor-version":[{"id":295,"href":"https:\/\/www2.unifap.br\/ppglet\/wp-json\/wp\/v2\/pages\/27\/revisions\/295"}],"wp:attachment":[{"href":"https:\/\/www2.unifap.br\/ppglet\/wp-json\/wp\/v2\/media?parent=27"}],"wp:term":[{"taxonomy":"folder","embeddable":true,"href":"https:\/\/www2.unifap.br\/ppglet\/wp-json\/wp\/v2\/folder?post=27"}],"curies":[{"name":"wp","href":"https:\/\/api.w.org\/{rel}","templated":true}]}}