{"id":2733,"date":"2025-07-13T11:32:03","date_gmt":"2025-07-13T14:32:03","guid":{"rendered":"https:\/\/www2.unifap.br\/ppglet\/?page_id=2733"},"modified":"2026-02-20T00:59:05","modified_gmt":"2026-02-20T03:59:05","slug":"home","status":"publish","type":"page","link":"https:\/\/www2.unifap.br\/ppglet\/","title":{"rendered":"Home"},"content":{"rendered":"\t\t<div data-elementor-type=\"wp-page\" data-elementor-id=\"2733\" class=\"elementor elementor-2733\">\n\t\t\t\t\t\t<section class=\"elementor-section elementor-top-section elementor-element elementor-element-81e9b4d elementor-section-boxed elementor-section-height-default elementor-section-height-default\" data-id=\"81e9b4d\" data-element_type=\"section\" data-e-type=\"section\" data-settings=\"{&quot;background_background&quot;:&quot;classic&quot;}\">\n\t\t\t\t\t\t\t<div class=\"elementor-background-overlay\"><\/div>\n\t\t\t\t\t\t\t<div class=\"elementor-container elementor-column-gap-default\">\n\t\t\t\t\t<div class=\"elementor-column elementor-col-100 elementor-top-column elementor-element elementor-element-396e56a\" data-id=\"396e56a\" data-element_type=\"column\" data-e-type=\"column\">\n\t\t\t<div class=\"elementor-widget-wrap elementor-element-populated\">\n\t\t\t\t\t\t<div class=\"elementor-element elementor-element-9347e51 elementor-widget elementor-widget-contentviews_widget_scrollable\" data-id=\"9347e51\" data-element_type=\"widget\" data-e-type=\"widget\" data-widget_type=\"contentviews_widget_scrollable.default\">\n\t\t\t\t<div class=\"elementor-widget-container\">\n\t\t\t\t\t<div class='pt-cv-wrapper'> <div class=\"pt-cv-view pt-cv-scrollable pt-cv-colsys iscvblock iscvelementor scrollable layout1\" id=\"pt-cv-view-9347e51\"><div data-id=\"pt-cv-page-1\" class=\"pt-cv-page\" data-cvc=\"3\"><div id=\"2c0b77c7mp\" class=\"pt-cv-carousel pt-cv-slide\" data-ride=\"cvcarousel\" data-interval=false><ol class=\"pt-cv-carousel-indicators\"><li data-target=\"#2c0b77c7mp\" data-cvslide-to=\"0\" class=\"active\"><\/li>\n<li data-target=\"#2c0b77c7mp\" data-cvslide-to=\"1\" class=\"\"><\/li>\n<li data-target=\"#2c0b77c7mp\" data-cvslide-to=\"2\" class=\"\"><\/li>\n<li data-target=\"#2c0b77c7mp\" data-cvslide-to=\"3\" class=\"\"><\/li>\n<li data-target=\"#2c0b77c7mp\" data-cvslide-to=\"4\" class=\"\"><\/li><\/ol>\n<div class=\"carousel-inner\"><div class=\"item active\"><div class=\"row\"><div class=\"col-md-4 pt-cv-content-item pt-cv-1-col\" ><div class=\"pt-cv-carousel-caption pt-cv-cap-wo-img\"><div class=\"pt-cv-thumb-wrapper  \"><a href=\"https:\/\/www2.unifap.br\/ppglet\/2026\/02\/20\/chamada-aluno-especial-2026-1\/\" class=\"_self pt-cv-href-thumbnail pt-cv-thumb-default\" target=\"_self\" ><\/a><\/div>\n<h5 class=\"pt-cv-title\"><a href=\"https:\/\/www2.unifap.br\/ppglet\/2026\/02\/20\/chamada-aluno-especial-2026-1\/\" class=\"_self\" target=\"_self\" >Chamada Aluno Especial &#8211; 2026.1<\/a><\/h5>\n<div class=\"pt-cv-content\">A Coordena\u00e7\u00e3o do Programa de P\u00f3s-Gradua\u00e7\u00e3o em Letras (PPGLET) da Universidade Federal ...<\/div>\n<div class=\"pt-cv-rmwrap\"><a href=\"https:\/\/www2.unifap.br\/ppglet\/2026\/02\/20\/chamada-aluno-especial-2026-1\/\" class=\"_self pt-cv-readmore btn btn-success\" target=\"_self\" >Leia Mais<\/a><\/div><\/div><\/div>\n<div class=\"col-md-4 pt-cv-content-item pt-cv-1-col\" ><div class=\"pt-cv-carousel-caption pt-cv-cap-wo-img\"><div class=\"pt-cv-thumb-wrapper  \"><a href=\"https:\/\/www2.unifap.br\/ppglet\/2025\/10\/17\/oferta-de-disciplina-2025-2\/\" class=\"_self pt-cv-href-thumbnail pt-cv-thumb-default\" target=\"_self\" ><\/a><\/div>\n<h5 class=\"pt-cv-title\"><a href=\"https:\/\/www2.unifap.br\/ppglet\/2025\/10\/17\/oferta-de-disciplina-2025-2\/\" class=\"_self\" target=\"_self\" >Oferta de Disciplina 2025.2<\/a><\/h5>\n<div class=\"pt-cv-content\">NOT\u00cdCIAS Oferta de Disciplina 2025.2 A coordena\u00e7\u00e3o do Programa de P\u00f3s-gradua\u00e7\u00e3o informa ...<\/div>\n<div class=\"pt-cv-rmwrap\"><a href=\"https:\/\/www2.unifap.br\/ppglet\/2025\/10\/17\/oferta-de-disciplina-2025-2\/\" class=\"_self pt-cv-readmore btn btn-success\" target=\"_self\" >Leia Mais<\/a><\/div><\/div><\/div>\n<div class=\"col-md-4 pt-cv-content-item pt-cv-1-col\" ><div class=\"pt-cv-carousel-caption pt-cv-cap-wo-img\"><div class=\"pt-cv-thumb-wrapper  \"><a href=\"https:\/\/www2.unifap.br\/ppglet\/2025\/10\/14\/chamada-aluno-especial-ppglet-2025-2\/\" class=\"_self pt-cv-href-thumbnail pt-cv-thumb-default\" target=\"_self\" ><\/a><\/div>\n<h5 class=\"pt-cv-title\"><a href=\"https:\/\/www2.unifap.br\/ppglet\/2025\/10\/14\/chamada-aluno-especial-ppglet-2025-2\/\" class=\"_self\" target=\"_self\" >Chamada Aluno Especial PPGLET &#8211; 2025.2<\/a><\/h5>\n<div class=\"pt-cv-content\">NOT\u00cdCIAS Chamada Aluno Especial PPGLET &#8211; 2025.2 CHAMADA N. 04\/2025 - ALUNO ...<\/div>\n<div class=\"pt-cv-rmwrap\"><a href=\"https:\/\/www2.unifap.br\/ppglet\/2025\/10\/14\/chamada-aluno-especial-ppglet-2025-2\/\" class=\"_self pt-cv-readmore btn btn-success\" target=\"_self\" >Leia Mais<\/a><\/div><\/div><\/div><\/div><\/div>\n<div class=\"item\"><div class=\"row\"><div class=\"col-md-4 pt-cv-content-item pt-cv-1-col\" ><div class=\"pt-cv-carousel-caption pt-cv-cap-wo-img\"><div class=\"pt-cv-thumb-wrapper  \"><a href=\"https:\/\/www2.unifap.br\/ppglet\/2025\/09\/05\/edital-no-01-2025-ppged-ppglet-ppgeo-e-ppgh-unifap-pdpg-parcerias-estrategicas-nos-estados-iii-capes-processo-seletivo-para-bolsa-de-pos-doutorado\/\" class=\"_self pt-cv-href-thumbnail pt-cv-thumb-default\" target=\"_self\" ><\/a><\/div>\n<h5 class=\"pt-cv-title\"><a href=\"https:\/\/www2.unifap.br\/ppglet\/2025\/09\/05\/edital-no-01-2025-ppged-ppglet-ppgeo-e-ppgh-unifap-pdpg-parcerias-estrategicas-nos-estados-iii-capes-processo-seletivo-para-bolsa-de-pos-doutorado\/\" class=\"_self\" target=\"_self\" >EDITAL N\u00ba 01\/2025 \u2013 PPGED, PPGLET, PPGEO e PPGH\/UNIFAP PDPG &#8211; Parcerias Estrat\u00e9gicas nos Estados III (CAPES) PROCESSO SELETIVO PARA BOLSA DE P\u00d3S-DOUTORADO<\/a><\/h5>\n<div class=\"pt-cv-content\">NOT\u00cdCIAS EDITAL N\u00ba 01\/2025 \u2013 PPGED, PPGLET, PPGEO e PPGH\/UNIFAP PDPG &#8211; ...<\/div>\n<div class=\"pt-cv-rmwrap\"><a href=\"https:\/\/www2.unifap.br\/ppglet\/2025\/09\/05\/edital-no-01-2025-ppged-ppglet-ppgeo-e-ppgh-unifap-pdpg-parcerias-estrategicas-nos-estados-iii-capes-processo-seletivo-para-bolsa-de-pos-doutorado\/\" class=\"_self pt-cv-readmore btn btn-success\" target=\"_self\" >Leia Mais<\/a><\/div><\/div><\/div>\n<div class=\"col-md-4 pt-cv-content-item pt-cv-1-col\" ><div class=\"pt-cv-carousel-caption pt-cv-cap-wo-img\"><div class=\"pt-cv-thumb-wrapper  \"><a href=\"https:\/\/www2.unifap.br\/ppglet\/2025\/05\/15\/edital-n-03-2025-ppglet-unifap-14-de-maio-de-2025-processo-seletivo-para-o-ingresso-no-curso-de-mestrado-em-letras-do-programa-de-pos-graduacao-em-letras-da-universidade-federal-d\/\" class=\"_self pt-cv-href-thumbnail pt-cv-thumb-default\" target=\"_self\" ><\/a><\/div>\n<h5 class=\"pt-cv-title\"><a href=\"https:\/\/www2.unifap.br\/ppglet\/2025\/05\/15\/edital-n-03-2025-ppglet-unifap-14-de-maio-de-2025-processo-seletivo-para-o-ingresso-no-curso-de-mestrado-em-letras-do-programa-de-pos-graduacao-em-letras-da-universidade-federal-d\/\" class=\"_self\" target=\"_self\" >EDITAL N. 03\/2025 \u2013 PPGLET\/UNIFAP \u2013 PROCESSO SELETIVO \u2013 TURMA 2025<\/a><\/h5>\n<div class=\"pt-cv-content\">A Coordena\u00e7\u00e3o do Programa de P\u00f3s-Gradua\u00e7\u00e3o em Letras (PPGLET), da Universidade Federal ...<\/div>\n<div class=\"pt-cv-rmwrap\"><a href=\"https:\/\/www2.unifap.br\/ppglet\/2025\/05\/15\/edital-n-03-2025-ppglet-unifap-14-de-maio-de-2025-processo-seletivo-para-o-ingresso-no-curso-de-mestrado-em-letras-do-programa-de-pos-graduacao-em-letras-da-universidade-federal-d\/\" class=\"_self pt-cv-readmore btn btn-success\" target=\"_self\" >Leia Mais<\/a><\/div><\/div><\/div>\n<div class=\"col-md-4 pt-cv-content-item pt-cv-1-col\" ><div class=\"pt-cv-carousel-caption pt-cv-cap-wo-img\"><div class=\"pt-cv-thumb-wrapper  \"><a href=\"https:\/\/www2.unifap.br\/ppglet\/2025\/03\/14\/edital-no-02-2025-ppglet-unifap-credenciamento-docente\/\" class=\"_self pt-cv-href-thumbnail pt-cv-thumb-default\" target=\"_self\" ><\/a><\/div>\n<h5 class=\"pt-cv-title\"><a href=\"https:\/\/www2.unifap.br\/ppglet\/2025\/03\/14\/edital-no-02-2025-ppglet-unifap-credenciamento-docente\/\" class=\"_self\" target=\"_self\" >EDITAL N\u00ba 02\/2025-PPGLET\/UNIFAP &#8211; CREDENCIAMENTO DOCENTE<\/a><\/h5>\n<div class=\"pt-cv-content\">O Programa de P\u00f3s-Gradua\u00e7\u00e3o em Letras da Universidade Federal do Amap\u00e1 (PPGLET\/UNIFAP), ...<\/div>\n<div class=\"pt-cv-rmwrap\"><a href=\"https:\/\/www2.unifap.br\/ppglet\/2025\/03\/14\/edital-no-02-2025-ppglet-unifap-credenciamento-docente\/\" class=\"_self pt-cv-readmore btn btn-success\" target=\"_self\" >Leia Mais<\/a><\/div><\/div><\/div><\/div><\/div>\n<div class=\"item\"><div class=\"row\"><div class=\"col-md-4 pt-cv-content-item pt-cv-1-col\" ><div class=\"pt-cv-carousel-caption pt-cv-cap-wo-img\"><div class=\"pt-cv-thumb-wrapper  \"><a href=\"https:\/\/www2.unifap.br\/ppglet\/2025\/02\/27\/oferta-de-disciplinas-1o-semestre-de-2025\/\" class=\"_self pt-cv-href-thumbnail pt-cv-thumb-default\" target=\"_self\" ><\/a><\/div>\n<h5 class=\"pt-cv-title\"><a href=\"https:\/\/www2.unifap.br\/ppglet\/2025\/02\/27\/oferta-de-disciplinas-1o-semestre-de-2025\/\" class=\"_self\" target=\"_self\" >Oferta de Disciplinas 1\u00ba Semestre de 2025<\/a><\/h5>\n<div class=\"pt-cv-content\">A coordena\u00e7\u00e3o do Programa de P\u00f3s-gradua\u00e7\u00e3o em Letras divulga a Oferta de ...<\/div>\n<div class=\"pt-cv-rmwrap\"><a href=\"https:\/\/www2.unifap.br\/ppglet\/2025\/02\/27\/oferta-de-disciplinas-1o-semestre-de-2025\/\" class=\"_self pt-cv-readmore btn btn-success\" target=\"_self\" >Leia Mais<\/a><\/div><\/div><\/div>\n<div class=\"col-md-4 pt-cv-content-item pt-cv-1-col\" ><div class=\"pt-cv-carousel-caption pt-cv-cap-wo-img\"><div class=\"pt-cv-thumb-wrapper  \"><a href=\"https:\/\/www2.unifap.br\/ppglet\/2024\/09\/17\/chamada-n-02-2024-ppglet-unifap-processo-seletivo-para-bolsas-de-estudos\/\" class=\"_self pt-cv-href-thumbnail pt-cv-thumb-default\" target=\"_self\" ><\/a><\/div>\n<h5 class=\"pt-cv-title\"><a href=\"https:\/\/www2.unifap.br\/ppglet\/2024\/09\/17\/chamada-n-02-2024-ppglet-unifap-processo-seletivo-para-bolsas-de-estudos\/\" class=\"_self\" target=\"_self\" >CHAMADA N. 02\/2024 \u2013 PPGLET\/UNIFAP PROCESSO SELETIVO PARA BOLSAS DE ESTUDOS<\/a><\/h5>\n<div class=\"pt-cv-content\">CHAMADA N. 02\/2024 \u2013 PPGLET\/UNIFAP PROCESSO SELETIVO PARA BOLSAS DE ESTUDOSPor meio ...<\/div>\n<div class=\"pt-cv-rmwrap\"><a href=\"https:\/\/www2.unifap.br\/ppglet\/2024\/09\/17\/chamada-n-02-2024-ppglet-unifap-processo-seletivo-para-bolsas-de-estudos\/\" class=\"_self pt-cv-readmore btn btn-success\" target=\"_self\" >Leia Mais<\/a><\/div><\/div><\/div>\n<div class=\"col-md-4 pt-cv-content-item pt-cv-1-col\" ><div class=\"pt-cv-carousel-caption pt-cv-cap-wo-img\"><div class=\"pt-cv-thumb-wrapper  \"><a href=\"https:\/\/www2.unifap.br\/ppglet\/2024\/08\/29\/chamada-n-01-2024-ppglet-unifap-processo-seletivo-para-bolsas-de-estudos\/\" class=\"_self pt-cv-href-thumbnail pt-cv-thumb-default\" target=\"_self\" ><\/a><\/div>\n<h5 class=\"pt-cv-title\"><a href=\"https:\/\/www2.unifap.br\/ppglet\/2024\/08\/29\/chamada-n-01-2024-ppglet-unifap-processo-seletivo-para-bolsas-de-estudos\/\" class=\"_self\" target=\"_self\" >CHAMADA N. 01\/2024 \u2013 PPGLET\/UNIFAP PROCESSO SELETIVO PARA BOLSAS DE ESTUDOS<\/a><\/h5>\n<div class=\"pt-cv-content\">CHAMADA N. 01_2024 \u2013 PPGLET_UNIFAP- BolsaPor meio desta Chamada, o Programa de ...<\/div>\n<div class=\"pt-cv-rmwrap\"><a href=\"https:\/\/www2.unifap.br\/ppglet\/2024\/08\/29\/chamada-n-01-2024-ppglet-unifap-processo-seletivo-para-bolsas-de-estudos\/\" class=\"_self pt-cv-readmore btn btn-success\" target=\"_self\" >Leia Mais<\/a><\/div><\/div><\/div><\/div><\/div>\n<div class=\"item\"><div class=\"row\"><div class=\"col-md-4 pt-cv-content-item pt-cv-1-col\" ><div class=\"pt-cv-carousel-caption pt-cv-cap-wo-img\"><div class=\"pt-cv-thumb-wrapper  \"><a href=\"https:\/\/www2.unifap.br\/ppglet\/2024\/08\/26\/oferta-de-disciplinas-2o-semestre-de-2024\/\" class=\"_self pt-cv-href-thumbnail pt-cv-thumb-default\" target=\"_self\" ><\/a><\/div>\n<h5 class=\"pt-cv-title\"><a href=\"https:\/\/www2.unifap.br\/ppglet\/2024\/08\/26\/oferta-de-disciplinas-2o-semestre-de-2024\/\" class=\"_self\" target=\"_self\" >Oferta de disciplinas &#8211; 2\u00ba Semestre de 2024<\/a><\/h5>\n<div class=\"pt-cv-content\">OFERTA 2024.2 ...<\/div>\n<div class=\"pt-cv-rmwrap\"><a href=\"https:\/\/www2.unifap.br\/ppglet\/2024\/08\/26\/oferta-de-disciplinas-2o-semestre-de-2024\/\" class=\"_self pt-cv-readmore btn btn-success\" target=\"_self\" >Leia Mais<\/a><\/div><\/div><\/div>\n<div class=\"col-md-4 pt-cv-content-item pt-cv-1-col\" ><div class=\"pt-cv-carousel-caption pt-cv-cap-wo-img\"><div class=\"pt-cv-thumb-wrapper  \"><a href=\"https:\/\/www2.unifap.br\/ppglet\/2024\/05\/28\/arteafro-seminario-de-epistemologias-afroreferenciadas-nas-artes-da-cena\/\" class=\"_self pt-cv-href-thumbnail pt-cv-thumb-default\" target=\"_self\" ><\/a><\/div>\n<h5 class=\"pt-cv-title\"><a href=\"https:\/\/www2.unifap.br\/ppglet\/2024\/05\/28\/arteafro-seminario-de-epistemologias-afroreferenciadas-nas-artes-da-cena\/\" class=\"_self\" target=\"_self\" >ArteAfro: Semin\u00e1rio de Epistemologias Afroreferenciadas nas Artes da Cena<\/a><\/h5>\n<div class=\"pt-cv-content\">Vem a\u00ed o \u201cARTEAFRO: Semin\u00e1rio de Epistemologias Afroreferenciadas nas Artes da Cena\u201d ...<\/div>\n<div class=\"pt-cv-rmwrap\"><a href=\"https:\/\/www2.unifap.br\/ppglet\/2024\/05\/28\/arteafro-seminario-de-epistemologias-afroreferenciadas-nas-artes-da-cena\/\" class=\"_self pt-cv-readmore btn btn-success\" target=\"_self\" >Leia Mais<\/a><\/div><\/div><\/div>\n<div class=\"col-md-4 pt-cv-content-item pt-cv-1-col\" ><div class=\"pt-cv-carousel-caption pt-cv-cap-wo-img\"><div class=\"pt-cv-thumb-wrapper  \"><a href=\"https:\/\/www2.unifap.br\/ppglet\/2024\/05\/17\/comunicado-aos-as-aprovados-as-no-processo-seletivo-2024\/\" class=\"_self pt-cv-href-thumbnail pt-cv-thumb-default\" target=\"_self\" ><\/a><\/div>\n<h5 class=\"pt-cv-title\"><a href=\"https:\/\/www2.unifap.br\/ppglet\/2024\/05\/17\/comunicado-aos-as-aprovados-as-no-processo-seletivo-2024\/\" class=\"_self\" target=\"_self\" >COMUNICADO AOS\/\u00c0S APROVADOS\/AS NO PROCESSO SELETIVO 2024<\/a><\/h5>\n<div class=\"pt-cv-content\">COMUNICADO AOS\/\u00c0S APROVADOS\/AS NO PROCESSO SELETIVO 2024O PPGLET (Programa de P\u00f3s-gradua\u00e7\u00e3o em ...<\/div>\n<div class=\"pt-cv-rmwrap\"><a href=\"https:\/\/www2.unifap.br\/ppglet\/2024\/05\/17\/comunicado-aos-as-aprovados-as-no-processo-seletivo-2024\/\" class=\"_self pt-cv-readmore btn btn-success\" target=\"_self\" >Leia Mais<\/a><\/div><\/div><\/div><\/div><\/div>\n<div class=\"item\"><div class=\"row\"><div class=\"col-md-4 pt-cv-content-item pt-cv-1-col\" ><div class=\"pt-cv-carousel-caption pt-cv-cap-wo-img\"><div class=\"pt-cv-thumb-wrapper  \"><a href=\"https:\/\/www2.unifap.br\/ppglet\/2024\/05\/17\/nota-do-colegiado-do-ppglet-sobre-a-greve-docente\/\" class=\"_self pt-cv-href-thumbnail pt-cv-thumb-default\" target=\"_self\" ><\/a><\/div>\n<h5 class=\"pt-cv-title\"><a href=\"https:\/\/www2.unifap.br\/ppglet\/2024\/05\/17\/nota-do-colegiado-do-ppglet-sobre-a-greve-docente\/\" class=\"_self\" target=\"_self\" >NOTA DO COLEGIADO DO PPGLET SOBRE A GREVE DOCENTE<\/a><\/h5>\n<div class=\"pt-cv-content\">NOTA DO COLEGIADO DO PPGLET SOBRE A GREVE DOCENTE Em reuni\u00e3o extraordin\u00e1ria ...<\/div>\n<div class=\"pt-cv-rmwrap\"><a href=\"https:\/\/www2.unifap.br\/ppglet\/2024\/05\/17\/nota-do-colegiado-do-ppglet-sobre-a-greve-docente\/\" class=\"_self pt-cv-readmore btn btn-success\" target=\"_self\" >Leia Mais<\/a><\/div><\/div><\/div>\n<div class=\"col-md-4 pt-cv-content-item pt-cv-1-col\" ><div class=\"pt-cv-carousel-caption pt-cv-cap-wo-img\"><div class=\"pt-cv-thumb-wrapper  \"><a href=\"https:\/\/www2.unifap.br\/ppglet\/2024\/05\/09\/elementor-2373\/\" class=\"_self pt-cv-href-thumbnail pt-cv-thumb-default\" target=\"_self\" ><\/a><\/div>\n<h5 class=\"pt-cv-title\"><a href=\"https:\/\/www2.unifap.br\/ppglet\/2024\/05\/09\/elementor-2373\/\" class=\"_self\" target=\"_self\" >ABRIL IND\u00cdGENA: PELO FORTALECIMENTO DAS L\u00cdNGUAS IND\u00cdGENAS DO AMAP\u00c1 E NORTE DO PAR\u00c1<\/a><\/h5>\n<div class=\"pt-cv-content\">\u00a0Nos dias 29 e 30 de abril foi realizado o primeiro evento ...<\/div>\n<div class=\"pt-cv-rmwrap\"><a href=\"https:\/\/www2.unifap.br\/ppglet\/2024\/05\/09\/elementor-2373\/\" class=\"_self pt-cv-readmore btn btn-success\" target=\"_self\" >Leia Mais<\/a><\/div><\/div><\/div>\n<div class=\"col-md-4 pt-cv-content-item pt-cv-1-col\" ><div class=\"pt-cv-carousel-caption pt-cv-cap-wo-img\"><div class=\"pt-cv-thumb-wrapper  \"><a href=\"https:\/\/www2.unifap.br\/ppglet\/2024\/05\/02\/resultado-final-processo-seletivo-2024-edital-no01-2024\/\" class=\"_self pt-cv-href-thumbnail pt-cv-thumb-default\" target=\"_self\" ><\/a><\/div>\n<h5 class=\"pt-cv-title\"><a href=\"https:\/\/www2.unifap.br\/ppglet\/2024\/05\/02\/resultado-final-processo-seletivo-2024-edital-no01-2024\/\" class=\"_self\" target=\"_self\" >RESULTADO FINAL PROCESSO SELETIVO 2024\/EDITAL N\u00ba01\/2024<\/a><\/h5>\n<div class=\"pt-cv-content\">RESULTADO FINAL PROCESSO SELETIVO 2024\/EDITAL N\u00ba01\/2024 ...<\/div>\n<div class=\"pt-cv-rmwrap\"><a href=\"https:\/\/www2.unifap.br\/ppglet\/2024\/05\/02\/resultado-final-processo-seletivo-2024-edital-no01-2024\/\" class=\"_self pt-cv-readmore btn btn-success\" target=\"_self\" >Leia Mais<\/a><\/div><\/div><\/div><\/div><\/div><\/div>\n<a class=\"left carousel-control\" data-target=\"#2c0b77c7mp\" data-cvslide=\"prev\">\r\n\t\t\t\t\t\t<span class=\"glyphicon glyphicon-chevron-left\"><\/span>\r\n\t\t\t\t\t<\/a>\r\n\t\t\t\t\t<a class=\"right carousel-control\" data-target=\"#2c0b77c7mp\" data-cvslide=\"next\">\r\n\t\t\t\t\t\t<span class=\"glyphicon glyphicon-chevron-right\"><\/span>\r\n\t\t\t\t\t<\/a><\/div><\/div><\/div> <\/div> \t\t\t\t<\/div>\n\t\t\t\t<\/div>\n\t\t\t\t<div class=\"elementor-element elementor-element-85caf98 elementor-align-center elementor-mobile-align-center elementor-widget elementor-widget-button\" data-id=\"85caf98\" data-element_type=\"widget\" data-e-type=\"widget\" data-widget_type=\"button.default\">\n\t\t\t\t<div class=\"elementor-widget-container\">\n\t\t\t\t\t\t\t\t\t<div class=\"elementor-button-wrapper\">\n\t\t\t\t\t<a class=\"elementor-button elementor-button-link elementor-size-md\" href=\"https:\/\/www2.unifap.br\/ppglet\/comunicacao\/noticias\/\">\n\t\t\t\t\t\t<span class=\"elementor-button-content-wrapper\">\n\t\t\t\t\t\t\t\t\t<span class=\"elementor-button-text\">Mais Not\u00edcias<\/span>\n\t\t\t\t\t<\/span>\n\t\t\t\t\t<\/a>\n\t\t\t\t<\/div>\n\t\t\t\t\t\t\t\t<\/div>\n\t\t\t\t<\/div>\n\t\t\t\t\t<\/div>\n\t\t<\/div>\n\t\t\t\t\t<\/div>\n\t\t<\/section>\n\t\t\t\t<section class=\"elementor-section elementor-top-section elementor-element elementor-element-45e6c68 elementor-section-content-middle elementor-section-boxed elementor-section-height-default elementor-section-height-default\" data-id=\"45e6c68\" data-element_type=\"section\" data-e-type=\"section\" data-settings=\"{&quot;background_background&quot;:&quot;classic&quot;,&quot;shape_divider_bottom&quot;:&quot;opacity-tilt&quot;}\">\n\t\t\t\t\t\t\t<div class=\"elementor-background-overlay\"><\/div>\n\t\t\t\t\t\t<div class=\"elementor-shape elementor-shape-bottom\" aria-hidden=\"true\" data-negative=\"false\">\n\t\t\t<svg xmlns=\"http:\/\/www.w3.org\/2000\/svg\" viewBox=\"0 0 2600 131.1\" preserveAspectRatio=\"none\">\n\t<path class=\"elementor-shape-fill\" d=\"M0 0L2600 0 2600 69.1 0 0z\"\/>\n\t<path class=\"elementor-shape-fill\" style=\"opacity:0.5\" d=\"M0 0L2600 0 2600 69.1 0 69.1z\"\/>\n\t<path class=\"elementor-shape-fill\" style=\"opacity:0.25\" d=\"M2600 0L0 0 0 130.1 2600 69.1z\"\/>\n<\/svg>\t\t<\/div>\n\t\t\t\t\t<div class=\"elementor-container elementor-column-gap-default\">\n\t\t\t\t\t<div class=\"elementor-column elementor-col-50 elementor-top-column elementor-element elementor-element-39efe0b\" data-id=\"39efe0b\" data-element_type=\"column\" data-e-type=\"column\">\n\t\t\t<div class=\"elementor-widget-wrap elementor-element-populated\">\n\t\t\t\t\t\t<div class=\"elementor-element elementor-element-70bfb21 elementor-widget elementor-widget-heading\" data-id=\"70bfb21\" data-element_type=\"widget\" data-e-type=\"widget\" data-widget_type=\"heading.default\">\n\t\t\t\t<div class=\"elementor-widget-container\">\n\t\t\t\t\t<h1 class=\"elementor-heading-title elementor-size-large\">PROGRAMA DE P\u00d3S-GRADUA\u00c7\u00c3O EM LETRAS<\/h1>\t\t\t\t<\/div>\n\t\t\t\t<\/div>\n\t\t\t\t<div class=\"elementor-element elementor-element-ed2a454 elementor-widget elementor-widget-text-editor\" data-id=\"ed2a454\" data-element_type=\"widget\" data-e-type=\"widget\" data-widget_type=\"text-editor.default\">\n\t\t\t\t<div class=\"elementor-widget-container\">\n\t\t\t\t\t\t\t\t\t<p style=\"text-align: left\">O Programa de P\u00f3s-Gradua\u00e7\u00e3o em Letras (PPGLET) da UNIFAP desenvolve pesquisas sobre linguagens na Amaz\u00f4nia, com foco em fen\u00f4menos lingu\u00edsticos, liter\u00e1rios e socioculturais em contextos (trans)fronteiri\u00e7os. Inserido em uma regi\u00e3o marcada pela diversidade de l\u00ednguas e culturas, que inclui o Plat\u00f4 das Guianas e a proximidade com o Caribe, o programa valoriza a sociodiversidade e distintas temporalidades, contribuindo para a produ\u00e7\u00e3o de conhecimento cr\u00edtico e contextualizado sobre a realidade amaz\u00f4nica.<\/p>\t\t\t\t\t\t\t\t<\/div>\n\t\t\t\t<\/div>\n\t\t\t\t\t<\/div>\n\t\t<\/div>\n\t\t\t\t<div class=\"elementor-column elementor-col-50 elementor-top-column elementor-element elementor-element-67dd4e5\" data-id=\"67dd4e5\" data-element_type=\"column\" data-e-type=\"column\">\n\t\t\t<div class=\"elementor-widget-wrap elementor-element-populated\">\n\t\t\t\t\t\t<div class=\"elementor-element elementor-element-a6fe9ac elementor-arrows-position-inside elementor-widget elementor-widget-image-carousel\" data-id=\"a6fe9ac\" data-element_type=\"widget\" data-e-type=\"widget\" data-settings=\"{&quot;slides_to_show&quot;:&quot;1&quot;,&quot;navigation&quot;:&quot;arrows&quot;,&quot;_animation&quot;:&quot;none&quot;,&quot;autoplay&quot;:&quot;yes&quot;,&quot;pause_on_hover&quot;:&quot;yes&quot;,&quot;pause_on_interaction&quot;:&quot;yes&quot;,&quot;autoplay_speed&quot;:5000,&quot;infinite&quot;:&quot;yes&quot;,&quot;effect&quot;:&quot;slide&quot;,&quot;speed&quot;:500}\" data-widget_type=\"image-carousel.default\">\n\t\t\t\t<div class=\"elementor-widget-container\">\n\t\t\t\t\t\t\t<div class=\"elementor-image-carousel-wrapper swiper\" role=\"region\" aria-roledescription=\"carousel\" aria-label=\"Carrossel de imagens\" dir=\"ltr\">\n\t\t\t<div class=\"elementor-image-carousel swiper-wrapper\" aria-live=\"off\">\n\t\t\t\t\t\t\t\t<div class=\"swiper-slide\" role=\"group\" aria-roledescription=\"slide\" aria-label=\"1 de 3\"><figure class=\"swiper-slide-inner\"><img decoding=\"async\" class=\"swiper-slide-image\" src=\"https:\/\/www2.unifap.br\/ppglet\/files\/2025\/07\/Banner1-768x432.jpg\" alt=\"Banner1\" \/><\/figure><\/div><div class=\"swiper-slide\" role=\"group\" aria-roledescription=\"slide\" aria-label=\"2 de 3\"><figure class=\"swiper-slide-inner\"><img decoding=\"async\" class=\"swiper-slide-image\" src=\"https:\/\/www2.unifap.br\/ppglet\/files\/2025\/07\/Banner2-768x432.jpg\" alt=\"Banner2\" \/><\/figure><\/div><div class=\"swiper-slide\" role=\"group\" aria-roledescription=\"slide\" aria-label=\"3 de 3\"><figure class=\"swiper-slide-inner\"><img decoding=\"async\" class=\"swiper-slide-image\" src=\"https:\/\/www2.unifap.br\/ppglet\/files\/2025\/07\/Banner3-768x432.jpg\" alt=\"Banner3\" \/><\/figure><\/div>\t\t\t<\/div>\n\t\t\t\t\t\t\t\t\t\t\t\t<div class=\"elementor-swiper-button elementor-swiper-button-prev\" role=\"button\" tabindex=\"0\">\n\t\t\t\t\t\t<i aria-hidden=\"true\" class=\"eicon-chevron-left\"><\/i>\t\t\t\t\t<\/div>\n\t\t\t\t\t<div class=\"elementor-swiper-button elementor-swiper-button-next\" role=\"button\" tabindex=\"0\">\n\t\t\t\t\t\t<i aria-hidden=\"true\" class=\"eicon-chevron-right\"><\/i>\t\t\t\t\t<\/div>\n\t\t\t\t\n\t\t\t\t\t\t\t\t\t<\/div>\n\t\t\t\t\t\t<\/div>\n\t\t\t\t<\/div>\n\t\t\t\t\t<\/div>\n\t\t<\/div>\n\t\t\t\t\t<\/div>\n\t\t<\/section>\n\t\t\t\t<section class=\"elementor-section elementor-top-section elementor-element elementor-element-6feb7dd elementor-section-boxed elementor-section-height-default elementor-section-height-default\" data-id=\"6feb7dd\" data-element_type=\"section\" data-e-type=\"section\">\n\t\t\t\t\t\t<div class=\"elementor-container elementor-column-gap-default\">\n\t\t\t\t\t<div class=\"elementor-column elementor-col-100 elementor-top-column elementor-element elementor-element-2df6d77\" data-id=\"2df6d77\" data-element_type=\"column\" data-e-type=\"column\">\n\t\t\t<div class=\"elementor-widget-wrap\">\n\t\t\t\t\t\t\t<\/div>\n\t\t<\/div>\n\t\t\t\t\t<\/div>\n\t\t<\/section>\n\t\t\t\t<\/div>\n\t\t","protected":false},"excerpt":{"rendered":"<p>Chamada Aluno Especial &#8211; 2026.1 A Coordena\u00e7\u00e3o do Programa de P\u00f3s-Gradua\u00e7\u00e3o em Letras (PPGLET) da Universidade Federal &#8230; Leia Mais Oferta de Disciplina 2025.2 NOT\u00cdCIAS Oferta de Disciplina 2025.2 A coordena\u00e7\u00e3o do Programa de P\u00f3s-gradua\u00e7\u00e3o informa &#8230; Leia Mais Chamada Aluno Especial PPGLET &#8211; 2025.2 NOT\u00cdCIAS Chamada Aluno Especial PPGLET &#8211; 2025.2 CHAMADA N. 04\/2025&#8230;<\/p>\n","protected":false},"author":3826,"featured_media":0,"parent":0,"menu_order":0,"comment_status":"closed","ping_status":"closed","template":"elementor_header_footer","meta":{"inline_featured_image":false,"ngg_post_thumbnail":0,"footnotes":""},"folder":[15],"class_list":["post-2733","page","type-page","status-publish","hentry","entry"],"_links":{"self":[{"href":"https:\/\/www2.unifap.br\/ppglet\/wp-json\/wp\/v2\/pages\/2733","targetHints":{"allow":["GET"]}}],"collection":[{"href":"https:\/\/www2.unifap.br\/ppglet\/wp-json\/wp\/v2\/pages"}],"about":[{"href":"https:\/\/www2.unifap.br\/ppglet\/wp-json\/wp\/v2\/types\/page"}],"author":[{"embeddable":true,"href":"https:\/\/www2.unifap.br\/ppglet\/wp-json\/wp\/v2\/users\/3826"}],"replies":[{"embeddable":true,"href":"https:\/\/www2.unifap.br\/ppglet\/wp-json\/wp\/v2\/comments?post=2733"}],"version-history":[{"count":96,"href":"https:\/\/www2.unifap.br\/ppglet\/wp-json\/wp\/v2\/pages\/2733\/revisions"}],"predecessor-version":[{"id":4034,"href":"https:\/\/www2.unifap.br\/ppglet\/wp-json\/wp\/v2\/pages\/2733\/revisions\/4034"}],"wp:attachment":[{"href":"https:\/\/www2.unifap.br\/ppglet\/wp-json\/wp\/v2\/media?parent=2733"}],"wp:term":[{"taxonomy":"folder","embeddable":true,"href":"https:\/\/www2.unifap.br\/ppglet\/wp-json\/wp\/v2\/folder?post=2733"}],"curies":[{"name":"wp","href":"https:\/\/api.w.org\/{rel}","templated":true}]}}