{"id":293,"date":"2019-03-22T20:25:43","date_gmt":"2019-03-22T23:25:43","guid":{"rendered":"http:\/\/www2.unifap.br\/ppglet\/?page_id=293"},"modified":"2025-04-19T00:13:50","modified_gmt":"2025-04-19T03:13:50","slug":"projetos-de-pesquisa","status":"publish","type":"page","link":"https:\/\/www2.unifap.br\/ppglet\/pesquisa\/projetos-de-pesquisa\/","title":{"rendered":"Projetos de Pesquisa"},"content":{"rendered":"<h4><a href=\"https:\/\/www2.unifap.br\/ppglet\/pesquisa\/projetos-de-pesquisa\/diversidade-linguistica-projetos\">Diversidade Lingu\u00edstica na Amaz\u00f4nia<\/a><\/h4>\n<h4><a href=\"https:\/\/www2.unifap.br\/ppglet\/pesquisa\/projetos-de-pesquisa\/literatura-projetos\/\">Literatura, Cultura e Mem\u00f3ria<\/a><\/h4>\n<h4><a href=\"https:\/\/www2.unifap.br\/ppglet\/pesquisa\/projetos-de-pesquisa\/literatura-projetos\/\">Literatura, Cultura e Mem\u00f3ria<\/a><\/h4>\n","protected":false},"excerpt":{"rendered":"<p>Diversidade Lingu\u00edstica na Amaz\u00f4nia Literatura, Cultura e Mem\u00f3ria Literatura, Cultura e Mem\u00f3ria<\/p>\n","protected":false},"author":3826,"featured_media":0,"parent":27,"menu_order":4,"comment_status":"closed","ping_status":"closed","template":"","meta":{"inline_featured_image":false,"ngg_post_thumbnail":0,"footnotes":""},"folder":[],"class_list":["post-293","page","type-page","status-publish","hentry","entry"],"_links":{"self":[{"href":"https:\/\/www2.unifap.br\/ppglet\/wp-json\/wp\/v2\/pages\/293","targetHints":{"allow":["GET"]}}],"collection":[{"href":"https:\/\/www2.unifap.br\/ppglet\/wp-json\/wp\/v2\/pages"}],"about":[{"href":"https:\/\/www2.unifap.br\/ppglet\/wp-json\/wp\/v2\/types\/page"}],"author":[{"embeddable":true,"href":"https:\/\/www2.unifap.br\/ppglet\/wp-json\/wp\/v2\/users\/3826"}],"replies":[{"embeddable":true,"href":"https:\/\/www2.unifap.br\/ppglet\/wp-json\/wp\/v2\/comments?post=293"}],"version-history":[{"count":8,"href":"https:\/\/www2.unifap.br\/ppglet\/wp-json\/wp\/v2\/pages\/293\/revisions"}],"predecessor-version":[{"id":2589,"href":"https:\/\/www2.unifap.br\/ppglet\/wp-json\/wp\/v2\/pages\/293\/revisions\/2589"}],"up":[{"embeddable":true,"href":"https:\/\/www2.unifap.br\/ppglet\/wp-json\/wp\/v2\/pages\/27"}],"wp:attachment":[{"href":"https:\/\/www2.unifap.br\/ppglet\/wp-json\/wp\/v2\/media?parent=293"}],"wp:term":[{"taxonomy":"folder","embeddable":true,"href":"https:\/\/www2.unifap.br\/ppglet\/wp-json\/wp\/v2\/folder?post=293"}],"curies":[{"name":"wp","href":"https:\/\/api.w.org\/{rel}","templated":true}]}}