{"id":3485,"date":"2025-07-17T02:28:00","date_gmt":"2025-07-17T05:28:00","guid":{"rendered":"https:\/\/www2.unifap.br\/ppglet\/?page_id=3485"},"modified":"2025-11-10T16:52:38","modified_gmt":"2025-11-10T19:52:38","slug":"selecao-pos-doc","status":"publish","type":"page","link":"https:\/\/www2.unifap.br\/ppglet\/administrativo\/processo-seletivo\/selecao-pos-doc\/","title":{"rendered":"Sele\u00e7\u00e3o P\u00f3s-Doc"},"content":{"rendered":"\t\t<div data-elementor-type=\"wp-page\" data-elementor-id=\"3485\" class=\"elementor elementor-3485\">\n\t\t\t\t\t\t<section class=\"elementor-section elementor-top-section elementor-element elementor-element-892a7eb elementor-section-content-middle elementor-section-boxed elementor-section-height-default elementor-section-height-default\" data-id=\"892a7eb\" data-element_type=\"section\" data-e-type=\"section\" data-settings=\"{&quot;background_background&quot;:&quot;classic&quot;,&quot;shape_divider_bottom&quot;:&quot;opacity-tilt&quot;}\">\n\t\t\t\t\t\t\t<div class=\"elementor-background-overlay\"><\/div>\n\t\t\t\t\t\t<div class=\"elementor-shape elementor-shape-bottom\" aria-hidden=\"true\" data-negative=\"false\">\n\t\t\t<svg xmlns=\"http:\/\/www.w3.org\/2000\/svg\" viewBox=\"0 0 2600 131.1\" preserveAspectRatio=\"none\">\n\t<path class=\"elementor-shape-fill\" d=\"M0 0L2600 0 2600 69.1 0 0z\"\/>\n\t<path class=\"elementor-shape-fill\" style=\"opacity:0.5\" d=\"M0 0L2600 0 2600 69.1 0 69.1z\"\/>\n\t<path class=\"elementor-shape-fill\" style=\"opacity:0.25\" d=\"M2600 0L0 0 0 130.1 2600 69.1z\"\/>\n<\/svg>\t\t<\/div>\n\t\t\t\t\t<div class=\"elementor-container elementor-column-gap-default\">\n\t\t\t\t\t<div class=\"elementor-column elementor-col-100 elementor-top-column elementor-element elementor-element-95cf84d\" data-id=\"95cf84d\" data-element_type=\"column\" data-e-type=\"column\">\n\t\t\t<div class=\"elementor-widget-wrap elementor-element-populated\">\n\t\t\t\t\t\t<div class=\"elementor-element elementor-element-e2365ff elementor-widget elementor-widget-page-title\" data-id=\"e2365ff\" data-element_type=\"widget\" data-e-type=\"widget\" data-widget_type=\"page-title.default\">\n\t\t\t\t<div class=\"elementor-widget-container\">\n\t\t\t\t\t\t\t\n\t\t<div class=\"hfe-page-title hfe-page-title-wrapper elementor-widget-heading\">\n\n\t\t\t\t\t\t\t\t<h1 class=\"elementor-heading-title elementor-size-default\">\n\t\t\t\t\t\t\t\t\n\t\t\t\tSele\u00e7\u00e3o P\u00f3s-Doc  \n\t\t\t<\/h1 > \n\t\t\t\t\t<\/div>\n\t\t\t\t\t\t<\/div>\n\t\t\t\t<\/div>\n\t\t\t\t<div class=\"elementor-element elementor-element-4aad5f0 elementor-widget elementor-widget-accordion\" data-id=\"4aad5f0\" data-element_type=\"widget\" data-e-type=\"widget\" data-widget_type=\"accordion.default\">\n\t\t\t\t<div class=\"elementor-widget-container\">\n\t\t\t\t\t\t\t<div class=\"elementor-accordion\">\n\t\t\t\t\t\t\t<div class=\"elementor-accordion-item\">\n\t\t\t\t\t<div id=\"elementor-tab-title-7831\" class=\"elementor-tab-title\" data-tab=\"1\" role=\"button\" aria-controls=\"elementor-tab-content-7831\" aria-expanded=\"false\">\n\t\t\t\t\t\t\t\t\t\t\t\t\t<span class=\"elementor-accordion-icon elementor-accordion-icon-left\" aria-hidden=\"true\">\n\t\t\t\t\t\t\t\t\t\t\t\t\t\t\t<span class=\"elementor-accordion-icon-closed\"><i class=\"fas fa-plus\"><\/i><\/span>\n\t\t\t\t\t\t\t\t<span class=\"elementor-accordion-icon-opened\"><i class=\"fas fa-minus\"><\/i><\/span>\n\t\t\t\t\t\t\t\t\t\t\t\t\t\t<\/span>\n\t\t\t\t\t\t\t\t\t\t\t\t<a class=\"elementor-accordion-title\" tabindex=\"0\">Edital N\u00ba 01\/2025 \u2013 Processo Seletivo para Bolsa de P\u00f3s-Doutorado<\/a>\n\t\t\t\t\t<\/div>\n\t\t\t\t\t<div id=\"elementor-tab-content-7831\" class=\"elementor-tab-content elementor-clearfix\" data-tab=\"1\" role=\"region\" aria-labelledby=\"elementor-tab-title-7831\"><p><strong>Edital N\u00ba 01\/2025 \u2013 PPGED, PPGLET, PPGEO e PPGH\/UNIFAP PDPG Parcerias Estrat\u00e9gicas nos Estados III (CAPES) Processo Seletivo para Bolsa de P\u00f3s-Doutorado<\/strong><\/p><p>Os Programas de P\u00f3s-Gradua\u00e7\u00e3o em Educa\u00e7\u00e3o (PPGED), Letras (PPGLET), Geografia (PPGEO), Hist\u00f3ria (PPGH) da Universidade Federal do Amap\u00e1 (Unifap) tornam p\u00fablico o presente\u00a0 edital para sele\u00e7\u00e3o de bolsista de p\u00f3s-doutorado no \u00e2mbito do Projeto EDUCA\u00c7\u00c3O NA AMAZ\u00d4NIA AMAPAENSE: P\u00d3S-GRADUA\u00c7\u00c3O, FORMA\u00c7\u00c3O HUMANA E INSER\u00c7\u00c3O SOCIAL, com financiamento do Programa de Desenvolvimento da P\u00f3s-Gradua\u00e7\u00e3o (PDPG) Parcerias Estrat\u00e9gicas nos Estados III (PDPGFAPIII), da Coordena\u00e7\u00e3o de Aperfei\u00e7oamento de Pessoal de N\u00edvel Superior (CAPES), edital N. 038\/2022 \u2013 CAPES.<\/p><ol><li><a href=\"http:\/\/www2.unifap.br\/ppglet\/files\/2025\/09\/Chamada-01_2025-PDPGFAPIII.pdf\" target=\"_blank\" rel=\"noopener\">Chamada 01_2025 &#8211; PDPGFAPIII<\/a><\/li><li><a href=\"http:\/\/www2.unifap.br\/ppglet\/files\/2025\/09\/Anexo-I.docx\">Anexo I<\/a><\/li><li><a href=\"http:\/\/www2.unifap.br\/ppglet\/files\/2025\/09\/Anexo-II.docx\" target=\"_blank\" rel=\"noopener\">Anexo II<\/a><\/li><li><a href=\"http:\/\/www2.unifap.br\/ppglet\/files\/2025\/09\/Anexo-III.docx\" target=\"_blank\" rel=\"noopener\">Anexo III<\/a><\/li><li><a href=\"http:\/\/www2.unifap.br\/ppglet\/files\/2025\/09\/Projeto.pdf\">Projeto<\/a><\/li><li><a href=\"http:\/\/www2.unifap.br\/ppglet\/files\/2025\/09\/1a-RETIFICACAO.pdf\">1\u00aa RETIFICA\u00c7\u00c3O<\/a><\/li><\/ol><\/div>\n\t\t\t\t<\/div>\n\t\t\t\t\t\t\t<div class=\"elementor-accordion-item\">\n\t\t\t\t\t<div id=\"elementor-tab-title-7832\" class=\"elementor-tab-title\" data-tab=\"2\" role=\"button\" aria-controls=\"elementor-tab-content-7832\" aria-expanded=\"false\">\n\t\t\t\t\t\t\t\t\t\t\t\t\t<span class=\"elementor-accordion-icon elementor-accordion-icon-left\" aria-hidden=\"true\">\n\t\t\t\t\t\t\t\t\t\t\t\t\t\t\t<span class=\"elementor-accordion-icon-closed\"><i class=\"fas fa-plus\"><\/i><\/span>\n\t\t\t\t\t\t\t\t<span class=\"elementor-accordion-icon-opened\"><i class=\"fas fa-minus\"><\/i><\/span>\n\t\t\t\t\t\t\t\t\t\t\t\t\t\t<\/span>\n\t\t\t\t\t\t\t\t\t\t\t\t<a class=\"elementor-accordion-title\" tabindex=\"0\">Chamada N. 04\/2023 \u2013 Sele\u00e7\u00e3o de Est\u00e1gio P\u00f3s-Doutoral<\/a>\n\t\t\t\t\t<\/div>\n\t\t\t\t\t<div id=\"elementor-tab-content-7832\" class=\"elementor-tab-content elementor-clearfix\" data-tab=\"2\" role=\"region\" aria-labelledby=\"elementor-tab-title-7832\"><p><strong>Sele\u00e7\u00e3o de Bolsista de P\u00f3s-Doutorado Estrat\u00e9gico (PDPG-CAPES\/FAPEAP\/UNIFAP)<\/strong><\/p><p>O Programa de P\u00f3s-gradua\u00e7\u00e3o em Letras (PPGLET) da Universidade Federal do Amap\u00e1 \u2013 UNIFAP torna p\u00fablico a presente Chmada para abertura de inscri\u00e7\u00f5es, visando \u00e0 sele\u00e7\u00e3o de 01 (um) bolsista para PROGRAMA DE DESENVOLVIMENTO DA P\u00d3S-GRADUA\u00c7\u00c3O (PDPG), com financiamento da COORDENA\u00c7\u00c3O DE APERFEI\u00c7OAMENTO DE PESSOAL DE N\u00cdVEL SUPERIOR, em parceria com a FUNDA\u00c7\u00c3O DE APOIO \u00c0 PESQUISA DO ESTADO DO AMAP\u00c1 (FAPEAP), via Edital n. 018\/2020-PDPG\/AFAPs. O candidato aprovado ter\u00e1 suas atividades de pesquisa e as outras atividades acad\u00eamicas vinculadas ao Projeto \u201c<em>Fortalecimento dos Programas de P\u00f3s-Gradua\u00e7\u00e3o Emergentes em Letras, Hist\u00f3ria e Educa\u00e7\u00e3o da Universidade Federal do Amap\u00e1: forma\u00e7\u00e3o de pessoal e desenvolvimento cient\u00edfico em Educa\u00e7\u00e3o na Amaz\u00f4nia<\/em>\u201d, \u00e0 \u00e1rea de concentra\u00e7\u00e3o do PPGLET\/UNIFAP, a saber\u00a0<em>Linguagens na Amaz\u00f4nia,\u00a0<\/em>e a uma das suas linhas de pesquisa: (1)\u00a0<em>Diversidade Lingu\u00edstica na Amaz\u00f4nia<\/em>\u00a0ou (2)\u00a0<em>Literatura, Cultura e Mem\u00f3ria<\/em>.<\/p><p><a href=\"http:\/\/www.unifap.br\/wp-content\/uploads\/2023\/08\/Chamada_Pos_DoC_V_Final.pdf\">24\/08\/2023 \u2013 CHAMADA N. 4\/2023 \u2013 PPGLET\/UNIFAP \u2013 SELE\u00c7\u00c3O DE EST\u00c1GIO P\u00d3S-DOUTORAL<\/a><\/p><p><a href=\"https:\/\/drive.google.com\/file\/d\/1QXVcxY6QYL4E0ckocNT1Y0mQsMmNWzGd\/view?usp=sharing\">28\/08\/2023 \u2013 RETIFICA\u00c7\u00c3O n.\u00ba 1<\/a><\/p><p><a href=\"https:\/\/drive.google.com\/file\/d\/1KgPTq6-FDSxyFc7PI_AKvYuAYCSEDxU0\/view?usp=sharing\">02\/09\/2023 \u2013 Homologa\u00e7\u00e3o das Inscri\u00e7\u00f5es<\/a><\/p><p><a href=\"https:\/\/drive.google.com\/file\/d\/1dSiVYGXn8A82w2V8s27hXSIMVb3rLUPG\/view?usp=sharing\">06\/09\/2023 \u2013 Resultado<\/a><\/p><\/div>\n\t\t\t\t<\/div>\n\t\t\t\t\t\t\t\t<\/div>\n\t\t\t\t\t\t<\/div>\n\t\t\t\t<\/div>\n\t\t\t\t\t<\/div>\n\t\t<\/div>\n\t\t\t\t\t<\/div>\n\t\t<\/section>\n\t\t\t\t<\/div>\n\t\t","protected":false},"excerpt":{"rendered":"<p>Sele\u00e7\u00e3o P\u00f3s-Doc Edital N\u00ba 01\/2025 \u2013 Processo Seletivo para Bolsa de P\u00f3s-Doutorado Edital N\u00ba 01\/2025 \u2013 PPGED, PPGLET, PPGEO e PPGH\/UNIFAP PDPG Parcerias Estrat\u00e9gicas nos Estados III (CAPES) Processo Seletivo para Bolsa de P\u00f3s-Doutorado Os Programas de P\u00f3s-Gradua\u00e7\u00e3o em Educa\u00e7\u00e3o (PPGED), Letras (PPGLET), Geografia (PPGEO), Hist\u00f3ria (PPGH) da Universidade Federal do Amap\u00e1 (Unifap) tornam p\u00fablico&#8230;<\/p>\n","protected":false},"author":3826,"featured_media":0,"parent":3396,"menu_order":0,"comment_status":"closed","ping_status":"closed","template":"elementor_header_footer","meta":{"inline_featured_image":false,"ngg_post_thumbnail":0,"footnotes":""},"folder":[19],"class_list":["post-3485","page","type-page","status-publish","hentry","entry"],"_links":{"self":[{"href":"https:\/\/www2.unifap.br\/ppglet\/wp-json\/wp\/v2\/pages\/3485","targetHints":{"allow":["GET"]}}],"collection":[{"href":"https:\/\/www2.unifap.br\/ppglet\/wp-json\/wp\/v2\/pages"}],"about":[{"href":"https:\/\/www2.unifap.br\/ppglet\/wp-json\/wp\/v2\/types\/page"}],"author":[{"embeddable":true,"href":"https:\/\/www2.unifap.br\/ppglet\/wp-json\/wp\/v2\/users\/3826"}],"replies":[{"embeddable":true,"href":"https:\/\/www2.unifap.br\/ppglet\/wp-json\/wp\/v2\/comments?post=3485"}],"version-history":[{"count":19,"href":"https:\/\/www2.unifap.br\/ppglet\/wp-json\/wp\/v2\/pages\/3485\/revisions"}],"predecessor-version":[{"id":3880,"href":"https:\/\/www2.unifap.br\/ppglet\/wp-json\/wp\/v2\/pages\/3485\/revisions\/3880"}],"up":[{"embeddable":true,"href":"https:\/\/www2.unifap.br\/ppglet\/wp-json\/wp\/v2\/pages\/3396"}],"wp:attachment":[{"href":"https:\/\/www2.unifap.br\/ppglet\/wp-json\/wp\/v2\/media?parent=3485"}],"wp:term":[{"taxonomy":"folder","embeddable":true,"href":"https:\/\/www2.unifap.br\/ppglet\/wp-json\/wp\/v2\/folder?post=3485"}],"curies":[{"name":"wp","href":"https:\/\/api.w.org\/{rel}","templated":true}]}}