{"id":3491,"date":"2025-07-17T03:00:04","date_gmt":"2025-07-17T06:00:04","guid":{"rendered":"https:\/\/www2.unifap.br\/ppglet\/?page_id=3491"},"modified":"2025-07-17T13:33:25","modified_gmt":"2025-07-17T16:33:25","slug":"documentos","status":"publish","type":"page","link":"https:\/\/www2.unifap.br\/ppglet\/administrativo\/documentos\/","title":{"rendered":"Documentos"},"content":{"rendered":"\t\t<div data-elementor-type=\"wp-page\" data-elementor-id=\"3491\" class=\"elementor elementor-3491\">\n\t\t\t\t\t\t<section class=\"elementor-section elementor-top-section elementor-element elementor-element-892a7eb elementor-section-content-middle elementor-section-boxed elementor-section-height-default elementor-section-height-default\" data-id=\"892a7eb\" data-element_type=\"section\" data-e-type=\"section\" data-settings=\"{&quot;background_background&quot;:&quot;classic&quot;,&quot;shape_divider_bottom&quot;:&quot;opacity-tilt&quot;}\">\n\t\t\t\t\t\t\t<div class=\"elementor-background-overlay\"><\/div>\n\t\t\t\t\t\t<div class=\"elementor-shape elementor-shape-bottom\" aria-hidden=\"true\" data-negative=\"false\">\n\t\t\t<svg xmlns=\"http:\/\/www.w3.org\/2000\/svg\" viewBox=\"0 0 2600 131.1\" preserveAspectRatio=\"none\">\n\t<path class=\"elementor-shape-fill\" d=\"M0 0L2600 0 2600 69.1 0 0z\"\/>\n\t<path class=\"elementor-shape-fill\" style=\"opacity:0.5\" d=\"M0 0L2600 0 2600 69.1 0 69.1z\"\/>\n\t<path class=\"elementor-shape-fill\" style=\"opacity:0.25\" d=\"M2600 0L0 0 0 130.1 2600 69.1z\"\/>\n<\/svg>\t\t<\/div>\n\t\t\t\t\t<div class=\"elementor-container elementor-column-gap-default\">\n\t\t\t\t\t<div class=\"elementor-column elementor-col-100 elementor-top-column elementor-element elementor-element-95cf84d\" data-id=\"95cf84d\" data-element_type=\"column\" data-e-type=\"column\">\n\t\t\t<div class=\"elementor-widget-wrap elementor-element-populated\">\n\t\t\t\t\t\t<div class=\"elementor-element elementor-element-e2365ff elementor-widget elementor-widget-page-title\" data-id=\"e2365ff\" data-element_type=\"widget\" data-e-type=\"widget\" data-widget_type=\"page-title.default\">\n\t\t\t\t<div class=\"elementor-widget-container\">\n\t\t\t\t\t\t\t\n\t\t<div class=\"hfe-page-title hfe-page-title-wrapper elementor-widget-heading\">\n\n\t\t\t\t\t\t\t\t<h1 class=\"elementor-heading-title elementor-size-default\">\n\t\t\t\t\t\t\t\t\n\t\t\t\tDocumentos  \n\t\t\t<\/h1 > \n\t\t\t\t\t<\/div>\n\t\t\t\t\t\t<\/div>\n\t\t\t\t<\/div>\n\t\t\t\t<div class=\"elementor-element elementor-element-980f517 elementor-widget elementor-widget-text-editor\" data-id=\"980f517\" data-element_type=\"widget\" data-e-type=\"widget\" data-widget_type=\"text-editor.default\">\n\t\t\t\t<div class=\"elementor-widget-container\">\n\t\t\t\t\t\t\t\t\t<ul><li>Aqui voc\u00ea encontra os documentos necess\u00e1rios para a padroniza\u00e7\u00e3o dos trabalhos entregues ao Programa de P\u00f3s-Gradua\u00e7\u00e3o em Letras.<\/li><li>Os requerimentos e solicita\u00e7\u00f5es devem ser preenchidos e enviados para o e-mail da coordena\u00e7\u00e3o do PPGLET (ppglet.unifap@gmail.com \/ ppglet@unifap.br).<\/li><li>Algumas solicita\u00e7\u00f5es dependem de uma chamada\/edital espec\u00edfica.<\/li><\/ul>\t\t\t\t\t\t\t\t<\/div>\n\t\t\t\t<\/div>\n\t\t\t\t<div class=\"elementor-element elementor-element-f58e435 elementor-widget elementor-widget-accordion\" data-id=\"f58e435\" data-element_type=\"widget\" data-e-type=\"widget\" data-widget_type=\"accordion.default\">\n\t\t\t\t<div class=\"elementor-widget-container\">\n\t\t\t\t\t\t\t<div class=\"elementor-accordion\">\n\t\t\t\t\t\t\t<div class=\"elementor-accordion-item\">\n\t\t\t\t\t<div id=\"elementor-tab-title-2571\" class=\"elementor-tab-title\" data-tab=\"1\" role=\"button\" aria-controls=\"elementor-tab-content-2571\" aria-expanded=\"false\">\n\t\t\t\t\t\t\t\t\t\t\t\t\t<span class=\"elementor-accordion-icon elementor-accordion-icon-left\" aria-hidden=\"true\">\n\t\t\t\t\t\t\t\t\t\t\t\t\t\t\t<span class=\"elementor-accordion-icon-closed\"><i class=\"fas fa-plus\"><\/i><\/span>\n\t\t\t\t\t\t\t\t<span class=\"elementor-accordion-icon-opened\"><i class=\"fas fa-minus\"><\/i><\/span>\n\t\t\t\t\t\t\t\t\t\t\t\t\t\t<\/span>\n\t\t\t\t\t\t\t\t\t\t\t\t<a class=\"elementor-accordion-title\" tabindex=\"0\">Regimentos, Normas, Resolu\u00e7\u00f5es, Portaria<\/a>\n\t\t\t\t\t<\/div>\n\t\t\t\t\t<div id=\"elementor-tab-content-2571\" class=\"elementor-tab-content elementor-clearfix\" data-tab=\"1\" role=\"region\" aria-labelledby=\"elementor-tab-title-2571\"><h4>Regimentos:<\/h4><ol><li><a href=\"http:\/\/www2.unifap.br\/ppglet\/files\/2019\/07\/Regimento_PPGLET-Atualizado_Maio.pdf\" target=\"_blank\" rel=\"noopener\">Regimento do Programa de P\u00f3s-Gradua\u00e7\u00e3o em Letras (PPGLET)<\/a><\/li><li>Planejamento Estrat\u00e9gico do PPGLET<\/li><\/ol><h4>Normas:<\/h4><ol><li>Norma N\u00ba 00\/0000 &#8211; Nome Norma<\/li><\/ol><h4>Resolu\u00e7\u00f5es:<\/h4><ol><li>Resolu\u00e7\u00e3o N\u00ba 00\/0000 &#8211; Nome Resolu\u00e7\u00e3o<\/li><\/ol><h4>Portarias:<\/h4><ol><li>Portaria n. 0961\/2019 \u2013 Comiss\u00e3o respons\u00e1vel pela Elabora\u00e7\u00e3o de Regulamenta\u00e7\u00e3o e pelo gerenciamento da Concess\u00e3o de Bolsas no PPGLET\/UNIFAP<\/li><\/ol><\/div>\n\t\t\t\t<\/div>\n\t\t\t\t\t\t\t<div class=\"elementor-accordion-item\">\n\t\t\t\t\t<div id=\"elementor-tab-title-2572\" class=\"elementor-tab-title\" data-tab=\"2\" role=\"button\" aria-controls=\"elementor-tab-content-2572\" aria-expanded=\"false\">\n\t\t\t\t\t\t\t\t\t\t\t\t\t<span class=\"elementor-accordion-icon elementor-accordion-icon-left\" aria-hidden=\"true\">\n\t\t\t\t\t\t\t\t\t\t\t\t\t\t\t<span class=\"elementor-accordion-icon-closed\"><i class=\"fas fa-plus\"><\/i><\/span>\n\t\t\t\t\t\t\t\t<span class=\"elementor-accordion-icon-opened\"><i class=\"fas fa-minus\"><\/i><\/span>\n\t\t\t\t\t\t\t\t\t\t\t\t\t\t<\/span>\n\t\t\t\t\t\t\t\t\t\t\t\t<a class=\"elementor-accordion-title\" tabindex=\"0\">Normatiza\u00e7\u00e3o dos Trabalhos<\/a>\n\t\t\t\t\t<\/div>\n\t\t\t\t\t<div id=\"elementor-tab-content-2572\" class=\"elementor-tab-content elementor-clearfix\" data-tab=\"2\" role=\"region\" aria-labelledby=\"elementor-tab-title-2572\"><ol><li><a href=\"http:\/\/www2.unifap.br\/ppglet\/files\/2022\/05\/Regulamento_Dissertacao_PPGLET.pdf\" target=\"_blank\" rel=\"noopener\">Regulamento de Formata\u00e7\u00e3o e Normatiza\u00e7\u00e3o da Disserta\u00e7\u00e3o.<\/a><br \/><a href=\"https:\/\/www2.unifap.br\/ppglet\/files\/2022\/05\/APENDICE_VERSAO-FINAL.pdf\" target=\"_blank\" rel=\"noopener\">Ap\u00eandice de Formata\u00e7\u00e3o e Normatiza\u00e7\u00e3o da Disserta\u00e7\u00e3o.<\/a><\/li><li><a href=\"https:\/\/www2.unifap.br\/ppglet\/files\/2022\/05\/MODELO_FINAL_QUALIFICACAO.docx\" target=\"_blank\" rel=\"noopener\">Modelo de Qualifica\u00e7\u00e3o.<\/a><\/li><li><a href=\"https:\/\/www2.unifap.br\/ppglet\/files\/2022\/05\/MODELO_FINAL_DISSERTACAO.docx\" target=\"_blank\" rel=\"noopener\">Modelo de Disserta\u00e7\u00e3o<\/a>.\u00a0<\/li><li><a href=\"http:\/\/www2.unifap.br\/ppglet\/files\/2022\/05\/Manual-de-Normatizacao.pdf\" target=\"_blank\" rel=\"noopener\">Manual ABNT para formata\u00e7\u00e3o do trabalho cient\u00edfico.<\/a><\/li><\/ol><\/div>\n\t\t\t\t<\/div>\n\t\t\t\t\t\t\t<div class=\"elementor-accordion-item\">\n\t\t\t\t\t<div id=\"elementor-tab-title-2573\" class=\"elementor-tab-title\" data-tab=\"3\" role=\"button\" aria-controls=\"elementor-tab-content-2573\" aria-expanded=\"false\">\n\t\t\t\t\t\t\t\t\t\t\t\t\t<span class=\"elementor-accordion-icon elementor-accordion-icon-left\" aria-hidden=\"true\">\n\t\t\t\t\t\t\t\t\t\t\t\t\t\t\t<span class=\"elementor-accordion-icon-closed\"><i class=\"fas fa-plus\"><\/i><\/span>\n\t\t\t\t\t\t\t\t<span class=\"elementor-accordion-icon-opened\"><i class=\"fas fa-minus\"><\/i><\/span>\n\t\t\t\t\t\t\t\t\t\t\t\t\t\t<\/span>\n\t\t\t\t\t\t\t\t\t\t\t\t<a class=\"elementor-accordion-title\" tabindex=\"0\">Formul\u00e1rios<\/a>\n\t\t\t\t\t<\/div>\n\t\t\t\t\t<div id=\"elementor-tab-content-2573\" class=\"elementor-tab-content elementor-clearfix\" data-tab=\"3\" role=\"region\" aria-labelledby=\"elementor-tab-title-2573\"><h4>Solicita\u00e7\u00f5es Discentes:<\/h4><ol><li><a href=\"http:\/\/www2.unifap.br\/ppglet\/files\/2019\/08\/Requerimento-Aluno-diversos-.doc\">Solicita\u00e7\u00f5es Diversas \u2013 Declara\u00e7\u00f5es, compensa\u00e7\u00e3o de faltas etc.<\/a><\/li><li><a href=\"http:\/\/www2.unifap.br\/ppglet\/files\/2019\/07\/Solicita%C3%A7%C3%A3o_de_Credito.docx\">Solicita\u00e7\u00e3o de Cr\u00e9dito \u2013 Previstos no Regimento do PPGLET<\/a><\/li><li><a href=\"http:\/\/www2.unifap.br\/ppglet\/files\/2019\/08\/RELAT%C3%93RIO-DE-ATIVIDADES-SEMESTRAIS-PPGLET.docx\">Relat\u00f3rio de Atividades Semestrais \u2013 Discentes<\/a><\/li><li><a href=\"http:\/\/www2.unifap.br\/ppglet\/files\/2019\/07\/FICHA-DE-SOLICITA%C3%87%C3%83O-DE-MATR%C3%8DCULA-ESPECIAL.xlsx\" target=\"_blank\" rel=\"noopener noreferrer\">Formul\u00e1rio de Inscri\u00e7\u00e3o \u2013 Aluno Especial<\/a><\/li><li><a href=\"http:\/\/www2.unifap.br\/ppglet\/files\/2020\/09\/Requerimento-Qualifica%C3%A7%C3%A3o.doc\">Requerimento de Exame de Qualifica\u00e7\u00e3o<\/a><\/li><li><a href=\"http:\/\/www2.unifap.br\/ppglet\/files\/2025\/07\/EMISSAO-DE-DIPLOMA-.pdf\" target=\"_blank\" rel=\"noopener\">Emiss\u00e3o de Diploma \u2013 Entrega definitiva da Disserta\u00e7\u00e3o e pedido de Emiss\u00e3o de Diploma<\/a><\/li><li><a href=\"http:\/\/www2.unifap.br\/ppglet\/files\/2019\/08\/DECLARA%C3%87%C3%83O_ORIGINALIDADE_Projeto.docx\">Declara\u00e7\u00e3o de Originalidade e Inexist\u00eancia de Pl\u00e1gio \u2013 Projeto de Pesquisa<\/a><\/li><li><a href=\"http:\/\/www2.unifap.br\/ppglet\/files\/2020\/09\/DECLARA%C3%87%C3%83O_ORIGINALIDADE_Qualifica%C3%A7%C3%A3o.docx\">Declara\u00e7\u00e3o de Originalidade e Inexist\u00eancia de Pl\u00e1gio \u2013 Qualifica\u00e7\u00e3o<\/a><\/li><li><a href=\"http:\/\/www2.unifap.br\/ppglet\/files\/2019\/08\/DECLARA%C3%87%C3%83O_ORIGINALIDADE_Disserta%C3%A7%C3%A3o.docx\">Declara\u00e7\u00e3o de Originalidade e Inexist\u00eancia de Pl\u00e1gio \u2013 Disserta\u00e7\u00e3o<\/a><\/li><li><a href=\"http:\/\/www2.unifap.br\/ppglet\/files\/2020\/09\/Membro_Externo.docx\">Cadastro de Membro Externo<\/a><\/li><li><a href=\"http:\/\/www2.unifap.br\/ppglet\/files\/2019\/07\/Formulario-de-Solicita%C3%A7%C3%A3o-de-Ajuda-de-Custo-AUXILIO-FINANCEIRO-A-ESTUDANTE2.docx\">PROAP \u2013 Formul\u00e1rio de Solicita\u00e7\u00e3o de Ajuda de Custo Aux\u00edlio Financeiro a Estudante<\/a><\/li><li><a href=\"http:\/\/www2.unifap.br\/ppglet\/files\/2019\/07\/1_Formulario_Cadastro_bolsista_CAPES_DS-1.pdf\">Formul\u00e1rio de Cadastro de Bolsista CAPES\/DS<\/a><\/li><li><a href=\"http:\/\/www2.unifap.br\/ppglet\/files\/2019\/07\/2_Termo_CompromissoDS.doc\">Termo de Compromisso CAPES\/DS<\/a><\/li><li><a href=\"http:\/\/www2.unifap.br\/ppglet\/files\/2019\/07\/3_Termo_Limite_BolsaDS.docx\">Termo de Ci\u00eancia do Limite de Bolsa CAPES\/DS<\/a><\/li><\/ol><h4>Solicita\u00e7\u00f5es <strong>Docentes:<\/strong><\/h4><ol><li><a href=\"http:\/\/www2.unifap.br\/ppglet\/files\/2019\/07\/Formul%C3%A1rio-de-solicita%C3%A7%C3%A3o-auxilio-financeiro-a-pesquisador-1.docx\">PROAP \u2013 Formul\u00e1rio de solicita\u00e7\u00e3o auxilio financeiro a pesquisador<\/a><\/li><li><a href=\"http:\/\/www2.unifap.br\/ppglet\/files\/2019\/07\/Formul%C3%A1rio-para-presta%C3%A7%C3%A3o-de-contas-AUXILIO-FINANCEIRO-A-PESQUISADOR.docx\">PROAP \u2013 Presta\u00e7\u00e3o de Contas Aux\u00edlio Financeiro a Pesquisador<\/a><\/li><li><a href=\"http:\/\/www2.unifap.br\/ppglet\/files\/2019\/07\/Credenciamento_Docente.docx\">Ficha de Credenciamento de Docente<\/a><\/li><\/ol><h4><strong>Est\u00e1gio p\u00f3s-doutoral:<\/strong><\/h4><ol><li><a href=\"http:\/\/www2.unifap.br\/ppglet\/files\/2020\/09\/Formulario-Pos_doc.doc\">Formul\u00e1rio de Solicita\u00e7\u00e3o de Est\u00e1gio P\u00f3s-Doutoral<\/a><\/li><li><a href=\"http:\/\/www2.unifap.br\/ppglet\/files\/2020\/09\/Plano_de_trabalho_Pos_Doc.doc\">Plano de Trabalho de Est\u00e1gio P\u00f3s-Doutoral<\/a><\/li><\/ol><\/div>\n\t\t\t\t<\/div>\n\t\t\t\t\t\t\t\t<\/div>\n\t\t\t\t\t\t<\/div>\n\t\t\t\t<\/div>\n\t\t\t\t\t<\/div>\n\t\t<\/div>\n\t\t\t\t\t<\/div>\n\t\t<\/section>\n\t\t\t\t<\/div>\n\t\t","protected":false},"excerpt":{"rendered":"<p>Documentos Aqui voc\u00ea encontra os documentos necess\u00e1rios para a padroniza\u00e7\u00e3o dos trabalhos entregues ao Programa de P\u00f3s-Gradua\u00e7\u00e3o em Letras. Os requerimentos e solicita\u00e7\u00f5es devem ser preenchidos e enviados para o e-mail da coordena\u00e7\u00e3o do PPGLET (ppglet.unifap@gmail.com \/ ppglet@unifap.br). Algumas solicita\u00e7\u00f5es dependem de uma chamada\/edital espec\u00edfica. Regimentos, Normas, Resolu\u00e7\u00f5es, Portaria Regimentos: Regimento do Programa de P\u00f3s-Gradua\u00e7\u00e3o&#8230;<\/p>\n","protected":false},"author":3826,"featured_media":0,"parent":3392,"menu_order":0,"comment_status":"closed","ping_status":"closed","template":"elementor_header_footer","meta":{"inline_featured_image":false,"ngg_post_thumbnail":0,"footnotes":""},"folder":[19],"class_list":["post-3491","page","type-page","status-publish","hentry","entry"],"_links":{"self":[{"href":"https:\/\/www2.unifap.br\/ppglet\/wp-json\/wp\/v2\/pages\/3491","targetHints":{"allow":["GET"]}}],"collection":[{"href":"https:\/\/www2.unifap.br\/ppglet\/wp-json\/wp\/v2\/pages"}],"about":[{"href":"https:\/\/www2.unifap.br\/ppglet\/wp-json\/wp\/v2\/types\/page"}],"author":[{"embeddable":true,"href":"https:\/\/www2.unifap.br\/ppglet\/wp-json\/wp\/v2\/users\/3826"}],"replies":[{"embeddable":true,"href":"https:\/\/www2.unifap.br\/ppglet\/wp-json\/wp\/v2\/comments?post=3491"}],"version-history":[{"count":28,"href":"https:\/\/www2.unifap.br\/ppglet\/wp-json\/wp\/v2\/pages\/3491\/revisions"}],"predecessor-version":[{"id":3531,"href":"https:\/\/www2.unifap.br\/ppglet\/wp-json\/wp\/v2\/pages\/3491\/revisions\/3531"}],"up":[{"embeddable":true,"href":"https:\/\/www2.unifap.br\/ppglet\/wp-json\/wp\/v2\/pages\/3392"}],"wp:attachment":[{"href":"https:\/\/www2.unifap.br\/ppglet\/wp-json\/wp\/v2\/media?parent=3491"}],"wp:term":[{"taxonomy":"folder","embeddable":true,"href":"https:\/\/www2.unifap.br\/ppglet\/wp-json\/wp\/v2\/folder?post=3491"}],"curies":[{"name":"wp","href":"https:\/\/api.w.org\/{rel}","templated":true}]}}