{"id":36,"date":"2019-03-18T22:59:00","date_gmt":"2019-03-19T01:59:00","guid":{"rendered":"http:\/\/www2.unifap.br\/ppglet\/?page_id=36"},"modified":"2022-05-16T11:53:41","modified_gmt":"2022-05-16T14:53:41","slug":"dissertacoes","status":"publish","type":"page","link":"https:\/\/www2.unifap.br\/ppglet\/dissertacoes\/","title":{"rendered":"Disserta\u00e7\u00f5es"},"content":{"rendered":"<h3>Acesse abaixo as disserta\u00e7\u00f5es defendidas no Programa.<\/h3>\n<h2><strong>2019<\/strong><\/h2>\n<p><strong>JANINA DOS SANTOS FORTE<\/strong> (<strong><a href=\"http:\/\/www2.unifap.br\/ppglet\/files\/2022\/05\/DISSERTACAO-JANINA-SANTOS-FORTE-FINAL-JAN-2022-FOLHA-CATA-2.pdf\">.pdf<\/a><\/strong>)<br \/>\n<em>Pota: a cura pelas palavras Karipuna, Galibi-Marworno e Palikur<\/em><\/p>\n<p><strong>JORLA\u00cdNE MONTEIRO GIR\u00c3O DE ALMEIDA<\/strong> (<strong><a href=\"http:\/\/www2.unifap.br\/ppglet\/files\/2022\/05\/3_Dissertacao-Jorlaine-de-Almeida.pdf\">.pdf<\/a><\/strong>)<br \/>\n<em>Imagens de controle e o mito da beleza: uma an\u00e1lise dos esteri\u00f3tipos de g\u00eanero na obra &#8220;Exageros e delicadezas&#8221;, de Carla Nobre<\/em><\/p>\n<p><strong>JULIANA T\u00c1VORA DE MENDON\u00c7A LIMA<\/strong> (<strong><a href=\"http:\/\/www2.unifap.br\/ppglet\/files\/2022\/05\/Dissertacao-Juliana-Tavora-Versao-Final.pdf\">.pdf<\/a><\/strong>)<br \/>\n<em>&#8220;Cara de homossexual terr\u00edvel&#8221;: imagem po\u00e9tica e representatividade LGBT+ na poesia amapaense<\/em><\/p>\n<p><strong>KERLLYO BARBOSA MACIEL<\/strong> (<a href=\"http:\/\/www2.unifap.br\/ppglet\/files\/2022\/05\/Dissertacao.versao.final_.kerllyo.maciel.pdf\"><strong>.pdf<\/strong><\/a>)<br \/>\n<em>Mem\u00f3rias de Ladr\u00f5es: narrativas po\u00e9ticas amapaenses, literatura, cultura, tradi\u00e7\u00e3o oral e religiosidade nas cantigas de Marabaixo<\/em><\/p>\n<p><strong>MARIA S\u00d4NIA ANIK\u00c1<\/strong> (<strong><a href=\"http:\/\/www2.unifap.br\/ppglet\/files\/2022\/05\/Dissertacao-Maria-Sonia-Anika-Final-1.pdf\">.pdf<\/a><\/strong>)<br \/>\n<em>Ensino de l\u00edngua kheuol karipuna na escola ind\u00edgena Jorge Iaparr\u00e1<\/em><\/p>\n","protected":false},"excerpt":{"rendered":"<p>Acesse abaixo as disserta\u00e7\u00f5es defendidas no Programa. 2019 JANINA DOS SANTOS FORTE (.pdf) Pota: a cura pelas palavras Karipuna, Galibi-Marworno e Palikur JORLA\u00cdNE MONTEIRO GIR\u00c3O DE ALMEIDA (.pdf) Imagens de controle e o mito da beleza: uma an\u00e1lise dos esteri\u00f3tipos de g\u00eanero na obra &#8220;Exageros e delicadezas&#8221;, de Carla Nobre JULIANA T\u00c1VORA DE MENDON\u00c7A LIMA&#8230;<\/p>\n","protected":false},"author":3826,"featured_media":0,"parent":0,"menu_order":0,"comment_status":"closed","ping_status":"closed","template":"","meta":{"inline_featured_image":false,"ngg_post_thumbnail":0,"footnotes":""},"folder":[],"class_list":["post-36","page","type-page","status-publish","hentry","entry"],"_links":{"self":[{"href":"https:\/\/www2.unifap.br\/ppglet\/wp-json\/wp\/v2\/pages\/36","targetHints":{"allow":["GET"]}}],"collection":[{"href":"https:\/\/www2.unifap.br\/ppglet\/wp-json\/wp\/v2\/pages"}],"about":[{"href":"https:\/\/www2.unifap.br\/ppglet\/wp-json\/wp\/v2\/types\/page"}],"author":[{"embeddable":true,"href":"https:\/\/www2.unifap.br\/ppglet\/wp-json\/wp\/v2\/users\/3826"}],"replies":[{"embeddable":true,"href":"https:\/\/www2.unifap.br\/ppglet\/wp-json\/wp\/v2\/comments?post=36"}],"version-history":[{"count":9,"href":"https:\/\/www2.unifap.br\/ppglet\/wp-json\/wp\/v2\/pages\/36\/revisions"}],"predecessor-version":[{"id":1530,"href":"https:\/\/www2.unifap.br\/ppglet\/wp-json\/wp\/v2\/pages\/36\/revisions\/1530"}],"wp:attachment":[{"href":"https:\/\/www2.unifap.br\/ppglet\/wp-json\/wp\/v2\/media?parent=36"}],"wp:term":[{"taxonomy":"folder","embeddable":true,"href":"https:\/\/www2.unifap.br\/ppglet\/wp-json\/wp\/v2\/folder?post=36"}],"curies":[{"name":"wp","href":"https:\/\/api.w.org\/{rel}","templated":true}]}}