{"id":3611,"date":"2025-07-18T08:54:08","date_gmt":"2025-07-18T11:54:08","guid":{"rendered":"https:\/\/www2.unifap.br\/ppglet\/?page_id=3611"},"modified":"2025-07-21T00:46:00","modified_gmt":"2025-07-21T03:46:00","slug":"eventos","status":"publish","type":"page","link":"https:\/\/www2.unifap.br\/ppglet\/comunicacao\/eventos\/","title":{"rendered":"Eventos"},"content":{"rendered":"\t\t<div data-elementor-type=\"wp-page\" data-elementor-id=\"3611\" class=\"elementor elementor-3611\">\n\t\t\t\t\t\t<section class=\"elementor-section elementor-top-section elementor-element elementor-element-892a7eb elementor-section-content-middle elementor-section-boxed elementor-section-height-default elementor-section-height-default\" data-id=\"892a7eb\" data-element_type=\"section\" data-e-type=\"section\" data-settings=\"{&quot;background_background&quot;:&quot;classic&quot;,&quot;shape_divider_bottom&quot;:&quot;opacity-tilt&quot;}\">\n\t\t\t\t\t\t\t<div class=\"elementor-background-overlay\"><\/div>\n\t\t\t\t\t\t<div class=\"elementor-shape elementor-shape-bottom\" aria-hidden=\"true\" data-negative=\"false\">\n\t\t\t<svg xmlns=\"http:\/\/www.w3.org\/2000\/svg\" viewBox=\"0 0 2600 131.1\" preserveAspectRatio=\"none\">\n\t<path class=\"elementor-shape-fill\" d=\"M0 0L2600 0 2600 69.1 0 0z\"\/>\n\t<path class=\"elementor-shape-fill\" style=\"opacity:0.5\" d=\"M0 0L2600 0 2600 69.1 0 69.1z\"\/>\n\t<path class=\"elementor-shape-fill\" style=\"opacity:0.25\" d=\"M2600 0L0 0 0 130.1 2600 69.1z\"\/>\n<\/svg>\t\t<\/div>\n\t\t\t\t\t<div class=\"elementor-container elementor-column-gap-default\">\n\t\t\t\t\t<div class=\"elementor-column elementor-col-100 elementor-top-column elementor-element elementor-element-95cf84d\" data-id=\"95cf84d\" data-element_type=\"column\" data-e-type=\"column\">\n\t\t\t<div class=\"elementor-widget-wrap elementor-element-populated\">\n\t\t\t\t\t\t<div class=\"elementor-element elementor-element-e2365ff elementor-widget elementor-widget-page-title\" data-id=\"e2365ff\" data-element_type=\"widget\" data-e-type=\"widget\" data-widget_type=\"page-title.default\">\n\t\t\t\t<div class=\"elementor-widget-container\">\n\t\t\t\t\t\t\t\n\t\t<div class=\"hfe-page-title hfe-page-title-wrapper elementor-widget-heading\">\n\n\t\t\t\t\t\t\t\t<h1 class=\"elementor-heading-title elementor-size-default\">\n\t\t\t\t\t\t\t\t\n\t\t\t\tEventos  \n\t\t\t<\/h1 > \n\t\t\t\t\t<\/div>\n\t\t\t\t\t\t<\/div>\n\t\t\t\t<\/div>\n\t\t\t\t<section class=\"elementor-section elementor-inner-section elementor-element elementor-element-c1a9b26 elementor-section-boxed elementor-section-height-default elementor-section-height-default\" data-id=\"c1a9b26\" data-element_type=\"section\" data-e-type=\"section\">\n\t\t\t\t\t\t<div class=\"elementor-container elementor-column-gap-default\">\n\t\t\t\t\t<div class=\"elementor-column elementor-col-100 elementor-inner-column elementor-element elementor-element-73099ea\" data-id=\"73099ea\" data-element_type=\"column\" data-e-type=\"column\">\n\t\t\t<div class=\"elementor-widget-wrap elementor-element-populated\">\n\t\t\t\t\t\t<div class=\"elementor-element elementor-element-577ff54 elementor-widget elementor-widget-eael-adv-tabs\" data-id=\"577ff54\" data-element_type=\"widget\" data-e-type=\"widget\" data-widget_type=\"eael-adv-tabs.default\">\n\t\t\t\t<div class=\"elementor-widget-container\">\n\t\t\t\t\t        <div data-scroll-on-click=\"no\" data-scroll-speed=\"300\" id=\"eael-advance-tabs-577ff54\" class=\"eael-advance-tabs eael-tabs-vertical eael-tab-auto-active \" data-tabid=\"577ff54\">\n            <div class=\"eael-tabs-nav\">\n                <ul class=\"eael-tab-top-icon\" role=\"tablist\">\n                                            <li id=\"i-encontro-de-cartografias-literrias-da-amaznia-memrias-amp-representaes\" class=\" eael-tab-item-trigger eael-tab-nav-item\" aria-selected=\"true\" data-tab=\"1\" role=\"tab\" tabindex=\"0\" aria-controls=\"i-encontro-de-cartografias-literrias-da-amaznia-memrias-amp-representaes-tab\" aria-expanded=\"false\">\n                            \n                                                        \n                            \n                                                            <span class=\"eael-tab-title title-after-icon\" >I ENCONTRO DE CARTOGRAFIAS LITER\u00c1RIAS DA AMAZ\u00d4NIA: mem\u00f3rias &amp; representa\u00e7\u00f5es<\/span>                                                    <\/li>\n                                            <li id=\"i-encontro-de-atividades-extensionistas-e-de-egressos-do-ppglet\" class=\" eael-tab-item-trigger eael-tab-nav-item\" aria-selected=\"false\" data-tab=\"2\" role=\"tab\" tabindex=\"-1\" aria-controls=\"i-encontro-de-atividades-extensionistas-e-de-egressos-do-ppglet-tab\" aria-expanded=\"false\">\n                            \n                                                        \n                            \n                                                            <span class=\"eael-tab-title title-after-icon\" >I ENCONTRO DE ATIVIDADES EXTENSIONISTAS E DE EGRESSOS DO PPGLET<\/span>                                                    <\/li>\n                                    <\/ul>\n            <\/div>\n            \n            <div class=\"eael-tabs-content\">\n\t\t        \n                    <div id=\"i-encontro-de-cartografias-literrias-da-amaznia-memrias-amp-representaes-tab\" class=\"clearfix eael-tab-content-item \" data-title-link=\"i-encontro-de-cartografias-literrias-da-amaznia-memrias-amp-representaes-tab\">\n\t\t\t\t        <p><a href=\"http:\/\/www2.unifap.br\/ppglet\/files\/2022\/08\/Cartaz-do-Evento.png\"><img fetchpriority=\"high\" decoding=\"async\" class=\" wp-image-1871 aligncenter\" src=\"http:\/\/www2.unifap.br\/ppglet\/files\/2022\/08\/Cartaz-do-Evento.png\" alt=\"\" width=\"494\" height=\"334\" \/><\/a><\/p><p style=\"text-align: center\"><strong>I ENCONTRO DE CARTOGRAFIAS LITER\u00c1RIAS DA AMAZ\u00d4NIA: mem\u00f3rias &amp; representa\u00e7\u00f5es<\/strong><\/p><p style=\"text-align: center\"><b>DIAS 29 DE AGOSTO, 01 E 02 DE SETEMBRO \u2013\u00a0\u00a0MARCO ZERO e OIAPOQUE\u00a0<\/b><\/p><p>O Programa de P\u00f3s-gradua\u00e7\u00e3o em Letras \u2013 PPGLET \u2013 convida toda a comunidade (intra e extra muros) a participar do\u00a0I ENCONTRO DE CARTOGRAFIAS LITER\u00c1RIAS DA AMAZ\u00d4NIA: mem\u00f3rias &amp; representa\u00e7\u00f5es, que ocorrer\u00e1 dia 29 de agosto, na UNIFAP\/Marco Zero, e nos dias 01 e 02 de setembro no IFAP\/Campus Avan\u00e7ado do Oiapoque. O evento configura-se como um atividade de extens\u00e3o e contar\u00e1 com a participa\u00e7\u00e3o de alguns d@s ilustres mestrand@s e docentes do PPGLET, bem como alun@s da gradua\u00e7\u00e3o. Pretende-se divulgar as pesquisas em curso, no PPGLET, \u00e0 academia e \u00e0 comunidade externa. Haver\u00e1 mesas-redondas, momentos culturais, liter\u00e1rios e rodas de Marabaixo. Inscri\u00e7\u00f5es gratuitas. A programa\u00e7\u00e3o completa est\u00e1 dispon\u00edvel\u00a0em\u00a0<span style=\"text-decoration: underline\"><a href=\"https:\/\/www.even3.com.br\/encontrocartografiasliterarias2022\/\" target=\"_blank\" rel=\"noopener\" data-saferedirecturl=\"https:\/\/www.google.com\/url?q=https:\/\/www.even3.com.br\/encontrocartografiasliterarias2022\/&amp;source=gmail&amp;ust=1661622977495000&amp;usg=AOvVaw37TL0lCcqQ5xQjXs-CL_Kv\">https:\/\/www.even3.com.br\/encontrocartografiasliterarias2022\/<\/a><\/span>. No dia 29\/08, a atividade inicial ser\u00e1 no Audit\u00f3rio do Departamento de Letras e Artes \u2013 DEPLA \u2013 a partir das 14h.<\/p>                    <\/div>\n\t\t        \n                    <div id=\"i-encontro-de-atividades-extensionistas-e-de-egressos-do-ppglet-tab\" class=\"clearfix eael-tab-content-item \" data-title-link=\"i-encontro-de-atividades-extensionistas-e-de-egressos-do-ppglet-tab\">\n\t\t\t\t        <div class=\"text-center\"><p class=\"subtitle\" style=\"text-align: center\"><b><a href=\"http:\/\/www2.unifap.br\/ppglet\/files\/2022\/07\/Cartaz-2.jpeg\"><img decoding=\"async\" class=\" wp-image-1789 aligncenter\" src=\"http:\/\/www2.unifap.br\/ppglet\/files\/2022\/07\/Cartaz-2.jpeg\" alt=\"\" width=\"349\" height=\"620\" \/><\/a>Tema: \u201cCOMPARTILHANDO SABERES E EXPERI\u00caNCIAS\u201d<\/b><\/p><\/div><article><p dir=\"ltr\" style=\"text-align: center\">Data: 12, 13, 14, 15 de julho de 2022<\/p><p dir=\"ltr\" style=\"text-align: center\">Local: Universidade Federal do Amap\u00e1 \u2013 UNIFAP<\/p><p dir=\"ltr\" style=\"text-align: center\">Modalidade de realiza\u00e7\u00e3o: On-line\u00a0<\/p><p dir=\"ltr\"><b>APRESENTA\u00c7\u00c3O<\/b><\/p><p dir=\"ltr\">O I ENCONTRO DE ATIVIDADES EXTENSIONISTAS E DE EGRESSOS, realizado pelo Programa de P\u00f3s-Gradua\u00e7\u00e3o em Letras da Universidade Federal do Amap\u00e1 (PPGLET\/UNIFAP), trata-se de um evento que visa promover o interc\u00e2mbio, a reflex\u00e3o e a troca de conhecimentos entre docentes, acad\u00eamicos, mestrandos e egressos, al\u00e9m de oferecer a eles a oportunidade de divulgarem atividades de extens\u00e3o j\u00e1 realizadas ou em andamento que tratem sobre temas relativos a linguagens e\/ou pr\u00e1ticas de ensino.\u00a0<\/p><p dir=\"ltr\">O evento inscreve-se na tem\u00e1tica: COMPARTILHANDO SABERES E EXPERI\u00caNCIAS e acontecer\u00e1 nos dias 12,13,14 e 15 de julho de 2022, de forma gratuita e on-line. Ser\u00e1 composto por comunica\u00e7\u00f5es orais, relatos de experi\u00eancia\u00a0 e oficinas, contando tamb\u00e9m com confer\u00eancia de abertura proferida pelo Professor Dr. Eduardo Alves Vasconcelos\/UNIFAP e finalizada por uma confer\u00eancia pelo\u00a0Professor Dr. Rosivaldo Gomes\/UNIFAP. Al\u00e9m dos momentos de discuss\u00e3o propiciados pelo encontro, haver\u00e1 a produ\u00e7\u00e3o do caderno de resumos e os anais do evento.<\/p><p dir=\"ltr\">As inscri\u00e7\u00f5es para apresenta\u00e7\u00e3o de comunica\u00e7\u00e3o oral e relatos de experi\u00eancia dever\u00e3o ocorrer em uma das seguintes categorias:\u00a0 aluno de gradua\u00e7\u00e3o\/p\u00f3s-gradua\u00e7\u00e3o ou professores da rede p\u00fablica ou privada de ensino, sendo que o trabalho precisar\u00e1 se enquadrar em um dos eixos tem\u00e1ticos do encontro (expostos \u00e0 frente). Ser\u00e3o aceitas apresenta\u00e7\u00f5es sobre resultados de projetos de extens\u00e3o, de atividades de professores da rede p\u00fablica e privada, pesquisas de inicia\u00e7\u00e3o cient\u00edfica e relatos de experi\u00eancias de mestrandos do PPGLET e de outros cursos, tanto da UNIFAP quanto de outras Institui\u00e7\u00f5es de Ensino Superior.\u00a0 Os certificados de participa\u00e7\u00e3o e de apresenta\u00e7\u00e3o de trabalho ser\u00e3o emitidos em at\u00e9 60 dias ap\u00f3s a realiza\u00e7\u00e3o do encontro. Para ter direito ao certificado o participante dever\u00e1 ter 75% de frequ\u00eancia.\u00a0<\/p><p dir=\"ltr\"><strong>OBJETIVOS DO ENCONTRO<\/strong><\/p><ol><li><p dir=\"ltr\" role=\"presentation\">Proporcionar e evidenciar, por meio dos projetos de extens\u00e3o, as contribui\u00e7\u00f5es do PPGLET\/UNIFAP para inser\u00e7\u00e3o da pesquisa no cen\u00e1rio local e nacional e para a transforma\u00e7\u00e3o social.<\/p><\/li><li><p dir=\"ltr\" role=\"presentation\">Mostrar o papel que a Universidade P\u00fablica e as atividades de extens\u00e3o, desenvolvidas por Mestrandos do PPGLET, exercem nas comunidades quilombolas, ribeirinhas e ind\u00edgenas.<\/p><\/li><li><p dir=\"ltr\" role=\"presentation\">Promover di\u00e1logos e trocas de conhecimentos entre mestrandos, docentes e egressos.<\/p><\/li><\/ol><p dir=\"ltr\"><strong>EIXOS TEM\u00c1TICOS PARA SUBMISS\u00c3O DOS TRABALHOS DO EVENTO<\/strong><\/p><ol><li><p dir=\"ltr\" role=\"presentation\">A import\u00e2ncia das Atividades de Extens\u00e3o Universit\u00e1ria (em Libras, em comunidades quilombolas, ribeirinhas, ind\u00edgenas, dentre outras).<\/p><\/li><li><p dir=\"ltr\" role=\"presentation\">Desafios e perspectivas da Extens\u00e3o Universit\u00e1ria.<\/p><\/li><li><p dir=\"ltr\" role=\"presentation\">Saberes culturais, experi\u00eancias e relatos de atividades advindas dos projetos de extens\u00e3o realizados em comunidades quilombolas, ind\u00edgenas, ribeirinhas, dentre outras.<\/p><\/li><li><p dir=\"ltr\" role=\"presentation\">Relatos de atividades desenvolvidas nas escolas por professores da rede p\u00fablica ou privada, que dialoguem com o ensino e a comunidade.<\/p><\/li><\/ol><h3 class=\"with-subtitle\">Para mais informa\u00e7\u00f5es veja o site do\u00a0<span style=\"text-decoration: underline\"><a href=\"https:\/\/www.even3.com.br\/encontroextensionistappglet\/\">evento<\/a><\/span>.<\/h3><\/article>                    <\/div>\n\t\t                    <\/div>\n        <\/div>\n\t\t\t\t<\/div>\n\t\t\t\t<\/div>\n\t\t\t\t\t<\/div>\n\t\t<\/div>\n\t\t\t\t\t<\/div>\n\t\t<\/section>\n\t\t\t\t\t<\/div>\n\t\t<\/div>\n\t\t\t\t\t<\/div>\n\t\t<\/section>\n\t\t\t\t<\/div>\n\t\t","protected":false},"excerpt":{"rendered":"<p>Eventos I ENCONTRO DE CARTOGRAFIAS LITER\u00c1RIAS DA AMAZ\u00d4NIA: mem\u00f3rias &amp; representa\u00e7\u00f5es I ENCONTRO DE ATIVIDADES EXTENSIONISTAS E DE EGRESSOS DO PPGLET I ENCONTRO DE CARTOGRAFIAS LITER\u00c1RIAS DA AMAZ\u00d4NIA: mem\u00f3rias &amp; representa\u00e7\u00f5es DIAS 29 DE AGOSTO, 01 E 02 DE SETEMBRO \u2013\u00a0\u00a0MARCO ZERO e OIAPOQUE\u00a0 O Programa de P\u00f3s-gradua\u00e7\u00e3o em Letras \u2013 PPGLET \u2013 convida toda&#8230;<\/p>\n","protected":false},"author":3826,"featured_media":0,"parent":3532,"menu_order":0,"comment_status":"closed","ping_status":"closed","template":"elementor_header_footer","meta":{"inline_featured_image":false,"ngg_post_thumbnail":0,"footnotes":""},"folder":[22],"class_list":["post-3611","page","type-page","status-publish","hentry","entry"],"_links":{"self":[{"href":"https:\/\/www2.unifap.br\/ppglet\/wp-json\/wp\/v2\/pages\/3611","targetHints":{"allow":["GET"]}}],"collection":[{"href":"https:\/\/www2.unifap.br\/ppglet\/wp-json\/wp\/v2\/pages"}],"about":[{"href":"https:\/\/www2.unifap.br\/ppglet\/wp-json\/wp\/v2\/types\/page"}],"author":[{"embeddable":true,"href":"https:\/\/www2.unifap.br\/ppglet\/wp-json\/wp\/v2\/users\/3826"}],"replies":[{"embeddable":true,"href":"https:\/\/www2.unifap.br\/ppglet\/wp-json\/wp\/v2\/comments?post=3611"}],"version-history":[{"count":70,"href":"https:\/\/www2.unifap.br\/ppglet\/wp-json\/wp\/v2\/pages\/3611\/revisions"}],"predecessor-version":[{"id":3699,"href":"https:\/\/www2.unifap.br\/ppglet\/wp-json\/wp\/v2\/pages\/3611\/revisions\/3699"}],"up":[{"embeddable":true,"href":"https:\/\/www2.unifap.br\/ppglet\/wp-json\/wp\/v2\/pages\/3532"}],"wp:attachment":[{"href":"https:\/\/www2.unifap.br\/ppglet\/wp-json\/wp\/v2\/media?parent=3611"}],"wp:term":[{"taxonomy":"folder","embeddable":true,"href":"https:\/\/www2.unifap.br\/ppglet\/wp-json\/wp\/v2\/folder?post=3611"}],"curies":[{"name":"wp","href":"https:\/\/api.w.org\/{rel}","templated":true}]}}