{"id":3651,"date":"2025-07-20T23:02:53","date_gmt":"2025-07-21T02:02:53","guid":{"rendered":"https:\/\/www2.unifap.br\/ppglet\/?page_id=3651"},"modified":"2025-07-21T01:04:50","modified_gmt":"2025-07-21T04:04:50","slug":"noticias","status":"publish","type":"page","link":"https:\/\/www2.unifap.br\/ppglet\/comunicacao\/noticias\/","title":{"rendered":"Not\u00edcias"},"content":{"rendered":"\t\t<div data-elementor-type=\"wp-page\" data-elementor-id=\"3651\" class=\"elementor elementor-3651\">\n\t\t\t\t\t\t<section class=\"elementor-section elementor-top-section elementor-element elementor-element-892a7eb elementor-section-content-middle elementor-section-boxed elementor-section-height-default elementor-section-height-default\" data-id=\"892a7eb\" data-element_type=\"section\" data-e-type=\"section\" data-settings=\"{&quot;background_background&quot;:&quot;classic&quot;,&quot;shape_divider_bottom&quot;:&quot;opacity-tilt&quot;}\">\n\t\t\t\t\t\t\t<div class=\"elementor-background-overlay\"><\/div>\n\t\t\t\t\t\t<div class=\"elementor-shape elementor-shape-bottom\" aria-hidden=\"true\" data-negative=\"false\">\n\t\t\t<svg xmlns=\"http:\/\/www.w3.org\/2000\/svg\" viewBox=\"0 0 2600 131.1\" preserveAspectRatio=\"none\">\n\t<path class=\"elementor-shape-fill\" d=\"M0 0L2600 0 2600 69.1 0 0z\"\/>\n\t<path class=\"elementor-shape-fill\" style=\"opacity:0.5\" d=\"M0 0L2600 0 2600 69.1 0 69.1z\"\/>\n\t<path class=\"elementor-shape-fill\" style=\"opacity:0.25\" d=\"M2600 0L0 0 0 130.1 2600 69.1z\"\/>\n<\/svg>\t\t<\/div>\n\t\t\t\t\t<div class=\"elementor-container elementor-column-gap-default\">\n\t\t\t\t\t<div class=\"elementor-column elementor-col-100 elementor-top-column elementor-element elementor-element-95cf84d\" data-id=\"95cf84d\" data-element_type=\"column\" data-e-type=\"column\">\n\t\t\t<div class=\"elementor-widget-wrap elementor-element-populated\">\n\t\t\t\t\t\t<div class=\"elementor-element elementor-element-e2365ff elementor-widget elementor-widget-page-title\" data-id=\"e2365ff\" data-element_type=\"widget\" data-e-type=\"widget\" data-widget_type=\"page-title.default\">\n\t\t\t\t<div class=\"elementor-widget-container\">\n\t\t\t\t\t\t\t\n\t\t<div class=\"hfe-page-title hfe-page-title-wrapper elementor-widget-heading\">\n\n\t\t\t\t\t\t\t\t<h1 class=\"elementor-heading-title elementor-size-default\">\n\t\t\t\t\t\t\t\t\n\t\t\t\tNot\u00edcias  \n\t\t\t<\/h1 > \n\t\t\t\t\t<\/div>\n\t\t\t\t\t\t<\/div>\n\t\t\t\t<\/div>\n\t\t\t\t<section class=\"elementor-section elementor-inner-section elementor-element elementor-element-c1a9b26 elementor-section-boxed elementor-section-height-default elementor-section-height-default\" data-id=\"c1a9b26\" data-element_type=\"section\" data-e-type=\"section\" data-settings=\"{&quot;background_background&quot;:&quot;classic&quot;}\">\n\t\t\t\t\t\t\t<div class=\"elementor-background-overlay\"><\/div>\n\t\t\t\t\t\t\t<div class=\"elementor-container elementor-column-gap-default\">\n\t\t\t\t\t<div class=\"elementor-column elementor-col-100 elementor-inner-column elementor-element elementor-element-73099ea\" data-id=\"73099ea\" data-element_type=\"column\" data-e-type=\"column\">\n\t\t\t<div class=\"elementor-widget-wrap elementor-element-populated\">\n\t\t\t\t\t\t<div class=\"elementor-element elementor-element-5e4a7ee elementor-widget elementor-widget-contentviews_widget_grid1\" data-id=\"5e4a7ee\" data-element_type=\"widget\" data-e-type=\"widget\" data-widget_type=\"contentviews_widget_grid1.default\">\n\t\t\t\t<div class=\"elementor-widget-container\">\n\t\t\t\t\t<div class='pt-cv-wrapper'> <h1 class='pt-cv-heading-container heading1' data-blockid='5e4a7ee'><span class='pt-cv-heading'> \u00daLTIMAS NOT\u00cdCIAS <\/span><\/h1><div class=\"pt-cv-view pt-cv-blockgrid iscvblock iscvelementor grid1 layout1\" id=\"pt-cv-view-5e4a7ee\"><div data-id=\"pt-cv-page-1\" class=\"pt-cv-page\" data-cvc=\"3\"><div class=\" pt-cv-content-item pt-cv-1-col\" ><div class=\"pt-cv-thumb-wrapper  \"><a href=\"https:\/\/www2.unifap.br\/ppglet\/2026\/02\/20\/chamada-aluno-especial-2026-1\/\" class=\"_self pt-cv-href-thumbnail pt-cv-thumb-default\" target=\"_self\" ><\/a><\/div>\n<h4 class=\"pt-cv-title\"><a href=\"https:\/\/www2.unifap.br\/ppglet\/2026\/02\/20\/chamada-aluno-especial-2026-1\/\" class=\"_self\" target=\"_self\" >Chamada Aluno Especial &#8211; 2026.1<\/a><\/h4>\n<div class=\"pt-cv-content\">A Coordena\u00e7\u00e3o do Programa de P\u00f3s-Gradua\u00e7\u00e3o em Letras (PPGLET) da Universidade Federal do Amap\u00e1 (UNIFAP) torna p\u00fablico o processo de ...<\/div>\n<div class=\"pt-cv-rmwrap\"><a href=\"https:\/\/www2.unifap.br\/ppglet\/2026\/02\/20\/chamada-aluno-especial-2026-1\/\" class=\"_self pt-cv-readmore btn btn-success\" target=\"_self\" >Leia Mais<\/a><\/div><\/div>\n<div class=\" pt-cv-content-item pt-cv-1-col\" ><div class=\"pt-cv-thumb-wrapper  \"><a href=\"https:\/\/www2.unifap.br\/ppglet\/2025\/12\/12\/chamada-n-1-2025-processo-seletivo-para-bolsas-capes-demanda-social-capes-ds-do-ppglet-unifap\/\" class=\"_self pt-cv-href-thumbnail pt-cv-thumb-default\" target=\"_self\" ><\/a><\/div>\n<h4 class=\"pt-cv-title\"><a href=\"https:\/\/www2.unifap.br\/ppglet\/2025\/12\/12\/chamada-n-1-2025-processo-seletivo-para-bolsas-capes-demanda-social-capes-ds-do-ppglet-unifap\/\" class=\"_self\" target=\"_self\" >CHAMADA N. 1\/2025 PROCESSO SELETIVO PARA BOLSAS CAPES DEMANDA SOCIAL (CAPES\/DS) DO PPGLET\/UNIFAP<\/a><\/h4>\n<div class=\"pt-cv-content\">O Programa de P\u00f3s-Gradua\u00e7\u00e3o em Letras (PPGLET) torna p\u00fablica a abertura de inscri\u00e7\u00f5es para o processo de sele\u00e7\u00e3o interno de ...<\/div>\n<div class=\"pt-cv-rmwrap\"><a href=\"https:\/\/www2.unifap.br\/ppglet\/2025\/12\/12\/chamada-n-1-2025-processo-seletivo-para-bolsas-capes-demanda-social-capes-ds-do-ppglet-unifap\/\" class=\"_self pt-cv-readmore btn btn-success\" target=\"_self\" >Leia Mais<\/a><\/div><\/div>\n<div class=\" pt-cv-content-item pt-cv-1-col\" ><div class=\"pt-cv-thumb-wrapper  \"><a href=\"https:\/\/www2.unifap.br\/ppglet\/2025\/10\/17\/oferta-de-disciplina-2025-2\/\" class=\"_self pt-cv-href-thumbnail pt-cv-thumb-default\" target=\"_self\" ><\/a><\/div>\n<h4 class=\"pt-cv-title\"><a href=\"https:\/\/www2.unifap.br\/ppglet\/2025\/10\/17\/oferta-de-disciplina-2025-2\/\" class=\"_self\" target=\"_self\" >Oferta de Disciplina 2025.2<\/a><\/h4>\n<div class=\"pt-cv-content\">NOT\u00cdCIAS Oferta de Disciplina 2025.2 A coordena\u00e7\u00e3o do Programa de P\u00f3s-gradua\u00e7\u00e3o informa que a Oferta do 2\u00ba Semestre 2025 est\u00e1 ...<\/div>\n<div class=\"pt-cv-rmwrap\"><a href=\"https:\/\/www2.unifap.br\/ppglet\/2025\/10\/17\/oferta-de-disciplina-2025-2\/\" class=\"_self pt-cv-readmore btn btn-success\" target=\"_self\" >Leia Mais<\/a><\/div><\/div>\n<div class=\" pt-cv-content-item pt-cv-1-col\" ><div class=\"pt-cv-thumb-wrapper  \"><a href=\"https:\/\/www2.unifap.br\/ppglet\/2025\/10\/14\/chamada-aluno-especial-ppglet-2025-2\/\" class=\"_self pt-cv-href-thumbnail pt-cv-thumb-default\" target=\"_self\" ><\/a><\/div>\n<h4 class=\"pt-cv-title\"><a href=\"https:\/\/www2.unifap.br\/ppglet\/2025\/10\/14\/chamada-aluno-especial-ppglet-2025-2\/\" class=\"_self\" target=\"_self\" >Chamada Aluno Especial PPGLET &#8211; 2025.2<\/a><\/h4>\n<div class=\"pt-cv-content\">NOT\u00cdCIAS Chamada Aluno Especial PPGLET &#8211; 2025.2 CHAMADA N. 04\/2025 - ALUNO ESPECIAL DO PPGLET\/UNIFAP - 2\u00ba Semestre\/2025A Coordena\u00e7\u00e3o do ...<\/div>\n<div class=\"pt-cv-rmwrap\"><a href=\"https:\/\/www2.unifap.br\/ppglet\/2025\/10\/14\/chamada-aluno-especial-ppglet-2025-2\/\" class=\"_self pt-cv-readmore btn btn-success\" target=\"_self\" >Leia Mais<\/a><\/div><\/div>\n<div class=\" pt-cv-content-item pt-cv-1-col\" ><div class=\"pt-cv-thumb-wrapper  \"><a href=\"https:\/\/www2.unifap.br\/ppglet\/2025\/09\/18\/edital-de-convocacao-para-a-matricula-dos-aprovados-no-programa-de-pos-graduacao-em-letras-2025\/\" class=\"_self pt-cv-href-thumbnail pt-cv-thumb-default\" target=\"_self\" ><\/a><\/div>\n<h4 class=\"pt-cv-title\"><a href=\"https:\/\/www2.unifap.br\/ppglet\/2025\/09\/18\/edital-de-convocacao-para-a-matricula-dos-aprovados-no-programa-de-pos-graduacao-em-letras-2025\/\" class=\"_self\" target=\"_self\" >EDITAL DE CONVOCA\u00c7\u00c3O PARA A MATR\u00cdCULA DOS APROVADOS NO PROGRAMA DE P\u00d3S-GRADUA\u00c7\u00c3O EM LETRAS \u2013 2025<\/a><\/h4>\n<div class=\"pt-cv-content\">NOT\u00cdCIAS EDITAL DE CONVOCA\u00c7\u00c3O PARA A MATR\u00cdCULA DOS APROVADOS NO PROGRAMA DE P\u00d3S-GRADUA\u00c7\u00c3O EM LETRAS \u2013 2025 A Coordena\u00e7\u00e3o do ...<\/div>\n<div class=\"pt-cv-rmwrap\"><a href=\"https:\/\/www2.unifap.br\/ppglet\/2025\/09\/18\/edital-de-convocacao-para-a-matricula-dos-aprovados-no-programa-de-pos-graduacao-em-letras-2025\/\" class=\"_self pt-cv-readmore btn btn-success\" target=\"_self\" >Leia Mais<\/a><\/div><\/div>\n<div class=\" pt-cv-content-item pt-cv-1-col\" ><div class=\"pt-cv-thumb-wrapper  \"><a href=\"https:\/\/www2.unifap.br\/ppglet\/2025\/09\/05\/edital-no-01-2025-ppged-ppglet-ppgeo-e-ppgh-unifap-pdpg-parcerias-estrategicas-nos-estados-iii-capes-processo-seletivo-para-bolsa-de-pos-doutorado\/\" class=\"_self pt-cv-href-thumbnail pt-cv-thumb-default\" target=\"_self\" ><\/a><\/div>\n<h4 class=\"pt-cv-title\"><a href=\"https:\/\/www2.unifap.br\/ppglet\/2025\/09\/05\/edital-no-01-2025-ppged-ppglet-ppgeo-e-ppgh-unifap-pdpg-parcerias-estrategicas-nos-estados-iii-capes-processo-seletivo-para-bolsa-de-pos-doutorado\/\" class=\"_self\" target=\"_self\" >EDITAL N\u00ba 01\/2025 \u2013 PPGED, PPGLET, PPGEO e PPGH\/UNIFAP PDPG &#8211; Parcerias Estrat\u00e9gicas nos Estados III (CAPES) PROCESSO SELETIVO PARA BOLSA DE P\u00d3S-DOUTORADO<\/a><\/h4>\n<div class=\"pt-cv-content\">NOT\u00cdCIAS EDITAL N\u00ba 01\/2025 \u2013 PPGED, PPGLET, PPGEO e PPGH\/UNIFAP PDPG &#8211; Parcerias Estrat\u00e9gicas nos Estados III (CAPES) PROCESSO SELETIVO ...<\/div>\n<div class=\"pt-cv-rmwrap\"><a href=\"https:\/\/www2.unifap.br\/ppglet\/2025\/09\/05\/edital-no-01-2025-ppged-ppglet-ppgeo-e-ppgh-unifap-pdpg-parcerias-estrategicas-nos-estados-iii-capes-processo-seletivo-para-bolsa-de-pos-doutorado\/\" class=\"_self pt-cv-readmore btn btn-success\" target=\"_self\" >Leia Mais<\/a><\/div><\/div><\/div><\/div>\n<div class=\" pt-cv-pagination-wrapper\"><ul class=\"pt-cv-pagination pt-cv-ajax pagination\" data-totalpages=\"24\" data-currentpage=\"1\" data-sid=\"5e4a7ee\" data-unid=\"\" data-iselementor=\"5e4a7ee\" data-postid=\"0\"><li class=\"active\"><a href=\"#\">1<\/a><\/li>\n\t<li ><a class=\"\" href=\"https:\/\/www2.unifap.br\/ppglet\/wp-json\/wp\/v2\/pages\/3651\/?_page=2\">2<\/a><\/li>\n\t<li ><a class=\"\" href=\"https:\/\/www2.unifap.br\/ppglet\/wp-json\/wp\/v2\/pages\/3651\/?_page=3\">3<\/a><\/li>\n\t<li ><a href=\"#\">&hellip;<\/a><\/li>\n\t<li ><a class=\"\" href=\"https:\/\/www2.unifap.br\/ppglet\/wp-json\/wp\/v2\/pages\/3651\/?_page=24\">24<\/a><\/li>\n\t<li ><a class=\" \" href=\"https:\/\/www2.unifap.br\/ppglet\/wp-json\/wp\/v2\/pages\/3651\/?_page=2\">&rsaquo;<\/a><\/li>\n\t<\/ul><img decoding=\"async\" width=\"15\" height=\"15\" class=\"pt-cv-spinner\" alt=\"Carregando...;\" src=\"data:image\/gif;base64,R0lGODlhDwAPALMPAMrKygwMDJOTkz09PZWVla+vr3p6euTk5M7OzuXl5TMzMwAAAJmZmWZmZszMzP\/\/\/yH\/C05FVFNDQVBFMi4wAwEAAAAh+QQFCgAPACwAAAAADwAPAAAEQvDJaZaZOIcV8iQK8VRX4iTYoAwZ4iCYoAjZ4RxejhVNoT+mRGP4cyF4Pp0N98sBGIBMEMOotl6YZ3S61Bmbkm4mAgAh+QQFCgAPACwAAAAADQANAAAENPDJSRSZeA418itN8QiK8BiLITVsFiyBBIoYqnoewAD4xPw9iY4XLGYSjkQR4UAUD45DLwIAIfkEBQoADwAsAAAAAA8ACQAABC\/wyVlamTi3nSdgwFNdhEJgTJoNyoB9ISYoQmdjiZPcj7EYCAeCF1gEDo4Dz2eIAAAh+QQFCgAPACwCAAAADQANAAAEM\/DJBxiYeLKdX3IJZT1FU0iIg2RNKx3OkZVnZ98ToRD4MyiDnkAh6BkNC0MvsAj0kMpHBAAh+QQFCgAPACwGAAAACQAPAAAEMDC59KpFDll73HkAA2wVY5KgiK5b0RRoI6MuzG6EQqCDMlSGheEhUAgqgUUAFRySIgAh+QQFCgAPACwCAAIADQANAAAEM\/DJKZNLND\/kkKaHc3xk+QAMYDKsiaqmZCxGVjSFFCxB1vwy2oOgIDxuucxAMTAJFAJNBAAh+QQFCgAPACwAAAYADwAJAAAEMNAs86q1yaWwwv2Ig0jUZx3OYa4XoRAfwADXoAwfo1+CIjyFRuEho60aSNYlOPxEAAAh+QQFCgAPACwAAAIADQANAAAENPA9s4y8+IUVcqaWJ4qEQozSoAzoIyhCK2NFU2SJk0hNnyEOhKR2AzAAj4Pj4GE4W0bkJQIAOw==\" \/><div class=\"clear pt-cv-clear-pagination\"><\/div><\/div> <\/div> \t\t\t\t<\/div>\n\t\t\t\t<\/div>\n\t\t\t\t\t<\/div>\n\t\t<\/div>\n\t\t\t\t\t<\/div>\n\t\t<\/section>\n\t\t\t\t\t<\/div>\n\t\t<\/div>\n\t\t\t\t\t<\/div>\n\t\t<\/section>\n\t\t\t\t<\/div>\n\t\t","protected":false},"excerpt":{"rendered":"<p>Not\u00edcias \u00daLTIMAS NOT\u00cdCIAS EDITAL N. 03\/2025 \u2013 PPGLET\/UNIFAP \u2013 PROCESSO SELETIVO \u2013 TURMA 2025 A Coordena\u00e7\u00e3o do Programa de P\u00f3s-Gradua\u00e7\u00e3o em Letras (PPGLET), da Universidade Federal do Amap\u00e1 (UNIFAP), torna p\u00fablicoos os Editias para &#8230; Leia Mais EDITAL N\u00ba 02\/2025-PPGLET\/UNIFAP &#8211; CREDENCIAMENTO DOCENTE O Programa de P\u00f3s-Gradua\u00e7\u00e3o em Letras da Universidade Federal do Amap\u00e1 (PPGLET\/UNIFAP),&#8230;<\/p>\n","protected":false},"author":3826,"featured_media":0,"parent":3532,"menu_order":0,"comment_status":"closed","ping_status":"closed","template":"elementor_header_footer","meta":{"inline_featured_image":false,"ngg_post_thumbnail":0,"footnotes":""},"folder":[22],"class_list":["post-3651","page","type-page","status-publish","hentry","entry"],"_links":{"self":[{"href":"https:\/\/www2.unifap.br\/ppglet\/wp-json\/wp\/v2\/pages\/3651","targetHints":{"allow":["GET"]}}],"collection":[{"href":"https:\/\/www2.unifap.br\/ppglet\/wp-json\/wp\/v2\/pages"}],"about":[{"href":"https:\/\/www2.unifap.br\/ppglet\/wp-json\/wp\/v2\/types\/page"}],"author":[{"embeddable":true,"href":"https:\/\/www2.unifap.br\/ppglet\/wp-json\/wp\/v2\/users\/3826"}],"replies":[{"embeddable":true,"href":"https:\/\/www2.unifap.br\/ppglet\/wp-json\/wp\/v2\/comments?post=3651"}],"version-history":[{"count":8,"href":"https:\/\/www2.unifap.br\/ppglet\/wp-json\/wp\/v2\/pages\/3651\/revisions"}],"predecessor-version":[{"id":3946,"href":"https:\/\/www2.unifap.br\/ppglet\/wp-json\/wp\/v2\/pages\/3651\/revisions\/3946"}],"up":[{"embeddable":true,"href":"https:\/\/www2.unifap.br\/ppglet\/wp-json\/wp\/v2\/pages\/3532"}],"wp:attachment":[{"href":"https:\/\/www2.unifap.br\/ppglet\/wp-json\/wp\/v2\/media?parent=3651"}],"wp:term":[{"taxonomy":"folder","embeddable":true,"href":"https:\/\/www2.unifap.br\/ppglet\/wp-json\/wp\/v2\/folder?post=3651"}],"curies":[{"name":"wp","href":"https:\/\/api.w.org\/{rel}","templated":true}]}}