{"id":39,"date":"2019-03-18T22:59:15","date_gmt":"2019-03-19T01:59:15","guid":{"rendered":"http:\/\/www2.unifap.br\/ppglet\/?page_id=39"},"modified":"2020-07-27T17:25:31","modified_gmt":"2020-07-27T20:25:31","slug":"eventos","status":"publish","type":"page","link":"https:\/\/www2.unifap.br\/ppglet\/eventos\/","title":{"rendered":"Eventos"},"content":{"rendered":"<p><a href=\"https:\/\/www.jallae.org\/\">XIX JALLA-E &#8211; Diversidade latinoamericana: encontros e desencontros, perspectivas para o s\u00e9culo XXI<\/a><\/p>\n<p><a href=\"https:\/\/www.even3.com.br\/webinarioclii\/\">WEBIN\u00c1RIO DO CLII: DA REDE \u00c0 REDE<\/a><\/p>\n<p><a href=\"https:\/\/www.even3.com.br\/ppglet\/\">CICLO DE PALESTRA DO PPGLET<\/a><\/p>\n<p><a href=\"http:\/\/www2.unifap.br\/ppglet\/eventos\/aula-magna-diversidade-linguistica-no-brasil-dermeval-da-hora\/\">Aula Magna com Prof. Dr. Dermeval da Hora<\/a><\/p>\n<p>&nbsp;<\/p>\n","protected":false},"excerpt":{"rendered":"<p>XIX JALLA-E &#8211; Diversidade latinoamericana: encontros e desencontros, perspectivas para o s\u00e9culo XXI WEBIN\u00c1RIO DO CLII: DA REDE \u00c0 REDE CICLO DE PALESTRA DO PPGLET Aula Magna com Prof. Dr. Dermeval da Hora &nbsp;<\/p>\n","protected":false},"author":3826,"featured_media":0,"parent":0,"menu_order":6,"comment_status":"closed","ping_status":"closed","template":"","meta":{"inline_featured_image":false,"ngg_post_thumbnail":0,"footnotes":""},"folder":[],"class_list":["post-39","page","type-page","status-publish","hentry","entry"],"_links":{"self":[{"href":"https:\/\/www2.unifap.br\/ppglet\/wp-json\/wp\/v2\/pages\/39","targetHints":{"allow":["GET"]}}],"collection":[{"href":"https:\/\/www2.unifap.br\/ppglet\/wp-json\/wp\/v2\/pages"}],"about":[{"href":"https:\/\/www2.unifap.br\/ppglet\/wp-json\/wp\/v2\/types\/page"}],"author":[{"embeddable":true,"href":"https:\/\/www2.unifap.br\/ppglet\/wp-json\/wp\/v2\/users\/3826"}],"replies":[{"embeddable":true,"href":"https:\/\/www2.unifap.br\/ppglet\/wp-json\/wp\/v2\/comments?post=39"}],"version-history":[{"count":7,"href":"https:\/\/www2.unifap.br\/ppglet\/wp-json\/wp\/v2\/pages\/39\/revisions"}],"predecessor-version":[{"id":856,"href":"https:\/\/www2.unifap.br\/ppglet\/wp-json\/wp\/v2\/pages\/39\/revisions\/856"}],"wp:attachment":[{"href":"https:\/\/www2.unifap.br\/ppglet\/wp-json\/wp\/v2\/media?parent=39"}],"wp:term":[{"taxonomy":"folder","embeddable":true,"href":"https:\/\/www2.unifap.br\/ppglet\/wp-json\/wp\/v2\/folder?post=39"}],"curies":[{"name":"wp","href":"https:\/\/api.w.org\/{rel}","templated":true}]}}