{"id":395,"date":"2019-04-05T17:14:40","date_gmt":"2019-04-05T20:14:40","guid":{"rendered":"http:\/\/www2.unifap.br\/ppglet\/?page_id=395"},"modified":"2019-07-26T11:40:11","modified_gmt":"2019-07-26T14:40:11","slug":"aluno-especial-2019","status":"publish","type":"page","link":"https:\/\/www2.unifap.br\/ppglet\/processo-seletivo\/aluno-especial\/aluno-especial-2019\/","title":{"rendered":"Aluno Especial &#8211; 2019"},"content":{"rendered":"<p><span style=\"color: #993366\"><strong><span style=\"color: #993300\">CHAMADA N. 05 &#8211; ALUNO ESPECIAL<\/span> &#8211;&nbsp;<\/strong><strong>2019 \u2013 2\u00ba semestre<\/strong><\/span><\/p>\n<p>A Coordena\u00e7\u00e3o do <strong>Programa de P\u00f3s-Gradua\u00e7\u00e3o em Letras<\/strong> (<strong>PPGLET)<\/strong> da Universidade Federal do Amap\u00e1 (UNIFAP) torna p\u00fablico <strong>processo de sele\u00e7\u00e3o <\/strong>de candidatos interessados em cursar disciplinas como aluno especial no PPGLET\/UNIFAP, nos termos estabelecidos nesta chamada, em conson\u00e2ncia com as disposi\u00e7\u00f5es regimentais do PPGLET\/UNIFAP. O Programa tem como \u00e1rea de concetra\u00e7\u00e3o: <em>Linguagens na Amaz\u00f4nia<\/em> e linhas de pesquisa: (1) <em>Literatura Cultura e Mem\u00f3ria<\/em>; e (2) <em>Diversidade Lingu\u00edstica na Amaz\u00f4nia<\/em>.<\/p>\n<p>Arquivos:<\/p>\n<p><a href=\"http:\/\/www2.unifap.br\/ppglet\/files\/2019\/07\/Chamada_Aluno_Especial_PPGLET_2019.2.pdf\">Link para Chamada N. 05-PPGLET\/UNIFAP<\/a><\/p>\n<p><a href=\"http:\/\/www2.unifap.br\/ppglet\/files\/2019\/07\/FICHA-DE-SOLICITA\u00c7\u00c3O-DE-MATR\u00cdCULA-ESPECIAL.xlsx\">Formul\u00e1rio de Inscri\u00e7\u00e3o &#8211; Aluno Especial<\/a><\/p>\n<p><span style=\"color: #993300\"><strong>2\u00aa CHAMADA &#8211; ALUNO ESPECIAL &#8211; 2019 &#8211; 1\u00ba Semestre<\/strong><\/span><\/p>\n<p>A Coordena\u00e7\u00e3o do <strong>Programa de P\u00f3s-Gradua\u00e7\u00e3o em Letras<\/strong> (<strong>PPGLET)<\/strong> da Universidade Federal do Amap\u00e1 (UNIFAP) torna p\u00fablico o segundo <strong>processo de sele\u00e7\u00e3o <\/strong>de candidatos interessados em cursar disciplinas como aluno especial no PPGLET\/UNIFAP, nos termos estabelecidos nesta chamada, em conson\u00e2ncia com as disposi\u00e7\u00f5es regimentais do PPGLET\/UNIFAP. O Programa tem como \u00e1rea de concetra\u00e7\u00e3o: <em>Linguagens na Amaz\u00f4nia<\/em> e linhas de pesquisa: (1) <em>Literatura Cultura e Mem\u00f3ria<\/em>; e (2) <em>Diversidade Lingu\u00edstica na Amaz\u00f4nia<\/em>.<\/p>\n<p>Arquivos:<\/p>\n<p><a href=\"http:\/\/www2.unifap.br\/ppglet\/files\/2019\/06\/Chamada_Aluno_Especial_PPGLET_2019.1_2-1.pdf\">Link para a Chamada.<\/a><\/p>\n<p><a href=\"http:\/\/www2.unifap.br\/ppglet\/files\/2019\/06\/Chamada_Aluno_Especial_Anexo_1_Ficha_Inscricao.xlsx\">Ficha de Inscri\u00e7\u00e3o<\/a><\/p>\n<p>&nbsp;<\/p>\n<p><span style=\"color: #993366\"><strong><span style=\"color: #993300\">CHAMADA &#8211; ALUNO ESPECIAL &#8211;&nbsp;2019 &#8211; 1\u00ba Semestre<\/span><\/strong><\/span><\/p>\n<p>A Coordena\u00e7\u00e3o do <strong>Programa de P\u00f3s-Gradua\u00e7\u00e3o em Letras<\/strong> (<strong>PPGLET)<\/strong> da Universidade Federal do Amap\u00e1 (UNIFAP) torna p\u00fablico o <strong>processo de sele\u00e7\u00e3o <\/strong>de candidatos interessados em cursar disciplinas como aluno especial no PPGLET\/UNIFAP, nos termos estabelecidos nesta chamada, em conson\u00e2ncia com as disposi\u00e7\u00f5es regimentais do PPGLET\/UNIFAP. O Programa tem como \u00e1rea de concetra\u00e7\u00e3o: <em>Linguagens na Amaz\u00f4nia<\/em> e linhas de pesquisa: (1) <em>Literatura Cultura e Mem\u00f3ria<\/em>; e (2) <em>Diversidade Lingu\u00edstica na Amaz\u00f4nia<\/em>.<\/p>\n<p>Arquivos:<\/p>\n<p><a href=\"http:\/\/www2.unifap.br\/ppglet\/files\/2019\/04\/Chamada_P\u00fablica_Alunos-Especiais_PPGLET_2019.1.pdf\">Chamada para aluno especial<\/a><\/p>\n<p><a href=\"http:\/\/www2.unifap.br\/ppglet\/files\/2019\/04\/Parecer-Aluno-Especial_Resultado.pdf\">Resultado<\/a><\/p>\n<p><a href=\"http:\/\/www2.unifap.br\/ppglet\/files\/2019\/04\/Parecer-Aluno-Especial_Resultado_Retificado.pdf\">Resultado Retificado<\/a><\/p>\n<p><a href=\"http:\/\/www2.unifap.br\/ppglet\/files\/2019\/04\/Convoca\u00e7\u00e3o.pdf\">Convoca\u00e7\u00e3o para Matr\u00edcula<\/a><\/p>\n<p><a href=\"http:\/\/www2.unifap.br\/ppglet\/files\/2019\/04\/Parecer-Aluno-Especial_Resultado_Retificado_2.pdf\">Resultado Retificado n. 02<\/a><\/p>\n<p>&nbsp;<\/p>\n<p>&nbsp;<\/p>\n","protected":false},"excerpt":{"rendered":"<p>CHAMADA N. 05 &#8211; ALUNO ESPECIAL &#8211;&nbsp;2019 \u2013 2\u00ba semestre A Coordena\u00e7\u00e3o do Programa de P\u00f3s-Gradua\u00e7\u00e3o em Letras (PPGLET) da Universidade Federal do Amap\u00e1 (UNIFAP) torna p\u00fablico processo de sele\u00e7\u00e3o de candidatos interessados em cursar disciplinas como aluno especial no PPGLET\/UNIFAP, nos termos estabelecidos nesta chamada, em conson\u00e2ncia com as disposi\u00e7\u00f5es regimentais do PPGLET\/UNIFAP. O&#8230;<\/p>\n","protected":false},"author":3826,"featured_media":0,"parent":552,"menu_order":1,"comment_status":"closed","ping_status":"closed","template":"","meta":{"inline_featured_image":false,"ngg_post_thumbnail":0,"footnotes":""},"folder":[],"class_list":["post-395","page","type-page","status-publish","hentry","entry"],"_links":{"self":[{"href":"https:\/\/www2.unifap.br\/ppglet\/wp-json\/wp\/v2\/pages\/395","targetHints":{"allow":["GET"]}}],"collection":[{"href":"https:\/\/www2.unifap.br\/ppglet\/wp-json\/wp\/v2\/pages"}],"about":[{"href":"https:\/\/www2.unifap.br\/ppglet\/wp-json\/wp\/v2\/types\/page"}],"author":[{"embeddable":true,"href":"https:\/\/www2.unifap.br\/ppglet\/wp-json\/wp\/v2\/users\/3826"}],"replies":[{"embeddable":true,"href":"https:\/\/www2.unifap.br\/ppglet\/wp-json\/wp\/v2\/comments?post=395"}],"version-history":[{"count":11,"href":"https:\/\/www2.unifap.br\/ppglet\/wp-json\/wp\/v2\/pages\/395\/revisions"}],"predecessor-version":[{"id":566,"href":"https:\/\/www2.unifap.br\/ppglet\/wp-json\/wp\/v2\/pages\/395\/revisions\/566"}],"up":[{"embeddable":true,"href":"https:\/\/www2.unifap.br\/ppglet\/wp-json\/wp\/v2\/pages\/552"}],"wp:attachment":[{"href":"https:\/\/www2.unifap.br\/ppglet\/wp-json\/wp\/v2\/media?parent=395"}],"wp:term":[{"taxonomy":"folder","embeddable":true,"href":"https:\/\/www2.unifap.br\/ppglet\/wp-json\/wp\/v2\/folder?post=395"}],"curies":[{"name":"wp","href":"https:\/\/api.w.org\/{rel}","templated":true}]}}