{"id":50,"date":"2019-03-18T23:11:36","date_gmt":"2019-03-19T02:11:36","guid":{"rendered":"http:\/\/www2.unifap.br\/ppglet\/?page_id=50"},"modified":"2022-05-16T12:04:38","modified_gmt":"2022-05-16T15:04:38","slug":"apresentacao","status":"publish","type":"page","link":"https:\/\/www2.unifap.br\/ppglet\/programa\/apresentacao\/","title":{"rendered":"Apresenta\u00e7\u00e3o"},"content":{"rendered":"\t\t<div data-elementor-type=\"wp-page\" data-elementor-id=\"50\" class=\"elementor elementor-50\">\n\t\t\t\t\t\t<section class=\"elementor-section elementor-top-section elementor-element elementor-element-75a8307 elementor-section-boxed elementor-section-height-default elementor-section-height-default\" data-id=\"75a8307\" data-element_type=\"section\" data-e-type=\"section\">\n\t\t\t\t\t\t<div class=\"elementor-container elementor-column-gap-default\">\n\t\t\t\t\t<div class=\"elementor-column elementor-col-100 elementor-top-column elementor-element elementor-element-622598d6\" data-id=\"622598d6\" data-element_type=\"column\" data-e-type=\"column\">\n\t\t\t<div class=\"elementor-widget-wrap elementor-element-populated\">\n\t\t\t\t\t\t<div class=\"elementor-element elementor-element-2575d1f9 elementor-widget elementor-widget-text-editor\" data-id=\"2575d1f9\" data-element_type=\"widget\" data-e-type=\"widget\" data-widget_type=\"text-editor.default\">\n\t\t\t\t<div class=\"elementor-widget-container\">\n\t\t\t\t\t\t\t\t\t<p><strong><span style=\"color: #000000\">Apresenta\u00e7\u00e3o<\/span><\/strong><\/p><p>A proposta do Programa de P\u00f3s-Gradua\u00e7\u00e3o em Letras (PPGLet) da Universidade Federal do Amap\u00e1 (UNIFAP) insere-se no contexto da regi\u00e3o amaz\u00f4nica e do chamado Plat\u00f4 das Guianas, do qual igualmente fazem parte o Suriname, a Guiana Francesa, a Guiana, e parte da Venezuela e Col\u00f4mbia. Essa especificidade implica, a despeito das diferen\u00e7as existentes em cada local, diversos aspectos comuns, como uma constitui\u00e7\u00e3o lingu\u00edstica e cultural m\u00faltipla na qual \u00e9 poss\u00edvel encontrar as l\u00ednguas portuguesa, francesa, inglesa, holandesa, espanhola, crioulas e ind\u00edgenas, al\u00e9m de diversas express\u00f5es art\u00edstico-culturais. Al\u00e9m disso, \u00e9 tamb\u00e9m preciso levar em conta a proximidade com o Caribe, tanto do ponto de vista cultural quanto geogr\u00e1fico.<\/p><p>No contexto dos programas de p\u00f3s-gradua\u00e7\u00e3o na UNIFAP, nos quais as pesquisas sobre a regi\u00e3o amaz\u00f4nica e sobre as rela\u00e7\u00f5es (trans)fronteiri\u00e7as t\u00eam uma grande relev\u00e2ncia para o conhecimento, o PPGLET busca contribuir com pesquisas que fomentem os debates sobre <em>Linguagens na Amaz\u00f4nia<\/em>, com escopo em fen\u00f4menos lingu\u00edsticos, liter\u00e1rios e socioculturais em contextos (trans)fronteiri\u00e7os, levando em considera\u00e7\u00e3o distintas temporalidades e uma expressiva sociodiversidade.<\/p><p>Objetivos e perfil do egresso<\/p><p>O Programa de P\u00f3s-Gradua\u00e7\u00e3o em Letras (PPGLET) tem por objetivos:<\/p><ul><li>Qualificar profissionais da \u00e1rea de Lingu\u00edstica e Literatura capazes de refletir criticamente sobre fen\u00f4menos da linguagem, tanto em seu vi\u00e9s lingu\u00edstico-social como nos \u00e2mbitos cultural e liter\u00e1rio;<\/li><li>Discutir as particularidades lingu\u00edstico-sociais, culturais, liter\u00e1rias atinentes \u00e0 regi\u00e3o amaz\u00f4nica e \u00e0s Guianas;<\/li><li>Descentralizar saberes a partir do fortalecimento da pesquisa em Lingu\u00edstica e Literatura, favorecendo, assim, a qualifica\u00e7\u00e3o do conhecimento produzido localmente, bem como sua intera\u00e7\u00e3o com o debate cient\u00edfico-cultural regional, nacional e internacional;<\/li><li>Minimizar as assimetrias regionais no que diz respeito \u00e0 produ\u00e7\u00e3o do conhecimento na \u00e1rea Lingu\u00edstica e Literatura.<\/li><li>Consolidar parcerias e interc\u00e2mbios com entidades e institui\u00e7\u00f5es de ensino e pesquisa nacionais e internacionais.<\/li><\/ul><p>Considerando esses objetivos, o PPGLET se prop\u00f5e a formar profissionais capazes de reconhecer, promover e investigar a diversidade lingu\u00edstico-social, cultural e liter\u00e1ria amaz\u00f4nida, a partir de uma base te\u00f3rico-metodol\u00f3gica s\u00f3lida, bem como de produzir conhecimento relevante em Lingu\u00edstica e Literatura.<\/p>\t\t\t\t\t\t\t\t<\/div>\n\t\t\t\t<\/div>\n\t\t\t\t\t<\/div>\n\t\t<\/div>\n\t\t\t\t\t<\/div>\n\t\t<\/section>\n\t\t\t\t<\/div>\n\t\t","protected":false},"excerpt":{"rendered":"<p>Apresenta\u00e7\u00e3o A proposta do Programa de P\u00f3s-Gradua\u00e7\u00e3o em Letras (PPGLet) da Universidade Federal do Amap\u00e1 (UNIFAP) insere-se no contexto da regi\u00e3o amaz\u00f4nica e do chamado Plat\u00f4 das Guianas, do qual igualmente fazem parte o Suriname, a Guiana Francesa, a Guiana, e parte da Venezuela e Col\u00f4mbia. Essa especificidade implica, a despeito das diferen\u00e7as existentes em&#8230;<\/p>\n","protected":false},"author":3826,"featured_media":0,"parent":60,"menu_order":1,"comment_status":"closed","ping_status":"closed","template":"","meta":{"inline_featured_image":false,"ngg_post_thumbnail":0,"footnotes":""},"folder":[],"class_list":["post-50","page","type-page","status-publish","hentry","entry"],"_links":{"self":[{"href":"https:\/\/www2.unifap.br\/ppglet\/wp-json\/wp\/v2\/pages\/50","targetHints":{"allow":["GET"]}}],"collection":[{"href":"https:\/\/www2.unifap.br\/ppglet\/wp-json\/wp\/v2\/pages"}],"about":[{"href":"https:\/\/www2.unifap.br\/ppglet\/wp-json\/wp\/v2\/types\/page"}],"author":[{"embeddable":true,"href":"https:\/\/www2.unifap.br\/ppglet\/wp-json\/wp\/v2\/users\/3826"}],"replies":[{"embeddable":true,"href":"https:\/\/www2.unifap.br\/ppglet\/wp-json\/wp\/v2\/comments?post=50"}],"version-history":[{"count":6,"href":"https:\/\/www2.unifap.br\/ppglet\/wp-json\/wp\/v2\/pages\/50\/revisions"}],"predecessor-version":[{"id":1539,"href":"https:\/\/www2.unifap.br\/ppglet\/wp-json\/wp\/v2\/pages\/50\/revisions\/1539"}],"up":[{"embeddable":true,"href":"https:\/\/www2.unifap.br\/ppglet\/wp-json\/wp\/v2\/pages\/60"}],"wp:attachment":[{"href":"https:\/\/www2.unifap.br\/ppglet\/wp-json\/wp\/v2\/media?parent=50"}],"wp:term":[{"taxonomy":"folder","embeddable":true,"href":"https:\/\/www2.unifap.br\/ppglet\/wp-json\/wp\/v2\/folder?post=50"}],"curies":[{"name":"wp","href":"https:\/\/api.w.org\/{rel}","templated":true}]}}