{"id":590,"date":"2019-09-02T22:06:51","date_gmt":"2019-09-03T01:06:51","guid":{"rendered":"http:\/\/www2.unifap.br\/ppglet\/?page_id=590"},"modified":"2019-12-18T01:39:34","modified_gmt":"2019-12-18T04:39:34","slug":"turma-2020","status":"publish","type":"page","link":"https:\/\/www2.unifap.br\/ppglet\/processo-seletivo\/aluno-regular\/turma-2020\/","title":{"rendered":"Turma 2020"},"content":{"rendered":"<p>A Coordena\u00e7\u00e3o do Programa de P\u00f3s-gradua\u00e7\u00e3o em Letras (PPGLET) da Universidade Federal do Amap\u00e1 (UNIFAP) torna p\u00fablico o presente Edital de Sele\u00e7\u00e3o para o Curso de Mestrado em Letras &#8211; Turma 2020, com inscri\u00e7\u00e3o de candidatos\/as no per\u00edodo de <strong>16 de setembro de 2019 a 16 de outubro de 2019<\/strong>, para ingresso de discentes no 1\u00ba Semestre Letivo de 2020, conforme Calend\u00e1rio do PPGLET\/UNIFAP, dispon\u00edvel em www2.unifap.br\/ppglet.<\/p>\n<p>Documentos:<br \/>\n02\/09\/19 &#8211; <a href=\"http:\/\/www2.unifap.br\/ppglet\/files\/2019\/09\/Edital_1_2019_PPGLET_UNIFAP.pdf\">Edital n.1\/2019-PPGLET\/UNIFAP<\/a><\/p>\n<p>04\/09\/19 &#8211;&nbsp;<a href=\"http:\/\/www2.unifap.br\/ppglet\/files\/2019\/09\/RETIFICA\u00c7\u00c3O_01_Anexo-VI_Crit\u00e9rios-de-avalia\u00e7\u00e3o-da-prova-escrita.pdf\">RETIFICA\u00c7\u00c3O n.01 &#8211; Anexo VI &#8211; Crit\u00e9rios de avalia\u00e7\u00e3o da Etapa I (prova escrita)<\/a><\/p>\n<p>14\/10\/19 &#8211;&nbsp;<a href=\"http:\/\/www2.unifap.br\/ppglet\/files\/2019\/10\/RETIFICA\u00c7\u00c3O_02_edital_1_2019.pdf\">RETIFICA\u00c7\u00c3O N. 02 &#8211; Edital N. 1\/2019 &#8211; PPGLET\/UNIFAP<\/a><\/p>\n<p>14\/10\/19 &#8211;&nbsp;<a href=\"http:\/\/www2.unifap.br\/ppglet\/files\/2019\/10\/Comunicado-01.pdf\">Comunicado N. 01 &#8211; Edital N. 01\/2019 &#8211; PPGLET\/UNIFAP<\/a><\/p>\n<p>16\/10\/10 &#8211;&nbsp;<a href=\"http:\/\/www2.unifap.br\/ppglet\/files\/2019\/10\/RETIFICA\u00c7\u00c3O_03_edital_1_2019.pdf\">Retifica\u00e7\u00e3o N. 03 \u2013 Edital N. 01\/2019-PPGLET\/UNIFAP<\/a><\/p>\n<p>16\/10\/19 &#8211;&nbsp;<a href=\"http:\/\/www2.unifap.br\/ppglet\/files\/2019\/10\/Comunicado-02.pdf\">Comunicado 02 \u2013 Edital N. 01\/2019 \u2013 PPGLET\/UNIFAP<\/a><\/p>\n<p><a href=\"http:\/\/www.unifap.br\/wp-content\/uploads\/2019\/10\/1_Edital-PPGLET-2020_corrgido.pdf\">16\/10\/19 \u2013 Edital n.1\/2019 \u2013 PPGLET\/UNIFAP \u2013 Turma 2020 \u2013 Corrigido<\/a><\/p>\n<p>24\/10\/19 &#8211;&nbsp;<a href=\"http:\/\/www2.unifap.br\/ppglet\/files\/2019\/10\/RETIFICA\u00c7\u00c3O_04_edital_1_2019.pdf\">Retifica\u00e7\u00e3o N. 04- Edital N. 1\/2019 &#8211; PPGLET\/UNIFAP<\/a><\/p>\n<p>24\/10\/19 &#8211;&nbsp;<a href=\"http:\/\/www2.unifap.br\/ppglet\/files\/2019\/10\/Comunicado-03.pdf\">Comunicado 03 &#8211; Edital N. 01\/2019 &#8211; PPGLET\/UNIFAP<\/a><\/p>\n<p>25\/10\/19 \u2013&nbsp;<a href=\"http:\/\/www.unifap.br\/wp-content\/uploads\/2019\/10\/Resultado_Provis%C3%B3rio_Inscricoes_Homologadas.pdf\">Resultado Provis\u00f3rio das Inscri\u00e7\u00f5es Homologadas \u2013 Edital N. 1\/2019 \u2013 PPGLET\/UNIFAP<\/a><\/p>\n<p>25\/10\/19 &#8211;&nbsp;<a href=\"http:\/\/www.unifap.br\/wp-content\/uploads\/2019\/10\/RETIFICA%C3%87%C3%83O_05_edital_1_2019.pdf\">Retifica\u00e7\u00e3o N. 05 do Edital N. 1\/2019 \u2013 PPGLET\/UNIFAP<\/a><\/p>\n<p>30\/10\/19 &#8211;&nbsp;<a href=\"http:\/\/www.unifap.br\/wp-content\/uploads\/2019\/10\/Resultado_solicita\u00e7\u00e3o_de_Recursos.pdf\">RESULTADO DAS SOLICITA\u00c7\u00d5ES DE RECURSO &#8211; Edital N. 1\/2019 &#8211; PPGLET\/UNIFAP<\/a><\/p>\n<p>30\/10\/10 &#8211;&nbsp;<a href=\"http:\/\/www.unifap.br\/wp-content\/uploads\/2019\/10\/Resultado_Definitivo_Inscricoes_Homologadas-1.pdf\">RESULTADO DEFINITIVO DAS INSCRI\u00c7\u00d5ES HOMOLOGADAS do Edital N. 1\/2019 &#8211; PPGLET\/UNIFAP<\/a><\/p>\n<p>30\/10\/19 &#8211;&nbsp;<a href=\"http:\/\/www.unifap.br\/wp-content\/uploads\/2019\/10\/Convoca\u00e7\u00e3o_Prova_Escrita.pdf\">Convoca\u00e7\u00e3o Etapa I (Prova Escrita) &#8211; Edital N. 01\/2019 &#8211; PPGLET\/UNIFAP<\/a><\/p>\n<p>11\/11\/19 &#8211;&nbsp;<a href=\"http:\/\/www.unifap.br\/wp-content\/uploads\/2019\/11\/RETIFICA\u00c7\u00c3O_06_edital_1_2019.pdf\">Retifica\u00e7\u00e3o N. 06 do Edital 1\/2019 &#8211; PPGLET\/UNIFAP<\/a><\/p>\n<p>11\/11\/19 &#8211;&nbsp;<a href=\"http:\/\/www.unifap.br\/wp-content\/uploads\/2019\/11\/Comunicado-04.pdf\">Comunicado 04<\/a><\/p>\n<p>18\/11\/19 &#8211;&nbsp;<a href=\"http:\/\/www.unifap.br\/wp-content\/uploads\/2019\/11\/Resultado_Provisorio_Etapa_01_Prova_Escrita.pdf\">Resultado Provis\u00f3rio &#8211; Etapa I (Prova Escrita) &#8211; PPGLET\/UNIFAP<\/a><\/p>\n<p>18\/11\/19 &#8211;&nbsp;<a href=\"http:\/\/www.unifap.br\/wp-content\/uploads\/2019\/11\/Resultado_Provisorio_Etapa_01_Sumula-1.pdf\">Resultado Provis\u00f3rio &#8211; Etapa I (S\u00famula)<\/a><\/p>\n<p>18\/11\/19 &#8211;&nbsp;<a href=\"http:\/\/www.unifap.br\/wp-content\/uploads\/2019\/11\/Resultado_Provisorio_Etapa_02__Memorial.pdf\">Resultado Provis\u00f3rio &#8211; Etapa II (Memorial)<\/a><\/p>\n<p>18\/11\/19 &#8211;&nbsp;<a href=\"http:\/\/www.unifap.br\/wp-content\/uploads\/2019\/11\/Resultado_Provisorio_Etapa_03_Pre_Projeto.pdf\">Resultado Provis\u00f3rio &#8211; Etapa III (Pr\u00e9-Projeto)<\/a><\/p>\n<p>19\/11\/19 &#8211;&nbsp;<a href=\"http:\/\/www2.unifap.br\/ppglet\/files\/2019\/11\/Resultado_Provisorio_Etapa_01_Prova_Escrita_Boletim.pdf\">Etapa I (Prova Escrita) &#8211; Boletim<\/a><\/p>\n<p>22\/11\/19 &#8211; <a href=\"http:\/\/www.unifap.br\/wp-content\/uploads\/2019\/11\/Resultado_Defenitivo_Etapa_01_Sumula.pdf\">Resultado Definitivo Etapa I (S\u00famula Curricular)<\/a><\/p>\n<p>22\/11\/19 &#8211; <a href=\"http:\/\/www.unifap.br\/wp-content\/uploads\/2019\/11\/Resultado_Defenitivo_Etapa_01_Memorial.pdf\">Resultado Definitivo Etapa II (Memorial)<\/a><\/p>\n<p>22\/11\/19 &#8211; <a href=\"http:\/\/www.unifap.br\/wp-content\/uploads\/2019\/11\/Resultado_Defenitivo_Etapa_01_Pre_Projeto.pdf\">Resultado Definitivo Etapa III (Pr\u00e9-Projeto)<\/a><\/p>\n<p>22\/11\/19 &#8211; <a href=\"http:\/\/www.unifap.br\/wp-content\/uploads\/2019\/11\/Recurso_prova_escrita.pdf\">Resultado dos Recursos &#8211; Etapa I (Prova Escrita)<\/a><\/p>\n<p>22\/11\/19 &#8211; <a href=\"http:\/\/www.unifap.br\/wp-content\/uploads\/2019\/11\/Resultado_Definitivo_Etapa_01_Prova_Escrita.pdf\">Resultado Definitivo Etapa I (Prova Escrita)<\/a><\/p>\n<p>22\/11\/19 &#8211; <a href=\"http:\/\/www.unifap.br\/wp-content\/uploads\/2019\/11\/Horario_local_prova_entrevistas_Turma_2020.pdf\">Calend\u00e1rio das Entrevistas da Etapa II (Projeto e Entrevista)<\/a><\/p>\n<p>06\/12\/19 &#8211;&nbsp;<a href=\"http:\/\/www.unifap.br\/wp-content\/uploads\/2019\/12\/RETIFICA\u00c7\u00c3O_07_edital_1_2019.pdf\">Retifica\u00e7\u00e3o N. 07 do Edital N. 01\/2019 &#8211; PPGLET\/UNIFAP<\/a><\/p>\n<p>06\/12\/19 &#8211;&nbsp;<a href=\"http:\/\/www.unifap.br\/wp-content\/uploads\/2019\/12\/Resultado_Provisorio_Etapa_04_Entrevista.pdf\">Resultado Provis\u00f3rio da Etapa IV (Entrevista)<\/a><\/p>\n<p>06\/12\/19 &#8211;&nbsp;<a href=\"http:\/\/www.unifap.br\/wp-content\/uploads\/2019\/12\/Resultado_Provisorio_Indigenas.pdf\">Resultado Provis\u00f3rio &#8211; Candidatos Ind\u00edgenas<\/a><\/p>\n<p>06\/12\/19 &#8211;&nbsp;<a href=\"http:\/\/www.unifap.br\/wp-content\/uploads\/2019\/12\/Resultado_Provisorio_Etapa_02_Projeto_e_Entrevista.pdf\">Resultado Provis\u00f3rio da Etapa II (Projeto e Entrevista)<\/a><\/p>\n<p>06\/12\/19 &#8211;&nbsp;<a href=\"http:\/\/www.unifap.br\/wp-content\/uploads\/2019\/12\/Boletim_Candidatos_Ind\u00edgenas.pdf\">Boletim &#8211; Candidatos Ind\u00edgenas<\/a><\/p>\n<p>06\/12\/19 &#8211;&nbsp;<a href=\"http:\/\/www.unifap.br\/wp-content\/uploads\/2019\/12\/Boletim_Etapa_II.pdf\">Boletim &#8211; Etapa II (Projeto e Entrevista)<\/a><\/p>\n<p>11\/12\/19 &#8211;&nbsp;<a href=\"http:\/\/www.unifap.br\/wp-content\/uploads\/2019\/12\/Recurso_Etapa_II.pdf\">Resposta &#8211; Recursos da Etapa II (Projeto e Entrevista)<\/a><\/p>\n<p>11\/12\/19 &#8211;&nbsp;<a href=\"http:\/\/www.unifap.br\/wp-content\/uploads\/2019\/12\/Resultado_DEFENITIVO_Etapa_02_Projeto_e_Entrevista.pdf\">Resultado Definitivo da Etapa II (Projeto e Entrevista)<\/a><\/p>\n<p>11\/12\/19 &#8211;&nbsp;<a href=\"http:\/\/www.unifap.br\/wp-content\/uploads\/2019\/12\/Resultado_Provisorio_Etapa_03_Curriculo.pdf\">Resultado Provis\u00f3rio &#8211; Etapa III (Curr\u00edculo)<\/a><\/p>\n<p>11\/12\/19 &#8211;&nbsp;<a href=\"http:\/\/www.unifap.br\/wp-content\/uploads\/2019\/12\/Resultado_Provisorio.pdf\">Resultado Provis\u00f3rio &#8211; Turma 2020<\/a><\/p>\n<p>11\/12\/19 &#8211;&nbsp;<a href=\"http:\/\/www.unifap.br\/wp-content\/uploads\/2019\/12\/Boletim_Candidatos_NAO_Ind\u00edgenas.pdf\">Boletim<\/a><\/p>\n<p>13\/12\/19 &#8211;&nbsp;<a href=\"http:\/\/www.unifap.br\/wp-content\/uploads\/2019\/12\/Resultado_Final-1.pdf\">Resultado Final<\/a><\/p>\n<p>17\/12\/19 &#8211;&nbsp;<a href=\"http:\/\/www.unifap.br\/wp-content\/uploads\/2019\/12\/Comunicada_Matr\u00edcula.docx\">Comunicado Matr\u00edcula<\/a><\/p>\n","protected":false},"excerpt":{"rendered":"<p>A Coordena\u00e7\u00e3o do Programa de P\u00f3s-gradua\u00e7\u00e3o em Letras (PPGLET) da Universidade Federal do Amap\u00e1 (UNIFAP) torna p\u00fablico o presente Edital de Sele\u00e7\u00e3o para o Curso de Mestrado em Letras &#8211; Turma 2020, com inscri\u00e7\u00e3o de candidatos\/as no per\u00edodo de 16 de setembro de 2019 a 16 de outubro de 2019, para ingresso de discentes no&#8230;<\/p>\n","protected":false},"author":3826,"featured_media":0,"parent":548,"menu_order":0,"comment_status":"closed","ping_status":"closed","template":"","meta":{"inline_featured_image":false,"ngg_post_thumbnail":0,"footnotes":""},"folder":[],"class_list":["post-590","page","type-page","status-publish","hentry","entry"],"_links":{"self":[{"href":"https:\/\/www2.unifap.br\/ppglet\/wp-json\/wp\/v2\/pages\/590","targetHints":{"allow":["GET"]}}],"collection":[{"href":"https:\/\/www2.unifap.br\/ppglet\/wp-json\/wp\/v2\/pages"}],"about":[{"href":"https:\/\/www2.unifap.br\/ppglet\/wp-json\/wp\/v2\/types\/page"}],"author":[{"embeddable":true,"href":"https:\/\/www2.unifap.br\/ppglet\/wp-json\/wp\/v2\/users\/3826"}],"replies":[{"embeddable":true,"href":"https:\/\/www2.unifap.br\/ppglet\/wp-json\/wp\/v2\/comments?post=590"}],"version-history":[{"count":20,"href":"https:\/\/www2.unifap.br\/ppglet\/wp-json\/wp\/v2\/pages\/590\/revisions"}],"predecessor-version":[{"id":674,"href":"https:\/\/www2.unifap.br\/ppglet\/wp-json\/wp\/v2\/pages\/590\/revisions\/674"}],"up":[{"embeddable":true,"href":"https:\/\/www2.unifap.br\/ppglet\/wp-json\/wp\/v2\/pages\/548"}],"wp:attachment":[{"href":"https:\/\/www2.unifap.br\/ppglet\/wp-json\/wp\/v2\/media?parent=590"}],"wp:term":[{"taxonomy":"folder","embeddable":true,"href":"https:\/\/www2.unifap.br\/ppglet\/wp-json\/wp\/v2\/folder?post=590"}],"curies":[{"name":"wp","href":"https:\/\/api.w.org\/{rel}","templated":true}]}}