{"id":708,"date":"2020-02-17T08:02:37","date_gmt":"2020-02-17T11:02:37","guid":{"rendered":"http:\/\/www2.unifap.br\/ppglet\/?page_id=708"},"modified":"2020-03-13T17:51:36","modified_gmt":"2020-03-13T20:51:36","slug":"aluno-especial-2020","status":"publish","type":"page","link":"https:\/\/www2.unifap.br\/ppglet\/processo-seletivo\/aluno-especial\/aluno-especial-2020\/","title":{"rendered":"Aluno Especial 2020"},"content":{"rendered":"<p><strong>CHAMADA N. 01 &#8211; ALUNO ESPECIAL DO PPGLET\/UNIFAP &#8211;&nbsp;<\/strong><strong>2020 \u2013 1\u00ba semestre<\/strong><\/p>\n<p>A Coordena\u00e7\u00e3o do <strong>Programa de P\u00f3s-Gradua\u00e7\u00e3o em Letras<\/strong> (<strong>PPGLET)<\/strong> da Universidade Federal do Amap\u00e1 (UNIFAP) torna p\u00fablico <strong>processo de sele\u00e7\u00e3o <\/strong>de candidatos interessados em cursar disciplinas como aluno especial no PPGLET\/UNIFAP, no primeiro semestre de 2020 (2020.1) nos termos estabelecidos nesta chamada, em conson\u00e2ncia com as disposi\u00e7\u00f5es regimentais do PPGLET\/UNIFAP. O Programa tem como \u00e1rea de concetra\u00e7\u00e3o: <em>Linguagens na Amaz\u00f4nia<\/em> e linhas de pesquisa: (1) <em>Literatura Cultura e Mem\u00f3ria<\/em>; e (2) <em>Diversidade Lingu\u00edstica na Amaz\u00f4nia<\/em>.<\/p>\n<p>Arquivos:<\/p>\n<p><a href=\"http:\/\/www2.unifap.br\/ppglet\/files\/2020\/02\/Chamada_Aluno_Especial_PPGLET_2020_1.pdf\">Chamada N. 01\/2020 Aluno Especial PPGLET 2020\/1<\/a><\/p>\n<p><a href=\"http:\/\/www2.unifap.br\/ppglet\/files\/2020\/02\/FICHA-DE-SOLICITA\u00c7\u00c3O-DE-MATR\u00cdCULA-ESPECIAL.xlsx\">Anexo 1: Ficha de Solicita\u00e7\u00e3o de Matr\u00edcula &#8211; Aluno Especial<\/a><\/p>\n<p><a href=\"http:\/\/www2.unifap.br\/ppglet\/files\/2020\/03\/Matricula_Aluno_Especial.pdf\">Resultado da Chamada 01\/2020 &#8211; Matricula Aluno Especial<\/a><\/p>\n","protected":false},"excerpt":{"rendered":"<p>CHAMADA N. 01 &#8211; ALUNO ESPECIAL DO PPGLET\/UNIFAP &#8211;&nbsp;2020 \u2013 1\u00ba semestre A Coordena\u00e7\u00e3o do Programa de P\u00f3s-Gradua\u00e7\u00e3o em Letras (PPGLET) da Universidade Federal do Amap\u00e1 (UNIFAP) torna p\u00fablico processo de sele\u00e7\u00e3o de candidatos interessados em cursar disciplinas como aluno especial no PPGLET\/UNIFAP, no primeiro semestre de 2020 (2020.1) nos termos estabelecidos nesta chamada, em&#8230;<\/p>\n","protected":false},"author":3826,"featured_media":0,"parent":552,"menu_order":-3,"comment_status":"closed","ping_status":"closed","template":"","meta":{"inline_featured_image":false,"ngg_post_thumbnail":0,"footnotes":""},"folder":[],"class_list":["post-708","page","type-page","status-publish","hentry","entry"],"_links":{"self":[{"href":"https:\/\/www2.unifap.br\/ppglet\/wp-json\/wp\/v2\/pages\/708","targetHints":{"allow":["GET"]}}],"collection":[{"href":"https:\/\/www2.unifap.br\/ppglet\/wp-json\/wp\/v2\/pages"}],"about":[{"href":"https:\/\/www2.unifap.br\/ppglet\/wp-json\/wp\/v2\/types\/page"}],"author":[{"embeddable":true,"href":"https:\/\/www2.unifap.br\/ppglet\/wp-json\/wp\/v2\/users\/3826"}],"replies":[{"embeddable":true,"href":"https:\/\/www2.unifap.br\/ppglet\/wp-json\/wp\/v2\/comments?post=708"}],"version-history":[{"count":3,"href":"https:\/\/www2.unifap.br\/ppglet\/wp-json\/wp\/v2\/pages\/708\/revisions"}],"predecessor-version":[{"id":741,"href":"https:\/\/www2.unifap.br\/ppglet\/wp-json\/wp\/v2\/pages\/708\/revisions\/741"}],"up":[{"embeddable":true,"href":"https:\/\/www2.unifap.br\/ppglet\/wp-json\/wp\/v2\/pages\/552"}],"wp:attachment":[{"href":"https:\/\/www2.unifap.br\/ppglet\/wp-json\/wp\/v2\/media?parent=708"}],"wp:term":[{"taxonomy":"folder","embeddable":true,"href":"https:\/\/www2.unifap.br\/ppglet\/wp-json\/wp\/v2\/folder?post=708"}],"curies":[{"name":"wp","href":"https:\/\/api.w.org\/{rel}","templated":true}]}}